{"id":1737,"date":"2022-02-15T19:28:19","date_gmt":"2022-02-15T15:28:19","guid":{"rendered":"https:\/\/etab.ac-reunion.fr\/24h-innovation\/?p=1737"},"modified":"2025-09-09T08:18:04","modified_gmt":"2025-09-09T04:18:04","slug":"ledition-2022-2","status":"publish","type":"page","link":"https:\/\/etab.ac-reunion.fr\/24h-innovation\/","title":{"rendered":"L&rsquo;Edition 2025"},"content":{"rendered":"<h2><\/h2>\n<h2 style=\"text-align: center\">Bienvenue sur le site des 24h de l&rsquo;innovation de La R\u00e9union .<\/h2>\n<h1 style=\"text-align: center\"><strong>Les 13 et 14 novembre 2025.<\/strong><\/h1>\n<h1 style=\"text-align: center\"><strong>TECHNO&rsquo;PREDICT<\/strong><\/h1>\n<h1 style=\"text-align: center\"><strong>La technologie pour pr\u00e9venir les risques<\/strong><\/h1>\n<p>&nbsp;<\/p>\n<p>&nbsp;<\/p>\n<h1 style=\"text-align: center\"><strong>Le palmar\u00e8s 2024<\/strong><\/h1>\n<p style=\"text-align: center\">Prix du Public : E25 &#8211; Lyc\u00e9e Bel Air et les coll\u00e8ges de secteurs<\/p>\n<p style=\"text-align: center\">Prix de la Pers\u00e9v\u00e9rance : E37 &#8211; Lyc\u00e9e Lislet Geoffroy et les coll\u00e8ges de secteurs<\/p>\n<p style=\"text-align: center\">Prix Coup de Coeur : E23 &#8211; Lyc\u00e9e Jean Hinglo et les coll\u00e8ges de secteurs (Etang Saint-Paul et Texeira Da Motta)<\/p>\n<p style=\"text-align: center\">Troph\u00e9e de Bronze : E1 &#8211; Lyc\u00e9e Jean Joly et les coll\u00e8ges de secteurs (H\u00e9g\u00e9sippe Hoareau, Le Ruisseau)<\/p>\n<p style=\"text-align: center\">Troph\u00e9e d&rsquo;Argent : E34 &#8211; Lyc\u00e9e Moulin Joli et les coll\u00e8ges de secteurs<\/p>\n<p style=\"text-align: center\">Troph\u00e9e d&rsquo;Or :\u00a0 E14 &#8211; Lyc\u00e9e Bois d&rsquo;Olives et les coll\u00e8ges de secteurs (Le Dimitile)<\/p>\n<p>&nbsp;<\/p>\n<h1 style=\"text-align: center\"><strong>Les temps forts de 2024<\/strong><\/h1>\n<p style=\"text-align: center\">A retrouvez \u00e9galement sur notre page Facebook et Instagram : Les 24h de l&rsquo;innovation de La R\u00e9union.<\/p>\n<p style=\"text-align: center\"><a href=\"https:\/\/www.facebook.com\/media\/set\/?set=a.879945860984360&amp;type=3\">Cliquez ici pour l&rsquo;album de l&rsquo;\u00e9dition 2024\u00a0<\/a><\/p>\n<p style=\"text-align: center\"><div class=\"su-custom-gallery su-custom-gallery-align-left su-custom-gallery-title-hover\"><div class=\"su-custom-gallery-slide\" style=\"width:90px;height:90px\"><a><img loading=\"lazy\" decoding=\"async\" src=\"https:\/\/etab.ac-reunion.fr\/24h-innovation\/wp-content\/uploads\/sites\/18\/2024\/11\/4.jpg\" alt=\"4\" width=\"90\" height=\"90\" \/><span class=\"su-custom-gallery-title\">4<\/span><\/a><\/div><div class=\"su-custom-gallery-slide\" style=\"width:90px;height:90px\"><a><img loading=\"lazy\" decoding=\"async\" src=\"https:\/\/etab.ac-reunion.fr\/24h-innovation\/wp-content\/uploads\/sites\/18\/2024\/11\/33.jpg\" alt=\"33\" width=\"90\" height=\"90\" \/><span class=\"su-custom-gallery-title\">33<\/span><\/a><\/div><div class=\"su-custom-gallery-slide\" style=\"width:90px;height:90px\"><a><img loading=\"lazy\" decoding=\"async\" src=\"https:\/\/etab.ac-reunion.fr\/24h-innovation\/wp-content\/uploads\/sites\/18\/2024\/11\/3.jpg\" alt=\"3\" width=\"90\" height=\"90\" \/><span class=\"su-custom-gallery-title\">3<\/span><\/a><\/div><div class=\"su-custom-gallery-slide\" style=\"width:90px;height:90px\"><a><img loading=\"lazy\" decoding=\"async\" src=\"https:\/\/etab.ac-reunion.fr\/24h-innovation\/wp-content\/uploads\/sites\/18\/2024\/11\/2.jpg\" alt=\"2\" width=\"90\" height=\"90\" \/><span class=\"su-custom-gallery-title\">2<\/span><\/a><\/div><div class=\"su-custom-gallery-slide\" style=\"width:90px;height:90px\"><a><img loading=\"lazy\" decoding=\"async\" src=\"https:\/\/etab.ac-reunion.fr\/24h-innovation\/wp-content\/uploads\/sites\/18\/2024\/11\/1.jpg\" alt=\"1\" width=\"90\" height=\"90\" \/><span class=\"su-custom-gallery-title\">1<\/span><\/a><\/div><div class=\"su-clear\"><\/div><\/div>\n<p>&nbsp;<\/p>\n<h1 style=\"text-align: center\"><strong>Les sujets 2024 <\/strong><\/h1>\n<p style=\"text-align: center\"><a href=\"https:\/\/etab.ac-reunion.fr\/24h-innovation\/liste-des-sujets-2024\/\" target=\"_blank\" rel=\"noopener\">Cliquez ici pour d\u00e9couvrir les sujets 2024 <\/a><\/p>\n<h1 style=\"text-align: center\"><strong>Teaser<\/strong><\/h1>\n<div class=\"su-youtube su-u-responsive-media-yes\"><iframe loading=\"lazy\" width=\"600\" height=\"400\" src=\"https:\/\/www.youtube.com\/embed\/umW6ZG9VbeM?autoplay=1\" frameborder=\"0\" allowfullscreen allow=\"autoplay; encrypted-media; picture-in-picture\" title=\"Teaser 24h Innovation La R\u00e9union 2022\"><\/iframe><\/div>\n<p>&nbsp;<\/p>\n<p>&nbsp;<\/p>\n<p>&nbsp;<\/p>\n","protected":false},"excerpt":{"rendered":"<p>Bienvenue sur le site des 24h de l&rsquo;innovation de La R\u00e9union . Les 13 et 14 novembre 2025. TECHNO&rsquo;PREDICT La technologie pour pr\u00e9venir les risques &nbsp; &nbsp; Le palmar\u00e8s 2024 [&hellip;]<\/p>\n","protected":false},"author":2538,"featured_media":2255,"parent":0,"menu_order":0,"comment_status":"closed","ping_status":"open","template":"","meta":{"footnotes":"","_links_to":"","_links_to_target":""},"class_list":["post-1737","page","type-page","status-publish","has-post-thumbnail","hentry"],"_links":{"self":[{"href":"https:\/\/etab.ac-reunion.fr\/24h-innovation\/wp-json\/wp\/v2\/pages\/1737","targetHints":{"allow":["GET"]}}],"collection":[{"href":"https:\/\/etab.ac-reunion.fr\/24h-innovation\/wp-json\/wp\/v2\/pages"}],"about":[{"href":"https:\/\/etab.ac-reunion.fr\/24h-innovation\/wp-json\/wp\/v2\/types\/page"}],"author":[{"embeddable":true,"href":"https:\/\/etab.ac-reunion.fr\/24h-innovation\/wp-json\/wp\/v2\/users\/2538"}],"replies":[{"embeddable":true,"href":"https:\/\/etab.ac-reunion.fr\/24h-innovation\/wp-json\/wp\/v2\/comments?post=1737"}],"version-history":[{"count":90,"href":"https:\/\/etab.ac-reunion.fr\/24h-innovation\/wp-json\/wp\/v2\/pages\/1737\/revisions"}],"predecessor-version":[{"id":2463,"href":"https:\/\/etab.ac-reunion.fr\/24h-innovation\/wp-json\/wp\/v2\/pages\/1737\/revisions\/2463"}],"wp:featuredmedia":[{"embeddable":true,"href":"https:\/\/etab.ac-reunion.fr\/24h-innovation\/wp-json\/wp\/v2\/media\/2255"}],"wp:attachment":[{"href":"https:\/\/etab.ac-reunion.fr\/24h-innovation\/wp-json\/wp\/v2\/media?parent=1737"}],"curies":[{"name":"wp","href":"https:\/\/api.w.org\/{rel}","templated":true}]}}