{"id":1314,"date":"2023-09-14T21:30:07","date_gmt":"2023-09-14T17:30:07","guid":{"rendered":"https:\/\/etab.ac-reunion.fr\/ai-unsa-reunion\/?page_id=1314"},"modified":"2024-09-05T18:07:04","modified_gmt":"2024-09-05T14:07:04","slug":"syndicalisation-2","status":"publish","type":"page","link":"https:\/\/etab.ac-reunion.fr\/ai-unsa-reunion\/syndicalisation-2\/","title":{"rendered":"Syndicalisation"},"content":{"rendered":"<h1 class=\"title\"><\/h1>\n<p>&nbsp;<\/p>\n<div class=\"cartouche\">\n<h1 class=\"surlignable\">COMMENT ADHERER A NOTRE SYNDICAT\u00a0?<\/h1>\n<\/div>\n<div class=\"texte surlignable\">\n<p><strong>Quand r\u00e9gler sa cotisation\u00a0?<\/strong><br class=\"autobr\" \/>La cotisation couvre l\u2019ann\u00e9e scolaire\u00a0; c\u2019est donc d\u00e8s septembre qu\u2019elle se paie.<\/p>\n<p><strong>Comment payer sa cotisation\u00a0?<\/strong><br class=\"autobr\" \/>1) Compl\u00e9ter le bulletin d\u2019adh\u00e9sion en ligne<br class=\"autobr\" \/>2) D\u00e9terminer le montant de la cotisation \u00e0 l\u2019aide du bar\u00e8me <br class=\"autobr\" \/>3) Choisir un mode de paiement\u00a0:<\/p>\n<p align=\"justify\">Par carte bleue ou par pr\u00e9l\u00e8vement automatique en plusieurs fois, selon votre date d&rsquo;adh\u00e9sion en fonction du tableau qui est sur le bulletin d&rsquo;adh\u00e9sion.<\/p>\n<div class=\"texte surlignable\">\n<p>* Si vous optez pour la PREMI\u00c8RE FOIS pour ce mode de paiement, vous devez adresser le bulletin d\u2019adh\u00e9sion, un RIB et le mandat SEPA d\u00fbment remplis, directement \u00e0 la Tr\u00e9sori\u00e8re acad\u00e9mique<\/p>\n<p>* Si vous payez D\u00c9JA par pr\u00e9l\u00e8vement, il sera automatiquement renouvel\u00e9, sauf r\u00e9siliation de votre part avant le 30 septembre adress\u00e9e par courrier au tr\u00e9sorier acad\u00e9mique ou par e-mail \u00e0 :base-adherents@aeti-unsa.org<\/p>\n<p>ATTENTION\u00a0: Si vous changez de coordonn\u00e9es bancaires vous \u00eates consid\u00e9r\u00e9s comme 1\u00e8re adh\u00e9sion par pr\u00e9l\u00e8vement. Il convient donc d\u2019adresser votre bulletin d\u2019adh\u00e9sion, un RIB et le mandat SEPA d\u00fbment remplis, directement au Tr\u00e9sorier acad\u00e9mique avant le 30 novembre.<br class=\"autobr\" \/>N\u2019oubliez pas de signaler le plus t\u00f4t possible tout changement de situation (adresse, nom, promotion, etc.) \u00e0 l\u2019aide du formulaire de changement de situation.<\/p>\n<p>Vous pouvez imprimer directement les formulaires (Mandat de pr\u00e9l\u00e8vement SEPA, bulletin d\u2019adh\u00e9sion) ou bien les r\u00e9clamer \u00e0 votre secr\u00e9taire acad\u00e9mique.<\/p>\n<\/div>\n<p>En une fois par ch\u00e8que adress\u00e9, avec la demande d&rsquo;adh\u00e9sion en ligne imprim\u00e9e, \u00e0 notre tr\u00e9sori\u00e8re acad\u00e9mique et libell\u00e9 au nom du syndicat de l\u2019Administration et de l\u2019Intendance.<\/p>\n<pre class=\"ydp38d95608MsoNormal\"><b>Mme Aniza ISMAEL RACINE<\/b>\r\n<b>61ter chemin des p\u00eachers Appt1\r\n<\/b><b>97490 Sainte Clotilde<\/b><\/pre>\n<\/div>\n<div class=\"texte surlignable\">\n<p><strong>Sp\u00e9cial \u00ab\u00a0Moins de 30 ans \u00bb<\/strong><br class=\"autobr\" \/>Si vous avez moins de 30 ans dans l\u2019ann\u00e9e scolaire en cours, vous payez -25% pour les 3 premi\u00e8res ann\u00e9es de cotisations pr\u00e9lev\u00e9es automatiquement.<br class=\"autobr\" \/>R\u00e9duction fiscale de 66\u00a0%\u00a0! <br class=\"autobr\" \/>Si vous \u00eates imposable, vous d\u00e9duisez 66\u00a0% du montant vers\u00e9 de vos imp\u00f4ts.<\/p>\n<p><strong>Le cr\u00e9dit d\u2019imp\u00f4t <\/strong><\/p>\n<p>Si vous n\u2019\u00eates pas imposable, un cr\u00e9dit d\u2019imp\u00f4t correspondant \u00e0 66\u00a0% du montant vers\u00e9 vous sera accord\u00e9. Cette disposition nouvelle d\u00e9coule de la Loi de Finances 2013.<\/p>\n<\/div>\n<p>Vous pouvez adh\u00e9rer ou renouveler votre adh\u00e9sion au syndicat A&amp;I R\u00e9union pour l\u2019ann\u00e9e scolaire 2024\/2025 en cliquant <a href=\"https:\/\/www.aeti-unsa.org\/comment-adherer-au-syndicat-html\/\">ICI<\/a><\/p>\n<p>ou en imprimant le document d&rsquo;adh\u00e9sion ci dessous:<\/p>\n<p><a href=\"https:\/\/etab.ac-reunion.fr\/ai-unsa-reunion\/wp-content\/uploads\/sites\/82\/2024\/09\/BULLETIN-ADHESION-AI-2024-2025.pdf\">BULLETIN ADHESION AI 2024 2025<\/a><\/p>\n<p>&nbsp;<\/p>\n","protected":false},"excerpt":{"rendered":"<p>&nbsp; COMMENT ADHERER A NOTRE SYNDICAT\u00a0? Quand r\u00e9gler sa cotisation\u00a0?La cotisation couvre l\u2019ann\u00e9e scolaire\u00a0; c\u2019est donc d\u00e8s septembre qu\u2019elle se paie. Comment payer sa cotisation\u00a0?1) Compl\u00e9ter le bulletin d\u2019adh\u00e9sion en ligne2) D\u00e9terminer le montant de la cotisation \u00e0 l\u2019aide du bar\u00e8me 3) Choisir un mode de paiement\u00a0: Par carte bleue&#8230;<\/p>\n<p> <a class=\"continue-reading-link\" href=\"https:\/\/etab.ac-reunion.fr\/ai-unsa-reunion\/syndicalisation-2\/\"><span>Lire la suite<\/span><i class=\"crycon-right-dir\"><\/i><\/a> <\/p>\n","protected":false},"author":27447,"featured_media":0,"parent":0,"menu_order":0,"comment_status":"closed","ping_status":"closed","template":"","meta":{"footnotes":""},"class_list":["post-1314","page","type-page","status-publish","hentry"],"_links":{"self":[{"href":"https:\/\/etab.ac-reunion.fr\/ai-unsa-reunion\/wp-json\/wp\/v2\/pages\/1314","targetHints":{"allow":["GET"]}}],"collection":[{"href":"https:\/\/etab.ac-reunion.fr\/ai-unsa-reunion\/wp-json\/wp\/v2\/pages"}],"about":[{"href":"https:\/\/etab.ac-reunion.fr\/ai-unsa-reunion\/wp-json\/wp\/v2\/types\/page"}],"author":[{"embeddable":true,"href":"https:\/\/etab.ac-reunion.fr\/ai-unsa-reunion\/wp-json\/wp\/v2\/users\/27447"}],"replies":[{"embeddable":true,"href":"https:\/\/etab.ac-reunion.fr\/ai-unsa-reunion\/wp-json\/wp\/v2\/comments?post=1314"}],"version-history":[{"count":10,"href":"https:\/\/etab.ac-reunion.fr\/ai-unsa-reunion\/wp-json\/wp\/v2\/pages\/1314\/revisions"}],"predecessor-version":[{"id":1596,"href":"https:\/\/etab.ac-reunion.fr\/ai-unsa-reunion\/wp-json\/wp\/v2\/pages\/1314\/revisions\/1596"}],"wp:attachment":[{"href":"https:\/\/etab.ac-reunion.fr\/ai-unsa-reunion\/wp-json\/wp\/v2\/media?parent=1314"}],"curies":[{"name":"wp","href":"https:\/\/api.w.org\/{rel}","templated":true}]}}