{"id":268,"date":"2020-09-15T11:37:48","date_gmt":"2020-09-15T07:37:48","guid":{"rendered":"http:\/\/ai-unsa.ac-reunion.fr\/?page_id=268"},"modified":"2020-09-15T17:12:40","modified_gmt":"2020-09-15T13:12:40","slug":"qui-sommes-nous","status":"publish","type":"page","link":"https:\/\/etab.ac-reunion.fr\/ai-unsa-reunion\/qui-sommes-nous\/","title":{"rendered":"Qui sommes-nous ?"},"content":{"rendered":"\n<p><\/p>\n\n\n\n<p><\/p>\n\n\n\n<h2 class=\"wp-block-heading\"><strong>Faire de chaque personnel,<\/strong><\/h2>\n\n\n\n<h2 class=\"wp-block-heading\"><strong>l\u2019acteur de son propre changement<\/strong><\/h2>\n\n\n\n<p><\/p>\n\n\n\n<h3 class=\"wp-block-heading\">Intercat\u00e9goriel<\/h3>\n\n\n\n<p><\/p>\n\n\n\n<p>A&amp;I UNSA s\u2019attache \u00e0 d\u00e9fendre les int\u00e9r\u00eats de toutes cat\u00e9gories, titulaires et contractuels, de la cat\u00e9gorie C \u00e0 la cat\u00e9gorie A+<br>Nous poursuivrons notre action pour donner la priorit\u00e9 non seulement \u00e0 la cat\u00e9gorie C, mais \u00e9galement \u00e0 la cat\u00e9gorie B, et notamment aux coll\u00e8gues qui exercent des missions \u00e0 responsabilit\u00e9s sup\u00e9rieures.<br>A&amp;I UNSA agit pour une requalification des emplois et des personnels de cat\u00e9gorie C en cat\u00e9gorie B et de cat\u00e9gorie B en cat\u00e9gorie A.<\/p>\n\n\n\n<h3 class=\"wp-block-heading\">Interminist\u00e9riel<\/h3>\n\n\n\n<p><\/p>\n\n\n\n<p>A&amp;I UNSA met au c\u0153ur de son projet la mise en place d\u2019une fili\u00e8re interminist\u00e9rielle \u00ab Administration G\u00e9n\u00e9rale \u00bbpour plus d\u2019\u00e9quit\u00e9, de gestion, de mobilit\u00e9, et de diversit\u00e9 des missions exerc\u00e9es, dans nos r\u00e9gimes indemnitaires.<br>Apr\u00e8s la cat\u00e9gorie A, nous agissons pour la mise en \u0153uvre d\u2019un CIGeM des secr\u00e9taires administratifs et d\u2019un CIGeM des adjoints administratifs de l\u2019\u00c9tat.<\/p>\n\n\n\n<h3 class=\"wp-block-heading\">Interprofessionnel<\/h3>\n\n\n\n<p><\/p>\n\n\n\n<p>A&amp;I UNSA est engag\u00e9 pleinement dans le d\u00e9veloppement de l\u2019Union Nationale des Syndicats Autonomes qui rassemble plus de 230000 agents publics et salari\u00e9s de droit priv\u00e9.<br>A&amp;I UNSA consid\u00e8re que les grandes questions touchant \u00e0 la condition du salariat en France doivent s\u2019appr\u00e9hender ensemble, public et priv\u00e9 : politique \u00e9conomique et fiscale, s\u00e9curit\u00e9 sociale, retraites, formation professionnelle, Europe sociale\u2026<\/p>\n","protected":false},"excerpt":{"rendered":"<p>Faire de chaque personnel, l\u2019acteur de son propre changement Intercat\u00e9goriel A&amp;I UNSA s\u2019attache \u00e0 d\u00e9fendre les int\u00e9r\u00eats de toutes cat\u00e9gories, titulaires et contractuels, de la cat\u00e9gorie C \u00e0 la cat\u00e9gorie A+Nous poursuivrons notre action pour donner la priorit\u00e9 non seulement \u00e0 la cat\u00e9gorie C, mais \u00e9galement \u00e0 la cat\u00e9gorie B,&#8230;<\/p>\n<p> <a class=\"continue-reading-link\" href=\"https:\/\/etab.ac-reunion.fr\/ai-unsa-reunion\/qui-sommes-nous\/\"><span>Lire la suite<\/span><i class=\"crycon-right-dir\"><\/i><\/a> <\/p>\n","protected":false},"author":27447,"featured_media":0,"parent":0,"menu_order":0,"comment_status":"closed","ping_status":"closed","template":"","meta":{"footnotes":""},"class_list":["post-268","page","type-page","status-publish","hentry"],"_links":{"self":[{"href":"https:\/\/etab.ac-reunion.fr\/ai-unsa-reunion\/wp-json\/wp\/v2\/pages\/268","targetHints":{"allow":["GET"]}}],"collection":[{"href":"https:\/\/etab.ac-reunion.fr\/ai-unsa-reunion\/wp-json\/wp\/v2\/pages"}],"about":[{"href":"https:\/\/etab.ac-reunion.fr\/ai-unsa-reunion\/wp-json\/wp\/v2\/types\/page"}],"author":[{"embeddable":true,"href":"https:\/\/etab.ac-reunion.fr\/ai-unsa-reunion\/wp-json\/wp\/v2\/users\/27447"}],"replies":[{"embeddable":true,"href":"https:\/\/etab.ac-reunion.fr\/ai-unsa-reunion\/wp-json\/wp\/v2\/comments?post=268"}],"version-history":[{"count":3,"href":"https:\/\/etab.ac-reunion.fr\/ai-unsa-reunion\/wp-json\/wp\/v2\/pages\/268\/revisions"}],"predecessor-version":[{"id":275,"href":"https:\/\/etab.ac-reunion.fr\/ai-unsa-reunion\/wp-json\/wp\/v2\/pages\/268\/revisions\/275"}],"wp:attachment":[{"href":"https:\/\/etab.ac-reunion.fr\/ai-unsa-reunion\/wp-json\/wp\/v2\/media?parent=268"}],"curies":[{"name":"wp","href":"https:\/\/api.w.org\/{rel}","templated":true}]}}