{"id":413,"date":"2020-11-13T13:31:08","date_gmt":"2020-11-13T09:31:08","guid":{"rendered":"http:\/\/ai-unsa.ac-reunion.fr\/?page_id=413"},"modified":"2021-09-03T14:52:09","modified_gmt":"2021-09-03T10:52:09","slug":"secretaires-academiques","status":"publish","type":"page","link":"https:\/\/etab.ac-reunion.fr\/ai-unsa-reunion\/secretaires-academiques\/","title":{"rendered":"Secr\u00e9taires acad\u00e9miques"},"content":{"rendered":"<p>&nbsp;<\/p>\n<p>Ga\u00ebtan EPERONNIER Secr\u00e9taire acad\u00e9mique<br \/>\nmail: gaetan.eperonnier@ac-reunion.fr<\/p>\n<p>Denis URBINO Secr\u00e9taire acad\u00e9mique adjoint en charge du rectorat<br \/>\nmail: denis.urbino@ac-reunion.fr<\/p>\n<p>Christine LUCAS Secr\u00e9taire acad\u00e9mique adjointe en charge de la communication et des EPLE<br \/>\nmail: christine.lucas@ac-reunion.fr<\/p>\n<p>Judex DELOUISE Secr\u00e9taire acad\u00e9mique adjoint en charge de l&rsquo;enseignement sup\u00e9rieur<br \/>\nmail: judex.delouise@univ-reunion.fr<\/p>\n","protected":false},"excerpt":{"rendered":"<p>&nbsp; Ga\u00ebtan EPERONNIER Secr\u00e9taire acad\u00e9mique mail: gaetan.eperonnier@ac-reunion.fr Denis URBINO Secr\u00e9taire acad\u00e9mique adjoint en charge du rectorat mail: denis.urbino@ac-reunion.fr Christine LUCAS Secr\u00e9taire acad\u00e9mique adjointe en charge de la communication et des EPLE mail: christine.lucas@ac-reunion.fr Judex DELOUISE Secr\u00e9taire acad\u00e9mique adjoint en charge de l&rsquo;enseignement sup\u00e9rieur mail: judex.delouise@univ-reunion.fr<\/p>\n<p> <a class=\"continue-reading-link\" href=\"https:\/\/etab.ac-reunion.fr\/ai-unsa-reunion\/secretaires-academiques\/\"><span>Lire la suite<\/span><i class=\"crycon-right-dir\"><\/i><\/a> <\/p>\n","protected":false},"author":27447,"featured_media":0,"parent":0,"menu_order":0,"comment_status":"closed","ping_status":"closed","template":"","meta":{"footnotes":""},"class_list":["post-413","page","type-page","status-publish","hentry"],"_links":{"self":[{"href":"https:\/\/etab.ac-reunion.fr\/ai-unsa-reunion\/wp-json\/wp\/v2\/pages\/413","targetHints":{"allow":["GET"]}}],"collection":[{"href":"https:\/\/etab.ac-reunion.fr\/ai-unsa-reunion\/wp-json\/wp\/v2\/pages"}],"about":[{"href":"https:\/\/etab.ac-reunion.fr\/ai-unsa-reunion\/wp-json\/wp\/v2\/types\/page"}],"author":[{"embeddable":true,"href":"https:\/\/etab.ac-reunion.fr\/ai-unsa-reunion\/wp-json\/wp\/v2\/users\/27447"}],"replies":[{"embeddable":true,"href":"https:\/\/etab.ac-reunion.fr\/ai-unsa-reunion\/wp-json\/wp\/v2\/comments?post=413"}],"version-history":[{"count":7,"href":"https:\/\/etab.ac-reunion.fr\/ai-unsa-reunion\/wp-json\/wp\/v2\/pages\/413\/revisions"}],"predecessor-version":[{"id":717,"href":"https:\/\/etab.ac-reunion.fr\/ai-unsa-reunion\/wp-json\/wp\/v2\/pages\/413\/revisions\/717"}],"wp:attachment":[{"href":"https:\/\/etab.ac-reunion.fr\/ai-unsa-reunion\/wp-json\/wp\/v2\/media?parent=413"}],"curies":[{"name":"wp","href":"https:\/\/api.w.org\/{rel}","templated":true}]}}