{"id":211,"date":"2023-01-17T07:11:23","date_gmt":"2023-01-17T03:11:23","guid":{"rendered":"https:\/\/etab.ac-reunion.fr\/campusmetiersqualifications-gcecmt\/?page_id=211"},"modified":"2023-06-01T07:54:38","modified_gmt":"2023-06-01T03:54:38","slug":"contacter-le-campus","status":"publish","type":"page","link":"https:\/\/etab.ac-reunion.fr\/campusmetiersqualifications-gcecmt\/contacter-le-campus\/","title":{"rendered":"Formulaire de contact"},"content":{"rendered":"\r\n<div class=\"wp-block-contact-form-7-contact-form-selector\">\n<div class=\"wpcf7 no-js\" id=\"wpcf7-f257-o1\" lang=\"fr-FR\" dir=\"ltr\" data-wpcf7-id=\"257\">\n<div class=\"screen-reader-response\"><p role=\"status\" aria-live=\"polite\" aria-atomic=\"true\"><\/p> <ul><\/ul><\/div>\n<form action=\"\/campusmetiersqualifications-gcecmt\/wp-json\/wp\/v2\/pages\/211#wpcf7-f257-o1\" method=\"post\" class=\"wpcf7-form init\" aria-label=\"Formulaire de contact\" novalidate=\"novalidate\" data-status=\"init\">\n<fieldset class=\"hidden-fields-container\"><input type=\"hidden\" name=\"_wpcf7\" value=\"257\" \/><input type=\"hidden\" name=\"_wpcf7_version\" value=\"6.1.5\" \/><input type=\"hidden\" name=\"_wpcf7_locale\" value=\"fr_FR\" \/><input type=\"hidden\" name=\"_wpcf7_unit_tag\" value=\"wpcf7-f257-o1\" \/><input type=\"hidden\" name=\"_wpcf7_container_post\" value=\"0\" \/><input type=\"hidden\" name=\"_wpcf7_posted_data_hash\" value=\"\" \/>\n<\/fieldset>\n<p><label> Nom<br \/>\n<span class=\"wpcf7-form-control-wrap\" data-name=\"your-name\"><input size=\"40\" maxlength=\"400\" class=\"wpcf7-form-control wpcf7-text wpcf7-validates-as-required\" aria-required=\"true\" aria-invalid=\"false\" value=\"\" type=\"text\" name=\"your-name\" \/><\/span> <\/label>\n<\/p>\n<p><label> Pr\u00e9nom<br \/>\n<span class=\"wpcf7-form-control-wrap\" data-name=\"your-surname\"><input size=\"40\" maxlength=\"400\" class=\"wpcf7-form-control wpcf7-text wpcf7-validates-as-required\" aria-required=\"true\" aria-invalid=\"false\" value=\"\" type=\"text\" name=\"your-surname\" \/><\/span> <\/label>\n<\/p>\n<p><label> E-mail<br \/>\n<span class=\"wpcf7-form-control-wrap\" data-name=\"your-email\"><input size=\"40\" maxlength=\"400\" class=\"wpcf7-form-control wpcf7-email wpcf7-validates-as-required wpcf7-text wpcf7-validates-as-email\" aria-required=\"true\" aria-invalid=\"false\" value=\"\" type=\"email\" name=\"your-email\" \/><\/span> <\/label>\n<\/p>\n<p><label> T\u00e9l\u00e9phone<br \/>\n<span class=\"wpcf7-form-control-wrap\" data-name=\"YourPhone\"><input size=\"40\" maxlength=\"400\" class=\"wpcf7-form-control wpcf7-tel wpcf7-validates-as-required wpcf7-text wpcf7-validates-as-tel\" aria-required=\"true\" aria-invalid=\"false\" value=\"\" type=\"tel\" name=\"YourPhone\" \/><\/span> <\/label>\n<\/p>\n<p><label> D\u00e9j\u00e0 Adh\u00e9rent ? <\/label><br \/>\n<span class=\"wpcf7-form-control-wrap\" data-name=\"Adhrent\"><select class=\"wpcf7-form-control wpcf7-select wpcf7-validates-as-required\" aria-required=\"true\" aria-invalid=\"false\" name=\"Adhrent\"><option value=\"Non\">Non<\/option><option value=\"Adh\u00e9rent Entreprise\">Adh\u00e9rent Entreprise<\/option><option value=\"Adh\u00e9rent Institution\">Adh\u00e9rent Institution<\/option><option value=\"Adh\u00e9rent Etablissement de formation\">Adh\u00e9rent Etablissement de formation<\/option><\/select><\/span>\n<\/p>\n<p><label> Objet<br \/>\n<span class=\"wpcf7-form-control-wrap\" data-name=\"your-subject\"><input size=\"40\" maxlength=\"400\" class=\"wpcf7-form-control wpcf7-text wpcf7-validates-as-required\" aria-required=\"true\" aria-invalid=\"false\" value=\"\" type=\"text\" name=\"your-subject\" \/><\/span> <\/label>\n<\/p>\n<p><label> Votre message (facultatif)<br \/>\n<span class=\"wpcf7-form-control-wrap\" data-name=\"your-message\"><textarea cols=\"40\" rows=\"10\" maxlength=\"2000\" class=\"wpcf7-form-control wpcf7-textarea\" aria-invalid=\"false\" name=\"your-message\"><\/textarea><\/span> <\/label>\n<\/p>\n<p><input class=\"wpcf7-form-control wpcf7-submit has-spinner\" type=\"submit\" value=\"Envoyer\" \/>\n<\/p><div class=\"wpcf7-response-output\" aria-hidden=\"true\"><\/div>\n<\/form>\n<\/div>\n<\/div>\r\n<!-- AddThis Advanced Settings generic via filter on the_content --><!-- AddThis Share Buttons generic via filter on the_content -->","protected":false},"excerpt":{"rendered":"<p><!-- AddThis Advanced Settings generic via filter on get_the_excerpt --><!-- AddThis Share Buttons generic via filter on get_the_excerpt --><\/p>\n","protected":false},"author":29209,"featured_media":0,"parent":0,"menu_order":1,"comment_status":"closed","ping_status":"closed","template":"","meta":{"_et_pb_use_builder":"","_et_pb_old_content":"","_et_gb_content_width":"","footnotes":"","_links_to":"","_links_to_target":""},"class_list":["post-211","page","type-page","status-publish","hentry"],"_links":{"self":[{"href":"https:\/\/etab.ac-reunion.fr\/campusmetiersqualifications-gcecmt\/wp-json\/wp\/v2\/pages\/211","targetHints":{"allow":["GET"]}}],"collection":[{"href":"https:\/\/etab.ac-reunion.fr\/campusmetiersqualifications-gcecmt\/wp-json\/wp\/v2\/pages"}],"about":[{"href":"https:\/\/etab.ac-reunion.fr\/campusmetiersqualifications-gcecmt\/wp-json\/wp\/v2\/types\/page"}],"author":[{"embeddable":true,"href":"https:\/\/etab.ac-reunion.fr\/campusmetiersqualifications-gcecmt\/wp-json\/wp\/v2\/users\/29209"}],"replies":[{"embeddable":true,"href":"https:\/\/etab.ac-reunion.fr\/campusmetiersqualifications-gcecmt\/wp-json\/wp\/v2\/comments?post=211"}],"version-history":[{"count":10,"href":"https:\/\/etab.ac-reunion.fr\/campusmetiersqualifications-gcecmt\/wp-json\/wp\/v2\/pages\/211\/revisions"}],"predecessor-version":[{"id":379,"href":"https:\/\/etab.ac-reunion.fr\/campusmetiersqualifications-gcecmt\/wp-json\/wp\/v2\/pages\/211\/revisions\/379"}],"wp:attachment":[{"href":"https:\/\/etab.ac-reunion.fr\/campusmetiersqualifications-gcecmt\/wp-json\/wp\/v2\/media?parent=211"}],"curies":[{"name":"wp","href":"https:\/\/api.w.org\/{rel}","templated":true}]}}