{"id":403,"date":"2023-06-01T08:55:36","date_gmt":"2023-06-01T04:55:36","guid":{"rendered":"https:\/\/etab.ac-reunion.fr\/campusmetiersqualifications-gcecmt\/?page_id=403"},"modified":"2023-09-06T10:58:33","modified_gmt":"2023-09-06T06:58:33","slug":"le-cmq-gcecmt-cest-quoi","status":"publish","type":"page","link":"https:\/\/etab.ac-reunion.fr\/campusmetiersqualifications-gcecmt\/le-cmq-gcecmt-cest-quoi\/","title":{"rendered":"Le \u00ab\u00a0CMQ GCECMT\u00a0\u00bb c&rsquo;est quoi ?"},"content":{"rendered":"<p style=\"text-align: justify\">Le Campus des M\u00e9tiers et des Qualifications G\u00e9nie Civil et Eco-Construction en Milieu Tropical, est port\u00e9 par l\u2019Acad\u00e9mie de La R\u00e9union et la R\u00e9gion R\u00e9union, il a \u00e9t\u00e9 labellis\u00e9 en 2019.<\/p>\n<p style=\"text-align: justify\">Voulu tr\u00e8s large dans sa d\u00e9finition, le campus englobe la quasi-totalit\u00e9 des m\u00e9tiers du BTP qui sont amen\u00e9s \u00e0 se coordonner au niveau de la conception et de la r\u00e9alisation des chantiers.<\/p>\n<p style=\"text-align: justify\">Ce Campus vise \u00e0 mettre en synergie l&rsquo;appareil de formation, les laboratoires de recherche et les entreprises BTP autour des fili\u00e8res ou th\u00e9matiques suivantes, en ad\u00e9quation avec l\u2019application et le respect des r\u00e9glementations :<\/p>\n<ul style=\"text-align: justify\">\n<li>Architecture et construction en milieu tropical<\/li>\n<li>\u00c9nergies et Environnement<\/li>\n<li>Bois, Mat\u00e9riaux innovants, durables et bio-sourc\u00e9s<\/li>\n<li>Domotique-B\u00e2timent intelligent et communicant<\/li>\n<\/ul>\n<p>&nbsp;<\/p>\n<p style=\"text-align: center\"><span style=\"text-decoration: underline\"><strong>Cartographie des \u00e9tablissements du r\u00e9seau<\/strong><\/span><\/p>\n<p style=\"text-align: center\">Lyc\u00e9es de La R\u00e9union<\/p>\n<p><img loading=\"lazy\" decoding=\"async\" class=\"size-full wp-image-438 aligncenter\" src=\"https:\/\/etab.ac-reunion.fr\/campusmetiersqualifications-gcecmt\/wp-content\/uploads\/sites\/161\/2023\/06\/v2-Cartographie-etablissements-CMQ.jpg\" alt=\"\" width=\"807\" height=\"685\" srcset=\"https:\/\/etab.ac-reunion.fr\/campusmetiersqualifications-gcecmt\/wp-content\/uploads\/sites\/161\/2023\/06\/v2-Cartographie-etablissements-CMQ.jpg 807w, https:\/\/etab.ac-reunion.fr\/campusmetiersqualifications-gcecmt\/wp-content\/uploads\/sites\/161\/2023\/06\/v2-Cartographie-etablissements-CMQ-300x255.jpg 300w, https:\/\/etab.ac-reunion.fr\/campusmetiersqualifications-gcecmt\/wp-content\/uploads\/sites\/161\/2023\/06\/v2-Cartographie-etablissements-CMQ-768x652.jpg 768w\" sizes=\"(max-width: 807px) 100vw, 807px\" \/><\/p>\n<p>&nbsp;<\/p>\n<p>&nbsp;<\/p>\n<p style=\"text-align: center\">Lyc\u00e9es rattach\u00e9s de Mayotte<\/p>\n<p><img loading=\"lazy\" decoding=\"async\" class=\"size-full wp-image-437 aligncenter\" src=\"https:\/\/etab.ac-reunion.fr\/campusmetiersqualifications-gcecmt\/wp-content\/uploads\/sites\/161\/2023\/06\/v2-Cartographie-etablissements-CMQ-Mayotte.jpg\" alt=\"\" width=\"472\" height=\"738\" srcset=\"https:\/\/etab.ac-reunion.fr\/campusmetiersqualifications-gcecmt\/wp-content\/uploads\/sites\/161\/2023\/06\/v2-Cartographie-etablissements-CMQ-Mayotte.jpg 472w, https:\/\/etab.ac-reunion.fr\/campusmetiersqualifications-gcecmt\/wp-content\/uploads\/sites\/161\/2023\/06\/v2-Cartographie-etablissements-CMQ-Mayotte-192x300.jpg 192w\" sizes=\"(max-width: 472px) 100vw, 472px\" \/><\/p>\n<p>&nbsp;<\/p>\n<p style=\"text-align: center\">Etablissements du sup\u00e9rieur, centres de formation par alternance et formation continue de La R\u00e9union<\/p>\n<p><img loading=\"lazy\" decoding=\"async\" class=\"size-full wp-image-439 aligncenter\" src=\"https:\/\/etab.ac-reunion.fr\/campusmetiersqualifications-gcecmt\/wp-content\/uploads\/sites\/161\/2023\/06\/v2-Centres-de-formation-CMQ.jpg\" alt=\"\" width=\"715\" height=\"680\" srcset=\"https:\/\/etab.ac-reunion.fr\/campusmetiersqualifications-gcecmt\/wp-content\/uploads\/sites\/161\/2023\/06\/v2-Centres-de-formation-CMQ.jpg 715w, https:\/\/etab.ac-reunion.fr\/campusmetiersqualifications-gcecmt\/wp-content\/uploads\/sites\/161\/2023\/06\/v2-Centres-de-formation-CMQ-300x285.jpg 300w\" sizes=\"(max-width: 715px) 100vw, 715px\" \/><\/p>\n<p>&nbsp;<\/p>\n<p>&nbsp;<\/p>\n<p><a href=\"https:\/\/docs.google.com\/spreadsheets\/d\/1sxNSjjbChm-R---AaptzPdDZXw9M1uab\/edit?usp=sharing&amp;ouid=103758235815453198166&amp;rtpof=true&amp;sd=true\"><strong><span style=\"text-decoration: underline\">Plaquette des formations du CMQ GCECMT<\/span><\/strong><\/a><\/p>\n<p>&nbsp;<\/p>\n<p>&nbsp;<\/p>\n<p>&nbsp;<\/p>\n<p>&nbsp;<\/p>\n<p><img loading=\"lazy\" decoding=\"async\" class=\"size-large wp-image-428 aligncenter\" src=\"https:\/\/etab.ac-reunion.fr\/campusmetiersqualifications-gcecmt\/wp-content\/uploads\/sites\/161\/2023\/06\/Axes-strategiques-Campus-1024x511.jpg\" alt=\"\" width=\"1024\" height=\"511\" srcset=\"https:\/\/etab.ac-reunion.fr\/campusmetiersqualifications-gcecmt\/wp-content\/uploads\/sites\/161\/2023\/06\/Axes-strategiques-Campus-1024x511.jpg 1024w, https:\/\/etab.ac-reunion.fr\/campusmetiersqualifications-gcecmt\/wp-content\/uploads\/sites\/161\/2023\/06\/Axes-strategiques-Campus-300x150.jpg 300w, https:\/\/etab.ac-reunion.fr\/campusmetiersqualifications-gcecmt\/wp-content\/uploads\/sites\/161\/2023\/06\/Axes-strategiques-Campus-768x383.jpg 768w, https:\/\/etab.ac-reunion.fr\/campusmetiersqualifications-gcecmt\/wp-content\/uploads\/sites\/161\/2023\/06\/Axes-strategiques-Campus.jpg 1341w\" sizes=\"(max-width: 1024px) 100vw, 1024px\" \/><\/p>\n<p>&nbsp;<\/p>\n<p>&nbsp;<\/p>\n<p><img loading=\"lazy\" decoding=\"async\" class=\"alignnone size-full wp-image-424\" src=\"https:\/\/etab.ac-reunion.fr\/campusmetiersqualifications-gcecmt\/wp-content\/uploads\/sites\/161\/2023\/06\/Objectifs-CMQ.jpg\" alt=\"\" width=\"1478\" height=\"830\" srcset=\"https:\/\/etab.ac-reunion.fr\/campusmetiersqualifications-gcecmt\/wp-content\/uploads\/sites\/161\/2023\/06\/Objectifs-CMQ.jpg 1478w, https:\/\/etab.ac-reunion.fr\/campusmetiersqualifications-gcecmt\/wp-content\/uploads\/sites\/161\/2023\/06\/Objectifs-CMQ-300x168.jpg 300w, https:\/\/etab.ac-reunion.fr\/campusmetiersqualifications-gcecmt\/wp-content\/uploads\/sites\/161\/2023\/06\/Objectifs-CMQ-1024x575.jpg 1024w, https:\/\/etab.ac-reunion.fr\/campusmetiersqualifications-gcecmt\/wp-content\/uploads\/sites\/161\/2023\/06\/Objectifs-CMQ-768x431.jpg 768w, https:\/\/etab.ac-reunion.fr\/campusmetiersqualifications-gcecmt\/wp-content\/uploads\/sites\/161\/2023\/06\/Objectifs-CMQ-136x77.jpg 136w\" sizes=\"(max-width: 1478px) 100vw, 1478px\" \/><\/p>\n<!-- AddThis Advanced Settings generic via filter on the_content --><!-- AddThis Share Buttons generic via filter on the_content -->","protected":false},"excerpt":{"rendered":"<p>Le Campus des M\u00e9tiers et des Qualifications G\u00e9nie Civil et Eco-Construction en Milieu Tropical, est port\u00e9 par l\u2019Acad\u00e9mie de La R\u00e9union et la R\u00e9gion R\u00e9union, il a \u00e9t\u00e9 labellis\u00e9 en [&hellip;]<!-- AddThis Advanced Settings generic via filter on get_the_excerpt --><!-- AddThis Share Buttons generic via filter on get_the_excerpt --><\/p>\n","protected":false},"author":29209,"featured_media":243,"parent":0,"menu_order":0,"comment_status":"closed","ping_status":"closed","template":"page-full.php","meta":{"_et_pb_use_builder":"","_et_pb_old_content":"","_et_gb_content_width":"","footnotes":"","_links_to":"","_links_to_target":""},"class_list":["post-403","page","type-page","status-publish","has-post-thumbnail","hentry"],"_links":{"self":[{"href":"https:\/\/etab.ac-reunion.fr\/campusmetiersqualifications-gcecmt\/wp-json\/wp\/v2\/pages\/403","targetHints":{"allow":["GET"]}}],"collection":[{"href":"https:\/\/etab.ac-reunion.fr\/campusmetiersqualifications-gcecmt\/wp-json\/wp\/v2\/pages"}],"about":[{"href":"https:\/\/etab.ac-reunion.fr\/campusmetiersqualifications-gcecmt\/wp-json\/wp\/v2\/types\/page"}],"author":[{"embeddable":true,"href":"https:\/\/etab.ac-reunion.fr\/campusmetiersqualifications-gcecmt\/wp-json\/wp\/v2\/users\/29209"}],"replies":[{"embeddable":true,"href":"https:\/\/etab.ac-reunion.fr\/campusmetiersqualifications-gcecmt\/wp-json\/wp\/v2\/comments?post=403"}],"version-history":[{"count":19,"href":"https:\/\/etab.ac-reunion.fr\/campusmetiersqualifications-gcecmt\/wp-json\/wp\/v2\/pages\/403\/revisions"}],"predecessor-version":[{"id":494,"href":"https:\/\/etab.ac-reunion.fr\/campusmetiersqualifications-gcecmt\/wp-json\/wp\/v2\/pages\/403\/revisions\/494"}],"wp:featuredmedia":[{"embeddable":true,"href":"https:\/\/etab.ac-reunion.fr\/campusmetiersqualifications-gcecmt\/wp-json\/wp\/v2\/media\/243"}],"wp:attachment":[{"href":"https:\/\/etab.ac-reunion.fr\/campusmetiersqualifications-gcecmt\/wp-json\/wp\/v2\/media?parent=403"}],"curies":[{"name":"wp","href":"https:\/\/api.w.org\/{rel}","templated":true}]}}