{"id":527,"date":"2023-09-11T15:24:38","date_gmt":"2023-09-11T11:24:38","guid":{"rendered":"https:\/\/etab.ac-reunion.fr\/campusmetiersqualifications-gcecmt\/?page_id=527"},"modified":"2023-09-11T15:49:07","modified_gmt":"2023-09-11T11:49:07","slug":"decouvrir","status":"publish","type":"page","link":"https:\/\/etab.ac-reunion.fr\/campusmetiersqualifications-gcecmt\/decouvrir\/","title":{"rendered":"D\u00e9couvrir"},"content":{"rendered":"<hr \/>\n<p><span style=\"color: #ff6600\">Le Campus des M\u00e9tiers et des Qualifications G\u00e9nie Civil et Eco Construction en Milieu Tropical est port\u00e9 par l\u2019acad\u00e9mie de La R\u00e9union et la R\u00e9gion R\u00e9union, il a \u00e9t\u00e9 labellis\u00e9 en 2017.<\/span><\/p>\n<p><span style=\"color: #ff6600\">Voulu tr\u00e8s large dans sa d\u00e9finition, le Campus englobe la quasi-totalit\u00e9 des m\u00e9tiers du BTP qui sont amen\u00e9s \u00e0 se coordonner au niveau de la conception et de la r\u00e9alisation des chantiers. Il vise \u00e0 mettre en synergie l\u2019appareil de formation, les laboratoires de recherches et les entreprises du BTP.<\/span><\/p>\n<p><span style=\"color: #ff6600\">Le projet du Campus repose sur trois grandes missions : <\/span><\/p>\n<p><span style=\"color: #ff6600\"><strong>FORMER &#8211; INFORMER &#8211; INNOVER<\/strong><\/span><\/p>\n<p>&nbsp;<\/p>\n<hr \/>\n<h1><\/h1>\n<h1><span style=\"color: #ff6600\">Contexte, enjeux et objectifs<\/span><\/h1>\n<p>&nbsp;<\/p>\n<p>La Strat\u00e9gie Nationale Bas Carbone qui est la feuille de route de la France pour lutter contre le changement climatique d\u00e9finit la trajectoire de r\u00e9duction des \u00e9missions de gaz \u00e0 effet de serre jusqu\u2019\u00e0 2050 et fixe des objectifs du pays \u00e0 court et \u00e0 moyen termes.<\/p>\n<p>La d\u00e9clinaison de la Programmation Pluriannuel de l\u2019\u00c9nergie (PPE) fixe les objectifs r\u00e9gionaux \u00e0 atteindre pour chaque r\u00e9gion. Pour notre territoire, les pouvoirs publics doivent r\u00e9soudre une probl\u00e9matique d\u2019am\u00e9nagement \u00e0 plusieurs variables, celle de la construction en milieu tropical et insulaire avec les contraintes d\u2019un relief escarp\u00e9 et des vents cycloniques. Ces am\u00e9nagements devront se faire dans le respect de la pr\u00e9servation de la biodiversit\u00e9<a href=\"#_ftn1\" name=\"_ftnref1\">[1]<\/a>, des ressources en eau et des espaces agricoles. Pour y parvenir la souverainet\u00e9 \u00e9nerg\u00e9tique devra \u00eatre assur\u00e9e en tenant compte des habitudes culturelles.<\/p>\n<p><img loading=\"lazy\" decoding=\"async\" class=\"size-full wp-image-528 aligncenter\" src=\"https:\/\/etab.ac-reunion.fr\/campusmetiersqualifications-gcecmt\/wp-content\/uploads\/sites\/161\/2023\/09\/Decouvrir-enjeux-et-objectifs.jpg\" alt=\"\" width=\"940\" height=\"441\" srcset=\"https:\/\/etab.ac-reunion.fr\/campusmetiersqualifications-gcecmt\/wp-content\/uploads\/sites\/161\/2023\/09\/Decouvrir-enjeux-et-objectifs.jpg 940w, https:\/\/etab.ac-reunion.fr\/campusmetiersqualifications-gcecmt\/wp-content\/uploads\/sites\/161\/2023\/09\/Decouvrir-enjeux-et-objectifs-300x141.jpg 300w, https:\/\/etab.ac-reunion.fr\/campusmetiersqualifications-gcecmt\/wp-content\/uploads\/sites\/161\/2023\/09\/Decouvrir-enjeux-et-objectifs-768x360.jpg 768w\" sizes=\"(max-width: 940px) 100vw, 940px\" \/><\/p>\n<p>C\u2019est dans cette optique que le campus des m\u00e9tiers et des qualifications a \u00e9t\u00e9 cr\u00e9\u00e9 avec pour objectif de d\u00e9velopper le lien entre les m\u00e9tiers et les formations au travers de la mise en place d\u2019un r\u00e9seau d\u2019acteur de partenaires sur La R\u00e9union et dans les perspectives d\u2019\u00e9volution d\u2019avoir une ouverture sur la zone oc\u00e9an indien.<\/p>\n<p>Le d\u00e9veloppement des actions du campus se fait au travers de 3 grandes th\u00e9matiques\u00a0:<\/p>\n<p><strong>1. La formation <\/strong><\/p>\n<ul>\n<li>Rendre lisible l\u2019offre de formation au sein des divers \u00e9tablissements de formation du niveau 3 \u00e0 7\u00a0;<\/li>\n<li>Favoriser la mise en r\u00e9seau et soutenir l\u2019adaptation de cette offre \u00e0 l\u2019\u00e9volution et aux besoins du secteur \u00e9conomique\u00a0;<\/li>\n<li>Participer \u00e0 la carte des formations de qualit\u00e9 int\u00e9grant tous les niveaux de qualification.<\/li>\n<\/ul>\n<p><strong>2. La recherche et de d\u00e9veloppement <\/strong><\/p>\n<ul>\n<li>Rapprocher les acteurs de la recherche, de l\u2019\u00e9conomie et de la formation autour de techniques innovantes et\/ou de nouvelles technologies dans le secteur du BTP\u00a0;<\/li>\n<li>R\u00e9pondre en termes de formation, d\u2019expertise, de transfert de technologie aux d\u00e9fis et aux enjeux des transitions \u00e9nerg\u00e9tiques, \u00e9cologiques et num\u00e9rique en favorisant le d\u00e9veloppement au niveau r\u00e9gional.<\/li>\n<\/ul>\n<p><strong>3. L\u2019emploi<\/strong><\/p>\n<ul>\n<li>Participer \u00e0 l\u2019information sur les m\u00e9tiers et renforcer l\u2019attractivit\u00e9 de la fili\u00e8re BTP\u00a0;<\/li>\n<li>Am\u00e9liorer l\u2019insertion dans l\u2019emploi des publics form\u00e9s\u00a0;<\/li>\n<li>Accompagner l\u2019\u00e9l\u00e9vation du niveau de qualification et de comp\u00e9tences des actifs du BTP mais aussi celle des demandeurs d\u2019emploi.<\/li>\n<\/ul>\n<h6><a href=\"#_ftnref1\" name=\"_ftn1\">[1]<\/a> Le Parc national de La R\u00e9union couvre une superficie de 100\u00a0000 ha, soit 40% du territoire inscrit au Patrimoine Mondiale par l\u2019UNESCO.<\/h6>\n<hr \/>\n<p>&nbsp;<\/p>\n<h1><span style=\"color: #ff6600\">Les chiffres cl\u00e9s du r\u00e9seau<\/span><\/h1>\n<ul>\n<li>XX \u00c9tablissements de formation (secondaires et sup\u00e9rieurs) partenaires<\/li>\n<li>XX Formations<\/li>\n<li>XX \u00c9l\u00e8ves<\/li>\n<li>XX Apprentis<\/li>\n<li>XX Laboratoires de recherche<\/li>\n<li>XX F\u00e9d\u00e9rations<\/li>\n<\/ul>\n<h6><\/h6>\n<!-- AddThis Advanced Settings generic via filter on the_content --><!-- AddThis Share Buttons generic via filter on the_content -->","protected":false},"excerpt":{"rendered":"<p>Le Campus des M\u00e9tiers et des Qualifications G\u00e9nie Civil et Eco Construction en Milieu Tropical est port\u00e9 par l\u2019acad\u00e9mie de La R\u00e9union et la R\u00e9gion R\u00e9union, il a \u00e9t\u00e9 labellis\u00e9 [&hellip;]<!-- AddThis Advanced Settings generic via filter on get_the_excerpt --><!-- AddThis Share Buttons generic via filter on get_the_excerpt --><\/p>\n","protected":false},"author":29209,"featured_media":530,"parent":0,"menu_order":0,"comment_status":"closed","ping_status":"closed","template":"","meta":{"_et_pb_use_builder":"","_et_pb_old_content":"","_et_gb_content_width":"","footnotes":"","_links_to":"","_links_to_target":""},"class_list":["post-527","page","type-page","status-publish","has-post-thumbnail","hentry"],"_links":{"self":[{"href":"https:\/\/etab.ac-reunion.fr\/campusmetiersqualifications-gcecmt\/wp-json\/wp\/v2\/pages\/527","targetHints":{"allow":["GET"]}}],"collection":[{"href":"https:\/\/etab.ac-reunion.fr\/campusmetiersqualifications-gcecmt\/wp-json\/wp\/v2\/pages"}],"about":[{"href":"https:\/\/etab.ac-reunion.fr\/campusmetiersqualifications-gcecmt\/wp-json\/wp\/v2\/types\/page"}],"author":[{"embeddable":true,"href":"https:\/\/etab.ac-reunion.fr\/campusmetiersqualifications-gcecmt\/wp-json\/wp\/v2\/users\/29209"}],"replies":[{"embeddable":true,"href":"https:\/\/etab.ac-reunion.fr\/campusmetiersqualifications-gcecmt\/wp-json\/wp\/v2\/comments?post=527"}],"version-history":[{"count":11,"href":"https:\/\/etab.ac-reunion.fr\/campusmetiersqualifications-gcecmt\/wp-json\/wp\/v2\/pages\/527\/revisions"}],"predecessor-version":[{"id":546,"href":"https:\/\/etab.ac-reunion.fr\/campusmetiersqualifications-gcecmt\/wp-json\/wp\/v2\/pages\/527\/revisions\/546"}],"wp:featuredmedia":[{"embeddable":true,"href":"https:\/\/etab.ac-reunion.fr\/campusmetiersqualifications-gcecmt\/wp-json\/wp\/v2\/media\/530"}],"wp:attachment":[{"href":"https:\/\/etab.ac-reunion.fr\/campusmetiersqualifications-gcecmt\/wp-json\/wp\/v2\/media?parent=527"}],"curies":[{"name":"wp","href":"https:\/\/api.w.org\/{rel}","templated":true}]}}