{"id":604,"date":"2023-09-12T08:13:48","date_gmt":"2023-09-12T04:13:48","guid":{"rendered":"https:\/\/etab.ac-reunion.fr\/campusmetiersqualifications-gcecmt\/?page_id=604"},"modified":"2023-09-12T08:13:48","modified_gmt":"2023-09-12T04:13:48","slug":"partenaires-institutionnels","status":"publish","type":"page","link":"https:\/\/etab.ac-reunion.fr\/campusmetiersqualifications-gcecmt\/partenaires-institutionnels\/","title":{"rendered":"Partenaires institutionnels"},"content":{"rendered":"<hr \/>\n<h2><span style=\"color: #ff6600\">L\u2019acad\u00e9mie<\/span><\/h2>\n<p>Elle constitue l\u2019\u00e9chelon de mise en coh\u00e9rence des politiques \u00e9ducatives r\u00e9gionales en particulier dans les domaines suivants\u00a0:<\/p>\n<ul>\n<li>Formation professionnelle, apprentissage et orientation tout au long de la vie professionnelle<\/li>\n<li>Evolution pr\u00e9visionnelle des formations pour les \u00e9tablissements du second degr\u00e9<\/li>\n<li>Enseignement sup\u00e9rieur et recherche<\/li>\n<li>Lutte contre le d\u00e9crochage scolaire<\/li>\n<li>Service public num\u00e9rique \u00e9ducation<\/li>\n<li>Utilisation des fonds europ\u00e9ens<\/li>\n<li>Contribution aux contrats de plan Etat-R\u00e9gion<\/li>\n<\/ul>\n<p>Depuis plus de 30 ans, l\u2019Acad\u00e9mie de La R\u00e9union port\u00e9e par ses \u00e9quipes \u00e9ducatives a accompagn\u00e9 la jeunesse r\u00e9unionnaise vers la r\u00e9ussite scolaire et l\u2019obtention de dipl\u00f4mes.<\/p>\n<p>L\u2019offre de formation pr\u00e9sente sur le territoire se doit de remplir l\u2019objectif d\u2019accompagner l\u2019ensemble de cette jeunesse \u00e0 trouver sa place au sein de l\u2019\u00e9conomie et de permettre \u00e0 cette derni\u00e8re de rayonner sur la zone Oc\u00e9an Indien.<\/p>\n<p>&nbsp;<\/p>\n<h2><span style=\"color: #ff6600\">La r\u00e9gion<\/span><\/h2>\n<p>Au fil des \u00e9volutions l\u00e9gislatives, la R\u00e9gion R\u00e9union\u00a0 s\u2019est vue assigner une mission de pilotage et de mise en coh\u00e9rence de l\u2019ensemble des acteurs et des dispositifs intervenant dans la cha\u00eene \u00ab\u00a0\u00e9ducation \u2013 formation \u2013 orientation \u2013 insertion \u2013 d\u00e9veloppement \u00e9conomique\u00a0\u00bb.<\/p>\n<p>&nbsp;<\/p>\n<h2><span style=\"color: #ff6600\">L\u2019universit\u00e9<\/span><\/h2>\n<p>L\u2019Universit\u00e9 de La R\u00e9union est la seule universit\u00e9 fran\u00e7aise et europ\u00e9enne de l\u2019Oc\u00e9an Indien. Elle dispose d\u2019une offre de formation riche, diversifi\u00e9e, \u00e0 la fois adoss\u00e9e \u00e0 ses travaux de recherche et adapt\u00e9e \u00e0 son territoire. Son activit\u00e9 couvre quatre domaines de formation avec 10 composantes en charge de la formation. Elle dispose \u00e9galement de 5 structures transversales sur des missions d\u2019appui au d\u00e9veloppement de comp\u00e9tences et \u00e0 la certification. La recherche \u00e0 l\u2019Universit\u00e9 de La R\u00e9union est structur\u00e9e au sein de 21 unit\u00e9s de recherche.<\/p>\n<p>L\u2019Universit\u00e9 de La R\u00e9union dispose ainsi de v\u00e9ritables atouts par sa capacit\u00e9 d\u2019intervention sur plusieurs champs disciplinaires de la formation tout au long de la vie et en r\u00e9sonance \u00e0 des th\u00e9matiques originales de recherche.<\/p>\n<p>&nbsp;<\/p>\n<h2><span style=\"color: #ff6600\">La DEETS<\/span><\/h2>\n<p>L\u2019action de la DEETS r\u00e9pond \u00e0 six orientations strat\u00e9giques\u00a0:<\/p>\n<ul>\n<li>Favoriser le d\u00e9veloppement \u00e9conomique local avec l\u2019accompagnement des grands projets structurants, du d\u00e9veloppement endog\u00e8ne des secteurs cl\u00e9s et de l\u2019\u00e9conomie de proximit\u00e9 et des mutations \u00e9conomiques des entreprises\u00a0;<\/li>\n<li>Contribuer au d\u00e9veloppement \u00e0 l\u2019international des entreprises r\u00e9unionnaises\u00a0;<\/li>\n<li>Renforcer la coh\u00e9sion sociale du territoire, en accompagnant les demandeurs d\u2019emploi et les personnes les plus expos\u00e9es au risque d\u2019exclusion du march\u00e9 du travail en vue de leur acc\u00e8s ou de leur retour \u00e0 l\u2019emploi par des actions d\u2019insertion et de formation\u00a0;<\/li>\n<li>Garantir le caract\u00e8re concurrentiel et loyal des march\u00e9s\u00a0;<\/li>\n<li>Prendre en compte les relations et conditions de travail comme facteur de comp\u00e9titivit\u00e9 \u00e9conomique\u00a0;<\/li>\n<li>Promouvoir et accompagner le dialogue social local<\/li>\n<\/ul>\n<p>&nbsp;<\/p>\n<h2><span style=\"color: #ff6600\">La CAPEB<\/span><\/h2>\n<p>Fond\u00e9e en 1994, la CAPEB regroupe les artisans b\u00e2tisseurs de La R\u00e9union. Ces artisans contribuent \u00e0 la vitalit\u00e9 de l\u2019\u00eele. Ces chefs d\u2019entreprises pragmatiques et innovants jouent un r\u00f4le \u00e9conomique et social fondamental.<\/p>\n<p>La CAPEB d\u00e9fend les valeurs des entrepreneurs au sein des instances d\u00e9cisionnaires.<\/p>\n<p>&nbsp;<\/p>\n<h2><span style=\"color: #ff6600\">La FRBTP<\/span><\/h2>\n<p>La FRBTP unit et f\u00e9d\u00e8re l\u2019ensemble des acteurs du BTP r\u00e9unionnais depuis bient\u00f4t 70 ans. Elle agit pour le compte de plus de 40 familles de m\u00e9tiers diff\u00e9rents. Des artisans, des entrepreneurs ou dirigeants d\u2019entreprise de toutes tailles et de tous corps d\u2019\u00e9tat partagent la m\u00eame passion de construire, au service du d\u00e9veloppement du territoire r\u00e9unionnais.<\/p>\n<p>La FRBTP est l\u2019interlocuteur privil\u00e9gi\u00e9 et reconnu des pouvoirs publics pour la d\u00e9fense de la profession.<\/p>\n<!-- AddThis Advanced Settings generic via filter on the_content --><!-- AddThis Share Buttons generic via filter on the_content -->","protected":false},"excerpt":{"rendered":"<p>L\u2019acad\u00e9mie Elle constitue l\u2019\u00e9chelon de mise en coh\u00e9rence des politiques \u00e9ducatives r\u00e9gionales en particulier dans les domaines suivants\u00a0: Formation professionnelle, apprentissage et orientation tout au long de la vie professionnelle [&hellip;]<!-- AddThis Advanced Settings generic via filter on get_the_excerpt --><!-- AddThis Share Buttons generic via filter on get_the_excerpt --><\/p>\n","protected":false},"author":29209,"featured_media":606,"parent":0,"menu_order":0,"comment_status":"closed","ping_status":"closed","template":"","meta":{"_et_pb_use_builder":"","_et_pb_old_content":"","_et_gb_content_width":"","footnotes":"","_links_to":"","_links_to_target":""},"class_list":["post-604","page","type-page","status-publish","has-post-thumbnail","hentry"],"_links":{"self":[{"href":"https:\/\/etab.ac-reunion.fr\/campusmetiersqualifications-gcecmt\/wp-json\/wp\/v2\/pages\/604","targetHints":{"allow":["GET"]}}],"collection":[{"href":"https:\/\/etab.ac-reunion.fr\/campusmetiersqualifications-gcecmt\/wp-json\/wp\/v2\/pages"}],"about":[{"href":"https:\/\/etab.ac-reunion.fr\/campusmetiersqualifications-gcecmt\/wp-json\/wp\/v2\/types\/page"}],"author":[{"embeddable":true,"href":"https:\/\/etab.ac-reunion.fr\/campusmetiersqualifications-gcecmt\/wp-json\/wp\/v2\/users\/29209"}],"replies":[{"embeddable":true,"href":"https:\/\/etab.ac-reunion.fr\/campusmetiersqualifications-gcecmt\/wp-json\/wp\/v2\/comments?post=604"}],"version-history":[{"count":1,"href":"https:\/\/etab.ac-reunion.fr\/campusmetiersqualifications-gcecmt\/wp-json\/wp\/v2\/pages\/604\/revisions"}],"predecessor-version":[{"id":605,"href":"https:\/\/etab.ac-reunion.fr\/campusmetiersqualifications-gcecmt\/wp-json\/wp\/v2\/pages\/604\/revisions\/605"}],"wp:featuredmedia":[{"embeddable":true,"href":"https:\/\/etab.ac-reunion.fr\/campusmetiersqualifications-gcecmt\/wp-json\/wp\/v2\/media\/606"}],"wp:attachment":[{"href":"https:\/\/etab.ac-reunion.fr\/campusmetiersqualifications-gcecmt\/wp-json\/wp\/v2\/media?parent=604"}],"curies":[{"name":"wp","href":"https:\/\/api.w.org\/{rel}","templated":true}]}}