{"id":609,"date":"2023-09-12T08:18:14","date_gmt":"2023-09-12T04:18:14","guid":{"rendered":"https:\/\/etab.ac-reunion.fr\/campusmetiersqualifications-gcecmt\/?page_id=609"},"modified":"2023-09-12T08:18:14","modified_gmt":"2023-09-12T04:18:14","slug":"etablissements-de-formation","status":"publish","type":"page","link":"https:\/\/etab.ac-reunion.fr\/campusmetiersqualifications-gcecmt\/etablissements-de-formation\/","title":{"rendered":"Etablissements de formation"},"content":{"rendered":"<hr \/>\n<h2><span style=\"color: #ff6600\">Les \u00e9tablissements scolaires<\/span><\/h2>\n<p><em>Distinguer les partenaires et <strong>adh\u00e9rents<\/strong><\/em><\/p>\n<p><img loading=\"lazy\" decoding=\"async\" class=\"alignnone size-full wp-image-438\" src=\"https:\/\/etab.ac-reunion.fr\/campusmetiersqualifications-gcecmt\/wp-content\/uploads\/sites\/161\/2023\/06\/v2-Cartographie-etablissements-CMQ.jpg\" alt=\"\" width=\"807\" height=\"685\" srcset=\"https:\/\/etab.ac-reunion.fr\/campusmetiersqualifications-gcecmt\/wp-content\/uploads\/sites\/161\/2023\/06\/v2-Cartographie-etablissements-CMQ.jpg 807w, https:\/\/etab.ac-reunion.fr\/campusmetiersqualifications-gcecmt\/wp-content\/uploads\/sites\/161\/2023\/06\/v2-Cartographie-etablissements-CMQ-300x255.jpg 300w, https:\/\/etab.ac-reunion.fr\/campusmetiersqualifications-gcecmt\/wp-content\/uploads\/sites\/161\/2023\/06\/v2-Cartographie-etablissements-CMQ-768x652.jpg 768w\" sizes=\"(max-width: 807px) 100vw, 807px\" \/><\/p>\n<h2><span style=\"color: #ff6600\">Enseignement sup\u00e9rieur<\/span><\/h2>\n<ul>\n<li>Universit\u00e9 (PIMENT, EnergyLab)<\/li>\n<li>IUT<\/li>\n<li>ESIROI<\/li>\n<\/ul>\n<!-- AddThis Advanced Settings generic via filter on the_content --><!-- AddThis Share Buttons generic via filter on the_content -->","protected":false},"excerpt":{"rendered":"<p>Les \u00e9tablissements scolaires Distinguer les partenaires et adh\u00e9rents Enseignement sup\u00e9rieur Universit\u00e9 (PIMENT, EnergyLab) IUT ESIROI<!-- AddThis Advanced Settings generic via filter on get_the_excerpt --><!-- AddThis Share Buttons generic via filter on get_the_excerpt --><\/p>\n","protected":false},"author":29209,"featured_media":610,"parent":0,"menu_order":0,"comment_status":"closed","ping_status":"closed","template":"","meta":{"_et_pb_use_builder":"","_et_pb_old_content":"","_et_gb_content_width":"","footnotes":"","_links_to":"","_links_to_target":""},"class_list":["post-609","page","type-page","status-publish","has-post-thumbnail","hentry"],"_links":{"self":[{"href":"https:\/\/etab.ac-reunion.fr\/campusmetiersqualifications-gcecmt\/wp-json\/wp\/v2\/pages\/609","targetHints":{"allow":["GET"]}}],"collection":[{"href":"https:\/\/etab.ac-reunion.fr\/campusmetiersqualifications-gcecmt\/wp-json\/wp\/v2\/pages"}],"about":[{"href":"https:\/\/etab.ac-reunion.fr\/campusmetiersqualifications-gcecmt\/wp-json\/wp\/v2\/types\/page"}],"author":[{"embeddable":true,"href":"https:\/\/etab.ac-reunion.fr\/campusmetiersqualifications-gcecmt\/wp-json\/wp\/v2\/users\/29209"}],"replies":[{"embeddable":true,"href":"https:\/\/etab.ac-reunion.fr\/campusmetiersqualifications-gcecmt\/wp-json\/wp\/v2\/comments?post=609"}],"version-history":[{"count":1,"href":"https:\/\/etab.ac-reunion.fr\/campusmetiersqualifications-gcecmt\/wp-json\/wp\/v2\/pages\/609\/revisions"}],"predecessor-version":[{"id":612,"href":"https:\/\/etab.ac-reunion.fr\/campusmetiersqualifications-gcecmt\/wp-json\/wp\/v2\/pages\/609\/revisions\/612"}],"wp:featuredmedia":[{"embeddable":true,"href":"https:\/\/etab.ac-reunion.fr\/campusmetiersqualifications-gcecmt\/wp-json\/wp\/v2\/media\/610"}],"wp:attachment":[{"href":"https:\/\/etab.ac-reunion.fr\/campusmetiersqualifications-gcecmt\/wp-json\/wp\/v2\/media?parent=609"}],"curies":[{"name":"wp","href":"https:\/\/api.w.org\/{rel}","templated":true}]}}