{"id":2687,"date":"2024-03-26T14:35:41","date_gmt":"2024-03-26T10:35:41","guid":{"rendered":"https:\/\/etab.ac-reunion.fr\/clg-12eme\/?page_id=2687"},"modified":"2024-03-26T14:35:41","modified_gmt":"2024-03-26T10:35:41","slug":"psy-e-n","status":"publish","type":"page","link":"https:\/\/etab.ac-reunion.fr\/clg-12eme\/psy-e-n\/","title":{"rendered":"PSY-E.N."},"content":{"rendered":"<h1><span style=\"text-decoration: underline\"><span style=\"color: #800080;text-decoration: underline\">Les psychologues de l&rsquo;\u00c9ducation nationale <\/span><\/span><\/h1>\n<p>Ils sont au sein des \u00e9coles un maillon indispensable du suivi et de l&rsquo;accompagnement des \u00e9l\u00e8ves en difficult\u00e9 et\/ou en situation de handicap. Intervenant \u00e0 la demande des enseignants ou des familles, ils permettent au sein de l&rsquo;\u00e9cole publique \u00e0 de nombreux enfants et familles d&rsquo;acc\u00e9der \u00e0 une aide psychologique. Ils sont partie prenante des r\u00e9seaux d&rsquo;aides sp\u00e9cialis\u00e9es aux \u00e9l\u00e8ves en difficult\u00e9 (RASED). Ils apportent leurs regards dans l&rsquo;analyse de la situation particuli\u00e8re d&rsquo;un enfant et recherchent des solutions adapt\u00e9es au sein de l&rsquo;\u00e9cole ou \u00e0 l&rsquo;ext\u00e9rieur.<\/p>\n<p>Mme Emmanuelle FERARD<\/p>\n<p>Pr\u00e9sence les jeudis et 1 lundi apr\u00e8s-midi\/2 &#8211; Rendez-vous \u00e0 prendre aupr\u00e8s de la vie scolaire<\/p>\n","protected":false},"excerpt":{"rendered":"<p>Les psychologues de l&rsquo;\u00c9ducation nationale Ils sont au sein des \u00e9coles un maillon indispensable du suivi et de l&rsquo;accompagnement des \u00e9l\u00e8ves en difficult\u00e9 et\/ou en situation de handicap. Intervenant \u00e0 la demande des enseignants ou des familles, ils permettent au sein de l&rsquo;\u00e9cole publique \u00e0 de nombreux enfants et familles &hellip;<\/p>\n","protected":false},"author":33019,"featured_media":0,"parent":0,"menu_order":0,"comment_status":"closed","ping_status":"closed","template":"","meta":{"footnotes":"","_links_to":"","_links_to_target":""},"class_list":["post-2687","page","type-page","status-publish","hentry"],"_links":{"self":[{"href":"https:\/\/etab.ac-reunion.fr\/clg-12eme\/wp-json\/wp\/v2\/pages\/2687","targetHints":{"allow":["GET"]}}],"collection":[{"href":"https:\/\/etab.ac-reunion.fr\/clg-12eme\/wp-json\/wp\/v2\/pages"}],"about":[{"href":"https:\/\/etab.ac-reunion.fr\/clg-12eme\/wp-json\/wp\/v2\/types\/page"}],"author":[{"embeddable":true,"href":"https:\/\/etab.ac-reunion.fr\/clg-12eme\/wp-json\/wp\/v2\/users\/33019"}],"replies":[{"embeddable":true,"href":"https:\/\/etab.ac-reunion.fr\/clg-12eme\/wp-json\/wp\/v2\/comments?post=2687"}],"version-history":[{"count":1,"href":"https:\/\/etab.ac-reunion.fr\/clg-12eme\/wp-json\/wp\/v2\/pages\/2687\/revisions"}],"predecessor-version":[{"id":2688,"href":"https:\/\/etab.ac-reunion.fr\/clg-12eme\/wp-json\/wp\/v2\/pages\/2687\/revisions\/2688"}],"wp:attachment":[{"href":"https:\/\/etab.ac-reunion.fr\/clg-12eme\/wp-json\/wp\/v2\/media?parent=2687"}],"curies":[{"name":"wp","href":"https:\/\/api.w.org\/{rel}","templated":true}]}}