{"id":2690,"date":"2024-03-26T14:40:10","date_gmt":"2024-03-26T10:40:10","guid":{"rendered":"https:\/\/etab.ac-reunion.fr\/clg-12eme\/?page_id=2690"},"modified":"2024-03-26T14:54:40","modified_gmt":"2024-03-26T10:54:40","slug":"ulis","status":"publish","type":"page","link":"https:\/\/etab.ac-reunion.fr\/clg-12eme\/ulis\/","title":{"rendered":"ULIS"},"content":{"rendered":"<h1 style=\"text-align: center\"><span style=\"text-decoration: underline\"><span style=\"color: #333399;text-decoration: underline\">Unit\u00e9s localis\u00e9es pour l&rsquo;inclusion scolaire (ULIS) : dispositifs collectifs au sein du coll\u00e8ge du 12eme km<\/span><\/span><\/h1>\n<p>Les unit\u00e9s localis\u00e9es pour l&rsquo;inclusion scolaire sont des dispositifs qui permettent la scolarisation d&rsquo;\u00e9l\u00e8ves en situation de handicap, reconnus par la maison d\u00e9partementale des personnes handicap\u00e9es (MDPH), au sein des<img loading=\"lazy\" decoding=\"async\" class=\" wp-image-2693 alignright\" src=\"https:\/\/etab.ac-reunion.fr\/clg-12eme\/wp-content\/uploads\/sites\/6\/2024\/03\/pink-and-orange-motivation-slogan-instagram-post-1024x1024-1-300x300.png\" alt=\"\" width=\"410\" height=\"410\" srcset=\"https:\/\/etab.ac-reunion.fr\/clg-12eme\/wp-content\/uploads\/sites\/6\/2024\/03\/pink-and-orange-motivation-slogan-instagram-post-1024x1024-1-300x300.png 300w, https:\/\/etab.ac-reunion.fr\/clg-12eme\/wp-content\/uploads\/sites\/6\/2024\/03\/pink-and-orange-motivation-slogan-instagram-post-1024x1024-1-150x150.png 150w, https:\/\/etab.ac-reunion.fr\/clg-12eme\/wp-content\/uploads\/sites\/6\/2024\/03\/pink-and-orange-motivation-slogan-instagram-post-1024x1024-1-768x768.png 768w, https:\/\/etab.ac-reunion.fr\/clg-12eme\/wp-content\/uploads\/sites\/6\/2024\/03\/pink-and-orange-motivation-slogan-instagram-post-1024x1024-1-320x320.png 320w, https:\/\/etab.ac-reunion.fr\/clg-12eme\/wp-content\/uploads\/sites\/6\/2024\/03\/pink-and-orange-motivation-slogan-instagram-post-1024x1024-1.png 1024w\" sizes=\"auto, (max-width: 410px) 100vw, 410px\" \/> \u00e9coles et \u00e9tablissements scolaires ordinaires.<br \/>\nLes \u00e9l\u00e8ves, inscrits dans l&rsquo;\u00e9tablissement, suivent une scolarit\u00e9 en milieu ordinaire adapt\u00e9e \u00e0 leur besoins particuliers selon les recommandations de la commission des droits et de l&rsquo;autonomie des personnes handicap\u00e9es (CDAPH).<\/p>\n<p>Les \u00e9l\u00e8ves b\u00e9n\u00e9ficient d&rsquo;une scolarit\u00e9, d&rsquo;un accompagnement et d&rsquo;am\u00e9nagements organis\u00e9s selon les \u00e9l\u00e9ments inscrits au projet personnalis\u00e9 de scolarisation (PPS).<\/p>\n<p>Le plus souvent, les \u00e9l\u00e8ves affect\u00e9s dans une unit\u00e9 localis\u00e9e pour l&rsquo;inclusion scolaire (ULIS) du second degr\u00e9 sont issus des ULIS \u00e9coles. Une proc\u00e9dure d&rsquo;admission est toujours possible en cours de scolarit\u00e9 et d\u00e9bute par la r\u00e9union d&rsquo;une \u00e9quipe \u00e9ducative puis, le cas \u00e9ch\u00e9ant, par une r\u00e9union de l&rsquo;\u00e9quipe de suivi de scolarisation (ESS) au sein de l&rsquo;\u00e9tablissement d&rsquo;origine.<\/p>\n<p>L&rsquo;accueil et l&rsquo;accompagnement poursuivent trois objectifs :<\/p>\n<ul>\n<li>permettre la consolidation de l&rsquo;autonomie personnelle et sociale de l&rsquo;\u00e9l\u00e8ve ;<\/li>\n<li>d\u00e9velopper les apprentissages sociaux et scolaires, l&rsquo;acceptation des r\u00e8gles de vie en collectivit\u00e9 et l&rsquo;am\u00e9lioration des capacit\u00e9s de communication quels que soient les acquis, m\u00eame tr\u00e8s r\u00e9duits ;<\/li>\n<li>concr\u00e9tiser \u00e0 terme un projet d&rsquo;insertion professionnelle personnalis\u00e9.<\/li>\n<\/ul>\n<p>&nbsp;<\/p>\n<p><img loading=\"lazy\" decoding=\"async\" class=\"aligncenter wp-image-2694 size-full\" src=\"https:\/\/etab.ac-reunion.fr\/clg-12eme\/wp-content\/uploads\/sites\/6\/2024\/03\/ULIS.png\" alt=\"\" width=\"844\" height=\"1248\" srcset=\"https:\/\/etab.ac-reunion.fr\/clg-12eme\/wp-content\/uploads\/sites\/6\/2024\/03\/ULIS.png 844w, https:\/\/etab.ac-reunion.fr\/clg-12eme\/wp-content\/uploads\/sites\/6\/2024\/03\/ULIS-203x300.png 203w, https:\/\/etab.ac-reunion.fr\/clg-12eme\/wp-content\/uploads\/sites\/6\/2024\/03\/ULIS-693x1024.png 693w, https:\/\/etab.ac-reunion.fr\/clg-12eme\/wp-content\/uploads\/sites\/6\/2024\/03\/ULIS-768x1136.png 768w, https:\/\/etab.ac-reunion.fr\/clg-12eme\/wp-content\/uploads\/sites\/6\/2024\/03\/ULIS-216x320.png 216w\" sizes=\"auto, (max-width: 844px) 100vw, 844px\" \/><\/p>\n","protected":false},"excerpt":{"rendered":"<p>Unit\u00e9s localis\u00e9es pour l&rsquo;inclusion scolaire (ULIS) : dispositifs collectifs au sein du coll\u00e8ge du 12eme km Les unit\u00e9s localis\u00e9es pour l&rsquo;inclusion scolaire sont des dispositifs qui permettent la scolarisation d&rsquo;\u00e9l\u00e8ves en situation de handicap, reconnus par la maison d\u00e9partementale des personnes handicap\u00e9es (MDPH), au sein des \u00e9coles et \u00e9tablissements scolaires &hellip;<\/p>\n","protected":false},"author":33019,"featured_media":0,"parent":0,"menu_order":0,"comment_status":"closed","ping_status":"closed","template":"","meta":{"footnotes":"","_links_to":"","_links_to_target":""},"class_list":["post-2690","page","type-page","status-publish","hentry"],"_links":{"self":[{"href":"https:\/\/etab.ac-reunion.fr\/clg-12eme\/wp-json\/wp\/v2\/pages\/2690","targetHints":{"allow":["GET"]}}],"collection":[{"href":"https:\/\/etab.ac-reunion.fr\/clg-12eme\/wp-json\/wp\/v2\/pages"}],"about":[{"href":"https:\/\/etab.ac-reunion.fr\/clg-12eme\/wp-json\/wp\/v2\/types\/page"}],"author":[{"embeddable":true,"href":"https:\/\/etab.ac-reunion.fr\/clg-12eme\/wp-json\/wp\/v2\/users\/33019"}],"replies":[{"embeddable":true,"href":"https:\/\/etab.ac-reunion.fr\/clg-12eme\/wp-json\/wp\/v2\/comments?post=2690"}],"version-history":[{"count":4,"href":"https:\/\/etab.ac-reunion.fr\/clg-12eme\/wp-json\/wp\/v2\/pages\/2690\/revisions"}],"predecessor-version":[{"id":2696,"href":"https:\/\/etab.ac-reunion.fr\/clg-12eme\/wp-json\/wp\/v2\/pages\/2690\/revisions\/2696"}],"wp:attachment":[{"href":"https:\/\/etab.ac-reunion.fr\/clg-12eme\/wp-json\/wp\/v2\/media?parent=2690"}],"curies":[{"name":"wp","href":"https:\/\/api.w.org\/{rel}","templated":true}]}}