{"id":406,"date":"2013-08-06T20:30:33","date_gmt":"2013-08-06T16:30:33","guid":{"rendered":"http:\/\/college-12eme.ac-reunion.fr\/?page_id=406"},"modified":"2024-12-17T10:17:55","modified_gmt":"2024-12-17T06:17:55","slug":"le-service-vie-scolaire","status":"publish","type":"page","link":"https:\/\/etab.ac-reunion.fr\/clg-12eme\/le-service-vie-scolaire\/","title":{"rendered":"Le service Vie Scolaire"},"content":{"rendered":"<h1><span style=\"text-decoration: underline\"><span style=\"color: #0000ff;text-decoration: underline\">Missions des conseillers principaux d&rsquo;\u00e9ducation<\/span><\/span><\/h1>\n<p>Les missions g\u00e9n\u00e9rales des conseillers principaux d&rsquo;\u00e9ducation (CPE) sont d\u00e9finies \u00e0 l&rsquo;article 4 du d\u00e9cret n\u00b0 70-738 du 12 ao\u00fbt 1970 modifi\u00e9 relatif au statut particulier des conseillers principaux d&rsquo;\u00e9ducation : \u00ab Sous l&rsquo;autorit\u00e9 du chef d&rsquo;\u00e9tablissement et \u00e9ventuellement de son adjoint, les conseillers principaux d&rsquo;\u00e9ducation exercent leurs responsabilit\u00e9s \u00e9ducatives dans l&rsquo;organisation et l&rsquo;animation de la vie scolaire, organisent le service et contr\u00f4lent les activit\u00e9s des personnels charg\u00e9s des t\u00e2ches de surveillance. Ils sont associ\u00e9s aux personnels enseignants pour assurer le suivi individuel des \u00e9l\u00e8ves et proc\u00e9der \u00e0 leur \u00e9valuation. En collaboration avec les personnels enseignants et d&rsquo;orientation, ils contribuent \u00e0 conseiller les \u00e9l\u00e8ves dans le choix de leur projet d&rsquo;orientation. \u00bb<\/p>\n<p>La circulaire n\u00b0 82-482 du 28 octobre 1982 est abrog\u00e9e par la pr\u00e9sente circulaire qui actualise les missions des CPE au regard du r\u00e9f\u00e9rentiel de comp\u00e9tences du 1er juillet 2013 et de l&rsquo;\u00e9volution du fonctionnement des \u00e9tablissements publics locaux d&rsquo;enseignement.<\/p>\n<p>En leur qualit\u00e9 de personnels du service public d&rsquo;\u00e9ducation, les conseillers principaux d&rsquo;\u00e9ducation concourent \u00e0 la mission premi\u00e8re de l&rsquo;\u00c9cole qui est d&rsquo;instruire et d&rsquo;\u00e9duquer afin de conduire l&rsquo;ensemble des \u00e9l\u00e8ves \u00e0 la r\u00e9ussite scolaire et \u00e0 l&rsquo;insertion professionnelle et sociale et de leur faire partager les valeurs de la R\u00e9publique. L&rsquo;ensemble des responsabilit\u00e9s exerc\u00e9es par le CPE se situe dans le cadre g\u00e9n\u00e9ral de la \u00ab vie scolaire \u00bb qui peut se d\u00e9finir ainsi : placer les adolescents dans les meilleures conditions de vie individuelle et collective, de r\u00e9ussite scolaire et d&rsquo;\u00e9panouissement personnel.<\/p>\n<p>Fondant leur action sur la connaissance de la situation individuelle et collective des \u00e9l\u00e8ves, les CPE participent, au plus pr\u00e8s des r\u00e9alit\u00e9s scolaires et sociales de l&rsquo;\u00e9tablissement, \u00e0 la d\u00e9finition de la politique \u00e9ducative port\u00e9e par le projet d&rsquo;\u00e9tablissement. Comme tous les membres de la communaut\u00e9 \u00e9ducative, ils contribuent \u00e0 expliciter, faire comprendre et accepter les r\u00e8gles de vie et de droit en vigueur au sein de l&rsquo;\u00e9tablissement.<\/p>\n<p>Les CPE sont concepteurs de leur activit\u00e9 qui s&rsquo;exerce sous l&rsquo;autorit\u00e9 du chef d&rsquo;\u00e9tablissement en lien avec le projet d&rsquo;\u00e9tablissement. Leurs responsabilit\u00e9s se r\u00e9partissent dans trois domaines : la politique \u00e9ducative de l&rsquo;\u00e9tablissement, le suivi des \u00e9l\u00e8ves et l&rsquo;organisation de la vie scolaire.<\/p>\n<h2><span style=\"text-decoration: underline\"><span style=\"color: #339966;text-decoration: underline\">Nos CPE:<\/span><\/span><\/h2>\n<ul>\n<li>Mme LAURET<\/li>\n<li>Mr BABET<\/li>\n<\/ul>\n<p>&nbsp;<\/p>\n<h1><span style=\"text-decoration: underline\"><span style=\"color: #0000ff;text-decoration: underline\">Missions des assistants d&rsquo;\u00e9ducation<\/span><\/span><\/h1>\n<p>V\u00e9rifier le carnet de liaison \u00e0 la sortie des cours, assurer l\u2019ouverture des grilles du\u00a0<a href=\"https:\/\/www.letudiant.fr\/college.html\" target=\"_blank\" rel=\"noopener\">coll\u00e8ge<\/a>, accueillir des \u00e9l\u00e8ves en permanence, surveiller les r\u00e9cr\u00e9ations et la pause m\u00e9ridienne&#8230; Les missions d\u2019un assistant d\u2019\u00e9ducation contribuent au\u00a0<strong>bon d\u00e9roulement de la vie d\u2019un \u00e9tablissement scolaire<\/strong>.<\/p>\n<p>Dans le respect du\u00a0<strong>r\u00e8glement int\u00e9rieur<\/strong>\u00a0et sous l\u2019autorit\u00e9 du ou de la responsable de la vie scolaire (conseiller principal d\u2019\u00e9ducation), l\u2019assistant d\u2019\u00e9ducation est \u00e0 l\u2019\u00e9coute des jeunes et de l\u2019\u00e9quipe \u00e9ducative. En tant qu\u2019assistant scolaire, il peut aider \u00e0 la mise en place et \u00e0 l&rsquo;animation de s\u00e9ances de travail et d&rsquo;activit\u00e9s p\u00e9dagogiques en concertation avec des enseignants. Il est un soutien pr\u00e9cieux pour les \u00e9l\u00e8ves dans l\u2019<strong>aide aux devoirs\u00a0<\/strong>durant les heures de permanence, par exemple.<\/p>\n","protected":false},"excerpt":{"rendered":"<p>Missions des conseillers principaux d&rsquo;\u00e9ducation Les missions g\u00e9n\u00e9rales des conseillers principaux d&rsquo;\u00e9ducation (CPE) sont d\u00e9finies \u00e0 l&rsquo;article 4 du d\u00e9cret n\u00b0 70-738 du 12 ao\u00fbt 1970 modifi\u00e9 relatif au statut particulier des conseillers principaux d&rsquo;\u00e9ducation : \u00ab Sous l&rsquo;autorit\u00e9 du chef d&rsquo;\u00e9tablissement et \u00e9ventuellement de son adjoint, les conseillers principaux &hellip;<\/p>\n","protected":false},"author":28,"featured_media":0,"parent":0,"menu_order":0,"comment_status":"closed","ping_status":"closed","template":"","meta":{"footnotes":"","_links_to":"","_links_to_target":""},"class_list":["post-406","page","type-page","status-publish","hentry"],"_links":{"self":[{"href":"https:\/\/etab.ac-reunion.fr\/clg-12eme\/wp-json\/wp\/v2\/pages\/406","targetHints":{"allow":["GET"]}}],"collection":[{"href":"https:\/\/etab.ac-reunion.fr\/clg-12eme\/wp-json\/wp\/v2\/pages"}],"about":[{"href":"https:\/\/etab.ac-reunion.fr\/clg-12eme\/wp-json\/wp\/v2\/types\/page"}],"author":[{"embeddable":true,"href":"https:\/\/etab.ac-reunion.fr\/clg-12eme\/wp-json\/wp\/v2\/users\/28"}],"replies":[{"embeddable":true,"href":"https:\/\/etab.ac-reunion.fr\/clg-12eme\/wp-json\/wp\/v2\/comments?post=406"}],"version-history":[{"count":5,"href":"https:\/\/etab.ac-reunion.fr\/clg-12eme\/wp-json\/wp\/v2\/pages\/406\/revisions"}],"predecessor-version":[{"id":3497,"href":"https:\/\/etab.ac-reunion.fr\/clg-12eme\/wp-json\/wp\/v2\/pages\/406\/revisions\/3497"}],"wp:attachment":[{"href":"https:\/\/etab.ac-reunion.fr\/clg-12eme\/wp-json\/wp\/v2\/media?parent=406"}],"curies":[{"name":"wp","href":"https:\/\/api.w.org\/{rel}","templated":true}]}}