{"id":409,"date":"2013-08-06T20:31:43","date_gmt":"2013-08-06T16:31:43","guid":{"rendered":"http:\/\/college-12eme.ac-reunion.fr\/?page_id=409"},"modified":"2024-04-25T14:49:42","modified_gmt":"2024-04-25T10:49:42","slug":"assistante-sociale-scolaire","status":"publish","type":"page","link":"https:\/\/etab.ac-reunion.fr\/clg-12eme\/assistante-sociale-scolaire\/","title":{"rendered":"Assistante Sociale Scolaire : Missions, jours et horaires"},"content":{"rendered":"<p>L\u2019ASSISTANTE SOCIALE<\/p>\n<p>Pour cette ann\u00e9e scolaire 2021-2022, l&rsquo;assistante sociale, Mme ABDOU, est pr\u00e9sente au coll\u00e8ge du 12\u00e8me :<\/p>\n<ul>\n<li>le lundi de 8h30 \u00e0 15h30<\/li>\n<li>le jeudi de 8h30 \u00e0 15h30<\/li>\n<\/ul>\n<p><span style=\"color: #000080\">N&rsquo;h\u00e9sitez pas \u00e0 laisser votre num\u00e9ro de t\u00e9l\u00e9phone dans le cahier qui se trouve \u00e0 la vie scolaire.<\/span><\/p>\n<p>LES MISSIONS DE L\u2019ASSISTANTE SOCIALE SCOLAIRE<\/p>\n<p>Ses missions consistent \u00e0 :<\/p>\n<ul>\n<li>aider l\u2019\u00e9l\u00e8ve \u00e0 construire son projet personnel et professionnel<\/li>\n<li>participer \u00e0 la pr\u00e9vention et \u00e0 la protection des mineurs en danger<\/li>\n<li>contribuer \u00e0 la lutte contre l\u2019absent\u00e9isme et l\u2019exclusion scolaire<\/li>\n<li>participer \u00e0 l\u2019int\u00e9gration et au suivi des \u00e9l\u00e8ves en difficult\u00e9s et\/ou handicap\u00e9s<\/li>\n<\/ul>\n<p>FONDS SOCIAL COLL\u00c9GIEN\/FONDS SOCIAL CANTINE<\/p>\n<p>Les fonds sociaux s\u2019adressent aux familles qui rencontrent des difficult\u00e9s financi\u00e8res concernant les d\u00e9penses li\u00e9es \u00e0 la scolarit\u00e9 de leur enfant (demi-pension, manuels scolaires, effets scolaires, \u00e9quipements, voyage scolaires etc.). La demande de fonds social est instruite lors d\u2019une rencontre entre les parents et l\u2019Assistante Sociale.<\/p>\n<p>&nbsp;<\/p>\n<p>&nbsp;<\/p>\n","protected":false},"excerpt":{"rendered":"<p>L\u2019ASSISTANTE SOCIALE Pour cette ann\u00e9e scolaire 2021-2022, l&rsquo;assistante sociale, Mme ABDOU, est pr\u00e9sente au coll\u00e8ge du 12\u00e8me : le lundi de 8h30 \u00e0 15h30 le jeudi de 8h30 \u00e0 15h30 N&rsquo;h\u00e9sitez pas \u00e0 laisser votre num\u00e9ro de t\u00e9l\u00e9phone dans le cahier qui se trouve \u00e0 la vie scolaire. LES MISSIONS &hellip;<\/p>\n","protected":false},"author":28,"featured_media":0,"parent":0,"menu_order":0,"comment_status":"closed","ping_status":"closed","template":"","meta":{"footnotes":"","_links_to":"","_links_to_target":""},"class_list":["post-409","page","type-page","status-publish","hentry"],"_links":{"self":[{"href":"https:\/\/etab.ac-reunion.fr\/clg-12eme\/wp-json\/wp\/v2\/pages\/409","targetHints":{"allow":["GET"]}}],"collection":[{"href":"https:\/\/etab.ac-reunion.fr\/clg-12eme\/wp-json\/wp\/v2\/pages"}],"about":[{"href":"https:\/\/etab.ac-reunion.fr\/clg-12eme\/wp-json\/wp\/v2\/types\/page"}],"author":[{"embeddable":true,"href":"https:\/\/etab.ac-reunion.fr\/clg-12eme\/wp-json\/wp\/v2\/users\/28"}],"replies":[{"embeddable":true,"href":"https:\/\/etab.ac-reunion.fr\/clg-12eme\/wp-json\/wp\/v2\/comments?post=409"}],"version-history":[{"count":11,"href":"https:\/\/etab.ac-reunion.fr\/clg-12eme\/wp-json\/wp\/v2\/pages\/409\/revisions"}],"predecessor-version":[{"id":3024,"href":"https:\/\/etab.ac-reunion.fr\/clg-12eme\/wp-json\/wp\/v2\/pages\/409\/revisions\/3024"}],"wp:attachment":[{"href":"https:\/\/etab.ac-reunion.fr\/clg-12eme\/wp-json\/wp\/v2\/media?parent=409"}],"curies":[{"name":"wp","href":"https:\/\/api.w.org\/{rel}","templated":true}]}}