{"id":414,"date":"2013-08-06T20:35:28","date_gmt":"2013-08-06T16:35:28","guid":{"rendered":"http:\/\/college-12eme.ac-reunion.fr\/?page_id=414"},"modified":"2025-11-07T10:34:48","modified_gmt":"2025-11-07T06:34:48","slug":"calendrier-scolaire","status":"publish","type":"page","link":"https:\/\/etab.ac-reunion.fr\/clg-12eme\/calendrier-scolaire\/","title":{"rendered":"Calendrier scolaire"},"content":{"rendered":"<h1 id=\"summary-item-0\" style=\"text-align: center\"><span style=\"color: #3366ff\">Ann\u00e9e scolaire 2025-2026<\/span><\/h1>\n\n<table id=\"tablepress-9\" class=\"tablepress tablepress-id-9\">\n<tbody class=\"row-striping row-hover\">\n<tr class=\"row-1\">\n\t<td class=\"column-1\">Rentr\u00e9e des enseignants<\/td><td class=\"column-2\">Lundi 18 ao\u00fbt 2025<\/td>\n<\/tr>\n<tr class=\"row-2\">\n\t<td class=\"column-1\">Rentr\u00e9e des \u00e9l\u00e8ves<\/td><td class=\"column-2\">Mardi 19 ao\u00fbt 2025<\/td>\n<\/tr>\n<tr class=\"row-3\">\n\t<td class=\"column-1\">Vacances apr\u00e8s 1\u00e8re\u00a0p\u00e9riode<\/td><td class=\"column-2\">Samedi 11 octobre 2025 au lundi 27 octobre 2025<\/td>\n<\/tr>\n<tr class=\"row-4\">\n\t<td class=\"column-1\">Vacances \u00e9t\u00e9 austral<\/td><td class=\"column-2\">Vendredi 19 d\u00e9cembre 2025 au mercredi 21 janvier 2026<\/td>\n<\/tr>\n<tr class=\"row-5\">\n\t<td class=\"column-1\">Vacances apr\u00e8s 3e\u00a0p\u00e9riode<\/td><td class=\"column-2\">Samedi 28 f\u00e9vrier 2026 au lundi 16 mars 2026<\/td>\n<\/tr>\n<tr class=\"row-6\">\n\t<td class=\"column-1\">Vacances apr\u00e8s 4e\u00a0p\u00e9riode<\/td><td class=\"column-2\">Samedi 02 mai 2026 au lundi 18 mai 2026<\/td>\n<\/tr>\n<tr class=\"row-7\">\n\t<td class=\"column-1\">Vacances d'hiver austral<\/td><td class=\"column-2\">Samedi 04 juillet 2026 au  18 ao\u00fbt 2026<\/td>\n<\/tr>\n<\/tbody>\n<\/table>\n<!-- #tablepress-9 from cache -->\n<p>&nbsp;<\/p>\n<p>&nbsp;<\/p>\n","protected":false},"excerpt":{"rendered":"<p>Ann\u00e9e scolaire 2025-2026 &nbsp; &nbsp;<\/p>\n","protected":false},"author":28,"featured_media":0,"parent":0,"menu_order":0,"comment_status":"closed","ping_status":"closed","template":"","meta":{"footnotes":"","_links_to":"","_links_to_target":""},"class_list":["post-414","page","type-page","status-publish","hentry"],"_links":{"self":[{"href":"https:\/\/etab.ac-reunion.fr\/clg-12eme\/wp-json\/wp\/v2\/pages\/414","targetHints":{"allow":["GET"]}}],"collection":[{"href":"https:\/\/etab.ac-reunion.fr\/clg-12eme\/wp-json\/wp\/v2\/pages"}],"about":[{"href":"https:\/\/etab.ac-reunion.fr\/clg-12eme\/wp-json\/wp\/v2\/types\/page"}],"author":[{"embeddable":true,"href":"https:\/\/etab.ac-reunion.fr\/clg-12eme\/wp-json\/wp\/v2\/users\/28"}],"replies":[{"embeddable":true,"href":"https:\/\/etab.ac-reunion.fr\/clg-12eme\/wp-json\/wp\/v2\/comments?post=414"}],"version-history":[{"count":14,"href":"https:\/\/etab.ac-reunion.fr\/clg-12eme\/wp-json\/wp\/v2\/pages\/414\/revisions"}],"predecessor-version":[{"id":3756,"href":"https:\/\/etab.ac-reunion.fr\/clg-12eme\/wp-json\/wp\/v2\/pages\/414\/revisions\/3756"}],"wp:attachment":[{"href":"https:\/\/etab.ac-reunion.fr\/clg-12eme\/wp-json\/wp\/v2\/media?parent=414"}],"curies":[{"name":"wp","href":"https:\/\/api.w.org\/{rel}","templated":true}]}}