{"id":466,"date":"2013-11-04T22:08:47","date_gmt":"2013-11-04T18:08:47","guid":{"rendered":"http:\/\/college-12eme.ac-reunion.fr\/?page_id=466"},"modified":"2023-11-16T14:20:07","modified_gmt":"2023-11-16T10:20:07","slug":"linfirmerie","status":"publish","type":"page","link":"https:\/\/etab.ac-reunion.fr\/clg-12eme\/linfirmerie\/","title":{"rendered":"L&rsquo;infirmerie"},"content":{"rendered":"<p>La sant\u00e9 est un \u00e9tat de bien-\u00eatre physique, social et mental. L\u2019infirmi\u00e8re d\u2019un \u00e9tablissement scolaire en est la r\u00e9f\u00e9rente, tant dans le domaine individuel (afin que chaque \u00e9l\u00e8ve puisse r\u00e9ussir) que dans le domaine collectif.<\/p>\n<p>Les secteurs o\u00f9 elle intervient sont :<\/p>\n<p>&#8211;\u00a0\u00a0\u00a0\u00a0\u00a0\u00a0\u00a0\u00a0 L\u2019accueil et l\u2019accompagnement des \u00e9l\u00e8ves tout au long de leur scolarit\u00e9<\/p>\n<p>&#8211;\u00a0\u00a0\u00a0\u00a0\u00a0\u00a0\u00a0\u00a0 Le conseil aupr\u00e8s des chefs d\u2019\u00e9tablissement en mati\u00e8re de pr\u00e9vention, d\u2019hygi\u00e8ne et s\u00e9curit\u00e9, d\u2019organisation des urgences et des soins<\/p>\n<p>&#8211;\u00a0\u00a0\u00a0\u00a0\u00a0\u00a0\u00a0\u00a0 Le d\u00e9veloppement d\u2019une dynamique d\u2019\u00e9ducation \u00e0 la sant\u00e9<\/p>\n<p>&#8211;\u00a0\u00a0\u00a0\u00a0\u00a0\u00a0\u00a0\u00a0 Le partenariat avec l\u2019\u00e9quipe \u00e9ducative, p\u00e9dagogique, sociale et m\u00e9dico-scolaire de l\u2019\u00e9tablissement et les personnes ressources de l\u2019ext\u00e9rieur<\/p>\n<p>&#8211;\u00a0\u00a0\u00a0\u00a0\u00a0\u00a0\u00a0\u00a0 L\u2019aide aux familles dans le soutien \u00e0 la parentalit\u00e9<\/p>\n<p>&#8211;\u00a0\u00a0\u00a0\u00a0\u00a0\u00a0\u00a0\u00a0 La mise en \u0153uvre des mesures n\u00e9cessaires \u00e0 la protection d\u2019enfants ou d\u2019adolescents en danger<\/p>\n<p>&nbsp;<\/p>\n<p>L\u2019infirmerie du coll\u00e8ge se situe \u00e0 c\u00f4t\u00e9 du service de vie scolaire .<\/p>\n<p><strong>Horaires d\u2019ouverture :<\/strong><\/p>\n\n<table id=\"tablepress-3\" class=\"tablepress tablepress-id-3\">\n<thead>\n<tr class=\"row-1\">\n\t<th class=\"column-1\">Lundi<\/th><th class=\"column-2\">7h - 16h30<\/th>\n<\/tr>\n<\/thead>\n<tbody class=\"row-striping row-hover\">\n<tr class=\"row-2\">\n\t<td class=\"column-1\">Mercredi<\/td><td class=\"column-2\">7h - 11h45<\/td>\n<\/tr>\n<tr class=\"row-3\">\n\t<td class=\"column-1\">Jeudi<\/td><td class=\"column-2\">7h - 16h<\/td>\n<\/tr>\n<\/tbody>\n<\/table>\n<!-- #tablepress-3 from cache -->\n<p>Les passages \u00e0 l\u2019infirmerie doivent s\u2019effectuer <strong>aux intercours et aux r\u00e9cr\u00e9ations<\/strong>. En cas d\u2019urgence seulement, l\u2019\u00e9l\u00e8ve est autoris\u00e9 \u00e0 quitter le cours, accompagn\u00e9 par un autre \u00e9l\u00e8ve, pour se rendre \u00e0 l\u2019infirmerie.<\/p>\n<p><u>Pendant les cours, l\u2019infirmi\u00e8re effectue d\u2019autres t\u00e2ches<\/u>\u00a0:<\/p>\n<ul>\n<li>d\u00e9pistages infirmier des \u00e9l\u00e8ves de 6<sup>\u00e8me<\/sup>,\u00a0suivi des \u00e9l\u00e8ves de la 6<sup>\u00e8me<\/sup> \u00e0 la 3<sup>\u00e8me<\/sup> selon son r\u00f4le propre<\/li>\n<li>\u00e9coute et relation d\u2019aide (l\u2019infirmi\u00e8re est soumise au secret professionnel)<\/li>\n<li>suivi d\u2019\u00e9l\u00e8ves \u00e0 la demande de l\u2019\u00e9quipe \u00e9ducative<\/li>\n<li>participe \u00e0 des actions d\u2019\u00e9ducation \u00e0 la sant\u00e9<\/li>\n<li>temps d\u2019\u00e9changes et de r\u00e9unions<\/li>\n<li>accueil des familles <strong>sur rendez vous<\/strong><\/li>\n<li>et depuis la crise sanitaire, nombreuses t\u00e2ches en tant que r\u00e9f\u00e9rent COVID<\/li>\n<\/ul>\n<p><u>En dehors des jours et des horaires d\u2019ouverture de l\u2019infirmerie<\/u>, les \u00e9l\u00e8ves sont pris en charge par les personnels de la vie scolaire. Ils pr\u00e9viendront la famille et\/ou le 15 en fonction de la situation. <strong>Un protocole d\u2019urgence a \u00e9t\u00e9 mis en place et port\u00e9 \u00e0 la connaissance de l\u2019ensemble des personnels du coll\u00e8ge.<\/strong><\/p>\n<p><u>L\u2019\u00e9l\u00e8ve malade \u00e0 la maison doit pr\u00e9venir ses parents avant de partir au coll\u00e8ge<\/u>. Si les parents d\u00e9cident malgr\u00e9 tout de l\u2019envoyer \u00e0 l\u2019\u00e9cole, ils doivent le signaler sur le carnet de correspondance et noter le num\u00e9ro de t\u00e9l\u00e9phone <strong>o\u00f9 ils resteront joignables.<\/strong><\/p>\n<p><u>L\u2019\u00e9l\u00e8ve n\u2019est pas autoris\u00e9 \u00e0 avoir de m\u00e9dicament sur lui<\/u> en dehors du traitement contre l\u2019asthme (document autogestion asthme \u00e0 faire compl\u00e9ter par le m\u00e9decin).<\/p>\n<p>S\u2019il souffre d\u2019une pathologie chronique ou d\u2019une allergie s\u00e9v\u00e8re il peut b\u00e9n\u00e9ficier d\u2019un Protocole d\u2019Accueil Individualis\u00e9 (circulaire du BO du 4 mars 2021\/ se rapprocher de l\u2019infirmi\u00e8re ou du m\u00e9decin scolaire).<\/p>\n<p><strong><u>Contacts<\/u><\/strong><\/p>\n<p>L\u2019infirmi\u00e8re est joignable\u00a0:<\/p>\n<ul>\n<li>le lundi, mercredi et jeudi par t\u00e9l\u00e9phone au 02 62 34 57 93 (ligne directe)<\/li>\n<li>par messagerie Pronote ou par courriel : <a href=\"mailto:valerie.preaudeau@ac-reunion.fr\">annie-claude.velia@ac-reunion.fr<\/a><\/li>\n<\/ul>\n<p>Le m\u00e9decin scolaire est joignable au Centre M\u00e9dico Scolaire au\u00a0 02 62 57 98 08<\/p>\n<p>&nbsp;<\/p>\n<p style=\"text-align: center\">Mme VELIA<\/p>\n<p style=\"text-align: center\">Infirmi\u00e8re du coll\u00e8ge du 12eme Km.<\/p>\n","protected":false},"excerpt":{"rendered":"<p>La sant\u00e9 est un \u00e9tat de bien-\u00eatre physique, social et mental. L\u2019infirmi\u00e8re d\u2019un \u00e9tablissement scolaire en est la r\u00e9f\u00e9rente, tant dans le domaine individuel (afin que chaque \u00e9l\u00e8ve puisse r\u00e9ussir) que dans le domaine collectif. Les secteurs o\u00f9 elle intervient sont : &#8211;\u00a0\u00a0\u00a0\u00a0\u00a0\u00a0\u00a0\u00a0 L\u2019accueil et l\u2019accompagnement des \u00e9l\u00e8ves tout au &hellip;<\/p>\n","protected":false},"author":30,"featured_media":0,"parent":0,"menu_order":0,"comment_status":"closed","ping_status":"closed","template":"","meta":{"footnotes":"","_links_to":"","_links_to_target":""},"class_list":["post-466","page","type-page","status-publish","hentry"],"_links":{"self":[{"href":"https:\/\/etab.ac-reunion.fr\/clg-12eme\/wp-json\/wp\/v2\/pages\/466","targetHints":{"allow":["GET"]}}],"collection":[{"href":"https:\/\/etab.ac-reunion.fr\/clg-12eme\/wp-json\/wp\/v2\/pages"}],"about":[{"href":"https:\/\/etab.ac-reunion.fr\/clg-12eme\/wp-json\/wp\/v2\/types\/page"}],"author":[{"embeddable":true,"href":"https:\/\/etab.ac-reunion.fr\/clg-12eme\/wp-json\/wp\/v2\/users\/30"}],"replies":[{"embeddable":true,"href":"https:\/\/etab.ac-reunion.fr\/clg-12eme\/wp-json\/wp\/v2\/comments?post=466"}],"version-history":[{"count":12,"href":"https:\/\/etab.ac-reunion.fr\/clg-12eme\/wp-json\/wp\/v2\/pages\/466\/revisions"}],"predecessor-version":[{"id":2479,"href":"https:\/\/etab.ac-reunion.fr\/clg-12eme\/wp-json\/wp\/v2\/pages\/466\/revisions\/2479"}],"wp:attachment":[{"href":"https:\/\/etab.ac-reunion.fr\/clg-12eme\/wp-json\/wp\/v2\/media?parent=466"}],"curies":[{"name":"wp","href":"https:\/\/api.w.org\/{rel}","templated":true}]}}