{"id":137,"date":"2015-03-27T11:26:22","date_gmt":"2015-03-27T10:26:22","guid":{"rendered":"http:\/\/college-14e.ac-reunion.fr\/?page_id=137"},"modified":"2026-02-27T08:06:26","modified_gmt":"2026-02-27T07:06:26","slug":"ladministration","status":"publish","type":"page","link":"https:\/\/etab.ac-reunion.fr\/clg-14eme\/ladministration\/","title":{"rendered":"L&rsquo;administration"},"content":{"rendered":"<h2><span style=\"color: #cc99ff\">Une \u00e9quipe au service des \u00e9l\u00e8ves<\/span><\/h2>\n<p><strong><span style=\"color: #ff0000\">L&rsquo;administration :<\/span><\/strong><\/p>\n<p><span style=\"color: #0000ff\"><em>Le Principal : <\/em><\/span><strong>M. COMBES<\/strong><\/p>\n<p><span style=\"color: #0000ff\"><em>Le Principal adjoint : <\/em><\/span><strong>M. FOURMONT<\/strong><\/p>\n<p><span style=\"color: #0000ff\"><em>Le Gestionnaire :<\/em> <\/span><strong>Mme THERMIDOR PAYET<br \/>\n<\/strong><\/p>\n<p><em><span style=\"color: #0000ff\">La Secr\u00e9taire de gestion :<\/span><\/em> <strong>Mme HOREAU et Mme SERVEAUX<\/strong><\/p>\n<p><span style=\"color: #0000ff\"><em>Les Secr\u00e9taires de direction :<\/em><\/span> <strong>Mme IDMONT , Mme GUETIENNE et M. FILAIN<\/strong><br \/>\nLe personnel de direction a la responsabilit\u00e9 de l\u2019\u00c9tablissement : S\u00e9curit\u00e9, organisation g\u00e9n\u00e9rale, respect des programmes nationaux. Il est en relation avec tous les partenaires \u00e9ducatifs, les collectivit\u00e9s de tutelle, les autorit\u00e9s hi\u00e9rarchiques.<\/p>\n<p><strong><span style=\"color: #ff0000\">Le service de la Vie Scolaire :<\/span><\/strong><\/p>\n<p>Sous la direction des C.P.E<\/p>\n<p><strong>Mme BENARD, Mme COLLY et Mme AH-AOUN<\/strong><br \/>\navec l&rsquo;appui des assistants d&rsquo;\u00e9ducation, ils assurent le suivi des absences et la s\u00e9curit\u00e9 des \u00e9l\u00e8ves en dehors des cours notamment pendant la demi-pension et les r\u00e9cr\u00e9ations.<\/p>\n<p>Ils g\u00e8rent \u00e9galement les probl\u00e8mes de discipline en relation avec le personnel de direction et les \u00e9quipes p\u00e9dagogiques.<\/p>\n<p><span style=\"color: #0000ff\">Le personnel de service :<\/span><br \/>\nCompos\u00e9 de 10 agents titulaires, il assure le service de la demi-pension et l&rsquo;entretien des locaux et les espaces verts sous la responsabilit\u00e9 du gestionnaire.<\/p>\n<p><span style=\"color: #0000ff\">RRUPN :<\/span><\/p>\n<p><span style=\"color: #0000ff\">Webmestre :<\/span> <strong>M. HOAREAU<\/strong><\/p>\n<p><span style=\"color: #0000ff\">La Responsable r\u00e9seau\/ informatique :<\/span> <strong>Mme LEBAS<\/strong><\/p>\n","protected":false},"excerpt":{"rendered":"<p>Une \u00e9quipe au service des \u00e9l\u00e8ves L&rsquo;administration : Le Principal : M. COMBES Le Principal adjoint : M. FOURMONT Le Gestionnaire : Mme THERMIDOR PAYET La Secr\u00e9taire de gestion : Mme HOREAU et Mme SERVEAUX Les Secr\u00e9taires de direction : Mme IDMONT , Mme GUETIENNE et M. FILAIN Le personnel de direction a la responsabilit\u00e9 [&hellip;]<\/p>\n","protected":false},"author":3664,"featured_media":0,"parent":0,"menu_order":0,"comment_status":"closed","ping_status":"closed","template":"","meta":{"footnotes":""},"class_list":["post-137","page","type-page","status-publish","hentry"],"_links":{"self":[{"href":"https:\/\/etab.ac-reunion.fr\/clg-14eme\/wp-json\/wp\/v2\/pages\/137","targetHints":{"allow":["GET"]}}],"collection":[{"href":"https:\/\/etab.ac-reunion.fr\/clg-14eme\/wp-json\/wp\/v2\/pages"}],"about":[{"href":"https:\/\/etab.ac-reunion.fr\/clg-14eme\/wp-json\/wp\/v2\/types\/page"}],"author":[{"embeddable":true,"href":"https:\/\/etab.ac-reunion.fr\/clg-14eme\/wp-json\/wp\/v2\/users\/3664"}],"replies":[{"embeddable":true,"href":"https:\/\/etab.ac-reunion.fr\/clg-14eme\/wp-json\/wp\/v2\/comments?post=137"}],"version-history":[{"count":21,"href":"https:\/\/etab.ac-reunion.fr\/clg-14eme\/wp-json\/wp\/v2\/pages\/137\/revisions"}],"predecessor-version":[{"id":7145,"href":"https:\/\/etab.ac-reunion.fr\/clg-14eme\/wp-json\/wp\/v2\/pages\/137\/revisions\/7145"}],"wp:attachment":[{"href":"https:\/\/etab.ac-reunion.fr\/clg-14eme\/wp-json\/wp\/v2\/media?parent=137"}],"curies":[{"name":"wp","href":"https:\/\/api.w.org\/{rel}","templated":true}]}}