{"id":139,"date":"2015-03-27T11:27:03","date_gmt":"2015-03-27T10:27:03","guid":{"rendered":"http:\/\/college-14e.ac-reunion.fr\/?page_id=139"},"modified":"2019-08-18T07:16:51","modified_gmt":"2019-08-18T06:16:51","slug":"horaires","status":"publish","type":"page","link":"https:\/\/etab.ac-reunion.fr\/clg-14eme\/horaires\/","title":{"rendered":"Horaires"},"content":{"rendered":"<p align=\"center\"><strong><em>D\u00c9ROULEMENT DE LA JOURN\u00c9E \/ SONNERIES<\/em><\/strong><\/p>\n<p><strong><em>LUNDI \u2013 MARDI &#8211; JEUDI &#8211; VENDREDI<\/em><\/strong><\/p>\n<ul>\n<li>7H00 Ouverture portail<\/li>\n<li>7H28 Mise en rang \/ prise en charge des \u00e9l\u00e8ves<\/li>\n<li><strong>7H30 D\u00e9but effectif des cours du matin<\/strong><\/li>\n<\/ul>\n<table border=\"1\" cellspacing=\"0\" cellpadding=\"0\">\n<tbody>\n<tr>\n<td valign=\"top\" width=\"116\"><strong>M1<\/strong><\/td>\n<td valign=\"top\" width=\"151\"><strong>7H30 \/ 8H25<\/strong><\/td>\n<\/tr>\n<tr>\n<td valign=\"top\" width=\"116\"><strong>M2<\/strong><\/td>\n<td valign=\"top\" width=\"151\"><strong>8H29 \/9H24<\/strong><\/td>\n<\/tr>\n<\/tbody>\n<\/table>\n<p><strong>\u00a0<\/strong><\/p>\n<ul>\n<li><strong>9H24- 9H40 R\u00e9cr\u00e9ation<\/strong><\/li>\n<li><strong>9h40 <\/strong>Mise en rang \/ prise en charge des \u00e9l\u00e8ves<\/li>\n<\/ul>\n<table border=\"1\" cellspacing=\"0\" cellpadding=\"0\">\n<tbody>\n<tr>\n<td valign=\"top\" width=\"116\"><strong>M3<\/strong><\/td>\n<td valign=\"top\" width=\"151\"><strong>9H42 \/ 10H37<\/strong><\/td>\n<\/tr>\n<tr>\n<td valign=\"top\" width=\"116\"><strong>M4<\/strong><\/td>\n<td valign=\"top\" width=\"151\"><strong>10H41 \/ 11H36<\/strong><\/td>\n<\/tr>\n<tr>\n<td valign=\"top\" width=\"116\"><strong>M4 bis<\/strong><\/td>\n<td valign=\"top\" width=\"151\"><strong>10H41 \/ 12H05<\/strong><\/td>\n<\/tr>\n<tr>\n<td valign=\"top\" width=\"116\"><\/td>\n<td valign=\"top\" width=\"151\"><\/td>\n<\/tr>\n<\/tbody>\n<\/table>\n<p><strong>\u00a0<\/strong><\/p>\n<p><strong>Service de demi-pension de 11H36 \u00e0 13H en continu, fin \u00e0 13h28<\/strong><\/p>\n<ul>\n<li>13H00 Ouverture du portail<\/li>\n<li>13H28 Mise en rang \/ prise en charge des \u00e9l\u00e8ves<\/li>\n<li><strong>13H30 D\u00e9but effectif des cours de l\u2019apr\u00e8s-midi<\/strong><\/li>\n<\/ul>\n<table border=\"1\" cellspacing=\"0\" cellpadding=\"0\">\n<tbody>\n<tr>\n<td valign=\"top\" width=\"116\"><strong>S1<\/strong><\/td>\n<td valign=\"top\" width=\"151\"><strong>13H30 \/ 14H25<\/strong><\/td>\n<\/tr>\n<tr>\n<td valign=\"top\" width=\"116\"><strong>S2<\/strong><\/td>\n<td valign=\"top\" width=\"151\"><strong>14H29 \/15H24<\/strong><\/td>\n<\/tr>\n<\/tbody>\n<\/table>\n<p><strong>\u00a0<\/strong><\/p>\n<ul>\n<li>15H24-15H35 <strong>R\u00e9cr\u00e9ation<\/strong><\/li>\n<li>15H35 Mise en rang \/ prise en charge des \u00e9l\u00e8ves<\/li>\n<\/ul>\n<table border=\"1\" cellspacing=\"0\" cellpadding=\"0\">\n<tbody>\n<tr>\n<td valign=\"top\" width=\"116\"><strong>S3<\/strong><\/td>\n<td valign=\"top\" width=\"151\"><strong>15H35 \/16H30<\/strong><\/td>\n<\/tr>\n<\/tbody>\n<\/table>\n<p><strong>\u00a0<\/strong><\/p>\n<ul>\n<li><strong>16H30 Sonnerie de fin d\u2019 apr\u00e8s midi<\/strong><\/li>\n<\/ul>\n<p><strong>NB : Les horaires du mercredi matin sont les m\u00eames que les autres jours<\/strong><\/p>\n","protected":false},"excerpt":{"rendered":"<p>D\u00c9ROULEMENT DE LA JOURN\u00c9E \/ SONNERIES LUNDI \u2013 MARDI &#8211; JEUDI &#8211; VENDREDI 7H00 Ouverture portail 7H28 Mise en rang \/ prise en charge des \u00e9l\u00e8ves 7H30 D\u00e9but effectif des cours du matin M1 7H30 \/ 8H25 M2 8H29 \/9H24 \u00a0 9H24- 9H40 R\u00e9cr\u00e9ation 9h40 Mise en rang \/ prise en charge des \u00e9l\u00e8ves M3 [&hellip;]<\/p>\n","protected":false},"author":3664,"featured_media":0,"parent":0,"menu_order":0,"comment_status":"closed","ping_status":"closed","template":"","meta":{"footnotes":""},"class_list":["post-139","page","type-page","status-publish","hentry"],"_links":{"self":[{"href":"https:\/\/etab.ac-reunion.fr\/clg-14eme\/wp-json\/wp\/v2\/pages\/139","targetHints":{"allow":["GET"]}}],"collection":[{"href":"https:\/\/etab.ac-reunion.fr\/clg-14eme\/wp-json\/wp\/v2\/pages"}],"about":[{"href":"https:\/\/etab.ac-reunion.fr\/clg-14eme\/wp-json\/wp\/v2\/types\/page"}],"author":[{"embeddable":true,"href":"https:\/\/etab.ac-reunion.fr\/clg-14eme\/wp-json\/wp\/v2\/users\/3664"}],"replies":[{"embeddable":true,"href":"https:\/\/etab.ac-reunion.fr\/clg-14eme\/wp-json\/wp\/v2\/comments?post=139"}],"version-history":[{"count":3,"href":"https:\/\/etab.ac-reunion.fr\/clg-14eme\/wp-json\/wp\/v2\/pages\/139\/revisions"}],"predecessor-version":[{"id":4023,"href":"https:\/\/etab.ac-reunion.fr\/clg-14eme\/wp-json\/wp\/v2\/pages\/139\/revisions\/4023"}],"wp:attachment":[{"href":"https:\/\/etab.ac-reunion.fr\/clg-14eme\/wp-json\/wp\/v2\/media?parent=139"}],"curies":[{"name":"wp","href":"https:\/\/api.w.org\/{rel}","templated":true}]}}