{"id":141,"date":"2015-03-27T11:27:40","date_gmt":"2015-03-27T10:27:40","guid":{"rendered":"http:\/\/college-14e.ac-reunion.fr\/?page_id=141"},"modified":"2015-04-03T13:07:03","modified_gmt":"2015-04-03T12:07:03","slug":"infirmerie","status":"publish","type":"page","link":"https:\/\/etab.ac-reunion.fr\/clg-14eme\/infirmerie\/","title":{"rendered":"Infirmerie"},"content":{"rendered":"<p><span style=\"color: #0000ff\">Le M\u00e9decin scolaire et l&rsquo;Infirmi\u00e8re :<\/span><br \/>\nUn m\u00e9decin, une infirmi\u00e8re assurent le suivi m\u00e9dical des \u00e9l\u00e8ves et organisent une pr\u00e9vention concernant l&rsquo;hygi\u00e8ne et la sant\u00e9 des \u00e9l\u00e8ves.<\/p>\n","protected":false},"excerpt":{"rendered":"<p>Le M\u00e9decin scolaire et l&rsquo;Infirmi\u00e8re : Un m\u00e9decin, une infirmi\u00e8re assurent le suivi m\u00e9dical des \u00e9l\u00e8ves et organisent une pr\u00e9vention concernant l&rsquo;hygi\u00e8ne et la sant\u00e9 des \u00e9l\u00e8ves.<\/p>\n","protected":false},"author":3664,"featured_media":0,"parent":0,"menu_order":0,"comment_status":"closed","ping_status":"closed","template":"","meta":{"footnotes":""},"class_list":["post-141","page","type-page","status-publish","hentry"],"_links":{"self":[{"href":"https:\/\/etab.ac-reunion.fr\/clg-14eme\/wp-json\/wp\/v2\/pages\/141","targetHints":{"allow":["GET"]}}],"collection":[{"href":"https:\/\/etab.ac-reunion.fr\/clg-14eme\/wp-json\/wp\/v2\/pages"}],"about":[{"href":"https:\/\/etab.ac-reunion.fr\/clg-14eme\/wp-json\/wp\/v2\/types\/page"}],"author":[{"embeddable":true,"href":"https:\/\/etab.ac-reunion.fr\/clg-14eme\/wp-json\/wp\/v2\/users\/3664"}],"replies":[{"embeddable":true,"href":"https:\/\/etab.ac-reunion.fr\/clg-14eme\/wp-json\/wp\/v2\/comments?post=141"}],"version-history":[{"count":2,"href":"https:\/\/etab.ac-reunion.fr\/clg-14eme\/wp-json\/wp\/v2\/pages\/141\/revisions"}],"predecessor-version":[{"id":316,"href":"https:\/\/etab.ac-reunion.fr\/clg-14eme\/wp-json\/wp\/v2\/pages\/141\/revisions\/316"}],"wp:attachment":[{"href":"https:\/\/etab.ac-reunion.fr\/clg-14eme\/wp-json\/wp\/v2\/media?parent=141"}],"curies":[{"name":"wp","href":"https:\/\/api.w.org\/{rel}","templated":true}]}}