{"id":145,"date":"2015-03-27T11:28:18","date_gmt":"2015-03-27T10:28:18","guid":{"rendered":"http:\/\/college-14e.ac-reunion.fr\/?page_id=145"},"modified":"2015-04-03T13:04:04","modified_gmt":"2015-04-03T12:04:04","slug":"lassistante-sociale","status":"publish","type":"page","link":"https:\/\/etab.ac-reunion.fr\/clg-14eme\/lassistante-sociale\/","title":{"rendered":"L&rsquo;assistante sociale"},"content":{"rendered":"<p><span style=\"color: #0000ff\">L&rsquo;assistante sociale :<\/span><br \/>\nAssure un r\u00f4le de m\u00e9diation et de conseil social dans l&rsquo;Etablissement. Lors de ses jours de permanence au coll\u00e8ge, elle re\u00e7oit les \u00e9l\u00e8ves ou leurs parents dans le cas de difficult\u00e9s personnelles, familiales ou scolaires.<\/p>\n","protected":false},"excerpt":{"rendered":"<p>L&rsquo;assistante sociale : Assure un r\u00f4le de m\u00e9diation et de conseil social dans l&rsquo;Etablissement. Lors de ses jours de permanence au coll\u00e8ge, elle re\u00e7oit les \u00e9l\u00e8ves ou leurs parents dans le cas de difficult\u00e9s personnelles, familiales ou scolaires.<\/p>\n","protected":false},"author":3664,"featured_media":0,"parent":0,"menu_order":0,"comment_status":"closed","ping_status":"closed","template":"","meta":{"footnotes":""},"class_list":["post-145","page","type-page","status-publish","hentry"],"_links":{"self":[{"href":"https:\/\/etab.ac-reunion.fr\/clg-14eme\/wp-json\/wp\/v2\/pages\/145","targetHints":{"allow":["GET"]}}],"collection":[{"href":"https:\/\/etab.ac-reunion.fr\/clg-14eme\/wp-json\/wp\/v2\/pages"}],"about":[{"href":"https:\/\/etab.ac-reunion.fr\/clg-14eme\/wp-json\/wp\/v2\/types\/page"}],"author":[{"embeddable":true,"href":"https:\/\/etab.ac-reunion.fr\/clg-14eme\/wp-json\/wp\/v2\/users\/3664"}],"replies":[{"embeddable":true,"href":"https:\/\/etab.ac-reunion.fr\/clg-14eme\/wp-json\/wp\/v2\/comments?post=145"}],"version-history":[{"count":2,"href":"https:\/\/etab.ac-reunion.fr\/clg-14eme\/wp-json\/wp\/v2\/pages\/145\/revisions"}],"predecessor-version":[{"id":313,"href":"https:\/\/etab.ac-reunion.fr\/clg-14eme\/wp-json\/wp\/v2\/pages\/145\/revisions\/313"}],"wp:attachment":[{"href":"https:\/\/etab.ac-reunion.fr\/clg-14eme\/wp-json\/wp\/v2\/media?parent=145"}],"curies":[{"name":"wp","href":"https:\/\/api.w.org\/{rel}","templated":true}]}}