{"id":286,"date":"2015-04-02T15:27:59","date_gmt":"2015-04-02T14:27:59","guid":{"rendered":"http:\/\/college-14e.ac-reunion.fr\/?page_id=286"},"modified":"2015-04-03T13:05:30","modified_gmt":"2015-04-03T12:05:30","slug":"cop","status":"publish","type":"page","link":"https:\/\/etab.ac-reunion.fr\/clg-14eme\/cop\/","title":{"rendered":"COPsy"},"content":{"rendered":"<p><span style=\"color: #0000ff\">La Conseill\u00e8re d&rsquo;Orientation Psychologue (COP) :<\/span><br \/>\nLE COP aide les \u00e9l\u00e8ves \u00e0 formuler leurs objectifs d&rsquo;orientation scolaire ou professionnelle, elle leur apporte des informations concernant les m\u00e9tiers et les fili\u00e8res. Elle peut r\u00e9pondre aux interrogations des parents durant les permanences qu&rsquo;elle assure au coll\u00e8ge.<\/p>\n","protected":false},"excerpt":{"rendered":"<p>La Conseill\u00e8re d&rsquo;Orientation Psychologue (COP) : LE COP aide les \u00e9l\u00e8ves \u00e0 formuler leurs objectifs d&rsquo;orientation scolaire ou professionnelle, elle leur apporte des informations concernant les m\u00e9tiers et les fili\u00e8res. Elle peut r\u00e9pondre aux interrogations des parents durant les permanences qu&rsquo;elle assure au coll\u00e8ge.<\/p>\n","protected":false},"author":3664,"featured_media":0,"parent":0,"menu_order":0,"comment_status":"closed","ping_status":"closed","template":"","meta":{"footnotes":""},"class_list":["post-286","page","type-page","status-publish","hentry"],"_links":{"self":[{"href":"https:\/\/etab.ac-reunion.fr\/clg-14eme\/wp-json\/wp\/v2\/pages\/286","targetHints":{"allow":["GET"]}}],"collection":[{"href":"https:\/\/etab.ac-reunion.fr\/clg-14eme\/wp-json\/wp\/v2\/pages"}],"about":[{"href":"https:\/\/etab.ac-reunion.fr\/clg-14eme\/wp-json\/wp\/v2\/types\/page"}],"author":[{"embeddable":true,"href":"https:\/\/etab.ac-reunion.fr\/clg-14eme\/wp-json\/wp\/v2\/users\/3664"}],"replies":[{"embeddable":true,"href":"https:\/\/etab.ac-reunion.fr\/clg-14eme\/wp-json\/wp\/v2\/comments?post=286"}],"version-history":[{"count":2,"href":"https:\/\/etab.ac-reunion.fr\/clg-14eme\/wp-json\/wp\/v2\/pages\/286\/revisions"}],"predecessor-version":[{"id":314,"href":"https:\/\/etab.ac-reunion.fr\/clg-14eme\/wp-json\/wp\/v2\/pages\/286\/revisions\/314"}],"wp:attachment":[{"href":"https:\/\/etab.ac-reunion.fr\/clg-14eme\/wp-json\/wp\/v2\/media?parent=286"}],"curies":[{"name":"wp","href":"https:\/\/api.w.org\/{rel}","templated":true}]}}