{"id":324,"date":"2015-04-03T13:21:19","date_gmt":"2015-04-03T12:21:19","guid":{"rendered":"http:\/\/college-14e.ac-reunion.fr\/?page_id=324"},"modified":"2015-04-03T13:21:19","modified_gmt":"2015-04-03T12:21:19","slug":"reglement-interieur","status":"publish","type":"page","link":"https:\/\/etab.ac-reunion.fr\/clg-14eme\/reglement-interieur\/","title":{"rendered":"R\u00e9glement int\u00e9rieur"},"content":{"rendered":"<h2 align=\"center\"><span style=\"color: #0000ff\">CONTRAT DE VIE SCOLAIRE<\/span><\/h2>\n<p align=\"center\"><strong><em>(Amend\u00e9 lors du conseil d\u2019administration du 29 avril 2010)<\/em><\/strong><\/p>\n<ul>\n<li><strong><span style=\"color: #ff0000\">DROITS ET OBLIGATIONS.<\/span><\/strong><\/li>\n<\/ul>\n<p><strong>\u00a0<\/strong><\/p>\n<p>Tout \u00e9l\u00e8ve a droit au respect et s\u2019engage en contrepartie \u00e0 respecter les autres (\u00e9l\u00e8ves et adultes).<\/p>\n<p>Il est obligatoire d\u2019assister \u00e0 tous les cours pr\u00e9vus \u00e0 l\u2019emploi du temps de la classe, d\u2019avoir une tenue correcte, d\u00e9cente, propre et adapt\u00e9e \u00e0 chaque type d\u2019enseignement ainsi qu\u2019un comportement qui n\u2019entra\u00eene aucune g\u00eane pour les autres.<\/p>\n<p>Les effets scolaires doivent \u00eatre propres et bien conserv\u00e9s, transport\u00e9s dans un cartable. Les manuels scolaires obligatoirement couverts. Le cahier de textes sera exclusivement consacr\u00e9 au travail scolaire. Aussi le personnel se r\u00e9serve-t-il le droit de le v\u00e9rifier.<\/p>\n<p>\u00ab\u00a0Conform\u00e9ment aux dispositions de l\u2019article L. 141-5-1 du code de l\u2019\u00e9ducation, le port de signes et tenues par lesquels les \u00e9l\u00e8ves manifestent ostensiblement une appartenance religieuse est interdit.<\/p>\n<p>Lorsqu\u2019un \u00e9l\u00e8ve m\u00e9conna\u00eet l\u2019interdiction pos\u00e9e \u00e0 l\u2019alin\u00e9a pr\u00e9c\u00e9dent, le chef d\u2019\u00e9tablissement organise un dialogue avec cet \u00e9l\u00e8ve avant l\u2019engagement de toute proc\u00e9dure disciplinaire\u00a0\u00bb.<\/p>\n<p>L\u2019attitude des \u00e9l\u00e8ves devra \u00eatre conforme aux directives de la loi sur la la\u00efcit\u00e9 et ses circulaires d\u2019application.<\/p>\n<p><strong><span style=\"color: #ff0000\">Sont interdits :<\/span><\/strong><\/p>\n<ul>\n<li>les comportements violents ou perturbateurs, que ce soit en classe ou dans tout endroit du coll\u00e8ge<\/li>\n<li>les agressions en actes et en paroles (menaces, coups, insultes)<\/li>\n<li>tout objet dangereux et notamment les couteaux (cf. \u00a7 f s\u00e9curit\u00e9)<\/li>\n<li>les vols et d\u00e9gradations<\/li>\n<li>les objets de valeur (baladeurs, etc. \u2026) (cf. \u00a7 f s\u00e9curit\u00e9)<\/li>\n<li>les sommes d\u2019argent importantes (cf. \u00a7 f s\u00e9curit\u00e9)<\/li>\n<li>les cigarettes, briquets, allumettes, boissons alcoolis\u00e9es, drogues, chewing-gum\u2026 (le Coll\u00e8ge du 14 \u00e8me est un \u00e9tablissement non-fumeur) (cf. \u00a7 f s\u00e9curit\u00e9)<\/li>\n<li>les tenues vestimentaires inconvenantes (jupes et shorts trop courts, chemisiers ou brassi\u00e8res laissant appara\u00eetre une partie du buste, du ventre\u2026)<\/li>\n<li>les casquettes \u00e0 l\u2019int\u00e9rieur des locaux, des classes, les halls et les coursives<\/li>\n<li>tout jeu \u00e9lectronique, de cartes, d\u2019argent\u2026 est interdit dans l\u2019enceinte du coll\u00e8ge<\/li>\n<\/ul>\n<p>Le GSM est tol\u00e9r\u00e9 sous l\u2019enti\u00e8re responsabilit\u00e9 des familles et sous les conditions suivantes\u00a0:<\/p>\n<p>&#8211; \u00e9teint \u00e0 l\u2019int\u00e9rieur des b\u00e2timents<\/p>\n<p>&#8211; hors de vue des camarades<\/p>\n<p>&#8211; tout d\u00e9clenchement volontaire et injustifi\u00e9 de l\u2019alarme incendie \u2192 8 jours d\u2019exclusion imm\u00e9diate et convocation possible du Conseil de Discipline.<\/p>\n<p><strong><span style=\"color: #ff0000\">Le non-respect des obligations de l\u2019\u00e9l\u00e8ve peut \u00eatre sanctionn\u00e9 selon le cas par :<\/span><\/strong><\/p>\n<p>(R\u00e9f\u00a0: BO N\u00b0 8 du 13 juillet 2000 \u2013 BO N\u00b0 39 du 28 octobre 2004)\u00a0<strong>:<\/strong><\/p>\n<p>Outre les poursuites judiciaires en cas de d\u00e9lit (\u00e0 titre d\u2019exemple, l\u2019outrage \u00e0 une personne charg\u00e9e d\u2019une mission de service public est puni de 6 mois d\u2019emprisonnement et de 7\u00a0500 \u20ac d\u2019amende \u2026), l\u2019\u00e9tablissement a ses propres r\u00e8gles de punitions et de sanctions. Les principes g\u00e9n\u00e9raux de droit s\u2019appliquent \u00e0 toute proc\u00e9dure.<\/p>\n<ul>\n<li><strong><span style=\"color: #ff0000\"><em>Punitions scolaires<\/em><\/span><\/strong><\/li>\n<\/ul>\n<p>Les punitions scolaires concernent essentiellement certains manquements mineurs aux obligations des \u00e9l\u00e8ves et les perturbations dans la vie de la classe ou de l\u2019\u00e9tablissement. Elles peuvent \u00eatre pos\u00e9es par tout personnel de l\u2019\u00e9tablissement.<\/p>\n<p>Elles sont choisies parmi les punitions suivantes\u00a0:<\/p>\n<ul>\n<li>Inscription sur le carnet de correspondance<\/li>\n<li>Exercices suppl\u00e9mentaires donn\u00e9s (et corrig\u00e9s) par un adulte<\/li>\n<li>Retenue (sur temps scolaire ou hors temps scolaire) remise \u00e0 la vie scolaire, pour faire un devoir ou un exercice non fait, demand\u00e9 (et corrig\u00e9) par un adulte.<\/li>\n<li>Fiche de suivi<\/li>\n<\/ul>\n<ul>\n<li><strong><span style=\"color: #ff0000\"><em>Sanctions disciplinaires<\/em><\/span><\/strong><\/li>\n<\/ul>\n<p>Elles rel\u00e8vent du chef d\u2019\u00e9tablissement\u00a0; elles concernent les atteintes aux personnes et aux biens et les manquements graves aux obligations des \u00e9l\u00e8ves. Ce sont\u00a0:<\/p>\n<ul>\n<li>L\u2019avertissement par courrier, \u00e0 la famille<\/li>\n<li>Le bl\u00e2me par courrier \u00e0 la famille<\/li>\n<li>La comparution de l\u2019\u00e9l\u00e8ve, en pr\u00e9sence de ses parents devant la commission vie scolaire<\/li>\n<li>L\u2019exclusion temporaire de l\u2019\u00e9tablissement allant jusqu\u2019\u00e0 une semaine (8 jours)<\/li>\n<li>Les travaux d\u2019int\u00e9r\u00eat g\u00e9n\u00e9ral (exclusion\/inclusion) nettoyage, remise en \u00e9tat<\/li>\n<li>Le conseil de discipline, seul habilit\u00e9 \u00e0 prononcer une exclusion d\u00e9finitive de l\u2019\u00e9tablissement ou une exclusion temporaire sup\u00e9rieure \u00e0 8 jours.<\/li>\n<\/ul>\n<ul>\n<li><strong><span style=\"color: #0000ff\">ACTIVITES SCOLAIRES.<\/span><\/strong><\/li>\n<\/ul>\n<p><strong>\u00a0<\/strong><\/p>\n<p>Les \u00e9l\u00e8ves inscrivent dans leur cahier de textes les devoirs et le\u00e7ons qui leur sont demand\u00e9s. Les parents doivent consulter le cahier de textes et le carnet de liaison le plus souvent possible. L\u2019\u00e9l\u00e8ve doit \u00eatre en possession de son carnet de liaison, il doit y inscrire toutes ses notes et doit pouvoir le pr\u00e9senter <strong>\u00e0 tout moment<\/strong>. Les parents re\u00e7oivent sous forme d\u2019un bulletin trimestriel un bilan de travail de leur enfant \u00e0 la fin de chaque trimestre.<\/p>\n<ul>\n<li><strong><span style=\"color: #ff0000\">Conditions d\u2019acc\u00e8s aux espaces p\u00e9dagogiques :<\/span><\/strong><\/li>\n<\/ul>\n<ul>\n<li>\n<ul>\n<li>Le C.D.I :<\/li>\n<\/ul>\n<\/li>\n<\/ul>\n<p>Le C.D.I. (Centre de Documentation et d\u2019Information) est une salle silencieuse, de lecture, de recherche et de consultation de documents dans le respect du mat\u00e9riel et du travail de chacun.<\/p>\n<p>Le C.D.I. dispose d\u2019un fonds bibliographique qui peut \u00eatre pr\u00eat\u00e9 aux \u00e9l\u00e8ves et d\u2019un fonds documentaire en consultation sur place. Les livres pr\u00eat\u00e9s doivent \u00eatre restitu\u00e9s dans les d\u00e9lais indiqu\u00e9s. Les livres non rendus devront \u00eatre rembours\u00e9s.<\/p>\n<p>Les livres et manuels scolaires d\u00e9t\u00e9rior\u00e9s sont sanctionn\u00e9s d\u2019une amende. L\u2019acc\u00e8s au C.D.I. est libre et volontaire.<\/p>\n<ul>\n<li>\n<ul>\n<li>Les permanences :<\/li>\n<\/ul>\n<\/li>\n<\/ul>\n<p>Pr\u00e9vues ou pas \u00e0 l\u2019emploi du temps, les permanences sont des heures de travail et doivent se d\u00e9rouler dans le calme n\u00e9cessaire \u00e0 l\u2019\u00e9tude.<\/p>\n<ul>\n<li>\n<ul>\n<li>Les plateaux sportifs<strong> :<\/strong><\/li>\n<\/ul>\n<\/li>\n<\/ul>\n<p>L\u2019acc\u00e8s aux plateaux sportifs et le retour ne peuvent se faire que sous la conduite obligatoire des professeurs.<\/p>\n<ul>\n<li>\n<ul>\n<li>Salle informatique :<\/li>\n<\/ul>\n<\/li>\n<\/ul>\n<p>L\u2019acc\u00e8s \u00e0 la salle informatique se fait sous la responsabilit\u00e9 d\u2019un professeur ou du responsable de la salle informatique.<\/p>\n<ul>\n<li><strong><span style=\"color: #0000ff\">R\u00e9compenses :<\/span><\/strong><\/li>\n<\/ul>\n<p>Le Conseil de Classe se r\u00e9unit \u00e0 la fin de chaque trimestre pour l\u2019\u00e9valuation des r\u00e9sultats de l\u2019\u00e9l\u00e8ve et peut attribuer\u00a0:<\/p>\n<ul>\n<li>les encouragements (qui valorisent l\u2019attitude volontaire d\u2019un \u00e9l\u00e8ve face au travail),<\/li>\n<li>le tableau d\u2019honneur,<\/li>\n<li>les f\u00e9licitations ou la mention d\u2019excellence (\u00e9l\u00e8ve qui obtient au moins 16 de moyenne, une bonne conduite et aucune r\u00e9serve des professeurs),<\/li>\n<\/ul>\n<ul>\n<li><strong><span style=\"color: #0000ff\">Relations avec les parents d\u2019\u00e9l\u00e8ves :<\/span><\/strong><\/li>\n<\/ul>\n<p>Pendant l\u2019ann\u00e9e, sont organis\u00e9es des rencontres parents-professeurs auxquelles les parents sont fortement invit\u00e9s \u00e0 participer dans l\u2019int\u00e9r\u00eat de leurs enfants. En outre, les familles peuvent rencontrer les Professeurs, le Chef d\u2019Etablissement ou son Adjoint apr\u00e8s avoir convenu d\u2019un rendez-vous, soit par l\u2019interm\u00e9diaire du carnet de liaison, soit par t\u00e9l\u00e9phone aupr\u00e8s du secr\u00e9tariat. Les Conseillers Principaux d\u2019Education sont \u00e0 la disposition des familles pour le suivi quotidien des enfants.<\/p>\n<ul>\n<li><strong><span style=\"color: #0000ff\">Fonctionnement des clubs :<\/span><\/strong><\/li>\n<\/ul>\n<p>Les activit\u00e9s de clubs sont propos\u00e9es et g\u00e9r\u00e9es par le Foyer Socio-\u00e9ducatif qui dresse le bilan de ses activit\u00e9s lors de son Assembl\u00e9e G\u00e9n\u00e9rale annuelle, conform\u00e9ment \u00e0 ses statuts. Ces activit\u00e9s sont ouvertes aux parents qui souhaiteraient s\u2019y impliquer.<\/p>\n<ul>\n<li><strong><span style=\"color: #0000ff\">Informatique et Internet :<\/span><\/strong><\/li>\n<\/ul>\n<p>L\u2019acc\u00e8s \u00e0 l\u2019internet depuis un poste informatique du coll\u00e8ge est autoris\u00e9 aux \u00e9l\u00e8ves ayant sign\u00e9 la charte Internet figurant \u00e0 la fin du carnet de liaison.<\/p>\n<ul>\n<li><strong><span style=\"color: #0000ff\">DROITS D\u2019EXPRESSION.<\/span><\/strong><\/li>\n<\/ul>\n<p><strong>\u00a0<\/strong><\/p>\n<p><span style=\"color: #000000\"><strong>D\u00e9l\u00e9gu\u00e9s des \u00e9l\u00e8ves :<\/strong><\/span><\/p>\n<p>Les d\u00e9l\u00e9gu\u00e9s \u00e9l\u00e8ves (2 titulaires et 2 suppl\u00e9ants) repr\u00e9sentent leur classe. Choisis pour leurs qualit\u00e9s d\u2019organisateurs, d\u2019animateurs et de m\u00e9diateurs, ils recueillent les avis et propositions de leurs camarades et les expriment au sein des diff\u00e9rentes instances de concertation de l\u2019\u00e9tablissement (conseil de classe, conf\u00e9rence des d\u00e9l\u00e9gu\u00e9s \u00e9l\u00e8ves).<\/p>\n<p>Ils sont les porte-parole des \u00e9l\u00e8ves et peuvent organiser des r\u00e9unions et s\u00e9ances d\u2019information apr\u00e8s en avoir obtenu l\u2019autorisation de la Vie Scolaire.<\/p>\n<ul>\n<li><strong><span style=\"color: #0000ff\">ORGANISATION DU COLLEGE.<\/span><\/strong><\/li>\n<\/ul>\n<p><strong>\u00a0<\/strong><\/p>\n<ul>\n<li>\n<ul>\n<li><strong><em>Mouvements des \u00e9l\u00e8ves et horaires :<\/em><\/strong><\/li>\n<\/ul>\n<\/li>\n<\/ul>\n<p>L\u2019\u00e9tablissement est ouvert du lundi au vendredi. Le samedi lorsque des activit\u00e9s le justifient (devoirs communs, r\u00e9unions, retenues\u2026)<\/p>\n<p>Le portail est ouvert \u00e0 7 h 15 et 13 h 15. Il est referm\u00e9 \u00e0 7 h 45 et 13 h 25. <strong>Le seul acc\u00e8s autoris\u00e9 aux \u00e9l\u00e8ves pour l\u2019entr\u00e9e et la sortie passe par le grand portail et la passerelle. Tout autre acc\u00e8s est strictement interdit. L\u2019acc\u00e8s au parking des professeurs est r\u00e9serv\u00e9 exclusivement au personnel de l\u2019\u00e9tablissement. Tout visiteur (parents, famille&#8230;) doit se pr\u00e9senter \u00e0 la loge \u00e0 l\u2019entr\u00e9e du Coll\u00e8ge avant de p\u00e9n\u00e9trer dans l\u2019\u00e9tablissement.<\/strong><\/p>\n<p>Cependant, les \u00e9l\u00e8ves utilisant un v\u00e9hicule \u00e0 deux roues sont autoris\u00e9s \u00e0 le laisser sur ce parking (l\u2019\u00e9tablissement ne peut \u00eatre tenu pour responsable de vol ou d\u00e9gradation).<\/p>\n<p>Les parents sont invit\u00e9s \u00e0 d\u00e9poser leurs enfants et \u00e0 les reprendre sur le \u00ab\u00a0parking visiteurs\u00a0\u00bb situ\u00e9 devant l\u2019\u00e9tablissement.<\/p>\n<p>Les \u00e9l\u00e8ves transport\u00e9s doivent obligatoirement entrer dans l\u2019\u00e9tablissement d\u00e8s l\u2019ouverture du portail \u00e0 7 h 15, m\u00eame s\u2019ils n\u2019ont pas cours \u00e0 la premi\u00e8re heure.<\/p>\n<p>Les cours d\u00e9butent \u00e0 7 h 30 et \u00e0 13 h 30. Chaque fin ou d\u00e9but de cours est marqu\u00e9 par une sonnerie. Pendant les intercours, les \u00e9l\u00e8ves se rendent d\u2019une salle \u00e0 l\u2019autre sans perdre de temps. L\u2019acc\u00e8s aux salles de classe est interdit en l\u2019absence d\u2019un responsable adulte.<\/p>\n<p>Les \u00e9l\u00e8ves ne sont pas autoris\u00e9s \u00e0 sortir du coll\u00e8ge lorsqu\u2019ils ont une heure de permanence entre deux cours. Toutefois, s\u2019ils sont externes et si leurs parents les y autorisent, ils peuvent quitter le coll\u00e8ge apr\u00e8s leur derni\u00e8re heure de cours. Les demi-pensionnaires autoris\u00e9s par leurs parents \u00e0 sortir lorsqu\u2019ils n\u2019ont plus cours ne peuvent en aucun cas le faire avant 13 h 15.<\/p>\n<p><strong>Par d\u00e9cision prise par le Conseil d\u2019Administration du 30 octobre 1997, aucun \u00e9l\u00e8ve externe ne sera autoris\u00e9 \u00e0 rester dans l\u2019\u00e9tablissement entre 12 h 00 et 13 h 15, sauf pour des activit\u00e9s de club. Entre 12 h 00 et 13 h 15, l\u2019acc\u00e8s des b\u00e2timents d\u2019enseignement est interdit aux \u00e9l\u00e8ves, sauf pour des activit\u00e9s de club.<\/strong><\/p>\n<p><strong>\u00a0<\/strong><\/p>\n<p><strong><em>b) Retards et absences\u00a0:<\/em><\/strong><\/p>\n<p>Un \u00e9l\u00e8ve qui rentre au coll\u00e8ge apr\u00e8s une absence ou un retard doit obligatoirement se pr\u00e9senter au bureau de la Vie Scolaire. Il ne sera autoris\u00e9 \u00e0 entrer en classe que s\u2019il a accompli cette formalit\u00e9. Au bout de 3 retards pendant le mois en cours, une retenue d\u2019une heure est prononc\u00e9e.<\/p>\n<p>Les parents sont invit\u00e9s \u00e0 signaler au coll\u00e8ge par t\u00e9l\u00e9phone toute absence le plus rapidement possible. Les absences nombreuses et injustifi\u00e9es sont signal\u00e9es au Rectorat qui les sanctionne.<\/p>\n<p>Rappel : Loi du 2 janvier 2004 relative \u00e0 l&rsquo;accueil et \u00e0 la protection de l&rsquo;enfance : la sanction p\u00e9nale r\u00e9primant le manquement \u00e0 l&rsquo;obligation scolaire est renforc\u00e9e par une amende de 750 euros.<\/p>\n<p><strong><em>c) Demi-pension\u00a0:<\/em><\/strong><\/p>\n<p>Elle fonctionne de 11 h 30 \u00e0 13 h 30. Les \u00e9l\u00e8ves demi-pensionnaires doivent pr\u00e9senter leur carte \u00e0 l\u2019entr\u00e9e.<\/p>\n<p>Les frais de demi-pension sont forfaitaires, payables par trimestre (D\u00e9cret 85-934 du 09-04-85).<\/p>\n<p>Tout changement de r\u00e9gime au cours de l\u2019ann\u00e9e doit faire l\u2019objet d\u2019une demande \u00e9crite \u00e0 la Vie Scolaire.<\/p>\n<p>En aucun cas les \u00e9l\u00e8ves ne sont autoris\u00e9s \u00e0 sortir de la nourriture de la salle de restauration.<\/p>\n<p>L\u2019acc\u00e8s \u00e0 la demi-pension n\u2019est pas un droit mais un service rendu aux familles et dans la limite des places disponibles. L\u2019inscription implique le r\u00e8glement des sommes dues. Le prix de la demi-pension est fix\u00e9 par le Conseil d\u2019Administration. Toutefois, en cas de manquement aux r\u00e8gles de respect des personnes et des biens, la radiation de la demi-pension peut \u00eatre prononc\u00e9e. Des aides peuvent \u00eatre apport\u00e9es aux familles en difficult\u00e9 financi\u00e8re par l\u2019interm\u00e9diaire du \u00ab\u00a0Fond Social des Cantines\u00a0\u00bb. Les parents peuvent retirer une demande d\u2019aide au Secr\u00e9tariat d\u2019Intendance ou aupr\u00e8s de l\u2019Assistante Sociale du Coll\u00e8ge.<\/p>\n<p><strong><em>d) Inaptitude \u00e0 l\u2019EPS\u00a0:<\/em><\/strong><\/p>\n<p>Les \u00e9l\u00e8ves inaptes \u00e0 l\u2019EPS plus d\u2019une semaine doivent se munir d\u2019un certificat m\u00e9dical qui devra \u00eatre vis\u00e9 par l\u2019infirmier.<\/p>\n<p>La dispense exceptionnelle d\u2019EPS devra \u00eatre motiv\u00e9e et sign\u00e9e par l\u2019un des parents puis vis\u00e9e \u00e9galement par l\u2019infirmier avant le cours. Tout \u00e9l\u00e8ve dispens\u00e9 doit \u00eatre pr\u00e9sent au cours et en tenue de sport.<\/p>\n<p><strong><em>e) Infirmerie\u00a0:<\/em><\/strong><\/p>\n<p>Pour les traitements ambulatoires, les \u00e9l\u00e8ves devront apporter \u00e0 l\u2019infirmier une copie de l\u2019ordonnance et les m\u00e9dicaments correspondants, ainsi que l\u2019autorisation parentale.<\/p>\n<p><strong><em>f) S\u00e9curit\u00e9\u00a0:<\/em><\/strong><\/p>\n<ul>\n<li>\n<ul>\n<li>\n<ul>\n<li><strong><em>Objets et produits dangereux :<\/em><\/strong><\/li>\n<\/ul>\n<\/li>\n<\/ul>\n<\/li>\n<\/ul>\n<p>Il est strictement interdit d\u2019introduire, de d\u00e9tenir et d\u2019utiliser dans l\u2019\u00e9tablissement ou hors de l\u2019\u00e9tablissement, des objets ou produits dangereux ou \u00e9trangers \u00e0 l\u2019enseignement mettant en p\u00e9ril la s\u00e9curit\u00e9 et l\u2019int\u00e9grit\u00e9 des biens ou des personnes ou pouvant perturber l\u2019ordre dans le Coll\u00e8ge\u00a0: le non-respect de cette consigne expose le ou les contrevenants \u00e0 une sanction pouvant aller jusqu\u2019\u00e0 l\u2019exclusion d\u00e9finitive.<\/p>\n<p><strong><span style=\"color: #ff0000\">L\u2019usage du tabac est interdit dans le Coll\u00e8ge.<\/span><\/strong><\/p>\n<ul>\n<li>\n<ul>\n<li>\n<ul>\n<li><strong>Vols et objets trouv\u00e9s :<\/strong><\/li>\n<\/ul>\n<\/li>\n<\/ul>\n<\/li>\n<\/ul>\n<p>Pour pr\u00e9venir des vols, dont l\u2019\u00e9tablissement ne peut \u00eatre tenu pour responsable, il est express\u00e9ment recommand\u00e9 de n\u2019apporter au Coll\u00e8ge ni objets de valeur, ni esp\u00e8ces. Chaque \u00e9l\u00e8ve est responsable de son cartable.<\/p>\n<p>Tous les objets trouv\u00e9s devront \u00eatre apport\u00e9s au bureau de la Vie Scolaire o\u00f9 ils pourront \u00eatre r\u00e9clam\u00e9s.<\/p>\n<ul>\n<li>\n<ul>\n<li>\n<ul>\n<li><strong>Consignes g\u00e9n\u00e9rales de s\u00e9curit\u00e9 :<\/strong><\/li>\n<\/ul>\n<\/li>\n<\/ul>\n<\/li>\n<li>En cas d\u2019incendie :<\/li>\n<\/ul>\n<p>Les \u00e9l\u00e8ves et le personnel doivent se conformer aux consignes affich\u00e9es dans toutes les salles de l\u2019\u00e9tablissement. Des exercices d\u2019\u00e9vacuation sont organis\u00e9s en cours d\u2019ann\u00e9e scolaire.<\/p>\n<ul>\n<li>En cas d\u2019alerte cyclonique :<\/li>\n<\/ul>\n<p>L\u2019\u00e9vacuation des \u00e9l\u00e8ves intervient d\u00e8s l\u2019alerte orange ou en cas de fortes pluies.<\/p>\n<p>Il est demand\u00e9 aux familles de nous aider \u00e0 assurer la sauvegarde de leurs enfants de la mani\u00e8re suivante\u00a0:<\/p>\n<ul>\n<li>\n<ul>\n<li>\n<ul>\n<li>\n<ul>\n<li>En \u00e9vitant de les envoyer au Coll\u00e8ge si leur retour risque d\u2019\u00eatre rendu dangereux par suite d\u2019une rapide \u00e9volution des conditions atmosph\u00e9riques (passages de radier).<\/li>\n<li>En s\u2019assurant qu\u2019en cas de fermeture de l\u2019\u00e9tablissement en cours de journ\u00e9e, ils pourront \u00eatre accueillis \u00e0 la maison.<\/li>\n<li>En venant les chercher, si cela est possible.<\/li>\n<\/ul>\n<\/li>\n<li><strong>Assurance<\/strong> :<\/li>\n<\/ul>\n<\/li>\n<\/ul>\n<\/li>\n<\/ul>\n<p>Il est recommand\u00e9 aux familles de souscrire une assurance suffisante pour couvrir les dommages subis ou caus\u00e9s par leur enfant. Une association (A.S \u2013 FSE) peut faire obligation \u00e0 ses membres de souscrire une assurance personnelle.<\/p>\n<p>\u00ab\u00a0Tout manquement au r\u00e8glement int\u00e9rieur justifie la mise en \u0153uvre d\u2019une proc\u00e9dure disciplinaire ou de poursuites appropri\u00e9es\u00a0\u00bb.<\/p>\n","protected":false},"excerpt":{"rendered":"<p>CONTRAT DE VIE SCOLAIRE (Amend\u00e9 lors du conseil d\u2019administration du 29 avril 2010) DROITS ET OBLIGATIONS. \u00a0 Tout \u00e9l\u00e8ve a droit au respect et s\u2019engage en contrepartie \u00e0 respecter les autres (\u00e9l\u00e8ves et adultes). Il est obligatoire d\u2019assister \u00e0 tous les cours pr\u00e9vus \u00e0 l\u2019emploi du temps de la classe, d\u2019avoir une tenue correcte, d\u00e9cente, [&hellip;]<\/p>\n","protected":false},"author":3664,"featured_media":0,"parent":0,"menu_order":0,"comment_status":"closed","ping_status":"closed","template":"","meta":{"footnotes":""},"class_list":["post-324","page","type-page","status-publish","hentry"],"_links":{"self":[{"href":"https:\/\/etab.ac-reunion.fr\/clg-14eme\/wp-json\/wp\/v2\/pages\/324","targetHints":{"allow":["GET"]}}],"collection":[{"href":"https:\/\/etab.ac-reunion.fr\/clg-14eme\/wp-json\/wp\/v2\/pages"}],"about":[{"href":"https:\/\/etab.ac-reunion.fr\/clg-14eme\/wp-json\/wp\/v2\/types\/page"}],"author":[{"embeddable":true,"href":"https:\/\/etab.ac-reunion.fr\/clg-14eme\/wp-json\/wp\/v2\/users\/3664"}],"replies":[{"embeddable":true,"href":"https:\/\/etab.ac-reunion.fr\/clg-14eme\/wp-json\/wp\/v2\/comments?post=324"}],"version-history":[{"count":1,"href":"https:\/\/etab.ac-reunion.fr\/clg-14eme\/wp-json\/wp\/v2\/pages\/324\/revisions"}],"predecessor-version":[{"id":325,"href":"https:\/\/etab.ac-reunion.fr\/clg-14eme\/wp-json\/wp\/v2\/pages\/324\/revisions\/325"}],"wp:attachment":[{"href":"https:\/\/etab.ac-reunion.fr\/clg-14eme\/wp-json\/wp\/v2\/media?parent=324"}],"curies":[{"name":"wp","href":"https:\/\/api.w.org\/{rel}","templated":true}]}}