{"id":93,"date":"2015-02-20T11:35:06","date_gmt":"2015-02-20T10:35:06","guid":{"rendered":"http:\/\/college-14e.ac-reunion.fr\/?page_id=93"},"modified":"2015-04-13T05:30:17","modified_gmt":"2015-04-13T04:30:17","slug":"site-academique","status":"publish","type":"page","link":"https:\/\/etab.ac-reunion.fr\/clg-14eme\/site-academique\/","title":{"rendered":"Site acad\u00e9mique"},"content":{"rendered":"<p>Cliquez sur l&rsquo;image pour acc\u00e9der au <strong><span style=\"color: #3366ff\">site de l&rsquo;acad\u00e9mie de la R\u00e9union<\/span><\/strong>.<\/p>\n<p><a href=\"https:\/\/www.ac-reunion.fr\/\" target=\"_blank\"><img loading=\"lazy\" decoding=\"async\" class=\"aligncenter size-full wp-image-284\" src=\"https:\/\/etab.ac-reunion.fr\/clg-14eme\/wp-content\/uploads\/sites\/102\/2015\/02\/Capture-site-acad\u00e9mique.jpg\" alt=\"Capture site acad\u00e9mique\" width=\"634\" height=\"167\" srcset=\"https:\/\/etab.ac-reunion.fr\/clg-14eme\/wp-content\/uploads\/sites\/102\/2015\/02\/Capture-site-acad\u00e9mique.jpg 634w, https:\/\/etab.ac-reunion.fr\/clg-14eme\/wp-content\/uploads\/sites\/102\/2015\/02\/Capture-site-acad\u00e9mique-300x79.jpg 300w\" sizes=\"auto, (max-width: 634px) 100vw, 634px\" \/><\/a><\/p>\n","protected":false},"excerpt":{"rendered":"<p>Cliquez sur l&rsquo;image pour acc\u00e9der au site de l&rsquo;acad\u00e9mie de la R\u00e9union.<\/p>\n","protected":false},"author":3664,"featured_media":0,"parent":0,"menu_order":0,"comment_status":"closed","ping_status":"closed","template":"","meta":{"footnotes":""},"class_list":["post-93","page","type-page","status-publish","hentry"],"_links":{"self":[{"href":"https:\/\/etab.ac-reunion.fr\/clg-14eme\/wp-json\/wp\/v2\/pages\/93","targetHints":{"allow":["GET"]}}],"collection":[{"href":"https:\/\/etab.ac-reunion.fr\/clg-14eme\/wp-json\/wp\/v2\/pages"}],"about":[{"href":"https:\/\/etab.ac-reunion.fr\/clg-14eme\/wp-json\/wp\/v2\/types\/page"}],"author":[{"embeddable":true,"href":"https:\/\/etab.ac-reunion.fr\/clg-14eme\/wp-json\/wp\/v2\/users\/3664"}],"replies":[{"embeddable":true,"href":"https:\/\/etab.ac-reunion.fr\/clg-14eme\/wp-json\/wp\/v2\/comments?post=93"}],"version-history":[{"count":3,"href":"https:\/\/etab.ac-reunion.fr\/clg-14eme\/wp-json\/wp\/v2\/pages\/93\/revisions"}],"predecessor-version":[{"id":352,"href":"https:\/\/etab.ac-reunion.fr\/clg-14eme\/wp-json\/wp\/v2\/pages\/93\/revisions\/352"}],"wp:attachment":[{"href":"https:\/\/etab.ac-reunion.fr\/clg-14eme\/wp-json\/wp\/v2\/media?parent=93"}],"curies":[{"name":"wp","href":"https:\/\/api.w.org\/{rel}","templated":true}]}}