{"id":116,"date":"2011-02-12T11:53:43","date_gmt":"2011-02-12T07:53:43","guid":{"rendered":"http:\/\/172.17.144.201\/wordpress\/?page_id=116"},"modified":"2011-02-12T11:53:43","modified_gmt":"2011-02-12T07:53:43","slug":"association-sportive","status":"publish","type":"page","link":"https:\/\/etab.ac-reunion.fr\/clg-achille-grondin\/pedagogie\/eps\/association-sportive\/","title":{"rendered":"Association sportive"},"content":{"rendered":"<p><span style=\"text-decoration: underline\"><strong><span style=\"font-family: 'trebuchet ms', geneva\">Tableau de synth\u00e8se\u00a0de l\u2019ann\u00e9e \u00e9coul\u00e9e :<\/span><\/strong><\/span><\/p>\n<table style=\"width: 550px;border: 1px solid #000000\" border=\"1\" cellspacing=\"0\" cellpadding=\"7\">\n<thead>\n<tr align=\"center\">\n<td style=\"width: 117px\" align=\"center\" valign=\"middle\"><span style=\"color: #008000\"><strong><span style=\"font-family: 'trebuchet ms', geneva\">Activit\u00e9<\/span><\/strong><\/span><\/td>\n<td style=\"width: 117px\" align=\"center\" valign=\"middle\"><span style=\"color: #008000\"><strong><span style=\"font-family: 'trebuchet ms', geneva\">Nombre de licenci\u00e9s et \t\t\tJOFF form\u00e9s<\/span><\/strong><\/span><\/td>\n<td style=\"width: 117px\" align=\"center\" valign=\"middle\"><span style=\"color: #008000\"><strong><span style=\"font-family: 'trebuchet ms', geneva\">Nombre de rencontres<\/span><\/strong><\/span><\/td>\n<td style=\"width: 117px\" align=\"center\" valign=\"middle\"><span style=\"color: #008000\"><strong><span style=\"font-family: 'trebuchet ms', geneva\">Palmar\u00e8s<\/span><\/strong><\/span><\/td>\n<td style=\"width: 117px\" align=\"center\" valign=\"middle\"><span style=\"color: #008000\"><strong><span style=\"font-family: 'trebuchet ms', geneva\">Animateurs<\/span><\/strong><\/span><\/td>\n<\/tr>\n<\/thead>\n<col width=\"117\"><\/col>\n<col width=\"109\"><\/col>\n<col width=\"109\"><\/col>\n<col width=\"109\"><\/col>\n<col width=\"110\"><\/col>\n<tbody>\n<tr valign=\"TOP\">\n<td style=\"width: 117px\" align=\"center\" valign=\"middle\"><span style=\"color: #ff0000\"><strong><span style=\"font-family: 'trebuchet ms', geneva\">Lutte<\/span><\/strong><\/span><\/td>\n<td style=\"width: 117px\" align=\"center\" valign=\"middle\"><span style=\"font-family: 'trebuchet ms', geneva\">56 Licenci\u00e9s<\/span><\/p>\n<p><span style=\"font-family: 'trebuchet ms', geneva\">13 JO\u00a0: 7 district<\/span><\/p>\n<p><span style=\"font-family: 'trebuchet ms', geneva\">4 d\u00e9partemental<\/span><\/p>\n<p><span style=\"font-family: 'trebuchet ms', geneva\">1 acad\u00e9mique<\/span><\/p>\n<p><span style=\"font-family: 'trebuchet ms', geneva\">10 national<\/span><\/td>\n<td style=\"width: 117px\" align=\"center\" valign=\"middle\"><span style=\"font-family: 'trebuchet ms', geneva\">10 rencontres dont\u00a0:<\/span><\/p>\n<p><span style=\"font-family: 'trebuchet ms', geneva\">&#8211; 2 nationales<br \/>\n&#8211; 1 rencontre<\/span><\/p>\n<ul>\n<li><span style=\"font-family: 'trebuchet ms', geneva\">Rodrigues<\/span><\/li>\n<li><span style=\"font-family: 'trebuchet ms', geneva\">M\u00e9tropole<\/span><\/li>\n<li><span style=\"font-family: 'trebuchet ms', geneva\">R\u00e9union<\/span><\/li>\n<\/ul>\n<\/td>\n<td style=\"width: 117px\" align=\"center\" valign=\"middle\"><span style=\"font-family: 'trebuchet ms', geneva\">Chpt deFrance\u00a0:<\/span><\/p>\n<p><span style=\"font-family: 'trebuchet ms', geneva\">Eq MF\u00a0: 1<sup>\u00e8re<\/sup><\/span><\/p>\n<p><span style=\"font-family: 'trebuchet ms', geneva\">Eq MG\u00a0: 1<sup>er<\/sup><\/span><\/p>\n<p><span style=\"font-family: 'trebuchet ms', geneva\">Le coll\u00e8ge\u00a0: 1<sup>er<\/sup> \u00e9tablissement de France<\/span><\/p>\n<p><span style=\"font-family: 'trebuchet ms', geneva\">2 \u00e9l\u00e8ves m\u00e9daill\u00e9s de bronze avec l\u2019\u00e9quipe \t\t\tacad Minime<\/span><\/td>\n<td style=\"width: 117px\" align=\"center\" valign=\"middle\"><span style=\"font-family: 'trebuchet ms', geneva\">Jean-Pascal HENRION<\/span><\/td>\n<\/tr>\n<tr valign=\"TOP\">\n<td style=\"width: 117px\" align=\"center\" valign=\"middle\"><span style=\"color: #ff0000\"><strong><span style=\"font-family: 'trebuchet ms', geneva\">Natation<\/span><\/strong><\/span><\/td>\n<td style=\"width: 117px\" align=\"center\" valign=\"middle\"><span style=\"font-family: 'trebuchet ms', geneva\">26 NAG  8 JO<\/span><span style=\"font-family: 'trebuchet ms', geneva\"><br \/>\n<\/span><\/p>\n<p><span style=\"font-family: 'trebuchet ms', geneva\">7 District<\/span><\/p>\n<p><span style=\"font-family: 'trebuchet ms', geneva\">1 D\u00e9partemental<\/span><\/td>\n<td style=\"width: 117px\" align=\"center\" valign=\"middle\"><span style=\"font-family: 'trebuchet ms', geneva\">6<\/span><\/td>\n<td style=\"width: 117px\" align=\"center\" valign=\"middle\">\n<p lang=\"en-US\"><span style=\"font-family: 'trebuchet ms', geneva\">CH ACAD WP<\/span><\/p>\n<p lang=\"en-US\"><span style=\"font-family: 'trebuchet ms', geneva\">2\u00b0 IND AQUATH<\/span><\/p>\n<\/td>\n<td style=\"width: 117px\" align=\"center\" valign=\"middle\"><span style=\"font-family: 'trebuchet ms', geneva\">Philippe MUNDUBELTZ<\/span><\/td>\n<\/tr>\n<tr valign=\"TOP\">\n<td style=\"width: 117px\" align=\"center\" valign=\"middle\"><span style=\"color: #ff0000\"><strong><span style=\"font-family: 'trebuchet ms', geneva\">Badminton<\/span><\/strong><\/span><\/td>\n<td style=\"width: 117px\" align=\"center\" valign=\"middle\"><span style=\"font-family: 'trebuchet ms', geneva\">30 licenci\u00e9s dont 7 \t\t\tfilles.<\/span><span style=\"font-family: 'trebuchet ms', geneva\"><br \/>\n<\/span><\/p>\n<p><span style=\"font-family: 'trebuchet ms', geneva\">8 jeunes officiels niveau district.<\/span><\/td>\n<td style=\"width: 117px\" align=\"center\" valign=\"middle\"><span style=\"font-family: 'trebuchet ms', geneva\">7 rencontres.<\/span><\/td>\n<td style=\"width: 117px\" align=\"center\" valign=\"middle\"><span style=\"font-family: 'trebuchet ms', geneva\">Qualifications pour les finales de district en \t\t\tbenjamins et minimes.<\/span><\/td>\n<td style=\"width: 117px\" align=\"center\" valign=\"middle\"><span style=\"font-family: 'trebuchet ms', geneva\">Ludovic ULRICI<\/span><\/td>\n<\/tr>\n<tr valign=\"TOP\">\n<td style=\"width: 117px\" align=\"center\" valign=\"middle\"><span style=\"color: #ff0000\"><strong><span style=\"font-family: 'trebuchet ms', geneva\">Tennis de Table<\/span><\/strong><\/span><\/td>\n<td style=\"width: 117px\" align=\"center\" valign=\"middle\"><span style=\"font-family: 'trebuchet ms', geneva\">20<\/span><\/td>\n<td style=\"width: 117px\" align=\"center\" valign=\"middle\"><span style=\"font-family: 'trebuchet ms', geneva\">District<\/span><\/td>\n<td style=\"width: 117px\" align=\"center\" valign=\"middle\"><span style=\"font-family: 'trebuchet ms', geneva\"> <\/span><\/td>\n<td style=\"width: 117px\" align=\"center\" valign=\"middle\"><span style=\"font-family: 'trebuchet ms', geneva\">Michel YEDRA<\/span><\/td>\n<\/tr>\n<tr valign=\"TOP\">\n<td style=\"width: 117px\" align=\"center\" valign=\"middle\"><span style=\"color: #ff0000\"><strong><span style=\"font-family: 'trebuchet ms', geneva\">Escalade<\/span><\/strong><\/span><\/td>\n<td style=\"width: 117px\" align=\"center\" valign=\"middle\"><span style=\"font-family: 'trebuchet ms', geneva\">13<\/span><\/td>\n<td style=\"width: 117px\" align=\"center\" valign=\"middle\"><span style=\"font-family: 'trebuchet ms', geneva\"> <\/span><\/td>\n<td style=\"width: 117px\" align=\"center\" valign=\"middle\"><span style=\"font-family: 'trebuchet ms', geneva\"> <\/span><\/td>\n<td style=\"width: 117px\" align=\"center\" valign=\"middle\"><span style=\"font-family: 'trebuchet ms', geneva\">Brigitte GUIDONI<\/span><\/td>\n<\/tr>\n<tr valign=\"TOP\">\n<td style=\"width: 117px\" align=\"center\" valign=\"middle\"><span style=\"color: #ff0000\"><strong><span style=\"font-family: 'trebuchet ms', geneva\">Football<\/span><\/strong><\/span><\/td>\n<td style=\"width: 117px\" align=\"center\" valign=\"middle\"><span style=\"font-family: 'trebuchet ms', geneva\">18 licenci\u00e9s<\/span><\/td>\n<td style=\"width: 117px\" align=\"center\" valign=\"middle\"><span style=\"font-family: 'trebuchet ms', geneva\">5, mais de nombreux matches  \u00ab\u00a0amicaux\u00a0\u00bb \t\t\tpar manque de comp\u00e9titeurs<\/span><\/td>\n<td style=\"width: 117px\" align=\"center\" valign=\"middle\"><span style=\"font-family: 'trebuchet ms', geneva\">Champions district en \t\t\tcadet<\/span><\/td>\n<td style=\"width: 117px\" align=\"center\" valign=\"middle\"><span style=\"font-family: 'trebuchet ms', geneva\">Pascal VILLONS<\/span><\/td>\n<\/tr>\n<tr valign=\"TOP\">\n<td style=\"width: 117px\" align=\"center\" valign=\"middle\"><span style=\"color: #ff0000\"><strong><span style=\"font-family: 'trebuchet ms', geneva\">VTT<\/span><\/strong><\/span><\/td>\n<td style=\"width: 117px\" align=\"center\" valign=\"middle\"><span style=\"font-family: 'trebuchet ms', geneva\">45 licenci\u00e9s, dont 35 en section sportive. 8 \t\t\tJOFF, dont 3 valid\u00e9s au niveau acad\u00e9mique et un au niveau \t\t\tnational lors des Championnats de France<\/span><\/td>\n<td style=\"width: 117px\" align=\"center\" valign=\"middle\"><span style=\"font-family: 'trebuchet ms', geneva\">5, dont l\u2019organisation des Championnats \t\t\td\u2019Acad\u00e9mie \u00e0 Saint-Joseph<\/span><\/td>\n<td style=\"width: 117px\" align=\"center\" valign=\"middle\"><span style=\"font-family: 'trebuchet ms', geneva\">Champions et Vice \t\t\tchampions d\u2019Acad\u00e9mie en cat\u00e9gorie Excellence Coll\u00e8ge Gar\u00e7ons<\/span><span style=\"font-family: 'trebuchet ms', geneva\"><br \/>\n<\/span><\/p>\n<p><span style=\"font-family: 'trebuchet ms', geneva\">29\u00e8mes sur 34 aux Championnats de France UNSS<\/span><\/td>\n<td style=\"width: 117px\" align=\"center\" valign=\"middle\"><span style=\"font-family: 'trebuchet ms', geneva\">Marc SERGENT et Laurent LAMI<\/span><\/td>\n<\/tr>\n<tr valign=\"TOP\">\n<td style=\"width: 117px\" align=\"center\" valign=\"middle\"><span style=\"color: #ff0000\"><strong><span style=\"font-family: 'trebuchet ms', geneva\">Tennis<\/span><\/strong><\/span><\/td>\n<td style=\"width: 117px\" align=\"center\" valign=\"middle\"><span style=\"font-family: 'trebuchet ms', geneva\">5 licenci\u00e9s en excellence. 3 jeunes officiels \t\t\tniveau acad\u00e9mique et 2 jeunes officiels niveau national.<\/span><\/td>\n<td style=\"width: 117px\" align=\"center\" valign=\"middle\"><span style=\"font-family: 'trebuchet ms', geneva\">1 rencontre \u00e0 La \t\t\tR\u00e9union (finale acad\u00e9mique).<\/span><span style=\"font-family: 'trebuchet ms', geneva\"><br \/>\n<\/span><\/p>\n<p><span style=\"font-family: 'trebuchet ms', geneva\">Championnat de France excellence coll\u00e8ge \u00e0 \t\t\tEvreux.<\/span><\/td>\n<td style=\"width: 117px\" align=\"center\" valign=\"middle\"><span style=\"font-family: 'trebuchet ms', geneva\">Champion acad\u00e9mique \t\t\ttennis excellence coll\u00e8ges.<\/span><span style=\"font-family: 'trebuchet ms', geneva\"><br \/>\n<\/span><\/p>\n<p><span style=\"font-family: 'trebuchet ms', geneva\">8<sup>\u00e8me<\/sup> sur 8 au championnat de France.<\/span><\/td>\n<td style=\"width: 117px\" align=\"center\" valign=\"middle\"><span style=\"font-family: 'trebuchet ms', geneva\">Ludovic ULRICI<\/span><\/td>\n<\/tr>\n<tr valign=\"TOP\">\n<td style=\"width: 117px\" align=\"center\" valign=\"middle\"><span style=\"color: #ff0000\"><strong><span style=\"font-family: 'trebuchet ms', geneva\">Athl\u00e9tisme<\/span><\/strong><\/span><\/td>\n<td style=\"width: 117px\" align=\"center\" valign=\"middle\"><span style=\"font-family: 'trebuchet ms', geneva\">50<\/span><\/td>\n<td style=\"width: 117px\" align=\"center\" valign=\"middle\"><span style=\"font-family: 'trebuchet ms', geneva\">Participation au Cross-country du district sud<\/span><\/td>\n<td style=\"width: 117px\" align=\"center\" valign=\"middle\"><span style=\"font-family: 'trebuchet ms', geneva\">1 \u00e9quipe et 2 indiv qualifi\u00e9s aux acad<\/span><\/td>\n<td style=\"width: 117px\" align=\"center\" valign=\"middle\"><span style=\"font-family: 'trebuchet ms', geneva\">Tous les animateurs de l\u2019AS<\/span><\/td>\n<\/tr>\n<\/tbody>\n<\/table>\n<p><span style=\"text-decoration: underline\"><strong><span style=\"font-family: 'trebuchet ms', geneva\">Au plan sportif\u00a0:<\/span><\/strong><\/span><\/p>\n<p><span style=\"font-family: 'trebuchet ms', geneva\">32 licenci\u00e9s ont particip\u00e9 aux Championnats de France UNNS cette ann\u00e9e. Un record pour notre \u00e9tablissement\u00a0: 4 \u00e9quipes en Lutte, une en Tennis et une en VTT.<\/span><\/p>\n<p><span style=\"font-family: 'trebuchet ms', geneva\">Deux titres de Champions de France en Lutte. 7 titres de Champions d\u2019Acad\u00e9mie.<\/span><\/p>\n<p><span style=\"font-family: 'trebuchet ms', geneva\">2010\u00a0: un bon cru\u00a0!!!<\/span><\/p>\n<p><span style=\"font-family: 'trebuchet ms', geneva\">Esp\u00e9rons que 2011 sera aussi \u00e9blouissant\u2026<\/span><\/p>\n<p><span style=\"text-decoration: underline\"><strong><span style=\"font-family: 'trebuchet ms', geneva\">Au plan \u00e9ducatif\u00a0:<\/span><\/strong><\/span><\/p>\n<p><span style=\"font-family: 'trebuchet ms', geneva\">186 licenci\u00e9s, mais 263 pratiquants\u00a0: certains \u00e9l\u00e8ves pratiquent plusieurs activit\u00e9s dans l\u2019ann\u00e9e, ce qui est tr\u00e8s positif. Ils se sentent bien dans leur AS et en profitent \u00e0 fond. C\u2019est notre objectif principal avec les d\u00e9placements aux Championnats de France UNSS.<\/span><\/p>\n<p><span style=\"font-family: 'trebuchet ms', geneva\">Ces d\u00e9placements constituent un puissant levier \u00e9ducatif pour nos \u00e9l\u00e8ves\u00a0: ils sont motiv\u00e9s pour s\u2019entra\u00eener, pour progresser. Transmettre aux autres leur exp\u00e9rience du voyage, de la comp\u00e9tition, leur envie de participer, de se confronter. Cette dynamique, instaur\u00e9e maintenant depuis plusieurs ann\u00e9es autour de la section Lutte, a construit une identit\u00e9 forte au sein de notre AS. Elle a d\u2019ailleurs acquis cette ann\u00e9e une reconnaissance nationale\u00a0avec le titre premier \u00e9tablissement de France en Lutte coll\u00e8ge et l\u2019accord de l\u2019ouverture d\u2019un p\u00f4le d\u2019entra\u00eenement Lutte pour l\u2019ann\u00e9e prochaine. Les familles et les \u00e9l\u00e8ves s\u2019investissement \u00e0 fond dans le projet de leur AS qui constitue pour ces derniers une chance d\u2019\u00e9panouissement au travers des voyages et des rencontres.<\/span><\/p>\n<p><span style=\"text-decoration: underline\"><strong><span style=\"font-family: 'trebuchet ms', geneva\">Au plan financier\u00a0:<\/span><\/strong><\/span><\/p>\n<p><span style=\"font-family: 'trebuchet ms', geneva\">D\u00e9penses\u00a0: 44\u00a0000. Recettes\u00a0: 41\u00a0800. Environ 9000 euros sur le compte actuellement.<\/span><\/p>\n<p><span style=\"text-decoration: underline\"><strong><span style=\"font-family: 'trebuchet ms', geneva\">Perspectives\u00a0pour l\u2019ann\u00e9e 2010\/2011 :<\/span><\/strong><\/span><\/p>\n<p><span style=\"font-family: 'trebuchet ms', geneva\">Atteindre la barre symbolique des 200 licenci\u00e9s.<\/span><\/p>\n<p><span style=\"font-family: 'trebuchet ms', geneva\">Participer aux rencontres locales et nationales.<\/span><\/p>\n<p><span style=\"font-family: 'trebuchet ms', geneva\">Organisation de stages et de sorties \u00e0 La R\u00e9union.<\/span><\/p>\n<p><span style=\"font-family: 'trebuchet ms', geneva\">Laurent LAMI,<\/span><\/p>\n<p><span style=\"font-family: 'trebuchet ms', geneva\">Secr\u00e9taire de l\u2019AS.<\/span><\/p>\n<!-- AddThis Advanced Settings generic via filter on the_content --><!-- AddThis Share Buttons generic via filter on the_content -->","protected":false},"excerpt":{"rendered":"<p>Tableau de synth\u00e8se\u00a0de l\u2019ann\u00e9e \u00e9coul\u00e9e : Activit\u00e9 Nombre de licenci\u00e9s et JOFF form\u00e9s Nombre de rencontres Palmar\u00e8s Animateurs Lutte 56 Licenci\u00e9s 13 JO\u00a0: 7 district 4 d\u00e9partemental 1 acad\u00e9mique 10 national 10 rencontres dont\u00a0: &#8211; 2 nationales &#8211; 1 rencontre Rodrigues M\u00e9tropole R\u00e9union Chpt deFrance\u00a0: Eq MF\u00a0: 1\u00e8re Eq MG\u00a0: 1er Le coll\u00e8ge\u00a0: 1er \u00e9tablissement [&hellip;]<!-- AddThis Advanced Settings generic via filter on get_the_excerpt --><!-- AddThis Share Buttons generic via filter on get_the_excerpt --><\/p>\n","protected":false},"author":2249,"featured_media":0,"parent":242,"menu_order":0,"comment_status":"closed","ping_status":"closed","template":"","meta":{"footnotes":""},"class_list":["post-116","page","type-page","status-publish","hentry"],"_links":{"self":[{"href":"https:\/\/etab.ac-reunion.fr\/clg-achille-grondin\/wp-json\/wp\/v2\/pages\/116","targetHints":{"allow":["GET"]}}],"collection":[{"href":"https:\/\/etab.ac-reunion.fr\/clg-achille-grondin\/wp-json\/wp\/v2\/pages"}],"about":[{"href":"https:\/\/etab.ac-reunion.fr\/clg-achille-grondin\/wp-json\/wp\/v2\/types\/page"}],"author":[{"embeddable":true,"href":"https:\/\/etab.ac-reunion.fr\/clg-achille-grondin\/wp-json\/wp\/v2\/users\/2249"}],"replies":[{"embeddable":true,"href":"https:\/\/etab.ac-reunion.fr\/clg-achille-grondin\/wp-json\/wp\/v2\/comments?post=116"}],"version-history":[{"count":0,"href":"https:\/\/etab.ac-reunion.fr\/clg-achille-grondin\/wp-json\/wp\/v2\/pages\/116\/revisions"}],"up":[{"embeddable":true,"href":"https:\/\/etab.ac-reunion.fr\/clg-achille-grondin\/wp-json\/wp\/v2\/pages\/242"}],"wp:attachment":[{"href":"https:\/\/etab.ac-reunion.fr\/clg-achille-grondin\/wp-json\/wp\/v2\/media?parent=116"}],"curies":[{"name":"wp","href":"https:\/\/api.w.org\/{rel}","templated":true}]}}