{"id":301,"date":"2011-09-21T11:34:55","date_gmt":"2011-09-21T07:34:55","guid":{"rendered":"http:\/\/college-achille-grondin.ac-reunion.fr\/?page_id=301"},"modified":"2020-11-16T04:10:32","modified_gmt":"2020-11-16T00:10:32","slug":"modele-de-compte-rendu-de-tp","status":"publish","type":"page","link":"https:\/\/etab.ac-reunion.fr\/clg-achille-grondin\/pedagogie\/svt\/modele-de-compte-rendu-de-tp\/","title":{"rendered":"Fiche m\u00e9thode : le TP et son compte-rendu"},"content":{"rendered":"<p>NOM<br \/>\nPr\u00e9nom<br \/>\nClasse<\/p>\n<p align=\"center\">TP de SVT n\u00b0 \u2026..\u00a0: titre du TP<\/p>\n<div align=\"center\">\n<table style=\"width: 100%;height: 50%\" border=\"1\">\n<tbody>\n<tr>\n<td><\/td>\n<\/tr>\n<\/tbody>\n<\/table>\n<\/div>\n<p style=\"text-align: justify\"><strong>Objectif(s) du TP<\/strong>\u00a0: \u00e9crire en quelques mots (une ou deux phrases) ce que vous allez chercher dans ce TP, le but des manipulations r\u00e9alis\u00e9es<br \/>\n\u2022 <strong>Pr\u00e9sentation de la manipulation<\/strong>\u00a0: Vous expliquez en quelques lignes (ne pas r\u00e9\u00e9crire le texte de la feuille du TP\u00a0!) la manipulation que vous allez effectuer. L\u2019accompagner si n\u00e9cessaire et quand cela est possible, d\u2019un petit sch\u00e9ma.<br \/>\n\u2022 <strong>R\u00e9sultats ou observations<\/strong>\u00a0: donner les observations, ce qui s\u2019est produit, ce que vous avez vu ou mesur\u00e9 (la taille des graines germ\u00e9es, la quantit\u00e9 de dioxyg\u00e8ne, la couleur de l\u2019eau de chaux, \u2026 bref tout ce qui a chang\u00e9 par rapport \u00e0 l\u2019\u00e9tat initial)<\/p>\n<p style=\"text-align: justify\">\n<p style=\"text-align: justify\">\u2022 <strong>Interpr\u00e9tation des r\u00e9sultats <\/strong>: C\u2019est l\u2019explication de ce qui a \u00e9t\u00e9 observ\u00e9<\/p>\n<p style=\"text-align: justify\">Exemple\u00a0de r\u00e9sultat\u00a0: la quantit\u00e9 de dioxyg\u00e8ne a diminu\u00e9<\/p>\n<p style=\"text-align: justify\">Interpr\u00e9tation\u00a0: \u00e7a veut dire que l\u2019escargot l\u2019a consomm\u00e9<\/p>\n<p style=\"text-align: justify\">\n<p style=\"text-align: justify\">\u2022 <strong>Conclusion<\/strong>\u00a0: elle repr\u00e9sente un <span style=\"text-decoration: underline\">r\u00e9sum\u00e9<\/span> de ce que l\u2019on a d\u00e9couvert en TP. Elle regroupe l\u2019ensemble des interpr\u00e9tations de vos r\u00e9sultats (il ne s\u2019agit pas de recopier tout le paragraphe pr\u00e9c\u00e9dent, mais d\u2019en faire une synth\u00e8se). Elle doit donc r\u00e9pondre aux questions \u00e9ventuellement pos\u00e9es pour vous aider.<\/p>\n<p style=\"text-align: justify\">Exemple d\u2019interpr\u00e9tation\u00a0: l\u2019escargot a consomm\u00e9 du dioxyg\u00e8ne et du dioxyde de carbone<\/p>\n<p style=\"text-align: justify\">Conclusion correspondante\u00a0: Nous avons mis en \u00e9vidence que l\u2019escargot respire.<\/p>\n<p style=\"text-align: justify\">\n<p style=\"text-align: justify\"><span style=\"text-decoration: underline\"><strong>Quelques remarques\u00a0importantes :<\/strong> <\/span><\/p>\n<p><span style=\"text-decoration: underline\"><strong>&#8211;\u00a0\u00a0\u00a0\u00a0\u00a0\u00a0\u00a0 pour le compte-rendu\u00a0: <\/strong><\/span><\/p>\n<p>Si vous avez plusieurs exp\u00e9riences (ou plusieurs groupes dans la salle avec des \u00e9chantillons diff\u00e9rents), refaire pour chacune d\u2019entre elles tout ce qui est \u00e9crit ci-dessus. Si elles sont similaires, \u00e9crire simplement que les m\u00eames manipulations ont \u00e9t\u00e9 r\u00e9p\u00e9t\u00e9es pour les autres cas. N\u2019oubliez pas cependant de donner tous les r\u00e9sultats.<\/p>\n<p style=\"text-align: justify\"><span style=\"text-decoration: underline\"><strong>&#8211;\u00a0\u00a0\u00a0\u00a0\u00a0\u00a0\u00a0 Pendant la s\u00e9ance de TP\u00a0:<\/strong><\/span><\/p>\n<ul>\n<li style=\"text-align: justify\">Bien lire les consignes de manipulation et de s\u00e9curit\u00e9 et\/ou \u00e9couter les consignes donn\u00e9es par le professeur.<\/li>\n<li style=\"text-align: justify\">Commencez la manipulation quand le professeur en donne l\u2019ordre. Ne pas oublier de noter les \u00e9ventuels r\u00e9sultats, au brouillon ou directement sur le compte rendu, pendant que l\u2019on manipule, ainsi que tout ce que l\u2019on peut observer d\u2019int\u00e9ressant.<\/li>\n<li>\n<p style=\"text-align: justify\">Une fois la manipulation termin\u00e9e, ranger le mat\u00e9riel dans un coin de la paillasse (et le nettoyer \u00e9ventuellement) et reprendre la r\u00e9daction du compte rendu<\/p>\n<\/li>\n<\/ul>\n<!-- AddThis Advanced Settings generic via filter on the_content --><!-- AddThis Share Buttons generic via filter on the_content -->","protected":false},"excerpt":{"rendered":"<p>NOM Pr\u00e9nom Classe TP de SVT n\u00b0 \u2026..\u00a0: titre du TP Objectif(s) du TP\u00a0: \u00e9crire en quelques mots (une ou deux phrases) ce que vous allez chercher dans ce TP, le but des manipulations r\u00e9alis\u00e9es \u2022 Pr\u00e9sentation de la manipulation\u00a0: Vous expliquez en quelques lignes (ne pas r\u00e9\u00e9crire le texte de la feuille du TP\u00a0!) [&hellip;]<!-- AddThis Advanced Settings generic via filter on get_the_excerpt --><!-- AddThis Share Buttons generic via filter on get_the_excerpt --><\/p>\n","protected":false},"author":2249,"featured_media":0,"parent":299,"menu_order":0,"comment_status":"closed","ping_status":"open","template":"","meta":{"footnotes":""},"class_list":["post-301","page","type-page","status-publish","hentry"],"_links":{"self":[{"href":"https:\/\/etab.ac-reunion.fr\/clg-achille-grondin\/wp-json\/wp\/v2\/pages\/301","targetHints":{"allow":["GET"]}}],"collection":[{"href":"https:\/\/etab.ac-reunion.fr\/clg-achille-grondin\/wp-json\/wp\/v2\/pages"}],"about":[{"href":"https:\/\/etab.ac-reunion.fr\/clg-achille-grondin\/wp-json\/wp\/v2\/types\/page"}],"author":[{"embeddable":true,"href":"https:\/\/etab.ac-reunion.fr\/clg-achille-grondin\/wp-json\/wp\/v2\/users\/2249"}],"replies":[{"embeddable":true,"href":"https:\/\/etab.ac-reunion.fr\/clg-achille-grondin\/wp-json\/wp\/v2\/comments?post=301"}],"version-history":[{"count":2,"href":"https:\/\/etab.ac-reunion.fr\/clg-achille-grondin\/wp-json\/wp\/v2\/pages\/301\/revisions"}],"predecessor-version":[{"id":4171,"href":"https:\/\/etab.ac-reunion.fr\/clg-achille-grondin\/wp-json\/wp\/v2\/pages\/301\/revisions\/4171"}],"up":[{"embeddable":true,"href":"https:\/\/etab.ac-reunion.fr\/clg-achille-grondin\/wp-json\/wp\/v2\/pages\/299"}],"wp:attachment":[{"href":"https:\/\/etab.ac-reunion.fr\/clg-achille-grondin\/wp-json\/wp\/v2\/media?parent=301"}],"curies":[{"name":"wp","href":"https:\/\/api.w.org\/{rel}","templated":true}]}}