{"id":67,"date":"2011-02-11T13:10:22","date_gmt":"2011-02-11T09:10:22","guid":{"rendered":"http:\/\/172.17.144.201\/wordpress\/?page_id=67"},"modified":"2024-09-12T16:16:07","modified_gmt":"2024-09-12T12:16:07","slug":"lhistoire","status":"publish","type":"page","link":"https:\/\/etab.ac-reunion.fr\/clg-achille-grondin\/lhistoire\/","title":{"rendered":"L&rsquo;histoire"},"content":{"rendered":"<p>Lorsqu\u2019il a ouvert ses portes, dans les ann\u00e9es 50, l\u2019\u00e9tablissement \u00e9tait d\u2019abord une \u00e9cole primaire pour gar\u00e7ons avant de devenir un cours compl\u00e9mentaire mixte jusqu\u2019\u00e0 la fin des ann\u00e9es 60. <a href=\"https:\/\/etab.ac-reunion.fr\/clg-achille-grondin\/wp-content\/uploads\/sites\/95\/2011\/02\/Coll\u00e8ge-Sang-Dragons3-1024x689.jpg\"><img loading=\"lazy\" decoding=\"async\" class=\"alignnone size-medium wp-image-276\" title=\"CEG Gar\u00e7ons\" src=\"https:\/\/etab.ac-reunion.fr\/clg-achille-grondin\/wp-content\/uploads\/sites\/95\/2011\/02\/Coll\u00e8ge-Sang-Dragons3-1024x689-300x201.jpg\" alt=\"\" width=\"300\" height=\"201\" srcset=\"https:\/\/etab.ac-reunion.fr\/clg-achille-grondin\/wp-content\/uploads\/sites\/95\/2011\/02\/Coll\u00e8ge-Sang-Dragons3-1024x689-300x201.jpg 300w, https:\/\/etab.ac-reunion.fr\/clg-achille-grondin\/wp-content\/uploads\/sites\/95\/2011\/02\/Coll\u00e8ge-Sang-Dragons3-1024x689-140x94.jpg 140w, https:\/\/etab.ac-reunion.fr\/clg-achille-grondin\/wp-content\/uploads\/sites\/95\/2011\/02\/Coll\u00e8ge-Sang-Dragons3-1024x689.jpg 1024w\" sizes=\"auto, (max-width: 300px) 100vw, 300px\" \/><\/a><\/p>\n<p>Il s\u2019appellera ensuite CEG de gar\u00e7ons jusqu\u2019en 1971, ann\u00e9e o\u00f9 l\u2019\u00e9cole primaire fut transf\u00e9r\u00e9e dans l\u2019ancien CEG filles. Avec la r\u00e9forme Haby de\u00a0<strong>1975 <\/strong>instaurant le coll\u00e8ge unique, et apr\u00e8s avoir \u00e9t\u00e9 le CES Municipal, le coll\u00e8ge devient coll\u00e8ge d\u2019\u00c9tat\u00a0; il sera alors appel\u00e9\u00a0<strong>CES Nationalis\u00e9<\/strong> pour le distinguer de l\u2019autre coll\u00e8ge de la ville qui porte le nom de CES<\/p>\n<p>d\u2019\u00c9tat.<\/p>\n<p><a href=\"https:\/\/etab.ac-reunion.fr\/clg-achille-grondin\/wp-content\/uploads\/sites\/95\/2011\/02\/DSC000017-1024x768.jpg\"><img loading=\"lazy\" decoding=\"async\" class=\"alignnone size-medium wp-image-275\" title=\"Coll\u00e8ge les Sang-Dragons\" src=\"https:\/\/etab.ac-reunion.fr\/clg-achille-grondin\/wp-content\/uploads\/sites\/95\/2011\/02\/DSC000017-1024x768-300x225.jpg\" alt=\"\" width=\"300\" height=\"225\" srcset=\"https:\/\/etab.ac-reunion.fr\/clg-achille-grondin\/wp-content\/uploads\/sites\/95\/2011\/02\/DSC000017-1024x768-300x225.jpg 300w, https:\/\/etab.ac-reunion.fr\/clg-achille-grondin\/wp-content\/uploads\/sites\/95\/2011\/02\/DSC000017-1024x768.jpg 1024w\" sizes=\"auto, (max-width: 300px) 100vw, 300px\" \/><\/a><\/p>\n<p>A partir de l\u2019ann\u00e9e scolaire<strong> 1983\/1984<\/strong> l\u2019\u00e9tablissement prend le nom de\u00a0<strong>Coll\u00e8ge les Sang-Dragons<\/strong> en raison de la pr\u00e9sence d\u2019arbres du m\u00eame nom poussant dans la cour.<\/p>\n<p>&nbsp;<\/p>\n<p>C\u2019est en\u00a0<strong>2009<\/strong> que le\u00a0<strong>Coll\u00e8ge Achille Grondin<\/strong> ouvre ses portes. Il doit son nom au premier Principal du coll\u00e8ge Achille Grondin.<\/p>\n<!-- AddThis Advanced Settings generic via filter on the_content --><!-- AddThis Share Buttons generic via filter on the_content -->","protected":false},"excerpt":{"rendered":"<p>Lorsqu\u2019il a ouvert ses portes, dans les ann\u00e9es 50, l\u2019\u00e9tablissement \u00e9tait d\u2019abord une \u00e9cole primaire pour gar\u00e7ons avant de devenir un cours compl\u00e9mentaire mixte jusqu\u2019\u00e0 la fin des ann\u00e9es 60. Il s\u2019appellera ensuite CEG de gar\u00e7ons jusqu\u2019en 1971, ann\u00e9e o\u00f9 l\u2019\u00e9cole primaire fut transf\u00e9r\u00e9e dans l\u2019ancien CEG filles. Avec la r\u00e9forme Haby de\u00a01975 instaurant le [&hellip;]<!-- AddThis Advanced Settings generic via filter on get_the_excerpt --><!-- AddThis Share Buttons generic via filter on get_the_excerpt --><\/p>\n","protected":false},"author":2249,"featured_media":0,"parent":0,"menu_order":0,"comment_status":"closed","ping_status":"closed","template":"","meta":{"footnotes":""},"class_list":["post-67","page","type-page","status-publish","hentry"],"_links":{"self":[{"href":"https:\/\/etab.ac-reunion.fr\/clg-achille-grondin\/wp-json\/wp\/v2\/pages\/67","targetHints":{"allow":["GET"]}}],"collection":[{"href":"https:\/\/etab.ac-reunion.fr\/clg-achille-grondin\/wp-json\/wp\/v2\/pages"}],"about":[{"href":"https:\/\/etab.ac-reunion.fr\/clg-achille-grondin\/wp-json\/wp\/v2\/types\/page"}],"author":[{"embeddable":true,"href":"https:\/\/etab.ac-reunion.fr\/clg-achille-grondin\/wp-json\/wp\/v2\/users\/2249"}],"replies":[{"embeddable":true,"href":"https:\/\/etab.ac-reunion.fr\/clg-achille-grondin\/wp-json\/wp\/v2\/comments?post=67"}],"version-history":[{"count":1,"href":"https:\/\/etab.ac-reunion.fr\/clg-achille-grondin\/wp-json\/wp\/v2\/pages\/67\/revisions"}],"predecessor-version":[{"id":669,"href":"https:\/\/etab.ac-reunion.fr\/clg-achille-grondin\/wp-json\/wp\/v2\/pages\/67\/revisions\/669"}],"wp:attachment":[{"href":"https:\/\/etab.ac-reunion.fr\/clg-achille-grondin\/wp-json\/wp\/v2\/media?parent=67"}],"curies":[{"name":"wp","href":"https:\/\/api.w.org\/{rel}","templated":true}]}}