{"id":10235,"date":"2023-06-10T15:21:04","date_gmt":"2023-06-10T11:21:04","guid":{"rendered":"https:\/\/etab.ac-reunion.fr\/clg-adam-de-villiers\/?page_id=10235"},"modified":"2023-06-10T15:24:44","modified_gmt":"2023-06-10T11:24:44","slug":"fiche-dodonea-viscosa-viscosa","status":"publish","type":"page","link":"https:\/\/etab.ac-reunion.fr\/clg-adam-de-villiers\/education-au-developpement-durable\/les-fiches-botaniques\/fiche-dodonea-viscosa-viscosa\/","title":{"rendered":"Fiche Dodonea viscosa viscosa"},"content":{"rendered":"<div class=\"wp-block-image\">\n<figure class=\"aligncenter size-full is-resized\"><img loading=\"lazy\" decoding=\"async\" src=\"https:\/\/etab.ac-reunion.fr\/clg-adam-de-villiers\/wp-content\/uploads\/sites\/134\/2022\/04\/logo-page-en-construction.png\" alt=\"\" class=\"wp-image-8493\" width=\"600\" height=\"225\" srcset=\"https:\/\/etab.ac-reunion.fr\/clg-adam-de-villiers\/wp-content\/uploads\/sites\/134\/2022\/04\/logo-page-en-construction.png 800w, https:\/\/etab.ac-reunion.fr\/clg-adam-de-villiers\/wp-content\/uploads\/sites\/134\/2022\/04\/logo-page-en-construction-500x188.png 500w, https:\/\/etab.ac-reunion.fr\/clg-adam-de-villiers\/wp-content\/uploads\/sites\/134\/2022\/04\/logo-page-en-construction-768x288.png 768w, https:\/\/etab.ac-reunion.fr\/clg-adam-de-villiers\/wp-content\/uploads\/sites\/134\/2022\/04\/logo-page-en-construction-150x56.png 150w\" sizes=\"auto, (max-width: 600px) 100vw, 600px\" \/><\/figure>\n<\/div>\n\n\n<p>Nom scientifique&nbsp;: Dodonea viscosa vari\u00e9t\u00e9 viscosa<\/p>\n\n\n\n<p>Nom \u00e0 La R\u00e9union&nbsp;: Bois d&rsquo;arnette \u00e0 grandes feuilles<\/p>\n\n\n\n<p>Famille&nbsp;: Sapindac\u00e9es<\/p>\n\n\n\n<p>Origine&nbsp;: indig\u00e8ne cosmopolite (Afrique et Ouest oc\u00e9an indien)<\/p>\n\n\n\n<p>Statut : LC (pr\u00e9occupation mineure)<\/p>\n\n\n<div class=\"wp-block-image\">\n<figure class=\"aligncenter size-large\"><img loading=\"lazy\" decoding=\"async\" width=\"683\" height=\"1024\" src=\"https:\/\/etab.ac-reunion.fr\/clg-adam-de-villiers\/wp-content\/uploads\/sites\/134\/2023\/06\/Dodonea-viscosa-viscosa-683x1024.jpg\" alt=\"\" class=\"wp-image-10204\" srcset=\"https:\/\/etab.ac-reunion.fr\/clg-adam-de-villiers\/wp-content\/uploads\/sites\/134\/2023\/06\/Dodonea-viscosa-viscosa-683x1024.jpg 683w, https:\/\/etab.ac-reunion.fr\/clg-adam-de-villiers\/wp-content\/uploads\/sites\/134\/2023\/06\/Dodonea-viscosa-viscosa-333x500.jpg 333w, https:\/\/etab.ac-reunion.fr\/clg-adam-de-villiers\/wp-content\/uploads\/sites\/134\/2023\/06\/Dodonea-viscosa-viscosa-768x1152.jpg 768w, https:\/\/etab.ac-reunion.fr\/clg-adam-de-villiers\/wp-content\/uploads\/sites\/134\/2023\/06\/Dodonea-viscosa-viscosa-100x150.jpg 100w, https:\/\/etab.ac-reunion.fr\/clg-adam-de-villiers\/wp-content\/uploads\/sites\/134\/2023\/06\/Dodonea-viscosa-viscosa.jpg 800w\" sizes=\"auto, (max-width: 683px) 100vw, 683px\" \/><\/figure>\n<\/div>","protected":false},"excerpt":{"rendered":"<p>Nom scientifique&nbsp;: Dodonea viscosa vari\u00e9t\u00e9 viscosa Nom \u00e0 La R\u00e9union&nbsp;: Bois d&rsquo;arnette \u00e0 grandes feuilles Famille&nbsp;: Sapindac\u00e9es Origine&nbsp;: indig\u00e8ne cosmopolite (Afrique et Ouest oc\u00e9an indien) Statut : LC (pr\u00e9occupation mineure)<\/p>\n<p> <a class=\"continue-reading-link\" href=\"https:\/\/etab.ac-reunion.fr\/clg-adam-de-villiers\/education-au-developpement-durable\/les-fiches-botaniques\/fiche-dodonea-viscosa-viscosa\/\"><span>Lire l&rsquo;article<\/span><i class=\"crycon-right-dir\"><\/i><\/a> <\/p>\n","protected":false},"author":9172,"featured_media":0,"parent":8296,"menu_order":0,"comment_status":"closed","ping_status":"closed","template":"","meta":{"_EventAllDay":false,"_EventTimezone":"","_EventStartDate":"","_EventEndDate":"","_EventStartDateUTC":"","_EventEndDateUTC":"","_EventShowMap":false,"_EventShowMapLink":false,"_EventURL":"","_EventCost":"","_EventCostDescription":"","_EventCurrencySymbol":"","_EventCurrencyCode":"","_EventCurrencyPosition":"","_EventDateTimeSeparator":"","_EventTimeRangeSeparator":"","_EventOrganizerID":[],"_EventVenueID":[],"_OrganizerEmail":"","_OrganizerPhone":"","_OrganizerWebsite":"","_VenueAddress":"","_VenueCity":"","_VenueCountry":"","_VenueProvince":"","_VenueState":"","_VenueZip":"","_VenuePhone":"","_VenueURL":"","_VenueStateProvince":"","_VenueLat":"","_VenueLng":"","_VenueShowMap":false,"_VenueShowMapLink":false,"footnotes":""},"class_list":["post-10235","page","type-page","status-publish","hentry"],"_links":{"self":[{"href":"https:\/\/etab.ac-reunion.fr\/clg-adam-de-villiers\/wp-json\/wp\/v2\/pages\/10235","targetHints":{"allow":["GET"]}}],"collection":[{"href":"https:\/\/etab.ac-reunion.fr\/clg-adam-de-villiers\/wp-json\/wp\/v2\/pages"}],"about":[{"href":"https:\/\/etab.ac-reunion.fr\/clg-adam-de-villiers\/wp-json\/wp\/v2\/types\/page"}],"author":[{"embeddable":true,"href":"https:\/\/etab.ac-reunion.fr\/clg-adam-de-villiers\/wp-json\/wp\/v2\/users\/9172"}],"replies":[{"embeddable":true,"href":"https:\/\/etab.ac-reunion.fr\/clg-adam-de-villiers\/wp-json\/wp\/v2\/comments?post=10235"}],"version-history":[{"count":2,"href":"https:\/\/etab.ac-reunion.fr\/clg-adam-de-villiers\/wp-json\/wp\/v2\/pages\/10235\/revisions"}],"predecessor-version":[{"id":10239,"href":"https:\/\/etab.ac-reunion.fr\/clg-adam-de-villiers\/wp-json\/wp\/v2\/pages\/10235\/revisions\/10239"}],"up":[{"embeddable":true,"href":"https:\/\/etab.ac-reunion.fr\/clg-adam-de-villiers\/wp-json\/wp\/v2\/pages\/8296"}],"wp:attachment":[{"href":"https:\/\/etab.ac-reunion.fr\/clg-adam-de-villiers\/wp-json\/wp\/v2\/media?parent=10235"}],"curies":[{"name":"wp","href":"https:\/\/api.w.org\/{rel}","templated":true}]}}