{"id":10240,"date":"2023-06-10T16:25:29","date_gmt":"2023-06-10T12:25:29","guid":{"rendered":"https:\/\/etab.ac-reunion.fr\/clg-adam-de-villiers\/?page_id=10240"},"modified":"2023-06-11T16:22:28","modified_gmt":"2023-06-11T12:22:28","slug":"fiche-abutilon-extipulare","status":"publish","type":"page","link":"https:\/\/etab.ac-reunion.fr\/clg-adam-de-villiers\/education-au-developpement-durable\/les-fiches-botaniques\/fiche-abutilon-extipulare\/","title":{"rendered":"Fiche Abutilon extipulare"},"content":{"rendered":"<div class=\"wp-block-image\">\n<figure class=\"aligncenter size-full is-resized\"><img loading=\"lazy\" decoding=\"async\" src=\"https:\/\/etab.ac-reunion.fr\/clg-adam-de-villiers\/wp-content\/uploads\/sites\/134\/2022\/04\/logo-page-en-construction.png\" alt=\"\" class=\"wp-image-8493\" width=\"600\" height=\"225\" srcset=\"https:\/\/etab.ac-reunion.fr\/clg-adam-de-villiers\/wp-content\/uploads\/sites\/134\/2022\/04\/logo-page-en-construction.png 800w, https:\/\/etab.ac-reunion.fr\/clg-adam-de-villiers\/wp-content\/uploads\/sites\/134\/2022\/04\/logo-page-en-construction-500x188.png 500w, https:\/\/etab.ac-reunion.fr\/clg-adam-de-villiers\/wp-content\/uploads\/sites\/134\/2022\/04\/logo-page-en-construction-768x288.png 768w, https:\/\/etab.ac-reunion.fr\/clg-adam-de-villiers\/wp-content\/uploads\/sites\/134\/2022\/04\/logo-page-en-construction-150x56.png 150w\" sizes=\"auto, (max-width: 600px) 100vw, 600px\" \/><\/figure>\n<\/div>\n\n\n<p>Nom scientifique&nbsp;: Abutilon extipulare<\/p>\n\n\n\n<p>Nom \u00e0 La R\u00e9union&nbsp;: Mauve<\/p>\n\n\n\n<p>Famille&nbsp;: Malvac\u00e9es<\/p>\n\n\n\n<p>Origine&nbsp;: end\u00e9mique R\u00e9union<\/p>\n\n\n\n<p>Statut&nbsp;: EN (en danger)<\/p>\n\n\n<div class=\"wp-block-image\">\n<figure class=\"aligncenter size-large\"><img loading=\"lazy\" decoding=\"async\" width=\"505\" height=\"1024\" src=\"https:\/\/etab.ac-reunion.fr\/clg-adam-de-villiers\/wp-content\/uploads\/sites\/134\/2022\/11\/Hibiscus-ovalifolius-505x1024.jpg\" alt=\"\" class=\"wp-image-9681\" srcset=\"https:\/\/etab.ac-reunion.fr\/clg-adam-de-villiers\/wp-content\/uploads\/sites\/134\/2022\/11\/Hibiscus-ovalifolius-505x1024.jpg 505w, https:\/\/etab.ac-reunion.fr\/clg-adam-de-villiers\/wp-content\/uploads\/sites\/134\/2022\/11\/Hibiscus-ovalifolius-246x500.jpg 246w, https:\/\/etab.ac-reunion.fr\/clg-adam-de-villiers\/wp-content\/uploads\/sites\/134\/2022\/11\/Hibiscus-ovalifolius-768x1558.jpg 768w, https:\/\/etab.ac-reunion.fr\/clg-adam-de-villiers\/wp-content\/uploads\/sites\/134\/2022\/11\/Hibiscus-ovalifolius-757x1536.jpg 757w, https:\/\/etab.ac-reunion.fr\/clg-adam-de-villiers\/wp-content\/uploads\/sites\/134\/2022\/11\/Hibiscus-ovalifolius-1009x2048.jpg 1009w, https:\/\/etab.ac-reunion.fr\/clg-adam-de-villiers\/wp-content\/uploads\/sites\/134\/2022\/11\/Hibiscus-ovalifolius-74x150.jpg 74w, https:\/\/etab.ac-reunion.fr\/clg-adam-de-villiers\/wp-content\/uploads\/sites\/134\/2022\/11\/Hibiscus-ovalifolius.jpg 1200w\" sizes=\"auto, (max-width: 505px) 100vw, 505px\" \/><\/figure>\n<\/div>","protected":false},"excerpt":{"rendered":"<p>Nom scientifique&nbsp;: Abutilon extipulare Nom \u00e0 La R\u00e9union&nbsp;: Mauve Famille&nbsp;: Malvac\u00e9es Origine&nbsp;: end\u00e9mique R\u00e9union Statut&nbsp;: EN (en danger)<\/p>\n<p> <a class=\"continue-reading-link\" href=\"https:\/\/etab.ac-reunion.fr\/clg-adam-de-villiers\/education-au-developpement-durable\/les-fiches-botaniques\/fiche-abutilon-extipulare\/\"><span>Lire l&rsquo;article<\/span><i class=\"crycon-right-dir\"><\/i><\/a> <\/p>\n","protected":false},"author":9172,"featured_media":0,"parent":8296,"menu_order":0,"comment_status":"closed","ping_status":"closed","template":"","meta":{"_EventAllDay":false,"_EventTimezone":"","_EventStartDate":"","_EventEndDate":"","_EventStartDateUTC":"","_EventEndDateUTC":"","_EventShowMap":false,"_EventShowMapLink":false,"_EventURL":"","_EventCost":"","_EventCostDescription":"","_EventCurrencySymbol":"","_EventCurrencyCode":"","_EventCurrencyPosition":"","_EventDateTimeSeparator":"","_EventTimeRangeSeparator":"","_EventOrganizerID":[],"_EventVenueID":[],"_OrganizerEmail":"","_OrganizerPhone":"","_OrganizerWebsite":"","_VenueAddress":"","_VenueCity":"","_VenueCountry":"","_VenueProvince":"","_VenueState":"","_VenueZip":"","_VenuePhone":"","_VenueURL":"","_VenueStateProvince":"","_VenueLat":"","_VenueLng":"","_VenueShowMap":false,"_VenueShowMapLink":false,"footnotes":""},"class_list":["post-10240","page","type-page","status-publish","hentry"],"_links":{"self":[{"href":"https:\/\/etab.ac-reunion.fr\/clg-adam-de-villiers\/wp-json\/wp\/v2\/pages\/10240","targetHints":{"allow":["GET"]}}],"collection":[{"href":"https:\/\/etab.ac-reunion.fr\/clg-adam-de-villiers\/wp-json\/wp\/v2\/pages"}],"about":[{"href":"https:\/\/etab.ac-reunion.fr\/clg-adam-de-villiers\/wp-json\/wp\/v2\/types\/page"}],"author":[{"embeddable":true,"href":"https:\/\/etab.ac-reunion.fr\/clg-adam-de-villiers\/wp-json\/wp\/v2\/users\/9172"}],"replies":[{"embeddable":true,"href":"https:\/\/etab.ac-reunion.fr\/clg-adam-de-villiers\/wp-json\/wp\/v2\/comments?post=10240"}],"version-history":[{"count":3,"href":"https:\/\/etab.ac-reunion.fr\/clg-adam-de-villiers\/wp-json\/wp\/v2\/pages\/10240\/revisions"}],"predecessor-version":[{"id":10246,"href":"https:\/\/etab.ac-reunion.fr\/clg-adam-de-villiers\/wp-json\/wp\/v2\/pages\/10240\/revisions\/10246"}],"up":[{"embeddable":true,"href":"https:\/\/etab.ac-reunion.fr\/clg-adam-de-villiers\/wp-json\/wp\/v2\/pages\/8296"}],"wp:attachment":[{"href":"https:\/\/etab.ac-reunion.fr\/clg-adam-de-villiers\/wp-json\/wp\/v2\/media?parent=10240"}],"curies":[{"name":"wp","href":"https:\/\/api.w.org\/{rel}","templated":true}]}}