{"id":133,"date":"2012-06-26T10:05:41","date_gmt":"2012-06-26T06:05:41","guid":{"rendered":"https:\/\/portail.college-adamdevilliers.re\/wordpress\/?page_id=133"},"modified":"2022-03-12T15:35:16","modified_gmt":"2022-03-12T11:35:16","slug":"dispositif-ulis","status":"publish","type":"page","link":"https:\/\/etab.ac-reunion.fr\/clg-adam-de-villiers\/pedagogie\/dispositif-ulis\/","title":{"rendered":"Le dispositif ULIS"},"content":{"rendered":"<p>Professeur : Mme HELIAS Nathalie<\/p>\n<p>&nbsp;<\/p>\n<p><strong>Le dispositif ULIS en trois questions :<\/strong><\/p>\n<ul>\n<li><strong><em>Que signifie \u00ab\u00a0ULIS\u00a0\u00bb\u00a0?<\/em><\/strong><\/li>\n<\/ul>\n<p><strong>L&rsquo;ULIS signifie : Unit\u00e9 Localis\u00e9e pour l&rsquo;Inclusion Scolaire<\/strong><\/p>\n<p>Les ULIS sont des <strong>dispositifs en coll\u00e8ge<\/strong> qui accueillent des \u00e9l\u00e8ves qui sont en situation de handicap. (Le texte de loi de r\u00e9f\u00e9rence est le Bulletin officiel n\u00b028 du 15 juillet 2010).<\/p>\n<p>L&rsquo;ULIS du coll\u00e8ge Adam de Villiers est une ULIS <strong>TFC<\/strong> qui peut accueillir douze d&rsquo;\u00e9l\u00e8ves ayant des <strong>T<\/strong>roubles des <strong>F<\/strong>onctions <strong>C<\/strong>ognitives et mentales.<\/p>\n<p>C&rsquo;est \u00e0 dire, <strong>des \u00e9l\u00e8ves qui ne peuvent pas apprendre comme les autres.<\/strong><\/p>\n<p>Les raisons peuvent \u00eatre tr\u00e8s vari\u00e9es : troubles du langage, troubles de la parole, dyslexie, d\u00e9ficience, etc.<\/p>\n<p>Remarques : il existe d&rsquo;autres sortes d&rsquo;ULIS comme les ULIS TFA qui accueillent des \u00e9l\u00e8ves malentendants, les ULIS TFV qui accueillent des \u00e9l\u00e8ves malvoyants, etc.<\/p>\n<p>&nbsp;<\/p>\n<ul>\n<li><strong><em>Comment un \u00e9l\u00e8ve est-il orient\u00e9 en ULIS\u00a0?<\/em><\/strong><\/li>\n<\/ul>\n<p><strong>L\u2019orientation d\u2019un \u00e9l\u00e8ve en ULIS est d\u00e9cid\u00e9e par la MDPH<\/strong> : la <strong>M<\/strong>aison <strong>D<\/strong>\u00e9partementale des <strong>P<\/strong>ersonnes <strong>H<\/strong>andicap\u00e9es \u00e0 la demande avec des parents ou des responsables l\u00e9gaux des \u00e9l\u00e8ves.<\/p>\n<p><strong>\u00a0<\/strong><\/p>\n<ul>\n<li><strong><em>Comment fonctionne l\u2019ULIS ?<\/em><\/strong><\/li>\n<\/ul>\n<p>Tous les \u00e9l\u00e8ves inscrits sur le dispositif ULIS sont i<strong>nscrits dans une classe ordinaire du coll\u00e8ge <\/strong>de la 6\u00e8me \u00e0 la 3\u00e8me<strong>.<\/strong><\/p>\n<p>Chaque \u00e9l\u00e8ve de l&rsquo;ULIS aura <strong>un emploi du temps individualis\u00e9. <\/strong>L\u2019enseignante de l\u2019ULIS am\u00e9nage son emploi du temps <strong>selon son projet et ses capacit\u00e9s.<\/strong><\/p>\n<p>L&rsquo;\u00e9l\u00e8ve d&rsquo;ULIS travaille :<\/p>\n<ul>\n<li>dans sa classe, dans certaines mati\u00e8res avec ses camarades et ses professeurs cela s\u2019appelle <strong>les inclusions<\/strong>,<\/li>\n<\/ul>\n<p>et aussi<\/p>\n<ul>\n<li>dans une salle de classe r\u00e9serv\u00e9e \u00e0 l&rsquo;ULIS avec une enseignante sp\u00e9cialis\u00e9e, aid\u00e9e parfois d\u2019un ou d\u2019une AVS (des Auxiliaires de Vie Scolaire) que l\u2019on appelle aussi AESH.<\/li>\n<\/ul>\n<p>&nbsp;<\/p>\n<p>Grace aux inclusions les \u00e9l\u00e8ves d\u2019ULIS apprennent \u00e0 \u00e9voluer dans leur classe malgr\u00e9 leurs difficult\u00e9s\u00a0: ils apprennent \u00e0 \u00eatre plus autonomes. Pour tous les \u00e9l\u00e8ves c\u2019est un moyen de changer son regard sur les situation d\u2019handicap et d\u2019apprendre la tol\u00e9rance vis-\u00e0-vis de la diff\u00e9rence.<\/p>\n<p>&nbsp;<\/p>\n<p>L\u2019enseignante sp\u00e9cialis\u00e9e coordonnatrice de l\u2019ULIS TFC<\/p>\n<p>Nathalie HELIAS<\/p>\n","protected":false},"excerpt":{"rendered":"<p>Professeur : Mme HELIAS Nathalie &nbsp; Le dispositif ULIS en trois questions : Que signifie \u00ab\u00a0ULIS\u00a0\u00bb\u00a0? L&rsquo;ULIS signifie : Unit\u00e9 Localis\u00e9e pour l&rsquo;Inclusion Scolaire Les ULIS sont des dispositifs en coll\u00e8ge qui accueillent des \u00e9l\u00e8ves qui sont en situation de handicap. (Le texte de loi de r\u00e9f\u00e9rence est le Bulletin\u2026<\/p>\n<p> <a class=\"continue-reading-link\" href=\"https:\/\/etab.ac-reunion.fr\/clg-adam-de-villiers\/pedagogie\/dispositif-ulis\/\"><span>Lire l&rsquo;article<\/span><i class=\"crycon-right-dir\"><\/i><\/a> <\/p>\n","protected":false},"author":9172,"featured_media":0,"parent":2453,"menu_order":3,"comment_status":"closed","ping_status":"closed","template":"","meta":{"_EventAllDay":false,"_EventTimezone":"","_EventStartDate":"","_EventEndDate":"","_EventStartDateUTC":"","_EventEndDateUTC":"","_EventShowMap":false,"_EventShowMapLink":false,"_EventURL":"","_EventCost":"","_EventCostDescription":"","_EventCurrencySymbol":"","_EventCurrencyCode":"","_EventCurrencyPosition":"","_EventDateTimeSeparator":"","_EventTimeRangeSeparator":"","_EventOrganizerID":[],"_EventVenueID":[],"_OrganizerEmail":"","_OrganizerPhone":"","_OrganizerWebsite":"","_VenueAddress":"","_VenueCity":"","_VenueCountry":"","_VenueProvince":"","_VenueState":"","_VenueZip":"","_VenuePhone":"","_VenueURL":"","_VenueStateProvince":"","_VenueLat":"","_VenueLng":"","_VenueShowMap":false,"_VenueShowMapLink":false,"footnotes":""},"class_list":["post-133","page","type-page","status-publish","hentry"],"_links":{"self":[{"href":"https:\/\/etab.ac-reunion.fr\/clg-adam-de-villiers\/wp-json\/wp\/v2\/pages\/133","targetHints":{"allow":["GET"]}}],"collection":[{"href":"https:\/\/etab.ac-reunion.fr\/clg-adam-de-villiers\/wp-json\/wp\/v2\/pages"}],"about":[{"href":"https:\/\/etab.ac-reunion.fr\/clg-adam-de-villiers\/wp-json\/wp\/v2\/types\/page"}],"author":[{"embeddable":true,"href":"https:\/\/etab.ac-reunion.fr\/clg-adam-de-villiers\/wp-json\/wp\/v2\/users\/9172"}],"replies":[{"embeddable":true,"href":"https:\/\/etab.ac-reunion.fr\/clg-adam-de-villiers\/wp-json\/wp\/v2\/comments?post=133"}],"version-history":[{"count":1,"href":"https:\/\/etab.ac-reunion.fr\/clg-adam-de-villiers\/wp-json\/wp\/v2\/pages\/133\/revisions"}],"predecessor-version":[{"id":8343,"href":"https:\/\/etab.ac-reunion.fr\/clg-adam-de-villiers\/wp-json\/wp\/v2\/pages\/133\/revisions\/8343"}],"up":[{"embeddable":true,"href":"https:\/\/etab.ac-reunion.fr\/clg-adam-de-villiers\/wp-json\/wp\/v2\/pages\/2453"}],"wp:attachment":[{"href":"https:\/\/etab.ac-reunion.fr\/clg-adam-de-villiers\/wp-json\/wp\/v2\/media?parent=133"}],"curies":[{"name":"wp","href":"https:\/\/api.w.org\/{rel}","templated":true}]}}