{"id":1520,"date":"2013-10-08T17:42:47","date_gmt":"2013-10-08T13:42:47","guid":{"rendered":"https:\/\/portail.college-adamdevilliers.re\/wordpress\/?page_id=1520"},"modified":"2025-11-09T20:59:48","modified_gmt":"2025-11-09T16:59:48","slug":"eleves-elus-representants-au-conseil-dadministration","status":"publish","type":"page","link":"https:\/\/etab.ac-reunion.fr\/clg-adam-de-villiers\/presentation\/le-college-2\/les-eleves-et-parents-elus\/eleves-elus-representants-au-conseil-dadministration\/","title":{"rendered":"El\u00e8ves \u00e9lus Membres du CA, du CDJ et du CVC"},"content":{"rendered":"\n<p><em>Les \u00e9lections des \u00e9l\u00e8ves au Conseil d&rsquo;Administration, au Conseil D\u00e9partemental des Jeunes et au Conseil de la Vie Coll\u00e9gienne, pour chaque ann\u00e9e scolaire, ont lieu en septembre-octobre.<\/em><\/p>\n\n\n\n<h5 class=\"wp-block-heading\"><strong>Ann\u00e9e scolaire 2025-2026<\/strong><\/h5>\n\n\n\n<h6 class=\"wp-block-heading\"><strong><span style=\"text-decoration: underline\">D\u00e9l\u00e9gu\u00e9s \u00e9lus au CA (Conseil d&rsquo;Administration) :<\/span><\/strong><\/h6>\n\n\n\n<figure class=\"wp-block-table aligncenter\"><table><tbody><tr><td><strong>CLASSES<\/strong><\/td><td><strong>TITULAIRES<\/strong><\/td><td><\/td><td><strong>CLASSES<\/strong><\/td><td><strong>SUPPL\u00c9ANTS (TES)<\/strong><\/td><\/tr><tr><td><strong>3\u00e8me Papangue<\/strong><\/td><td>B. Ga\u00efa<\/td><td><\/td><td><strong>3\u00e8me Papangue<\/strong><\/td><td>F. Baptiste<\/td><\/tr><tr><td><strong>3\u00e8me Mascarin<\/strong><\/td><td>D. Louison<\/td><td><\/td><td><strong>4\u00e8me Fanjan<\/strong><\/td><td>T. Th\u00e9o<\/td><\/tr><\/tbody><\/table><\/figure>\n\n\n\n<h6 class=\"wp-block-heading\"><strong><span style=\"text-decoration: underline\">D\u00e9l\u00e9gu\u00e9 \u00e9lu au CDJ (Conseil D\u00e9partemental des Jeunes) :<\/span><\/strong><\/h6>\n\n\n\n<figure class=\"wp-block-table aligncenter\"><table><tbody><tr><td><strong>CLASSES<\/strong><\/td><td><strong>TITULAIRES<\/strong><\/td><\/tr><tr><td><strong>5\u00e8me Safran<\/strong><\/td><td>B. Mila<\/td><\/tr><tr><td><strong>4\u00e8me Palmiste<\/strong><\/td><td>J. Ma\u00ebl<\/td><\/tr><tr><td><strong>3\u00e8me Mascarin<\/strong><\/td><td>G. Ioana<\/td><\/tr><\/tbody><\/table><\/figure>\n\n\n\n<h6 class=\"wp-block-heading\"><strong><span style=\"text-decoration: underline\">D\u00e9l\u00e9gu\u00e9s \u00e9lus au CVC (Conseil de la Vie Coll\u00e9gienne) :<\/span><\/strong><\/h6>\n\n\n\n<p><em>Texte r\u00e9glementaire : d\u00e9cret n\u00b02016-1631 du 29\/11\/2016 et B.O. Du 8 d\u00e9cembre 2016<\/em><\/p>\n\n\n\n<p><strong>D\u00e9finition du CVC :<\/strong><br>Le CVC est une instance d&rsquo;\u00e9changes et de dialogue entre les \u00e9l\u00e8ves et les adultes de la communaut\u00e9<br>\u00e9ducative. Il est de ce fait un lieu d&rsquo;expression et de proposition pour les \u00e9l\u00e8ves. Il s&rsquo;inscrit dans le<br>parcours citoyen des coll\u00e9giens. Il s&rsquo;agit d&rsquo;une instance consultative.<\/p>\n\n\n\n<p><strong>Objectifs :<\/strong><br>&#8211; responsabiliser les \u00e9l\u00e8ves<br>&#8211; participer \u00e0 la construction d&rsquo;une culture d&rsquo;\u00e9tablissement en permettant aux \u00e9l\u00e8ves d&rsquo;\u00eatre les acteurs de<br>projets divers (culturels, sportifs, p\u00e9ri-\u00e9ducatifs).<br>&#8211; Favoriser un climat scolaire serein au sein de l&rsquo;\u00e9tablissement en d\u00e9veloppant chez les \u00e9l\u00e8ves un<br>sentiment d&rsquo;appartenance<br>&#8211; les impliquer dans la vie de l&rsquo;\u00e9tablissement<br>&#8211; Leur offrir un espace d&rsquo;expression en ce qui concerne les questions relatives \u00e0 la vie de l&rsquo;\u00e9tablissement<br>&#8211; les pr\u00e9parer \u00e0 devenir des citoyens actifs, notamment au lyc\u00e9e dans le cadre du CVL (Conseil de la Vie<br>Lyc\u00e9enne).<\/p>\n\n\n\n<p><strong><em>La composition suivante est propos\u00e9e pour d\u00e9lib\u00e9ration en Conseil d&rsquo;Administration en d\u00e9but d&rsquo;ann\u00e9e :<\/em><\/strong><\/p>\n\n\n\n<figure class=\"wp-block-table aligncenter\"><table><tbody><tr><td><strong>NIVEAUX<\/strong><\/td><td><strong>CLASSES<\/strong><\/td><td><strong>TITULAIRES<\/strong><\/td><\/tr><tr><td><strong>6\u00e8me<\/strong><\/td><td><strong>Capucin<\/strong><\/td><td>D. Louna<\/td><\/tr><tr><td><strong>6\u00e8me<\/strong><\/td><td><strong>Tuit-Tuit<\/strong><\/td><td>N. Gabriel<\/td><\/tr><tr><td><strong>5\u00e8me<\/strong><\/td><td><strong>Safran<\/strong><\/td><td>L. Charlotte<\/td><\/tr><tr><td><strong>5\u00e8me<\/strong><\/td><td><strong>G\u00e9ranium<\/strong><\/td><td>L. Maya<\/td><\/tr><tr><td><strong>5\u00e8me<\/strong><\/td><td><strong>Vanille<\/strong><\/td><td>G. Tristan<\/td><\/tr><tr><td><strong>4\u00e8me<\/strong><\/td><td><strong>Fanjan<\/strong><\/td><td>T. Th\u00e9o<\/td><\/tr><tr><td><strong>4\u00e8me<\/strong><\/td><td><strong>Benjoin<\/strong><\/td><td>P. \u00c9than<\/td><\/tr><tr><td><strong>4\u00e8me<\/strong><\/td><td><strong>Latanier<\/strong><\/td><td>W. Maxime<\/td><\/tr><tr><td><strong>3\u00e8me<\/strong><\/td><td><strong>Mascarin<\/strong><\/td><td>D. Louison<\/td><\/tr><tr><td><strong>3\u00e8me<\/strong><\/td><td><strong>Sterne<\/strong><\/td><td>M. Ibtissam<\/td><\/tr><\/tbody><\/table><\/figure>\n\n\n\n<figure class=\"wp-block-table aligncenter\"><table><tbody><tr><td><strong>CLASSES<\/strong><\/td><td><strong>SUPPLEANTS<\/strong><\/td><\/tr><tr><td><strong>4\u00e8me Palmiste<\/strong><\/td><td>J. Ma\u00ebl<\/td><\/tr><tr><td><strong>3\u00e8me Timize<\/strong><\/td><td>H. Lucas<\/td><\/tr><\/tbody><\/table><\/figure>\n","protected":false},"excerpt":{"rendered":"<p>Les \u00e9lections des \u00e9l\u00e8ves au Conseil d&rsquo;Administration, au Conseil D\u00e9partemental des Jeunes et au Conseil de la Vie Coll\u00e9gienne, pour chaque ann\u00e9e scolaire, ont lieu en septembre-octobre. Ann\u00e9e scolaire 2025-2026 D\u00e9l\u00e9gu\u00e9s \u00e9lus au CA (Conseil d&rsquo;Administration) : CLASSES TITULAIRES CLASSES SUPPL\u00c9ANTS (TES) 3\u00e8me Papangue B. Ga\u00efa 3\u00e8me Papangue F. Baptiste\u2026<\/p>\n<p> <a class=\"continue-reading-link\" href=\"https:\/\/etab.ac-reunion.fr\/clg-adam-de-villiers\/presentation\/le-college-2\/les-eleves-et-parents-elus\/eleves-elus-representants-au-conseil-dadministration\/\"><span>Lire l&rsquo;article<\/span><i class=\"crycon-right-dir\"><\/i><\/a> <\/p>\n","protected":false},"author":9172,"featured_media":0,"parent":1525,"menu_order":2,"comment_status":"closed","ping_status":"closed","template":"","meta":{"_EventAllDay":false,"_EventTimezone":"","_EventStartDate":"","_EventEndDate":"","_EventStartDateUTC":"","_EventEndDateUTC":"","_EventShowMap":false,"_EventShowMapLink":false,"_EventURL":"","_EventCost":"","_EventCostDescription":"","_EventCurrencySymbol":"","_EventCurrencyCode":"","_EventCurrencyPosition":"","_EventDateTimeSeparator":"","_EventTimeRangeSeparator":"","_EventOrganizerID":[],"_EventVenueID":[],"_OrganizerEmail":"","_OrganizerPhone":"","_OrganizerWebsite":"","_VenueAddress":"","_VenueCity":"","_VenueCountry":"","_VenueProvince":"","_VenueState":"","_VenueZip":"","_VenuePhone":"","_VenueURL":"","_VenueStateProvince":"","_VenueLat":"","_VenueLng":"","_VenueShowMap":false,"_VenueShowMapLink":false,"footnotes":""},"class_list":["post-1520","page","type-page","status-publish","hentry"],"_links":{"self":[{"href":"https:\/\/etab.ac-reunion.fr\/clg-adam-de-villiers\/wp-json\/wp\/v2\/pages\/1520","targetHints":{"allow":["GET"]}}],"collection":[{"href":"https:\/\/etab.ac-reunion.fr\/clg-adam-de-villiers\/wp-json\/wp\/v2\/pages"}],"about":[{"href":"https:\/\/etab.ac-reunion.fr\/clg-adam-de-villiers\/wp-json\/wp\/v2\/types\/page"}],"author":[{"embeddable":true,"href":"https:\/\/etab.ac-reunion.fr\/clg-adam-de-villiers\/wp-json\/wp\/v2\/users\/9172"}],"replies":[{"embeddable":true,"href":"https:\/\/etab.ac-reunion.fr\/clg-adam-de-villiers\/wp-json\/wp\/v2\/comments?post=1520"}],"version-history":[{"count":38,"href":"https:\/\/etab.ac-reunion.fr\/clg-adam-de-villiers\/wp-json\/wp\/v2\/pages\/1520\/revisions"}],"predecessor-version":[{"id":12166,"href":"https:\/\/etab.ac-reunion.fr\/clg-adam-de-villiers\/wp-json\/wp\/v2\/pages\/1520\/revisions\/12166"}],"up":[{"embeddable":true,"href":"https:\/\/etab.ac-reunion.fr\/clg-adam-de-villiers\/wp-json\/wp\/v2\/pages\/1525"}],"wp:attachment":[{"href":"https:\/\/etab.ac-reunion.fr\/clg-adam-de-villiers\/wp-json\/wp\/v2\/media?parent=1520"}],"curies":[{"name":"wp","href":"https:\/\/api.w.org\/{rel}","templated":true}]}}