{"id":1523,"date":"2013-10-08T17:43:55","date_gmt":"2013-10-08T13:43:55","guid":{"rendered":"https:\/\/portail.college-adamdevilliers.re\/wordpress\/?page_id=1523"},"modified":"2025-11-09T21:08:54","modified_gmt":"2025-11-09T17:08:54","slug":"parents-elus-representants-au-conseil-dadministration","status":"publish","type":"page","link":"https:\/\/etab.ac-reunion.fr\/clg-adam-de-villiers\/presentation\/le-college-2\/les-eleves-et-parents-elus\/parents-elus-representants-au-conseil-dadministration\/","title":{"rendered":"Parents \u00e9lus Membres du CA"},"content":{"rendered":"<p><em>Les \u00e9lections des parents au Conseil d&rsquo;Administration pour chaque ann\u00e9e scolaire ont lieu en septembre-octobre.<\/em><\/p>\n<h5><strong>Ann\u00e9e scolaire 2025-2026<\/strong><\/h5>\n\n\n<figure class=\"wp-block-table aligncenter\"><table><tbody><tr><td>PARENTS D\u2019ELEVES TITULAIRES<\/td><td>PARENTS D\u2019ELEVES SUPPLEANTS<\/td><\/tr><tr><td>M. ADOLPHE Jean-Fran\u00e7ois<\/td><td>Mme DEJEAN Pam\u00e9la<\/td><\/tr><tr><td>Mme PAGENAUD G\u00e9raldine<\/td><td>Mme MERLEY Mathilde<\/td><\/tr><tr><td>Mme BOURGEOIS Pam\u00e9la<\/td><td>Mme PAYET Amandine<\/td><\/tr><tr><td>Mme BOUCHER Aur\u00e9lia<\/td><td>Mme VIRAYE-TEMOT Sophie<\/td><\/tr><tr><td>M. MAILLOT C\u00e9dric<\/td><td>Mme GRONDIN Oph\u00e9lie<\/td><\/tr><tr><td>M. GAZA TS Alexis<\/td><td>Mme MERLO Anne Cl\u00e9mence<\/td><\/tr><\/tbody><\/table><\/figure>\n","protected":false},"excerpt":{"rendered":"<p>Les \u00e9lections des parents au Conseil d&rsquo;Administration pour chaque ann\u00e9e scolaire ont lieu en septembre-octobre. Ann\u00e9e scolaire 2025-2026 PARENTS D\u2019ELEVES TITULAIRES PARENTS D\u2019ELEVES SUPPLEANTS M. ADOLPHE Jean-Fran\u00e7ois Mme DEJEAN Pam\u00e9la Mme PAGENAUD G\u00e9raldine Mme MERLEY Mathilde Mme BOURGEOIS Pam\u00e9la Mme PAYET Amandine Mme BOUCHER Aur\u00e9lia Mme VIRAYE-TEMOT Sophie M. MAILLOT\u2026<\/p>\n<p> <a class=\"continue-reading-link\" href=\"https:\/\/etab.ac-reunion.fr\/clg-adam-de-villiers\/presentation\/le-college-2\/les-eleves-et-parents-elus\/parents-elus-representants-au-conseil-dadministration\/\"><span>Lire l&rsquo;article<\/span><i class=\"crycon-right-dir\"><\/i><\/a> <\/p>\n","protected":false},"author":9172,"featured_media":0,"parent":1525,"menu_order":3,"comment_status":"closed","ping_status":"closed","template":"","meta":{"_EventAllDay":false,"_EventTimezone":"","_EventStartDate":"","_EventEndDate":"","_EventStartDateUTC":"","_EventEndDateUTC":"","_EventShowMap":false,"_EventShowMapLink":false,"_EventURL":"","_EventCost":"","_EventCostDescription":"","_EventCurrencySymbol":"","_EventCurrencyCode":"","_EventCurrencyPosition":"","_EventDateTimeSeparator":"","_EventTimeRangeSeparator":"","_EventOrganizerID":[],"_EventVenueID":[],"_OrganizerEmail":"","_OrganizerPhone":"","_OrganizerWebsite":"","_VenueAddress":"","_VenueCity":"","_VenueCountry":"","_VenueProvince":"","_VenueState":"","_VenueZip":"","_VenuePhone":"","_VenueURL":"","_VenueStateProvince":"","_VenueLat":"","_VenueLng":"","_VenueShowMap":false,"_VenueShowMapLink":false,"footnotes":""},"class_list":["post-1523","page","type-page","status-publish","hentry"],"_links":{"self":[{"href":"https:\/\/etab.ac-reunion.fr\/clg-adam-de-villiers\/wp-json\/wp\/v2\/pages\/1523","targetHints":{"allow":["GET"]}}],"collection":[{"href":"https:\/\/etab.ac-reunion.fr\/clg-adam-de-villiers\/wp-json\/wp\/v2\/pages"}],"about":[{"href":"https:\/\/etab.ac-reunion.fr\/clg-adam-de-villiers\/wp-json\/wp\/v2\/types\/page"}],"author":[{"embeddable":true,"href":"https:\/\/etab.ac-reunion.fr\/clg-adam-de-villiers\/wp-json\/wp\/v2\/users\/9172"}],"replies":[{"embeddable":true,"href":"https:\/\/etab.ac-reunion.fr\/clg-adam-de-villiers\/wp-json\/wp\/v2\/comments?post=1523"}],"version-history":[{"count":19,"href":"https:\/\/etab.ac-reunion.fr\/clg-adam-de-villiers\/wp-json\/wp\/v2\/pages\/1523\/revisions"}],"predecessor-version":[{"id":12170,"href":"https:\/\/etab.ac-reunion.fr\/clg-adam-de-villiers\/wp-json\/wp\/v2\/pages\/1523\/revisions\/12170"}],"up":[{"embeddable":true,"href":"https:\/\/etab.ac-reunion.fr\/clg-adam-de-villiers\/wp-json\/wp\/v2\/pages\/1525"}],"wp:attachment":[{"href":"https:\/\/etab.ac-reunion.fr\/clg-adam-de-villiers\/wp-json\/wp\/v2\/media?parent=1523"}],"curies":[{"name":"wp","href":"https:\/\/api.w.org\/{rel}","templated":true}]}}