{"id":1525,"date":"2013-10-08T17:52:54","date_gmt":"2013-10-08T13:52:54","guid":{"rendered":"https:\/\/portail.college-adamdevilliers.re\/wordpress\/?page_id=1525"},"modified":"2020-07-02T22:22:54","modified_gmt":"2020-07-02T18:22:54","slug":"les-eleves-et-parents-elus","status":"publish","type":"page","link":"https:\/\/etab.ac-reunion.fr\/clg-adam-de-villiers\/presentation\/le-college-2\/les-eleves-et-parents-elus\/","title":{"rendered":"Les \u00e9l\u00e8ves et parents \u00e9lus"},"content":{"rendered":"<h4><a title=\"El\u00e8ves D\u00e9l\u00e9gu\u00e9s de classe\" href=\"http:\/\/college-adam-de-villiers.ac-reunion.fr\/presentation\/le-college-2\/les-eleves-et-parents-elus\/eleves-delegues-de-classe\/\">Les \u00e9l\u00e8ves \u00e9lus D\u00e9l\u00e9gu\u00e9s de classe<\/a><\/h4>\r\n<h4><a href=\"http:\/\/college-adam-de-villiers.ac-reunion.fr\/presentation\/le-college-2\/les-eleves-et-parents-elus\/eleves-elus-eco-delegues\/\">El\u00e8ves \u00e9lus Eco-D\u00e9l\u00e9gu\u00e9s<\/a><\/h4>\r\n<h4><a title=\"El\u00e8ves Elus Repr\u00e9sentants au Conseil d\u2019Administration\" href=\"http:\/\/college-adam-de-villiers.ac-reunion.fr\/presentation\/le-college-2\/les-eleves-et-parents-elus\/eleves-elus-repr\u2026-dadministration\/\">Les \u00e9l\u00e8ves \u00e9lus Membres du CA, du CDJ et du CVC<\/a><\/h4>\r\n<h4><a title=\"Parents \u00e9lus Repr\u00e9sentants au Conseil d\u2019Administration\" href=\"http:\/\/college-adam-de-villiers.ac-reunion.fr\/presentation\/le-college-2\/les-eleves-et-parents-elus\/parents-elus-rep\u2026-dadministration\/\">Les parents \u00e9lus Membres du CA<\/a><\/h4>\r\n\r\n<p>&nbsp;<\/p>\r\n","protected":false},"excerpt":{"rendered":"<p>Les \u00e9l\u00e8ves \u00e9lus D\u00e9l\u00e9gu\u00e9s de classe El\u00e8ves \u00e9lus Eco-D\u00e9l\u00e9gu\u00e9s Les \u00e9l\u00e8ves \u00e9lus Membres du CA, du CDJ et du CVC Les parents \u00e9lus Membres du CA &nbsp;<\/p>\n<p> <a class=\"continue-reading-link\" href=\"https:\/\/etab.ac-reunion.fr\/clg-adam-de-villiers\/presentation\/le-college-2\/les-eleves-et-parents-elus\/\"><span>Lire l&rsquo;article<\/span><i class=\"crycon-right-dir\"><\/i><\/a> <\/p>\n","protected":false},"author":9172,"featured_media":0,"parent":6673,"menu_order":3,"comment_status":"closed","ping_status":"closed","template":"","meta":{"_EventAllDay":false,"_EventTimezone":"","_EventStartDate":"","_EventEndDate":"","_EventStartDateUTC":"","_EventEndDateUTC":"","_EventShowMap":false,"_EventShowMapLink":false,"_EventURL":"","_EventCost":"","_EventCostDescription":"","_EventCurrencySymbol":"","_EventCurrencyCode":"","_EventCurrencyPosition":"","_EventDateTimeSeparator":"","_EventTimeRangeSeparator":"","_EventOrganizerID":[],"_EventVenueID":[],"_OrganizerEmail":"","_OrganizerPhone":"","_OrganizerWebsite":"","_VenueAddress":"","_VenueCity":"","_VenueCountry":"","_VenueProvince":"","_VenueState":"","_VenueZip":"","_VenuePhone":"","_VenueURL":"","_VenueStateProvince":"","_VenueLat":"","_VenueLng":"","_VenueShowMap":false,"_VenueShowMapLink":false,"footnotes":""},"class_list":["post-1525","page","type-page","status-publish","hentry"],"_links":{"self":[{"href":"https:\/\/etab.ac-reunion.fr\/clg-adam-de-villiers\/wp-json\/wp\/v2\/pages\/1525","targetHints":{"allow":["GET"]}}],"collection":[{"href":"https:\/\/etab.ac-reunion.fr\/clg-adam-de-villiers\/wp-json\/wp\/v2\/pages"}],"about":[{"href":"https:\/\/etab.ac-reunion.fr\/clg-adam-de-villiers\/wp-json\/wp\/v2\/types\/page"}],"author":[{"embeddable":true,"href":"https:\/\/etab.ac-reunion.fr\/clg-adam-de-villiers\/wp-json\/wp\/v2\/users\/9172"}],"replies":[{"embeddable":true,"href":"https:\/\/etab.ac-reunion.fr\/clg-adam-de-villiers\/wp-json\/wp\/v2\/comments?post=1525"}],"version-history":[{"count":12,"href":"https:\/\/etab.ac-reunion.fr\/clg-adam-de-villiers\/wp-json\/wp\/v2\/pages\/1525\/revisions"}],"predecessor-version":[{"id":6694,"href":"https:\/\/etab.ac-reunion.fr\/clg-adam-de-villiers\/wp-json\/wp\/v2\/pages\/1525\/revisions\/6694"}],"up":[{"embeddable":true,"href":"https:\/\/etab.ac-reunion.fr\/clg-adam-de-villiers\/wp-json\/wp\/v2\/pages\/6673"}],"wp:attachment":[{"href":"https:\/\/etab.ac-reunion.fr\/clg-adam-de-villiers\/wp-json\/wp\/v2\/media?parent=1525"}],"curies":[{"name":"wp","href":"https:\/\/api.w.org\/{rel}","templated":true}]}}