{"id":208,"date":"2012-06-26T14:05:24","date_gmt":"2012-06-26T10:05:24","guid":{"rendered":"https:\/\/portail.college-adamdevilliers.re\/wordpress\/?page_id=208"},"modified":"2025-06-21T13:50:26","modified_gmt":"2025-06-21T09:50:26","slug":"la-liste-des-effets-scolaires","status":"publish","type":"page","link":"https:\/\/etab.ac-reunion.fr\/clg-adam-de-villiers\/pedagogie\/la-liste-des-effets-scolaires\/","title":{"rendered":"La liste des effets scolaires"},"content":{"rendered":"<p>Les effets scolaires de la liste ci-dessous sont indispensables tout au long de l&rsquo;ann\u00e9e \u00e0 l&rsquo;\u00e9l\u00e8ve pour qu&rsquo;il puisse suivre dans de bonnes conditions les cours.<\/p>\n<p>Il est demand\u00e9 aux parents de v\u00e9rifier r\u00e9guli\u00e8rement le contenu du cartable.<\/p>\n<p><span style=\"color: #339966\"><strong>ATTENTION AVANT L\u2019ACHAT DU MATERIEL<\/strong><\/span><\/p>\n<ul>\n<li><span style=\"color: #339966\"><strong>Les copies doubles et simples petits et grands carreaux sont demand\u00e9es pour plusieurs mati\u00e8res. N\u2019achetez qu\u2019un seul paquet de chaque, \u00e0 renouveler si besoin. <\/strong><\/span><\/li>\n<li><span style=\"color: #339966\"><strong>Le dictionnaire demand\u00e9 doit servir pour la maison. Ne pas l\u2019emporter au coll\u00e8ge.<\/strong><\/span><\/li>\n<\/ul>\n<p><span style=\"color: #ff9900\"><strong>Liste des effets scolaires demand\u00e9s aux \u00e9l\u00e8ves de 6\u00e8me<\/strong><\/span><\/p>\n<p style=\"text-align: center\"><span style=\"color: #0000ff\"><a style=\"color: #0000ff\" href=\"https:\/\/etab.ac-reunion.fr\/clg-adam-de-villiers\/wp-content\/uploads\/sites\/134\/2025\/06\/Liste-effets-scolaires-6eme-2025-2026.pdf\" target=\"_blank\" rel=\"noopener noreferrer\"><strong>Cliquer pour t\u00e9l\u00e9charger la liste 2025-26 (format PDF)<\/strong><\/a><\/span><\/p>\n<p><span style=\"color: #ff9900\"><strong>Liste des effets scolaires demand\u00e9s aux \u00e9l\u00e8ves de 5\u00e8me &#8211; 4\u00e8me &#8211; 3\u00e8me<\/strong><\/span><\/p>\n<p style=\"text-align: center\"><span style=\"color: #0000ff\"><a style=\"color: #0000ff\" href=\"https:\/\/etab.ac-reunion.fr\/clg-adam-de-villiers\/wp-content\/uploads\/sites\/134\/2025\/06\/Liste-effets-scolaires-5eme-4eme-3eme-2025-2026.pdf\" target=\"_blank\" rel=\"noopener noreferrer\"><strong>Cliquer pour t\u00e9l\u00e9charger la liste 2025-26 (format PDF)<\/strong><\/a><\/span><\/p>\n<p><span style=\"color: #ff9900\"><strong>PREVOIR UN CARTABLE ASSEZ GRAND POUR CONTENIR LES LIVRES ET CAHIERS D\u2019UNE JOURNEE<\/strong><\/span><\/p>\n\n\n<p><\/p>\n","protected":false},"excerpt":{"rendered":"<p>Les effets scolaires de la liste ci-dessous sont indispensables tout au long de l&rsquo;ann\u00e9e \u00e0 l&rsquo;\u00e9l\u00e8ve pour qu&rsquo;il puisse suivre dans de bonnes conditions les cours. Il est demand\u00e9 aux parents de v\u00e9rifier r\u00e9guli\u00e8rement le contenu du cartable. ATTENTION AVANT L\u2019ACHAT DU MATERIEL Les copies doubles et simples petits et\u2026<\/p>\n<p> <a class=\"continue-reading-link\" href=\"https:\/\/etab.ac-reunion.fr\/clg-adam-de-villiers\/pedagogie\/la-liste-des-effets-scolaires\/\"><span>Lire l&rsquo;article<\/span><i class=\"crycon-right-dir\"><\/i><\/a> <\/p>\n","protected":false},"author":9172,"featured_media":0,"parent":2453,"menu_order":7,"comment_status":"closed","ping_status":"closed","template":"","meta":{"_EventAllDay":false,"_EventTimezone":"","_EventStartDate":"","_EventEndDate":"","_EventStartDateUTC":"","_EventEndDateUTC":"","_EventShowMap":false,"_EventShowMapLink":false,"_EventURL":"","_EventCost":"","_EventCostDescription":"","_EventCurrencySymbol":"","_EventCurrencyCode":"","_EventCurrencyPosition":"","_EventDateTimeSeparator":"","_EventTimeRangeSeparator":"","_EventOrganizerID":[],"_EventVenueID":[],"_OrganizerEmail":"","_OrganizerPhone":"","_OrganizerWebsite":"","_VenueAddress":"","_VenueCity":"","_VenueCountry":"","_VenueProvince":"","_VenueState":"","_VenueZip":"","_VenuePhone":"","_VenueURL":"","_VenueStateProvince":"","_VenueLat":"","_VenueLng":"","_VenueShowMap":false,"_VenueShowMapLink":false,"footnotes":""},"class_list":["post-208","page","type-page","status-publish","hentry"],"_links":{"self":[{"href":"https:\/\/etab.ac-reunion.fr\/clg-adam-de-villiers\/wp-json\/wp\/v2\/pages\/208","targetHints":{"allow":["GET"]}}],"collection":[{"href":"https:\/\/etab.ac-reunion.fr\/clg-adam-de-villiers\/wp-json\/wp\/v2\/pages"}],"about":[{"href":"https:\/\/etab.ac-reunion.fr\/clg-adam-de-villiers\/wp-json\/wp\/v2\/types\/page"}],"author":[{"embeddable":true,"href":"https:\/\/etab.ac-reunion.fr\/clg-adam-de-villiers\/wp-json\/wp\/v2\/users\/9172"}],"replies":[{"embeddable":true,"href":"https:\/\/etab.ac-reunion.fr\/clg-adam-de-villiers\/wp-json\/wp\/v2\/comments?post=208"}],"version-history":[{"count":31,"href":"https:\/\/etab.ac-reunion.fr\/clg-adam-de-villiers\/wp-json\/wp\/v2\/pages\/208\/revisions"}],"predecessor-version":[{"id":11931,"href":"https:\/\/etab.ac-reunion.fr\/clg-adam-de-villiers\/wp-json\/wp\/v2\/pages\/208\/revisions\/11931"}],"up":[{"embeddable":true,"href":"https:\/\/etab.ac-reunion.fr\/clg-adam-de-villiers\/wp-json\/wp\/v2\/pages\/2453"}],"wp:attachment":[{"href":"https:\/\/etab.ac-reunion.fr\/clg-adam-de-villiers\/wp-json\/wp\/v2\/media?parent=208"}],"curies":[{"name":"wp","href":"https:\/\/api.w.org\/{rel}","templated":true}]}}