{"id":222,"date":"2012-06-26T16:29:42","date_gmt":"2012-06-26T12:29:42","guid":{"rendered":"https:\/\/portail.college-adamdevilliers.re\/wordpress\/?page_id=222"},"modified":"2023-12-06T07:40:40","modified_gmt":"2023-12-06T03:40:40","slug":"lassistante-sociale","status":"publish","type":"page","link":"https:\/\/etab.ac-reunion.fr\/clg-adam-de-villiers\/administration\/lassistante-sociale\/","title":{"rendered":"Le Service Social"},"content":{"rendered":"<p>Assistante Sociale : Mme HAYET<\/p>\n<p>Possibilit\u00e9 de la rencontrer les lundis, mardis apr\u00e8s-midi, mercredis matin et\u00a0 jeudis.<\/p>\n<p>S&rsquo;adresser \u00e0 la Vie Scolaire (02 62 31 29 56) pour prendre rendez-vous.<\/p>\n<\/p>\n<p><em>Cliquez sur les ic\u00f4nes suivants pour t\u00e9l\u00e9charger les documents administratifs :<\/em><\/p>\n\n\n<figure class=\"wp-block-image size-full\"><a href=\"https:\/\/etab.ac-reunion.fr\/clg-adam-de-villiers\/wp-content\/uploads\/sites\/134\/2023\/09\/230913-Imprime-demande-fonds-social-cantine-ou-collegien.pdf\" target=\"_blank\" rel=\"noreferrer noopener\"><img loading=\"lazy\" decoding=\"async\" width=\"99\" height=\"122\" src=\"https:\/\/etab.ac-reunion.fr\/clg-adam-de-villiers\/wp-content\/uploads\/sites\/134\/2021\/06\/Logo-PDF.jpg\" alt=\"\" class=\"wp-image-7579\" \/><\/a><figcaption class=\"wp-element-caption\">Imprim\u00e9 demande fonds social cantine ou coll\u00e9gien<\/figcaption><\/figure>\n\n\n\n<figure class=\"wp-block-image size-full\"><a href=\"https:\/\/etab.ac-reunion.fr\/clg-adam-de-villiers\/wp-content\/uploads\/sites\/134\/2023\/09\/230913-mobilisation-des-aides-a-la-scolarite.pdf\" target=\"_blank\" rel=\"noreferrer noopener\"><img loading=\"lazy\" decoding=\"async\" width=\"99\" height=\"122\" src=\"https:\/\/etab.ac-reunion.fr\/clg-adam-de-villiers\/wp-content\/uploads\/sites\/134\/2021\/06\/Logo-PDF.jpg\" alt=\"\" class=\"wp-image-7579\" \/><\/a><figcaption class=\"wp-element-caption\">Mobilisation des aides \u00e0 la scolarit\u00e9<\/figcaption><\/figure>\n\n\n\n<figure class=\"wp-block-image size-full\"><a href=\"https:\/\/etab.ac-reunion.fr\/clg-adam-de-villiers\/wp-content\/uploads\/sites\/134\/2023\/09\/230913-Circulaire-F.-Sociaux-n\u00b0-2017-122-du-22-8-2017.pdf\" target=\"_blank\" rel=\"noreferrer noopener\"><img loading=\"lazy\" decoding=\"async\" width=\"99\" height=\"122\" src=\"https:\/\/etab.ac-reunion.fr\/clg-adam-de-villiers\/wp-content\/uploads\/sites\/134\/2021\/06\/Logo-PDF.jpg\" alt=\"\" class=\"wp-image-7579\" \/><\/a><figcaption class=\"wp-element-caption\">Circulaire F. Sociaux n\u00b0 2017-122 du 22-8-2017<\/figcaption><\/figure>\n\n\n\n<figure class=\"wp-block-image size-full\"><a href=\"https:\/\/etab.ac-reunion.fr\/clg-adam-de-villiers\/wp-content\/uploads\/sites\/134\/2023\/12\/231205-Reglement-Fonds-sociaux-CA-du-02112023-Clg-Adam-de-Villiers-avec-pv.pdf\" target=\"_blank\" rel=\"noreferrer noopener\"><img loading=\"lazy\" decoding=\"async\" width=\"99\" height=\"122\" src=\"https:\/\/etab.ac-reunion.fr\/clg-adam-de-villiers\/wp-content\/uploads\/sites\/134\/2021\/06\/Logo-PDF.jpg\" alt=\"\" class=\"wp-image-7579\" \/><\/a><figcaption class=\"wp-element-caption\">R\u00e8glement Fonds sociaux CA du 02\/11\/2023 Clg Adam de Villiers<\/figcaption><\/figure>\n","protected":false},"excerpt":{"rendered":"<p>Assistante Sociale : Mme HAYET Possibilit\u00e9 de la rencontrer les lundis, mardis apr\u00e8s-midi, mercredis matin et\u00a0 jeudis. S&rsquo;adresser \u00e0 la Vie Scolaire (02 62 31 29 56) pour prendre rendez-vous. Cliquez sur les ic\u00f4nes suivants pour t\u00e9l\u00e9charger les documents administratifs :<\/p>\n<p> <a class=\"continue-reading-link\" href=\"https:\/\/etab.ac-reunion.fr\/clg-adam-de-villiers\/administration\/lassistante-sociale\/\"><span>Lire l&rsquo;article<\/span><i class=\"crycon-right-dir\"><\/i><\/a> <\/p>\n","protected":false},"author":9172,"featured_media":0,"parent":2452,"menu_order":6,"comment_status":"closed","ping_status":"closed","template":"","meta":{"_EventAllDay":false,"_EventTimezone":"","_EventStartDate":"","_EventEndDate":"","_EventStartDateUTC":"","_EventEndDateUTC":"","_EventShowMap":false,"_EventShowMapLink":false,"_EventURL":"","_EventCost":"","_EventCostDescription":"","_EventCurrencySymbol":"","_EventCurrencyCode":"","_EventCurrencyPosition":"","_EventDateTimeSeparator":"","_EventTimeRangeSeparator":"","_EventOrganizerID":[],"_EventVenueID":[],"_OrganizerEmail":"","_OrganizerPhone":"","_OrganizerWebsite":"","_VenueAddress":"","_VenueCity":"","_VenueCountry":"","_VenueProvince":"","_VenueState":"","_VenueZip":"","_VenuePhone":"","_VenueURL":"","_VenueStateProvince":"","_VenueLat":"","_VenueLng":"","_VenueShowMap":false,"_VenueShowMapLink":false,"footnotes":""},"class_list":["post-222","page","type-page","status-publish","hentry"],"_links":{"self":[{"href":"https:\/\/etab.ac-reunion.fr\/clg-adam-de-villiers\/wp-json\/wp\/v2\/pages\/222","targetHints":{"allow":["GET"]}}],"collection":[{"href":"https:\/\/etab.ac-reunion.fr\/clg-adam-de-villiers\/wp-json\/wp\/v2\/pages"}],"about":[{"href":"https:\/\/etab.ac-reunion.fr\/clg-adam-de-villiers\/wp-json\/wp\/v2\/types\/page"}],"author":[{"embeddable":true,"href":"https:\/\/etab.ac-reunion.fr\/clg-adam-de-villiers\/wp-json\/wp\/v2\/users\/9172"}],"replies":[{"embeddable":true,"href":"https:\/\/etab.ac-reunion.fr\/clg-adam-de-villiers\/wp-json\/wp\/v2\/comments?post=222"}],"version-history":[{"count":9,"href":"https:\/\/etab.ac-reunion.fr\/clg-adam-de-villiers\/wp-json\/wp\/v2\/pages\/222\/revisions"}],"predecessor-version":[{"id":10789,"href":"https:\/\/etab.ac-reunion.fr\/clg-adam-de-villiers\/wp-json\/wp\/v2\/pages\/222\/revisions\/10789"}],"up":[{"embeddable":true,"href":"https:\/\/etab.ac-reunion.fr\/clg-adam-de-villiers\/wp-json\/wp\/v2\/pages\/2452"}],"wp:attachment":[{"href":"https:\/\/etab.ac-reunion.fr\/clg-adam-de-villiers\/wp-json\/wp\/v2\/media?parent=222"}],"curies":[{"name":"wp","href":"https:\/\/api.w.org\/{rel}","templated":true}]}}