{"id":2452,"date":"2011-11-08T13:42:03","date_gmt":"2011-11-08T09:42:03","guid":{"rendered":"http:\/\/portail.college-adamdevilliers.re\/wordpress\/?page_id=2"},"modified":"2022-03-12T15:57:33","modified_gmt":"2022-03-12T11:57:33","slug":"administration","status":"publish","type":"page","link":"https:\/\/etab.ac-reunion.fr\/clg-adam-de-villiers\/administration\/","title":{"rendered":"Administration"},"content":{"rendered":"<h4><a href=\"http:\/\/college-adam-de-villiers.ac-reunion.fr\/pedagogie\/reglement-interieur\/\">Le r\u00e8glement int\u00e9rieur<\/a><\/h4>\n<h4>Les modalit\u00e9s d&rsquo;inscription<\/h4>\n<h4><a href=\"http:\/\/college-adam-de-villiers.ac-reunion.fr\/administration\/assurance-collective\/\">Les assurances scolaires<\/a><\/h4>\n<h4><a href=\"http:\/\/college-adam-de-villiers.ac-reunion.fr\/administration\/la-gestion\/\">La gestion<\/a><\/h4>\n<h4><a title=\"L\u2019infirmerie\" href=\"http:\/\/college-adam-de-villiers.ac-reunion.fr\/administration\/linfirmerie\/\">L&rsquo;infirmerie<\/a><\/h4>\n<h4><a title=\"L\u2019assistance sociale\" href=\"http:\/\/college-adam-de-villiers.ac-reunion.fr\/administration\/lassistante-sociale\/\">Le Service Social<\/a><\/h4>\n<h4><a title=\"L\u2019orientation\" href=\"http:\/\/college-adam-de-villiers.ac-reunion.fr\/administration\/orientation\/\">L&rsquo;orientation<\/a><\/h4>\n","protected":false},"excerpt":{"rendered":"<p>Le r\u00e8glement int\u00e9rieur Les modalit\u00e9s d&rsquo;inscription Les assurances scolaires La gestion L&rsquo;infirmerie Le Service Social L&rsquo;orientation<\/p>\n<p> <a class=\"continue-reading-link\" href=\"https:\/\/etab.ac-reunion.fr\/clg-adam-de-villiers\/administration\/\"><span>Lire l&rsquo;article<\/span><i class=\"crycon-right-dir\"><\/i><\/a> <\/p>\n","protected":false},"author":9172,"featured_media":0,"parent":0,"menu_order":2,"comment_status":"closed","ping_status":"closed","template":"","meta":{"_EventAllDay":false,"_EventTimezone":"","_EventStartDate":"","_EventEndDate":"","_EventStartDateUTC":"","_EventEndDateUTC":"","_EventShowMap":false,"_EventShowMapLink":false,"_EventURL":"","_EventCost":"","_EventCostDescription":"","_EventCurrencySymbol":"","_EventCurrencyCode":"","_EventCurrencyPosition":"","_EventDateTimeSeparator":"","_EventTimeRangeSeparator":"","_EventOrganizerID":[],"_EventVenueID":[],"_OrganizerEmail":"","_OrganizerPhone":"","_OrganizerWebsite":"","_VenueAddress":"","_VenueCity":"","_VenueCountry":"","_VenueProvince":"","_VenueState":"","_VenueZip":"","_VenuePhone":"","_VenueURL":"","_VenueStateProvince":"","_VenueLat":"","_VenueLng":"","_VenueShowMap":false,"_VenueShowMapLink":false,"footnotes":""},"class_list":["post-2452","page","type-page","status-publish","hentry"],"_links":{"self":[{"href":"https:\/\/etab.ac-reunion.fr\/clg-adam-de-villiers\/wp-json\/wp\/v2\/pages\/2452","targetHints":{"allow":["GET"]}}],"collection":[{"href":"https:\/\/etab.ac-reunion.fr\/clg-adam-de-villiers\/wp-json\/wp\/v2\/pages"}],"about":[{"href":"https:\/\/etab.ac-reunion.fr\/clg-adam-de-villiers\/wp-json\/wp\/v2\/types\/page"}],"author":[{"embeddable":true,"href":"https:\/\/etab.ac-reunion.fr\/clg-adam-de-villiers\/wp-json\/wp\/v2\/users\/9172"}],"replies":[{"embeddable":true,"href":"https:\/\/etab.ac-reunion.fr\/clg-adam-de-villiers\/wp-json\/wp\/v2\/comments?post=2452"}],"version-history":[{"count":13,"href":"https:\/\/etab.ac-reunion.fr\/clg-adam-de-villiers\/wp-json\/wp\/v2\/pages\/2452\/revisions"}],"predecessor-version":[{"id":8351,"href":"https:\/\/etab.ac-reunion.fr\/clg-adam-de-villiers\/wp-json\/wp\/v2\/pages\/2452\/revisions\/8351"}],"wp:attachment":[{"href":"https:\/\/etab.ac-reunion.fr\/clg-adam-de-villiers\/wp-json\/wp\/v2\/media?parent=2452"}],"curies":[{"name":"wp","href":"https:\/\/api.w.org\/{rel}","templated":true}]}}