{"id":2453,"date":"2011-11-08T12:16:16","date_gmt":"2011-11-08T08:16:16","guid":{"rendered":"http:\/\/portail.college-adamdevilliers.re\/wordpress\/?page_id=3"},"modified":"2022-03-12T15:50:49","modified_gmt":"2022-03-12T11:50:49","slug":"pedagogie","status":"publish","type":"page","link":"https:\/\/etab.ac-reunion.fr\/clg-adam-de-villiers\/pedagogie\/","title":{"rendered":"P\u00e9dagogie"},"content":{"rendered":"<h4>Le contrat d&rsquo;objectifs<\/h4>\n<h4>Le projet d&rsquo;\u00e9tablissement<\/h4>\n<h4><a title=\"Le CDI\" href=\"http:\/\/college-adam-de-villiers.ac-reunion.fr\/pedagogie\/le-cdi\/\">Le Centre de Documentation et d&rsquo;Information (CDI)<\/a><\/h4>\n<h4><a title=\"Le dispositif ULIS\" href=\"http:\/\/college-adam-de-villiers.ac-reunion.fr\/pedagogie\/dispositif-ulis\/\">Le dispositif ULIS<\/a><\/h4>\n<h4><a title=\"Le Socle Commun\" href=\"http:\/\/college-adam-de-villiers.ac-reunion.fr\/pedagogie\/socle-commun\/\">Le socle commun<\/a><\/h4>\n<h4><a href=\"http:\/\/college-adam-de-villiers.ac-reunion.fr\/pedagogie\/aides-et-etudes-dirigees\/\">Les aides et \u00e9tudes dirig\u00e9es<\/a><\/h4>\n<h4><a title=\"Les Aides et Etudes Dirig\u00e9es\" href=\"http:\/\/college-adam-de-villiers.ac-reunion.fr\/pedagogie\/dispositif-devoirs-faits\/\">Le dispositif \u00ab\u00a0Devoirs faits\u00a0\u00bb<\/a><\/h4>\n<h4><a title=\"La liste des effets scolaires\" href=\"http:\/\/college-adam-de-villiers.ac-reunion.fr\/pedagogie\/la-liste-des-effets-scolaires\/\">La liste des effets scolaires<\/a><\/h4>\n<h4><a href=\"http:\/\/college-adam-de-villiers.ac-reunion.fr\/lassr-1-2\/\">L&rsquo;ASSR 1 &amp; 2<\/a><\/h4>\n<h4><a href=\"http:\/\/college-adam-de-villiers.ac-reunion.fr\/pedagogie\/le-brevet-des-colleges\/\">Le Brevet des Coll\u00e8ges<\/a><\/h4>\n<h4><a href=\"http:\/\/college-adam-de-villiers.ac-reunion.fr\/pedagogie\/lorientation-apres-la-3\/\">L&rsquo;orientation apr\u00e8s la 3\u00b0<\/a><\/h4>\n","protected":false},"excerpt":{"rendered":"<p>Le contrat d&rsquo;objectifs Le projet d&rsquo;\u00e9tablissement Le Centre de Documentation et d&rsquo;Information (CDI) Le dispositif ULIS Le socle commun Les aides et \u00e9tudes dirig\u00e9es Le dispositif \u00ab\u00a0Devoirs faits\u00a0\u00bb La liste des effets scolaires L&rsquo;ASSR 1 &amp; 2 Le Brevet des Coll\u00e8ges L&rsquo;orientation apr\u00e8s la 3\u00b0<\/p>\n<p> <a class=\"continue-reading-link\" href=\"https:\/\/etab.ac-reunion.fr\/clg-adam-de-villiers\/pedagogie\/\"><span>Lire l&rsquo;article<\/span><i class=\"crycon-right-dir\"><\/i><\/a> <\/p>\n","protected":false},"author":9172,"featured_media":0,"parent":0,"menu_order":3,"comment_status":"closed","ping_status":"closed","template":"","meta":{"_EventAllDay":false,"_EventTimezone":"","_EventStartDate":"","_EventEndDate":"","_EventStartDateUTC":"","_EventEndDateUTC":"","_EventShowMap":false,"_EventShowMapLink":false,"_EventURL":"","_EventCost":"","_EventCostDescription":"","_EventCurrencySymbol":"","_EventCurrencyCode":"","_EventCurrencyPosition":"","_EventDateTimeSeparator":"","_EventTimeRangeSeparator":"","_EventOrganizerID":[],"_EventVenueID":[],"_OrganizerEmail":"","_OrganizerPhone":"","_OrganizerWebsite":"","_VenueAddress":"","_VenueCity":"","_VenueCountry":"","_VenueProvince":"","_VenueState":"","_VenueZip":"","_VenuePhone":"","_VenueURL":"","_VenueStateProvince":"","_VenueLat":"","_VenueLng":"","_VenueShowMap":false,"_VenueShowMapLink":false,"footnotes":""},"class_list":["post-2453","page","type-page","status-publish","hentry"],"_links":{"self":[{"href":"https:\/\/etab.ac-reunion.fr\/clg-adam-de-villiers\/wp-json\/wp\/v2\/pages\/2453","targetHints":{"allow":["GET"]}}],"collection":[{"href":"https:\/\/etab.ac-reunion.fr\/clg-adam-de-villiers\/wp-json\/wp\/v2\/pages"}],"about":[{"href":"https:\/\/etab.ac-reunion.fr\/clg-adam-de-villiers\/wp-json\/wp\/v2\/types\/page"}],"author":[{"embeddable":true,"href":"https:\/\/etab.ac-reunion.fr\/clg-adam-de-villiers\/wp-json\/wp\/v2\/users\/9172"}],"replies":[{"embeddable":true,"href":"https:\/\/etab.ac-reunion.fr\/clg-adam-de-villiers\/wp-json\/wp\/v2\/comments?post=2453"}],"version-history":[{"count":10,"href":"https:\/\/etab.ac-reunion.fr\/clg-adam-de-villiers\/wp-json\/wp\/v2\/pages\/2453\/revisions"}],"predecessor-version":[{"id":8346,"href":"https:\/\/etab.ac-reunion.fr\/clg-adam-de-villiers\/wp-json\/wp\/v2\/pages\/2453\/revisions\/8346"}],"wp:attachment":[{"href":"https:\/\/etab.ac-reunion.fr\/clg-adam-de-villiers\/wp-json\/wp\/v2\/media?parent=2453"}],"curies":[{"name":"wp","href":"https:\/\/api.w.org\/{rel}","templated":true}]}}