{"id":2471,"date":"2012-09-07T17:50:17","date_gmt":"2012-09-07T13:50:17","guid":{"rendered":"https:\/\/portail.college-adamdevilliers.re\/wordpress\/?page_id=40"},"modified":"2026-04-20T18:33:41","modified_gmt":"2026-04-20T14:33:41","slug":"acteurs","status":"publish","type":"page","link":"https:\/\/etab.ac-reunion.fr\/clg-adam-de-villiers\/presentation\/le-college-2\/acteurs\/","title":{"rendered":"Les acteurs et actrices"},"content":{"rendered":"<h2><span style=\"color: #993366\">Direction<\/span><\/h2>\n<p>PRINCIPAL :\u00a0 \u00a0 \u00a0 \u00a0 \u00a0 \u00a0 \u00a0 \u00a0 \u00a0 \u00a0 \u00a0 \u00a0 \u00a0 \u00a0 \u00a0 \u00a0 \u00a0 \u00a0 \u00a0 \u00a0M. SHAYER Arnaud<\/p>\n<p>PRINCIPAL-ADJOINT :\u00a0 \u00a0 \u00a0 \u00a0 \u00a0 \u00a0 \u00a0 \u00a0 \u00a0 \u00a0M. JEANNE-ROSE Olivier<\/p>\n<p>SECRETAIRE GENERALE :\u00a0 \u00a0 \u00a0 \u00a0 \u00a0 \u00a0Mme LECARPENTIER Delphine<\/p>\n<p>C.P.E. : \u00a0 \u00a0 \u00a0 \u00a0 \u00a0 \u00a0 \u00a0 \u00a0 \u00a0 \u00a0 \u00a0 \u00a0 \u00a0 \u00a0 \u00a0 \u00a0 \u00a0 \u00a0 \u00a0 \u00a0 \u00a0 \u00a0 \u00a0 \u00a0 Mme MILADI Khadidja<\/p>\n<p>C.P.E. : \u00a0 \u00a0 \u00a0 \u00a0 \u00a0 \u00a0 \u00a0 \u00a0 \u00a0 \u00a0 \u00a0 \u00a0 \u00a0 \u00a0 \u00a0 \u00a0 \u00a0 \u00a0 \u00a0 \u00a0 \u00a0 \u00a0 \u00a0 \u00a0 M. BIGOT Nicolas<\/p>\n<p><span style=\"text-decoration: underline\">\u00a0<\/span><\/p>\n<h2><span style=\"color: #993366\">Secr\u00e9tariat<\/span><strong><br \/><\/strong><\/h2>\n<p>SECRETARIAT DIRECTION :\u00a0 \u00a0 \u00a0 \u00a0 \u00a0 \u00a0Mme LAN-CHIN Fabienne<\/p>\n<p>GESTIONNAIRE ADJOINTE : \u00a0 \u00a0 \u00a0 \u00a0 \u00a0Mme BENARD Audrey<\/p>\n<h2><span style=\"color: #993366\">Personnel enseignant<\/span><\/h2>\n<p><strong>ALLEMAND<\/strong><\/p>\n<p>Mme LEOCADIE Elisabeth<\/p>\n<p><strong>ANGLAIS\u00a0\u00a0\u00a0\u00a0\u00a0\u00a0\u00a0\u00a0\u00a0\u00a0\u00a0\u00a0\u00a0\u00a0\u00a0\u00a0\u00a0\u00a0\u00a0\u00a0\u00a0\u00a0\u00a0\u00a0\u00a0\u00a0\u00a0\u00a0\u00a0\u00a0\u00a0\u00a0\u00a0\u00a0\u00a0\u00a0\u00a0\u00a0\u00a0\u00a0\u00a0\u00a0\u00a0\u00a0\u00a0\u00a0\u00a0\u00a0\u00a0\u00a0\u00a0\u00a0\u00a0\u00a0\u00a0\u00a0\u00a0\u00a0\u00a0\u00a0\u00a0\u00a0\u00a0\u00a0\u00a0\u00a0\u00a0\u00a0\u00a0\u00a0\u00a0\u00a0\u00a0\u00a0\u00a0\u00a0\u00a0\u00a0<\/strong><strong><br \/><\/strong><\/p>\n<p>Mme CATHERINE Sandrine remplac\u00e9e par Mme NATIVEL Anisia Mich\u00e8le<\/p>\n<p>Mme DIJOUX Alexandra<\/p>\n<p>Mme LECROSNIER Ad\u00e8le<\/p>\n<p>M. MARET Blaise<\/p>\n<p>Mme MIRISOLA Vincenza<\/p>\n<p>M. VANBAELINGHEM Nicolas<\/p>\n<p>Mme WALKER Cady (Assistante)<\/p>\n<p><strong>ARTS PLASTIQUES<\/strong><\/p>\n<p>M. LE CRAS G\u00e9rard<\/p>\n<p>Mme VIGNOUD Pascale<\/p>\n<p><strong>EDUCATION MUSICALE<\/strong><\/p>\n<p>M. BOYER Jean-Hugues<\/p>\n<p>Mme VANDEN BOSSCHE Karine<\/p>\n<p><strong>E.P.S.<\/strong><\/p>\n<p>Mme ANGELI Evelyne<\/p>\n<p>M. CORPORIN Antoine<\/p>\n<p>Mme JONO Marion<\/p>\n<p>M. LEBON Thierry remplac\u00e9 par M. TIBERE Laurent<\/p>\n<p>Mme RUELLAN Emmanuelle<\/p>\n<p><strong>ESPAGNOL<\/strong><\/p>\n<p>Mme CANNAKE Isabelle<\/p>\n<p>Mme DESIRE Val\u00e9rie<\/p>\n<p>Mme PEGOUD Brigitte<\/p>\n<p>Mme RIVIERE Marie Christine<\/p>\n<p><strong>FRANCAIS<\/strong><\/p>\n<p>Mme BOZILOVIC Sonia<\/p>\n<p>Mme COLLIGNON Sylvaine<\/p>\n<p>Mme DUFAUD Sylviane remplac\u00e9e par Mme ANZOULLY Lindsay<\/p>\n<p>M. JARLEGAND Erwan<\/p>\n<p>Mme JARLEGAND Roopavathy<\/p>\n<p>Mme MOUTIEN Danah\u00e9<\/p>\n<p>Mme QUENOU Marie-Emmanuelle (Cr\u00e9ole)<\/p>\n<p>Mme SIBARI C\u00e9line (Latin &#8211; Grec)<\/p>\n<p><strong>HISTOIRE-GEOGRAPHIE<\/strong><\/p>\n<p>M. AH-KING Thomas<\/p>\n<p>Mme CARO Patricia<\/p>\n<p>M. DELCHET Laurent<\/p>\n<p>Mme HOAREAU Marie-Andr\u00e9e<\/p>\n<p>Mme JEANNOT Carole<\/p>\n<p>Mme LAURET Eglantine<\/p>\n<p><strong>MATHEMATIQUES<\/strong><\/p>\n<p>M. ARNAUD Romain<\/p>\n<p>Mme NAHELI Florence<\/p>\n<p>M. POINTEAU Bruno<\/p>\n<p>M. POUDROUX Eric<\/p>\n<p>M. VINCHON Christophe<\/p>\n<p><strong>SCIENCES PHYSIQUES ET CHIMIE<\/strong><\/p>\n<p>Mme BENARD-APPOL Emilie remplac\u00e9e par Mme BOUAMAMA Sarah<\/p>\n<p>M. JULIEN Thierry<\/p>\n<p><strong>SCIENCES DE LA VIE ET DE LA TERRE<\/strong><\/p>\n<p>Mme CARO Val\u00e9rie<\/p>\n<p>Mme FONTAINE Fabienne<\/p>\n<p>Mme GAJA JARQUE Maria<\/p>\n<p>M. VANDESCHRICKE Fran\u00e7ois<\/p>\n<p><strong>TECHNOLOGIE<\/strong><\/p>\n<p>M. PAYET Jean Patrice<\/p>\n<p>M. RAMSAMY John Elian<\/p>\n<p><strong>U.L.I.S.<\/strong><\/p>\n<p>Mme HELIAS Nathalie, Professeure des Ecoles<\/p>\n<p>Mme\u00a0DUQUESNE Nina, AESH<\/p>\n<p>Mme MAHAMOUDOU Raziah, AESH<\/p>\n<ul>\n<li><strong><em>CDI :<\/em><\/strong><\/li>\n<\/ul>\n<p>Mme LEGER Marie Florence, Documentaliste<\/p>\n<p>M. RASSABY J\u00e9r\u00e9my, assistant d&rsquo;\u00e9ducation, aide-documentaliste<\/p>\n<ul>\n<li><strong><em>ENSEIGNANTS RATTACHES ADMINISTRATIVEMENT AU COLLEGE :<\/em><\/strong><\/li>\n<\/ul>\n<p>Mme ANZOULLY Lindsay, Certifi\u00e9e Cr\u00e9ole<\/p>\n<p>M. MALET Harry Claude, Certifi\u00e9 Cr\u00e9ole<\/p>\n<p>Mme SIMONET L\u00e9a, Agr\u00e9g\u00e9e EPS<\/p>\n<ul>\n<li><strong><em>PERSONNEL DE SANTE\u00a0:<\/em><\/strong><\/li>\n<\/ul>\n<p>Mme MERCIER Sylvie : Infirmi\u00e8re<\/p>\n<ul>\n<li><strong><em>ASSISTANTE SOCIALE :<\/em><\/strong><\/li>\n<\/ul>\n<p>Mme RIVIERE Jessy<\/p>\n<ul>\n<li><strong><em>PSYCHOLOGUE DE L&rsquo;EDUCATION NATIONALE :<\/em><\/strong><\/li>\n<\/ul>\n<p>Mme BOYER El\u00e9a<\/p>\n<h2><span style=\"color: #993366\">Personnel Vie Scolaire<\/span><\/h2>\n<p>Mme BLARD Ang\u00e9lique, assistante d\u2019\u00e9ducation<\/p>\n<p>Mme BRABANT Marine, assistante d&rsquo;\u00e9ducation<\/p>\n<p>Mme GAVOUROU Vincente, assistante d&rsquo;\u00e9ducation<\/p>\n<p>M. HOAREAU Rodolphe, assistant d&rsquo;\u00e9ducation<\/p>\n<p>Mme KONDOKI Oriane, assistante d&rsquo;\u00e9ducation<\/p>\n<p>Mme LAURET Aur\u00e9lie, assistante d&rsquo;\u00e9ducation<\/p>\n<p>Mme MOIMBA Sylvie, assistante d&rsquo;\u00e9ducation (Secr\u00e9tariat vie scolaire)<\/p>\n<p>M. RASSABY J\u00e9r\u00e9my, assistant d&rsquo;\u00e9ducation<\/p>\n<p>M. SIOCHE Micka\u00ebl, assistant d&rsquo;\u00e9ducation (TICE)<\/p>\n<p>M. TECHER Jean-C\u00e9dric, assistant d&rsquo;\u00e9ducation<\/p>\n<p>Mme NASSIBOU Julie, assistante vie scolaire<\/p>\n<p>Mme BOUCHER Oc\u00e9ane, AESH<\/p>\n<p>Mme GIGAN Agn\u00e8s, AESH<\/p>\n<p>Mme LAURET Oph\u00e9lie, AESH<\/p>\n<p>Mme MARECHAL St\u00e9phanie, AESH<\/p>\n<p>Mme PAYET Isabelle, AESH<\/p>\n<p>Mme TOVAGLIARO Siti, AESH<\/p>\n<p>Mme VIRY Sandra, AESH<\/p>\n<div dir=\"ltr\">\u00a0<\/div>\n<h2><span style=\"color: #993366\">Personnel technique<\/span><\/h2>\n<p>ATTEE Principal\u00a0 \u00a0 \u00a0 \u00a0 \u00a0 \u00a0 \u00a0 \u00a0 \u00a0 \u00a0 M. HOARAU Bruno<\/p>\n<p>ATTEE Accueil \u00a0 \u00a0 \u00a0 \u00a0 \u00a0 \u00a0 \u00a0 \u00a0 \u00a0 \u00a0 \u00a0 \u00a0M. COURTOIS Max<\/p>\n<p>ATTEE\u00a0 \u00a0 \u00a0 \u00a0 \u00a0 \u00a0 \u00a0 \u00a0 \u00a0 \u00a0 \u00a0 \u00a0 \u00a0 \u00a0 \u00a0 \u00a0 \u00a0 \u00a0 \u00a0 M. BARRET Henri Fred<\/p>\n<p>ATTEE\u00a0 \u00a0 \u00a0 \u00a0 \u00a0 \u00a0 \u00a0 \u00a0 \u00a0 \u00a0 \u00a0 \u00a0 \u00a0 \u00a0 \u00a0 \u00a0 \u00a0 \u00a0 \u00a0 M. BARRET Michel<\/p>\n<p>ATTEE\u00a0 \u00a0 \u00a0 \u00a0 \u00a0 \u00a0 \u00a0 \u00a0 \u00a0 \u00a0 \u00a0 \u00a0 \u00a0 \u00a0 \u00a0 \u00a0 \u00a0 \u00a0 \u00a0 M. CADET Eric<\/p>\n<p>ATTEE\u00a0 \u00a0 \u00a0 \u00a0 \u00a0 \u00a0 \u00a0 \u00a0 \u00a0 \u00a0 \u00a0 \u00a0 \u00a0 \u00a0 \u00a0 \u00a0 \u00a0 \u00a0 \u00a0 M. CYLOS Marcel<\/p>\n<p>ATTEE\u00a0 \u00a0 \u00a0 \u00a0 \u00a0 \u00a0 \u00a0 \u00a0 \u00a0 \u00a0 \u00a0 \u00a0 \u00a0 \u00a0 \u00a0 \u00a0 \u00a0 \u00a0 \u00a0 Mme GENEVIEVE Gladys<\/p>\n<p>ATTEE\u00a0 \u00a0 \u00a0 \u00a0 \u00a0 \u00a0 \u00a0 \u00a0 \u00a0 \u00a0 \u00a0 \u00a0 \u00a0 \u00a0 \u00a0 \u00a0 \u00a0 \u00a0 \u00a0 M. LEON Thierry<\/p>\n<p>ATTEE\u00a0 \u00a0 \u00a0 \u00a0 \u00a0 \u00a0 \u00a0 \u00a0 \u00a0 \u00a0 \u00a0 \u00a0 \u00a0 \u00a0 \u00a0 \u00a0 \u00a0 \u00a0 \u00a0 M. RIVIERE Alix<\/p>\n<p>ATTEE\u00a0 \u00a0 \u00a0 \u00a0 \u00a0 \u00a0 \u00a0 \u00a0 \u00a0 \u00a0 \u00a0 \u00a0 \u00a0 \u00a0 \u00a0 \u00a0 \u00a0 \u00a0 \u00a0 M. SIDAMBAROM Jonathan<\/p>\n<p>ATTEE\u00a0 \u00a0 \u00a0 \u00a0 \u00a0 \u00a0 \u00a0 \u00a0 \u00a0 \u00a0 \u00a0 \u00a0 \u00a0 \u00a0 \u00a0 \u00a0 \u00a0 \u00a0 \u00a0 M. TETIA Jean Raymond<\/p>\n<p>CUI-PEC\u00a0 \u00a0 \u00a0 \u00a0 \u00a0 \u00a0 \u00a0 \u00a0 \u00a0 \u00a0 \u00a0 \u00a0 \u00a0 \u00a0 \u00a0 \u00a0 \u00a0 Mme MARIDIANDA Florence\u00a0 \u00a0\u00a0<\/p>\n<div>\u00a0<\/div>\n\n\n<p>&nbsp;<\/p>\n","protected":false},"excerpt":{"rendered":"<p>Direction PRINCIPAL :\u00a0 \u00a0 \u00a0 \u00a0 \u00a0 \u00a0 \u00a0 \u00a0 \u00a0 \u00a0 \u00a0 \u00a0 \u00a0 \u00a0 \u00a0 \u00a0 \u00a0 \u00a0 \u00a0 \u00a0M. SHAYER Arnaud PRINCIPAL-ADJOINT :\u00a0 \u00a0 \u00a0 \u00a0 \u00a0 \u00a0 \u00a0 \u00a0 \u00a0 \u00a0M. JEANNE-ROSE Olivier SECRETAIRE GENERALE :\u00a0 \u00a0 \u00a0 \u00a0 \u00a0 \u00a0Mme LECARPENTIER Delphine C.P.E. : \u00a0\u2026<\/p>\n<p> <a class=\"continue-reading-link\" href=\"https:\/\/etab.ac-reunion.fr\/clg-adam-de-villiers\/presentation\/le-college-2\/acteurs\/\"><span>Lire l&rsquo;article<\/span><i class=\"crycon-right-dir\"><\/i><\/a> <\/p>\n","protected":false},"author":9172,"featured_media":0,"parent":6673,"menu_order":1,"comment_status":"closed","ping_status":"closed","template":"","meta":{"_EventAllDay":false,"_EventTimezone":"","_EventStartDate":"","_EventEndDate":"","_EventStartDateUTC":"","_EventEndDateUTC":"","_EventShowMap":false,"_EventShowMapLink":false,"_EventURL":"","_EventCost":"","_EventCostDescription":"","_EventCurrencySymbol":"","_EventCurrencyCode":"","_EventCurrencyPosition":"","_EventDateTimeSeparator":"","_EventTimeRangeSeparator":"","_EventOrganizerID":[],"_EventVenueID":[],"_OrganizerEmail":"","_OrganizerPhone":"","_OrganizerWebsite":"","_VenueAddress":"","_VenueCity":"","_VenueCountry":"","_VenueProvince":"","_VenueState":"","_VenueZip":"","_VenuePhone":"","_VenueURL":"","_VenueStateProvince":"","_VenueLat":"","_VenueLng":"","_VenueShowMap":false,"_VenueShowMapLink":false,"footnotes":""},"class_list":["post-2471","page","type-page","status-publish","hentry"],"_links":{"self":[{"href":"https:\/\/etab.ac-reunion.fr\/clg-adam-de-villiers\/wp-json\/wp\/v2\/pages\/2471","targetHints":{"allow":["GET"]}}],"collection":[{"href":"https:\/\/etab.ac-reunion.fr\/clg-adam-de-villiers\/wp-json\/wp\/v2\/pages"}],"about":[{"href":"https:\/\/etab.ac-reunion.fr\/clg-adam-de-villiers\/wp-json\/wp\/v2\/types\/page"}],"author":[{"embeddable":true,"href":"https:\/\/etab.ac-reunion.fr\/clg-adam-de-villiers\/wp-json\/wp\/v2\/users\/9172"}],"replies":[{"embeddable":true,"href":"https:\/\/etab.ac-reunion.fr\/clg-adam-de-villiers\/wp-json\/wp\/v2\/comments?post=2471"}],"version-history":[{"count":99,"href":"https:\/\/etab.ac-reunion.fr\/clg-adam-de-villiers\/wp-json\/wp\/v2\/pages\/2471\/revisions"}],"predecessor-version":[{"id":12415,"href":"https:\/\/etab.ac-reunion.fr\/clg-adam-de-villiers\/wp-json\/wp\/v2\/pages\/2471\/revisions\/12415"}],"up":[{"embeddable":true,"href":"https:\/\/etab.ac-reunion.fr\/clg-adam-de-villiers\/wp-json\/wp\/v2\/pages\/6673"}],"wp:attachment":[{"href":"https:\/\/etab.ac-reunion.fr\/clg-adam-de-villiers\/wp-json\/wp\/v2\/media?parent=2471"}],"curies":[{"name":"wp","href":"https:\/\/api.w.org\/{rel}","templated":true}]}}