{"id":2473,"date":"2013-09-03T19:00:42","date_gmt":"2013-09-03T15:00:42","guid":{"rendered":"https:\/\/portail.college-adamdevilliers.re\/wordpress\/?page_id=45"},"modified":"2024-10-16T19:21:13","modified_gmt":"2024-10-16T15:21:13","slug":"le-cdi","status":"publish","type":"page","link":"https:\/\/etab.ac-reunion.fr\/clg-adam-de-villiers\/pedagogie\/le-cdi\/","title":{"rendered":"Le CDI"},"content":{"rendered":"<h2>Centre de Documentation et d&rsquo;Information<\/h2>\n<p align=\"center\"><img loading=\"lazy\" decoding=\"async\" class=\"aligncenter wp-image-203 size-full\" src=\"https:\/\/etab.ac-reunion.fr\/clg-adam-de-villiers\/wp-content\/uploads\/sites\/134\/2012\/06\/Logo-CDI.jpg\" alt=\"\" width=\"99\" height=\"87\" \/><\/p>\n<p>Professeure Documentaliste : Mme LEGER Florence<\/p>\n<h3><strong>\u00a0<\/strong><\/h3>\n<h3><strong>&#8211; Que trouver au CDI ?<\/strong><\/h3>\n<p>Des informations et des lectures avec :<\/p>\n<p style=\"padding-left: 30px\">&#8211;\u00a0Plus de 4000 livres dont pr\u00e8s de 2000 romans.<\/p>\n<p style=\"padding-left: 30px\">&#8211; Des dictionnaires et des encyclop\u00e9dies.<\/p>\n<p style=\"padding-left: 30px\">&#8211; Les abonnements \u00e0 13 p\u00e9riodiques.<\/p>\n<p style=\"padding-left: 30px\">&#8211; Le kiosque de l&rsquo;Onisep.<\/p>\n<p style=\"padding-left: 30px\">&#8211; Des DVD, des c\u00e9d\u00e9roms et des vid\u00e9ocassettes.<\/p>\n<p style=\"padding-left: 30px\">&#8211; Un acc\u00e8s Internet sur les cinq postes de consultation.<\/p>\n<p>\u00a0<strong>Tout le fonds est consultable \u00e0 partir du <a title=\"Acc\u00e8s Base de donn\u00e9es CDI\" href=\"http:\/\/9741235z.esidoc.fr\/\" target=\"_blank\" rel=\"noopener\">portail e-sidoc<\/a><\/strong>, qui offre aussi diverses ressources, actualit\u00e9s et coups de c\u0153ur.<\/p>\n<h3><strong>&#8211; Que faire au CDI ?<\/strong><\/h3>\n<p><span style=\"text-decoration: underline\">Individuellement :<\/span><\/p>\n<p style=\"padding-left: 30px\">&#8211; lire<\/p>\n<p style=\"padding-left: 30px\">&#8211; emprunter ou rendre un livre.<\/p>\n<p style=\"padding-left: 30px\">&#8211; chercher des informations sur un sujet.<\/p>\n<p style=\"padding-left: 30px\">&#8211; se renseigner sur l&rsquo;orientation et les m\u00e9tiers.<\/p>\n<p style=\"padding-left: 30px\">&#8211; regarder une exposition.<\/p>\n<p><span style=\"text-decoration: underline\">En groupe ou en classe enti\u00e8re<\/span>\u00a0: participer \u00e0 un projet du CDI , notamment autour de la lecture ou sur l\u2019apprentissage des pratiques documentaires.<\/p>\n<h3><strong>&#8211; Quelles sont les r\u00e8gles \u00e0 respecter ?<\/strong><\/h3>\n<p style=\"padding-left: 30px\">&#8211; Respecter les autres : Le CDI est un lieu de lecture et de travail. Le silence y est de rigueur. Aucun \u00e9l\u00e8ve ne doit g\u00eaner les autres par son comportement.<\/p>\n<p style=\"padding-left: 30px\">&#8211; Respecter le mat\u00e9riel et ranger tous les documents consult\u00e9s \u00e0 leur place.<\/p>\n<p style=\"padding-left: 30px\">&#8211; Respecter le droit : La charte citoyennet\u00e9-informatique d\u00e9finit les r\u00e8gles \u00e0 suivre lorsque l&rsquo;on utilise un des postes du CDI et que l&rsquo;on surfe sur le web.<\/p>\n<p style=\"padding-left: 30px\">&#8211; Respecter le fonctionnement du CDI : les \u00e9l\u00e8ves viennent au CDI pour faire une recherche, un travail n\u00e9cessitant un document du CDI ou pour lire. Ils monteront et se rangeront directement devant la porte du CDI sans passer par la permanence. Leurs besoins seront \u00e9tudi\u00e9s par les responsables du CDI (sauf en cas de s\u00e9ance p\u00e9dagogique au CDI affich\u00e9e \u00e0 l&rsquo;entr\u00e9e).<\/p>\n<h3>&#8211; Les projets :<\/h3>\n<p>Le projet documentaire corrobore les priorit\u00e9s des directives minist\u00e9rielles et de la politique acad\u00e9mique et s\u2019inscrit dans les axes du contrat d\u2019objectifs.<\/p>\n<p>Ses objectifs sont\u00a0:<\/p>\n<p style=\"padding-left: 30px\">&#8211;\u00a0 de former les \u00e9l\u00e8ves \u00e0 l\u2019info-documentaire et \u00e0 l\u2019utilisation des TICE,<\/p>\n<p style=\"padding-left: 30px\">&#8211;\u00a0 de pr\u00e9venir l\u2019illettrisme par des actions en faveur de la lecture,<\/p>\n<p style=\"padding-left: 30px\">&#8211; de favoriser l\u2019ouverture sur la culture et de participer \u00e0 l\u2019enseignement de l\u2019histoire des arts,<\/p>\n<p style=\"padding-left: 30px\">&#8211;\u00a0 de favoriser l\u2019\u00e9ducation vers le d\u00e9veloppement durable,<\/p>\n<p style=\"padding-left: 30px\">&#8211;\u00a0 d\u2019aider les \u00e9l\u00e8ves dans leurs choix, projet personnel et orientation en mettant \u00e0 disposition la documentation\u00a0 de l\u2019Onisep.<\/p>\n","protected":false},"excerpt":{"rendered":"<p>Centre de Documentation et d&rsquo;Information Professeure Documentaliste : Mme LEGER Florence \u00a0 &#8211; Que trouver au CDI ? Des informations et des lectures avec : &#8211;\u00a0Plus de 4000 livres dont pr\u00e8s de 2000 romans. &#8211; Des dictionnaires et des encyclop\u00e9dies. &#8211; Les abonnements \u00e0 13 p\u00e9riodiques. &#8211; Le kiosque de\u2026<\/p>\n<p> <a class=\"continue-reading-link\" href=\"https:\/\/etab.ac-reunion.fr\/clg-adam-de-villiers\/pedagogie\/le-cdi\/\"><span>Lire l&rsquo;article<\/span><i class=\"crycon-right-dir\"><\/i><\/a> <\/p>\n","protected":false},"author":9172,"featured_media":0,"parent":2453,"menu_order":2,"comment_status":"closed","ping_status":"closed","template":"","meta":{"_EventAllDay":false,"_EventTimezone":"","_EventStartDate":"","_EventEndDate":"","_EventStartDateUTC":"","_EventEndDateUTC":"","_EventShowMap":false,"_EventShowMapLink":false,"_EventURL":"","_EventCost":"","_EventCostDescription":"","_EventCurrencySymbol":"","_EventCurrencyCode":"","_EventCurrencyPosition":"","_EventDateTimeSeparator":"","_EventTimeRangeSeparator":"","_EventOrganizerID":[],"_EventVenueID":[],"_OrganizerEmail":"","_OrganizerPhone":"","_OrganizerWebsite":"","_VenueAddress":"","_VenueCity":"","_VenueCountry":"","_VenueProvince":"","_VenueState":"","_VenueZip":"","_VenuePhone":"","_VenueURL":"","_VenueStateProvince":"","_VenueLat":"","_VenueLng":"","_VenueShowMap":false,"_VenueShowMapLink":false,"footnotes":""},"class_list":["post-2473","page","type-page","status-publish","hentry"],"_links":{"self":[{"href":"https:\/\/etab.ac-reunion.fr\/clg-adam-de-villiers\/wp-json\/wp\/v2\/pages\/2473","targetHints":{"allow":["GET"]}}],"collection":[{"href":"https:\/\/etab.ac-reunion.fr\/clg-adam-de-villiers\/wp-json\/wp\/v2\/pages"}],"about":[{"href":"https:\/\/etab.ac-reunion.fr\/clg-adam-de-villiers\/wp-json\/wp\/v2\/types\/page"}],"author":[{"embeddable":true,"href":"https:\/\/etab.ac-reunion.fr\/clg-adam-de-villiers\/wp-json\/wp\/v2\/users\/9172"}],"replies":[{"embeddable":true,"href":"https:\/\/etab.ac-reunion.fr\/clg-adam-de-villiers\/wp-json\/wp\/v2\/comments?post=2473"}],"version-history":[{"count":4,"href":"https:\/\/etab.ac-reunion.fr\/clg-adam-de-villiers\/wp-json\/wp\/v2\/pages\/2473\/revisions"}],"predecessor-version":[{"id":11361,"href":"https:\/\/etab.ac-reunion.fr\/clg-adam-de-villiers\/wp-json\/wp\/v2\/pages\/2473\/revisions\/11361"}],"up":[{"embeddable":true,"href":"https:\/\/etab.ac-reunion.fr\/clg-adam-de-villiers\/wp-json\/wp\/v2\/pages\/2453"}],"wp:attachment":[{"href":"https:\/\/etab.ac-reunion.fr\/clg-adam-de-villiers\/wp-json\/wp\/v2\/media?parent=2473"}],"curies":[{"name":"wp","href":"https:\/\/api.w.org\/{rel}","templated":true}]}}