{"id":260,"date":"2012-06-27T17:51:10","date_gmt":"2012-06-27T13:51:10","guid":{"rendered":"https:\/\/portail.college-adamdevilliers.re\/wordpress\/?page_id=260"},"modified":"2024-10-16T18:08:46","modified_gmt":"2024-10-16T14:08:46","slug":"le-college","status":"publish","type":"page","link":"https:\/\/etab.ac-reunion.fr\/clg-adam-de-villiers\/presentation\/le-college-2\/le-college\/","title":{"rendered":"Le coll\u00e8ge Adam de Villiers"},"content":{"rendered":"Ouvert en septembre 1998, notre coll\u00e8ge est situ\u00e9 dans les hauts de Saint-Pierre.\n\nPlus de 650 \u00e9l\u00e8ves y sont scolaris\u00e9s et font partie d&rsquo;une zone d&rsquo;habitation rurale, Mont-Vert les Hauts et Mont-Vert les Bas, ainsi que d&rsquo;une zone suburbaine (Grand-Bois).\n\n<div id=\"attachment_281\" style=\"width: 490px\" class=\"wp-caption aligncenter\"><a href=\"https:\/\/portail.college-adamdevilliers.re\/wordpress\/presentation\/le-college\/college-2\/\" rel=\"attachment wp-att-281\"><img loading=\"lazy\" decoding=\"async\" aria-describedby=\"caption-attachment-281\" class=\"size-full wp-image-281\" src=\"https:\/\/etab.ac-reunion.fr\/clg-adam-de-villiers\/wp-content\/uploads\/sites\/134\/2012\/06\/Coll\u00e8ge1.jpg\" alt=\"\" width=\"480\" height=\"320\" srcset=\"https:\/\/etab.ac-reunion.fr\/clg-adam-de-villiers\/wp-content\/uploads\/sites\/134\/2012\/06\/Coll\u00e8ge1.jpg 480w, https:\/\/etab.ac-reunion.fr\/clg-adam-de-villiers\/wp-content\/uploads\/sites\/134\/2012\/06\/Coll\u00e8ge1-300x200.jpg 300w, https:\/\/etab.ac-reunion.fr\/clg-adam-de-villiers\/wp-content\/uploads\/sites\/134\/2012\/06\/Coll\u00e8ge1-225x150.jpg 225w, https:\/\/etab.ac-reunion.fr\/clg-adam-de-villiers\/wp-content\/uploads\/sites\/134\/2012\/06\/Coll\u00e8ge1-150x100.jpg 150w\" sizes=\"auto, (max-width: 480px) 100vw, 480px\" \/><\/a><p id=\"caption-attachment-281\" class=\"wp-caption-text\">Photo T\u00e9n\u00e9sol 2010<\/p><\/div>\n\n<!-- \/wp:post-content --><!-- wp:image {\"id\":5732,\"align\":\"center\",\"width\":150,\"height\":201,\"linkDestination\":\"custom\"} -->\n<div class=\"wp-block-image\"><\/div>\n<!-- \/wp:image -->","protected":false},"excerpt":{"rendered":"<p>Ouvert en septembre 1998, notre coll\u00e8ge est situ\u00e9 dans les hauts de Saint-Pierre. Plus de 650 \u00e9l\u00e8ves y sont scolaris\u00e9s et font partie d&rsquo;une zone d&rsquo;habitation rurale, Mont-Vert les Hauts et Mont-Vert les Bas, ainsi que d&rsquo;une zone suburbaine (Grand-Bois).<\/p>\n<p> <a class=\"continue-reading-link\" href=\"https:\/\/etab.ac-reunion.fr\/clg-adam-de-villiers\/presentation\/le-college-2\/le-college\/\"><span>Lire l&rsquo;article<\/span><i class=\"crycon-right-dir\"><\/i><\/a> <\/p>\n","protected":false},"author":9172,"featured_media":0,"parent":6673,"menu_order":0,"comment_status":"closed","ping_status":"closed","template":"","meta":{"_EventAllDay":false,"_EventTimezone":"","_EventStartDate":"","_EventEndDate":"","_EventStartDateUTC":"","_EventEndDateUTC":"","_EventShowMap":false,"_EventShowMapLink":false,"_EventURL":"","_EventCost":"","_EventCostDescription":"","_EventCurrencySymbol":"","_EventCurrencyCode":"","_EventCurrencyPosition":"","_EventDateTimeSeparator":"","_EventTimeRangeSeparator":"","_EventOrganizerID":[],"_EventVenueID":[],"_OrganizerEmail":"","_OrganizerPhone":"","_OrganizerWebsite":"","_VenueAddress":"","_VenueCity":"","_VenueCountry":"","_VenueProvince":"","_VenueState":"","_VenueZip":"","_VenuePhone":"","_VenueURL":"","_VenueStateProvince":"","_VenueLat":"","_VenueLng":"","_VenueShowMap":false,"_VenueShowMapLink":false,"footnotes":""},"class_list":["post-260","page","type-page","status-publish","hentry"],"_links":{"self":[{"href":"https:\/\/etab.ac-reunion.fr\/clg-adam-de-villiers\/wp-json\/wp\/v2\/pages\/260","targetHints":{"allow":["GET"]}}],"collection":[{"href":"https:\/\/etab.ac-reunion.fr\/clg-adam-de-villiers\/wp-json\/wp\/v2\/pages"}],"about":[{"href":"https:\/\/etab.ac-reunion.fr\/clg-adam-de-villiers\/wp-json\/wp\/v2\/types\/page"}],"author":[{"embeddable":true,"href":"https:\/\/etab.ac-reunion.fr\/clg-adam-de-villiers\/wp-json\/wp\/v2\/users\/9172"}],"replies":[{"embeddable":true,"href":"https:\/\/etab.ac-reunion.fr\/clg-adam-de-villiers\/wp-json\/wp\/v2\/comments?post=260"}],"version-history":[{"count":7,"href":"https:\/\/etab.ac-reunion.fr\/clg-adam-de-villiers\/wp-json\/wp\/v2\/pages\/260\/revisions"}],"predecessor-version":[{"id":11341,"href":"https:\/\/etab.ac-reunion.fr\/clg-adam-de-villiers\/wp-json\/wp\/v2\/pages\/260\/revisions\/11341"}],"up":[{"embeddable":true,"href":"https:\/\/etab.ac-reunion.fr\/clg-adam-de-villiers\/wp-json\/wp\/v2\/pages\/6673"}],"wp:attachment":[{"href":"https:\/\/etab.ac-reunion.fr\/clg-adam-de-villiers\/wp-json\/wp\/v2\/media?parent=260"}],"curies":[{"name":"wp","href":"https:\/\/api.w.org\/{rel}","templated":true}]}}