{"id":262,"date":"2012-06-27T17:51:31","date_gmt":"2012-06-27T13:51:31","guid":{"rendered":"https:\/\/portail.college-adamdevilliers.re\/wordpress\/?page_id=262"},"modified":"2012-06-27T17:51:31","modified_gmt":"2012-06-27T13:51:31","slug":"emilien-adam-de-villiers","status":"publish","type":"page","link":"https:\/\/etab.ac-reunion.fr\/clg-adam-de-villiers\/presentation\/emilien-adam-de-villiers\/","title":{"rendered":"Emilien Adam de Villiers"},"content":{"rendered":"<p><a href=\"https:\/\/etab.ac-reunion.fr\/clg-adam-de-villiers\/wp-content\/uploads\/sites\/134\/2012\/06\/E-Adam-de-Villiers.jpg\"><img loading=\"lazy\" decoding=\"async\" class=\"aligncenter size-full wp-image-980\" title=\"E Adam de Villiers\" src=\"https:\/\/etab.ac-reunion.fr\/clg-adam-de-villiers\/wp-content\/uploads\/sites\/134\/2012\/06\/E-Adam-de-Villiers.jpg\" alt=\"\" width=\"160\" height=\"206\" srcset=\"https:\/\/etab.ac-reunion.fr\/clg-adam-de-villiers\/wp-content\/uploads\/sites\/134\/2012\/06\/E-Adam-de-Villiers.jpg 160w, https:\/\/etab.ac-reunion.fr\/clg-adam-de-villiers\/wp-content\/uploads\/sites\/134\/2012\/06\/E-Adam-de-Villiers-117x150.jpg 117w\" sizes=\"auto, (max-width: 160px) 100vw, 160px\" \/><\/a>\u00ab\u00a0L&rsquo;Industrielle Sucri\u00e8re de Bourbon a subi le 27 novembre 1984 la perte de son Directeur de la Sucrerie de Grand-Bois, M. Emilien Adam de Villiers. Mort brutale absolument inattendue, que rien ne laissait pr\u00e9voir, et qui a frapp\u00e9 de stupeur tous ceux qui le connaissaient.<\/p>\n<p>Bien des gens ne r\u00e9alisent pas enti\u00e8rement l&rsquo;importance d&rsquo;une pareille perte. Elle a \u00e9t\u00e9 un coup terrible pour sa famille, mais l&rsquo;usine et son personnel, la Soci\u00e9t\u00e9, la Commune et les planteurs de GB perdent aussi un chef, un Directeur et un Agent dont l&rsquo;harmonie et la prosp\u00e9rit\u00e9 g\u00e9n\u00e9rales d\u00e9pendaient directement.<\/p>\n<p>Emilien Adam de Villiers est n\u00e9 le 28 juin 1928. Il entra \u00e0 6 ans \u00e0 l&rsquo;Ecole St-Charles \u00e0 St-Pierre, passa au Lyc\u00e9e Leconte de Lisle \u00e0 St-Denis o\u00f9 il resta deux ans, puis au S\u00e9minaire de Cilaos o\u00f9 il demeura trois ans et termina ses \u00e9tudes au Lyc\u00e9e de St-Denis. II quitta l&rsquo;Ile pour les poursuivre \u00e0 l&rsquo;Institut Catholique de Lille, dont il revient en 1950.<\/p>\n<p>Il suivit le travail intense et continu de son p\u00e8re \u00e0 l&rsquo;usine, et cette formation active et efficace devait le marquer d\u00e9finitivement. II se passionna tr\u00e8s vite pour ce m\u00e9tier, devint pour son p\u00e8re un collaborateur pr\u00e9cieux si bien qu&rsquo;\u00e0 la retraite d&rsquo;Armand (en 1965 ce dernier eut \u00e9galement une mort pr\u00e9matur\u00e9e en 1979) il prit tout naturellement la suite sans que cette rupture se fit sentir. II avait la passion de la m\u00e9canique, combinait et mettait en place des appareils automatiques de contr\u00f4le qu&rsquo;il concevait et montait lui-m\u00eame.<\/p>\n<p>II \u00e9tait excellent cavalier et prit part \u00e0 plusieurs concours Hippiques. Mais il se passionna \u00e9galement pour l&rsquo;aviation, poss\u00e9dait un, puis deux avions, et passait son cong\u00e9 en France \u00e0 se perfectionner en pilotage et voltige a\u00e9rienne. Les badauds ont pu suivre parfois ses acrobaties dans le ciel Saint-Pierrois. Modeste et discret, il ne cherchait jamais \u00e0 \u00ab\u00a0\u00e9pater\u00a0\u00bb les gens et agissait par plaisir personnel.<\/p>\n<p>Strict sur le travail; les horaires et l&rsquo;assiduit\u00e9, il aidait les ouvriers et les employ\u00e9s dans les \u00e9v\u00e8nements et accidents familiaux qui pouvaient survenir et est souvent intervenu aupr\u00e8s de son Directeur G\u00e9n\u00e9ral pour faire obtenir une aide sp\u00e9ciale \u00e0 l&rsquo;un ou \u00e0 l&rsquo;autre. II \u00e9tait de ce fait respect\u00e9 de tous et aim\u00e9 de beaucoup. Vis-\u00e0-vis des planteurs, il d\u00e9fendait les int\u00e9r\u00eats de l&rsquo;usine lorsqu&rsquo;ils \u00e9taient menac\u00e9s, mais restait compr\u00e9hensif et ouvert \u00e0 leur remarques.<\/p>\n<p>Il \u00e9tait difficile de l&rsquo;approcher sans l&rsquo;appr\u00e9cier et l&rsquo;auteur de ces lignes avait pour lui une estime et une amiti\u00e9 qui n&rsquo;ont jamais \u00e9t\u00e9 alt\u00e9r\u00e9es.<\/p>\n<p>On r\u00e9alise son pouvoir d&rsquo;attraction lorsqu&rsquo;on connait l&rsquo;admiration et l&rsquo;attachement qu&rsquo;\u00e9prouvait pour lui l&rsquo;ancien Directeur d&rsquo;Elgin \u00e0 Durban, M. Guy Jehring, qui a \u00e9t\u00e9 tr\u00e8s \u00e9mu de sa disparition.\u00a0\u00bb<\/p>\n<p>E. Hugot<\/p>\n","protected":false},"excerpt":{"rendered":"<p>\u00ab\u00a0L&rsquo;Industrielle Sucri\u00e8re de Bourbon a subi le 27 novembre 1984 la perte de son Directeur de la Sucrerie de Grand-Bois, M. Emilien Adam de Villiers. Mort brutale absolument inattendue, que rien ne laissait pr\u00e9voir, et qui a frapp\u00e9 de stupeur tous ceux qui le connaissaient. Bien des gens ne r\u00e9alisent\u2026<\/p>\n<p> <a class=\"continue-reading-link\" href=\"https:\/\/etab.ac-reunion.fr\/clg-adam-de-villiers\/presentation\/emilien-adam-de-villiers\/\"><span>Lire l&rsquo;article<\/span><i class=\"crycon-right-dir\"><\/i><\/a> <\/p>\n","protected":false},"author":9172,"featured_media":0,"parent":257,"menu_order":3,"comment_status":"closed","ping_status":"closed","template":"","meta":{"_EventAllDay":false,"_EventTimezone":"","_EventStartDate":"","_EventEndDate":"","_EventStartDateUTC":"","_EventEndDateUTC":"","_EventShowMap":false,"_EventShowMapLink":false,"_EventURL":"","_EventCost":"","_EventCostDescription":"","_EventCurrencySymbol":"","_EventCurrencyCode":"","_EventCurrencyPosition":"","_EventDateTimeSeparator":"","_EventTimeRangeSeparator":"","_EventOrganizerID":[],"_EventVenueID":[],"_OrganizerEmail":"","_OrganizerPhone":"","_OrganizerWebsite":"","_VenueAddress":"","_VenueCity":"","_VenueCountry":"","_VenueProvince":"","_VenueState":"","_VenueZip":"","_VenuePhone":"","_VenueURL":"","_VenueStateProvince":"","_VenueLat":"","_VenueLng":"","_VenueShowMap":false,"_VenueShowMapLink":false,"footnotes":""},"class_list":["post-262","page","type-page","status-publish","hentry"],"_links":{"self":[{"href":"https:\/\/etab.ac-reunion.fr\/clg-adam-de-villiers\/wp-json\/wp\/v2\/pages\/262","targetHints":{"allow":["GET"]}}],"collection":[{"href":"https:\/\/etab.ac-reunion.fr\/clg-adam-de-villiers\/wp-json\/wp\/v2\/pages"}],"about":[{"href":"https:\/\/etab.ac-reunion.fr\/clg-adam-de-villiers\/wp-json\/wp\/v2\/types\/page"}],"author":[{"embeddable":true,"href":"https:\/\/etab.ac-reunion.fr\/clg-adam-de-villiers\/wp-json\/wp\/v2\/users\/9172"}],"replies":[{"embeddable":true,"href":"https:\/\/etab.ac-reunion.fr\/clg-adam-de-villiers\/wp-json\/wp\/v2\/comments?post=262"}],"version-history":[{"count":0,"href":"https:\/\/etab.ac-reunion.fr\/clg-adam-de-villiers\/wp-json\/wp\/v2\/pages\/262\/revisions"}],"up":[{"embeddable":true,"href":"https:\/\/etab.ac-reunion.fr\/clg-adam-de-villiers\/wp-json\/wp\/v2\/pages\/257"}],"wp:attachment":[{"href":"https:\/\/etab.ac-reunion.fr\/clg-adam-de-villiers\/wp-json\/wp\/v2\/media?parent=262"}],"curies":[{"name":"wp","href":"https:\/\/api.w.org\/{rel}","templated":true}]}}