{"id":305,"date":"2012-06-28T17:54:23","date_gmt":"2012-06-28T13:54:23","guid":{"rendered":"https:\/\/portail.college-adamdevilliers.re\/wordpress\/?page_id=305"},"modified":"2023-02-04T17:40:36","modified_gmt":"2023-02-04T13:40:36","slug":"les-contacts","status":"publish","type":"page","link":"https:\/\/etab.ac-reunion.fr\/clg-adam-de-villiers\/les-contacts\/","title":{"rendered":"Les contacts"},"content":{"rendered":"<p><strong>Contacter le coll\u00e8ge :<\/strong><\/p>\r\n<p>Coll\u00e8ge E. Adam de Villiers<\/p>\r\n<p>8A Chemin D\u00e9partemental 29<\/p>\r\n<p>Ravine des Cafres<\/p>\r\n<p>97410 Saint Pierre<\/p>\r\n<p>T\u00e9l\u00e9phone : 0262 31 09 28<\/p>\r\n<p>Courriel :<span class=\"Apple-converted-space\">\u00a0 \u00a0\u00a0<\/span><a href=\"http:\/\/college-adam-de-villiers.ac-reunion.fr\/contacter-letablissement\/\" target=\"_blank\" rel=\"noopener noreferrer\">contact \u00e9tablissement<\/a><\/p>\r\n\r\n\r\n\r\n<p>&nbsp;<\/p>\r\n<p><strong>Contacter la Vie Scolaire (ligne directe) :\u00a0 <\/strong>0262 31 29 56<\/p>\r\n\r\n\r\n\r\n<p><em>Pour vos d\u00e9marches administratives (demande d&rsquo;inscription, radiation, inscription au FSE, changement de coordonn\u00e9es&#8230;), merci de contacter Mme Mallaury Viry, au secr\u00e9tariat de la scolarit\u00e9.<\/em><\/p>\r\n\r\n\r\n\r\n<p><em>Horaires d&rsquo;accueil :<\/em><\/p>\r\n<p><em>Lundi : 8h00 &#8211; 11H00<\/em><\/p>\r\n<p><em>Mardi 8H00 &#8211; 11H00<\/em><\/p>\r\n<p><em>Jeudi 8H00 &#8211; 11H00<\/em><\/p>\r\n<p><em>Vendredi 8H00 &#8211; 11H00<\/em><\/p>\r\n\r\n\r\n\r\n<p>&nbsp;<\/p>\r\n<p><strong>Contacter l&rsquo;infirmi\u00e8re :<\/strong> 0262 31 44 03\u00a0 \u00a0 \u00a0 \u00a0 \u00a0 \u00a0 \u00a0 \u00a0\u00a0 \u00a0\u00a0 \u00a0\u00a0<a href=\"http:\/\/college-adam-de-villiers.ac-reunion.fr\/contacter-linfirmiere\/\" target=\"_blank\" rel=\"noreferrer noopener\">contact Infirmi\u00e8re<\/a><\/p>\r\n\r\n\r\n\r\n<p>&nbsp;<\/p>\r\n\r\n\r\n\r\n<p><strong>Contacter la Gestionnaire-adjointe :<\/strong> 0262 31 29 54 \u00a0 \u00a0 \u00a0 \u00a0 \u00a0 \u00a0 \u00a0<a href=\"http:\/\/college-adam-de-villiers.ac-reunion.fr\/contacter-le-gestionnaire\/\" target=\"_blank\" rel=\"noreferrer noopener\">contact Gestionnaire<\/a><\/p>\r\n\r\n\r\n\r\n<p>&nbsp;<\/p>\r\n<p><strong>Contacter le Webmestre :\u00a0 \u00a0 \u00a0 \u00a0 \u00a0 \u00a0 \u00a0 \u00a0 \u00a0 \u00a0 \u00a0 \u00a0 \u00a0 \u00a0 \u00a0 \u00a0 \u00a0 \u00a0 \u00a0 \u00a0 \u00a0 \u00a0 \u00a0<\/strong><a href=\"http:\/\/college-adam-de-villiers.ac-reunion.fr\/contact-mail\/\" target=\"_blank\" rel=\"noreferrer noopener\">contact Webmestre<\/a><\/p>\r\n\r\n\r\n\r\n<h2 class=\"wp-block-heading\">\u00a0<\/h2>\r\n\r\n\r\n\r\n<h2 class=\"wp-block-heading\">\u00a0<\/h2>\r\n\r\n\r\n\r\n<h4 class=\"wp-block-heading\">\u00a0<\/h4>\r\n","protected":false},"excerpt":{"rendered":"<p>Contacter le coll\u00e8ge : Coll\u00e8ge E. Adam de Villiers 8A Chemin D\u00e9partemental 29 Ravine des Cafres 97410 Saint Pierre T\u00e9l\u00e9phone : 0262 31 09 28 Courriel :\u00a0 \u00a0\u00a0contact \u00e9tablissement &nbsp; Contacter la Vie Scolaire (ligne directe) :\u00a0 0262 31 29 56 Pour vos d\u00e9marches administratives (demande d&rsquo;inscription, radiation, inscription au\u2026<\/p>\n<p> <a class=\"continue-reading-link\" href=\"https:\/\/etab.ac-reunion.fr\/clg-adam-de-villiers\/les-contacts\/\"><span>Lire l&rsquo;article<\/span><i class=\"crycon-right-dir\"><\/i><\/a> <\/p>\n","protected":false},"author":9172,"featured_media":0,"parent":0,"menu_order":7,"comment_status":"closed","ping_status":"closed","template":"","meta":{"_EventAllDay":false,"_EventTimezone":"","_EventStartDate":"","_EventEndDate":"","_EventStartDateUTC":"","_EventEndDateUTC":"","_EventShowMap":false,"_EventShowMapLink":false,"_EventURL":"","_EventCost":"","_EventCostDescription":"","_EventCurrencySymbol":"","_EventCurrencyCode":"","_EventCurrencyPosition":"","_EventDateTimeSeparator":"","_EventTimeRangeSeparator":"","_EventOrganizerID":[],"_EventVenueID":[],"_OrganizerEmail":"","_OrganizerPhone":"","_OrganizerWebsite":"","_VenueAddress":"","_VenueCity":"","_VenueCountry":"","_VenueProvince":"","_VenueState":"","_VenueZip":"","_VenuePhone":"","_VenueURL":"","_VenueStateProvince":"","_VenueLat":"","_VenueLng":"","_VenueShowMap":false,"_VenueShowMapLink":false,"footnotes":""},"class_list":["post-305","page","type-page","status-publish","hentry"],"_links":{"self":[{"href":"https:\/\/etab.ac-reunion.fr\/clg-adam-de-villiers\/wp-json\/wp\/v2\/pages\/305","targetHints":{"allow":["GET"]}}],"collection":[{"href":"https:\/\/etab.ac-reunion.fr\/clg-adam-de-villiers\/wp-json\/wp\/v2\/pages"}],"about":[{"href":"https:\/\/etab.ac-reunion.fr\/clg-adam-de-villiers\/wp-json\/wp\/v2\/types\/page"}],"author":[{"embeddable":true,"href":"https:\/\/etab.ac-reunion.fr\/clg-adam-de-villiers\/wp-json\/wp\/v2\/users\/9172"}],"replies":[{"embeddable":true,"href":"https:\/\/etab.ac-reunion.fr\/clg-adam-de-villiers\/wp-json\/wp\/v2\/comments?post=305"}],"version-history":[{"count":27,"href":"https:\/\/etab.ac-reunion.fr\/clg-adam-de-villiers\/wp-json\/wp\/v2\/pages\/305\/revisions"}],"predecessor-version":[{"id":9820,"href":"https:\/\/etab.ac-reunion.fr\/clg-adam-de-villiers\/wp-json\/wp\/v2\/pages\/305\/revisions\/9820"}],"wp:attachment":[{"href":"https:\/\/etab.ac-reunion.fr\/clg-adam-de-villiers\/wp-json\/wp\/v2\/media?parent=305"}],"curies":[{"name":"wp","href":"https:\/\/api.w.org\/{rel}","templated":true}]}}