{"id":398,"date":"2021-02-19T08:00:20","date_gmt":"2021-02-19T04:00:20","guid":{"rendered":"https:\/\/portail.college-adamdevilliers.re\/wordpress\/?page_id=398"},"modified":"2023-02-05T12:48:20","modified_gmt":"2023-02-05T08:48:20","slug":"publicites-prealables-annuelles","status":"publish","type":"page","link":"https:\/\/etab.ac-reunion.fr\/clg-adam-de-villiers\/marches-publics\/publicites-prealables-annuelles\/","title":{"rendered":"Publicit\u00e9 pr\u00e9alable annuelle"},"content":{"rendered":"<p><img loading=\"lazy\" decoding=\"async\" class=\"size-full wp-image-9834 alignnone\" src=\"https:\/\/etab.ac-reunion.fr\/clg-adam-de-villiers\/wp-content\/uploads\/sites\/134\/2023\/02\/Logo-clg-adam-de-villiers-100x213-1.jpg\" alt=\"\" width=\"213\" height=\"100\" srcset=\"https:\/\/etab.ac-reunion.fr\/clg-adam-de-villiers\/wp-content\/uploads\/sites\/134\/2023\/02\/Logo-clg-adam-de-villiers-100x213-1.jpg 213w, https:\/\/etab.ac-reunion.fr\/clg-adam-de-villiers\/wp-content\/uploads\/sites\/134\/2023\/02\/Logo-clg-adam-de-villiers-100x213-1-150x70.jpg 150w\" sizes=\"auto, (max-width: 213px) 100vw, 213px\" \/><\/p>\n<p><span style=\"text-decoration: underline\"><span style=\"color: #000080\"><strong>COLL\u00c8GE \u00c9MILIEN ADAM DE VILLIERS<\/strong><\/span><\/span><\/p>\n<p><strong><span style=\"text-decoration: underline\"><span style=\"color: #800000\"><em>AVIS DE PUBLICIT\u00c9 PR\u00c9ALABLE <\/em><\/span><\/span><\/strong><\/p>\n<p><strong><em>March\u00e9s inf\u00e9rieurs \u00e0 \u00a090\u00a0000.00 \u20ac H.T.<\/em><\/strong><\/p>\n<p><span style=\"color: #000080\"><strong>Pour l\u2019ann\u00e9e 2023,<\/strong><\/span> le coll\u00e8ge passera des march\u00e9s selon une proc\u00e9dure adapt\u00e9e.<\/p>\n<p>&nbsp;<\/p>\n<p><strong><span style=\"color: #800000\">1 &#8211; <\/span><span style=\"text-decoration: underline\"><span style=\"color: #800000;text-decoration: underline\">D\u00e9nomination et adresse du pouvoir adjudicateur passant les march\u00e9<\/span><span style=\"color: #800000;text-decoration: underline\">s<\/span><\/span><\/strong><\/p>\n<p><strong>Coll\u00e8ge \u00c9milien Adam de Villiers<\/strong><\/p>\n<p><strong>8 A, C.D 29<\/strong><\/p>\n<p><strong>97410 Saint-Pierre<\/strong><\/p>\n<p><strong>T\u00e9l. : 0262 31 29 53<\/strong><\/p>\n<p><strong>Mail : <a href=\"mailto:gestion.9741235z@ac-reunion.fr\">gestion.9741235z@ac-reunion.fr<\/a><\/strong><\/p>\n<p><strong><br \/>\n<span style=\"color: #800000\">2 &#8211; <span style=\"text-decoration: underline\">Objet des march\u00e9s<\/span><\/span><\/strong><\/p>\n<p><span style=\"color: #000080\"><strong><span style=\"text-decoration: underline\">Fournitures<\/span>\u00a0: <\/strong><\/span><\/p>\n<p>\u00c9quipement audio\/informatique &#8211; Fournitures de sant\u00e9 &#8211; Produits d\u2019entretien &#8211; V\u00eatements de travail &#8211; Mobilier &#8211; Fournitures et mat\u00e9riels p\u00e9dagogiques &#8211; Livres (hors manuels scolaires) &#8211; Photocopieur -Outillage\/quincaillerie\/ serrurerie\/mat\u00e9riels divers &#8211; Mat\u00e9riels de restauration &#8211; Etc.<\/p>\n<p><span style=\"color: #000080\"><strong><span style=\"text-decoration: underline\">Travaux\u00a0<\/span>: <\/strong><\/span>Maintenances diverses (Ma\u00e7onnerie, plomberie, \u00e9lectricit\u00e9, peinture, menuiserie, \u00e9lagage, goutti\u00e8res PVC, etc.)<\/p>\n<p>&nbsp;<\/p>\n<p><strong><span style=\"color: #800000\">3 &#8211; <span style=\"text-decoration: underline\">Modalit\u00e9s<\/span><\/span><\/strong><\/p>\n<p>Les fournisseurs int\u00e9ress\u00e9s sont invit\u00e9s \u00e0 faire conna\u00eetre aupr\u00e8s de l\u2019\u00e9tablissement\u00a0:<\/p>\n<p>&#8211;\u00a0\u00a0\u00a0 Leurs raisons sociales et coordonn\u00e9es de tout type (postales, t\u00e9l\u00e9phoniques, internet)<\/p>\n<p>&#8211;\u00a0\u00a0\u00a0 Les fournitures et services, pour lesquels ils sont susceptibles de proposer des offres<\/p>\n<p>&#8211;\u00a0\u00a0\u00a0 Pour les travaux, le type de travaux pour lesquels ils sont susceptibles de proposer des offres<\/p>\n<p>L\u2019\u00e9tablissement contactera les fournisseurs retenus par tous moyens au fur et \u00e0 mesure des besoins.<\/p>\n<p>&nbsp;<\/p>\n<p>Le Principal &#8211; Oliver SALERNO<\/p>\n<p>&nbsp;<\/p>\n","protected":false},"excerpt":{"rendered":"<p>COLL\u00c8GE \u00c9MILIEN ADAM DE VILLIERS AVIS DE PUBLICIT\u00c9 PR\u00c9ALABLE March\u00e9s inf\u00e9rieurs \u00e0 \u00a090\u00a0000.00 \u20ac H.T. Pour l\u2019ann\u00e9e 2023, le coll\u00e8ge passera des march\u00e9s selon une proc\u00e9dure adapt\u00e9e. &nbsp; 1 &#8211; D\u00e9nomination et adresse du pouvoir adjudicateur passant les march\u00e9s Coll\u00e8ge \u00c9milien Adam de Villiers 8 A, C.D 29 97410 Saint-Pierre\u2026<\/p>\n<p> <a class=\"continue-reading-link\" href=\"https:\/\/etab.ac-reunion.fr\/clg-adam-de-villiers\/marches-publics\/publicites-prealables-annuelles\/\"><span>Lire l&rsquo;article<\/span><i class=\"crycon-right-dir\"><\/i><\/a> <\/p>\n","protected":false},"author":10418,"featured_media":0,"parent":2472,"menu_order":0,"comment_status":"closed","ping_status":"closed","template":"","meta":{"_EventAllDay":false,"_EventTimezone":"","_EventStartDate":"","_EventEndDate":"","_EventStartDateUTC":"","_EventEndDateUTC":"","_EventShowMap":false,"_EventShowMapLink":false,"_EventURL":"","_EventCost":"","_EventCostDescription":"","_EventCurrencySymbol":"","_EventCurrencyCode":"","_EventCurrencyPosition":"","_EventDateTimeSeparator":"","_EventTimeRangeSeparator":"","_EventOrganizerID":[],"_EventVenueID":[],"_OrganizerEmail":"","_OrganizerPhone":"","_OrganizerWebsite":"","_VenueAddress":"","_VenueCity":"","_VenueCountry":"","_VenueProvince":"","_VenueState":"","_VenueZip":"","_VenuePhone":"","_VenueURL":"","_VenueStateProvince":"","_VenueLat":"","_VenueLng":"","_VenueShowMap":false,"_VenueShowMapLink":false,"footnotes":""},"class_list":["post-398","page","type-page","status-publish","hentry"],"_links":{"self":[{"href":"https:\/\/etab.ac-reunion.fr\/clg-adam-de-villiers\/wp-json\/wp\/v2\/pages\/398","targetHints":{"allow":["GET"]}}],"collection":[{"href":"https:\/\/etab.ac-reunion.fr\/clg-adam-de-villiers\/wp-json\/wp\/v2\/pages"}],"about":[{"href":"https:\/\/etab.ac-reunion.fr\/clg-adam-de-villiers\/wp-json\/wp\/v2\/types\/page"}],"author":[{"embeddable":true,"href":"https:\/\/etab.ac-reunion.fr\/clg-adam-de-villiers\/wp-json\/wp\/v2\/users\/10418"}],"replies":[{"embeddable":true,"href":"https:\/\/etab.ac-reunion.fr\/clg-adam-de-villiers\/wp-json\/wp\/v2\/comments?post=398"}],"version-history":[{"count":13,"href":"https:\/\/etab.ac-reunion.fr\/clg-adam-de-villiers\/wp-json\/wp\/v2\/pages\/398\/revisions"}],"predecessor-version":[{"id":9842,"href":"https:\/\/etab.ac-reunion.fr\/clg-adam-de-villiers\/wp-json\/wp\/v2\/pages\/398\/revisions\/9842"}],"up":[{"embeddable":true,"href":"https:\/\/etab.ac-reunion.fr\/clg-adam-de-villiers\/wp-json\/wp\/v2\/pages\/2472"}],"wp:attachment":[{"href":"https:\/\/etab.ac-reunion.fr\/clg-adam-de-villiers\/wp-json\/wp\/v2\/media?parent=398"}],"curies":[{"name":"wp","href":"https:\/\/api.w.org\/{rel}","templated":true}]}}