{"id":4541,"date":"2017-09-20T19:06:28","date_gmt":"2017-09-20T15:06:28","guid":{"rendered":"http:\/\/college-adam-de-villiers.ac-reunion.fr\/?page_id=4541"},"modified":"2024-10-16T19:17:29","modified_gmt":"2024-10-16T15:17:29","slug":"assurance-collective","status":"publish","type":"page","link":"https:\/\/etab.ac-reunion.fr\/clg-adam-de-villiers\/administration\/assurance-collective\/","title":{"rendered":"Assurances scolaires"},"content":{"rendered":"<p><span style=\"color: #0000ff\"><strong>Assurance collective souscrite par l&rsquo;\u00e9tablissement scolaire<\/strong><\/span><\/p>\n<p>Le Coll\u00e8ge E. Adam de Villiers souscrit \u00e0 une assurance collective qui couvre les \u00e9l\u00e8ves dans le cadre des activit\u00e9s scolaires, incluant l&rsquo;Association Sportive du Coll\u00e8ge.<\/p>\n<p><span style=\"color: #0000ff\"><strong>Assurance scolaire souscrite par les parents d&rsquo;\u00e9l\u00e8ves<\/strong><\/span><\/p>\n<p>La souscription d&rsquo;une\u00a0assurance scolaire\u00a0pour les activit\u00e9s scolaires et facultatives est un\u00a0gage de s\u00e9curit\u00e9, pour les \u00e9l\u00e8ves et leurs parents.<\/p>\n<p>L\u2019assurance scolaire souscrite doit\u00a0garantir les dommages\u00a0:<\/p>\n<p>&#8211; que l\u2019\u00e9l\u00e8ve pourrait causer \u00e0 des tiers\u00a0(garantie de responsabilit\u00e9 civile)<\/p>\n<p>&#8211; qu\u2019il pourrait subir\u00a0(garantie individuelle accidents corporels)<\/p>\n<p>Les titulaires d&rsquo;une police d&rsquo;assurance multirisques familiale doivent v\u00e9rifier attentivement la nature des risques couverts par ce contrat. Il est conseill\u00e9 de demander \u00e0 l\u2019assureur de fournir par \u00e9crit les pr\u00e9cisions n\u00e9cessaires.<\/p>\n<p>Les parents d\u2019\u00e9l\u00e8ves peuvent souscrire une assurance scolaire aupr\u00e8s de leur assureur ou choisir un contrat propos\u00e9 par une association de parents d\u2019\u00e9l\u00e8ves.<\/p>\n<p>source :\u00a0<a href=\"http:\/\/www.education.gouv.fr\/cid34\/les-assurances-scolaires.html\" target=\"_blank\" rel=\"noopener\">www.education.gouv.fr\/cid34\/les-assurances-scolaires.html<\/a> (mise \u00e0 jour 10-2023)<\/p>\n","protected":false},"excerpt":{"rendered":"<p>Assurance collective souscrite par l&rsquo;\u00e9tablissement scolaire Le Coll\u00e8ge E. Adam de Villiers souscrit \u00e0 une assurance collective qui couvre les \u00e9l\u00e8ves dans le cadre des activit\u00e9s scolaires, incluant l&rsquo;Association Sportive du Coll\u00e8ge. Assurance scolaire souscrite par les parents d&rsquo;\u00e9l\u00e8ves La souscription d&rsquo;une\u00a0assurance scolaire\u00a0pour les activit\u00e9s scolaires et facultatives est un\u00a0gage\u2026<\/p>\n<p> <a class=\"continue-reading-link\" href=\"https:\/\/etab.ac-reunion.fr\/clg-adam-de-villiers\/administration\/assurance-collective\/\"><span>Lire l&rsquo;article<\/span><i class=\"crycon-right-dir\"><\/i><\/a> <\/p>\n","protected":false},"author":9172,"featured_media":0,"parent":2452,"menu_order":3,"comment_status":"closed","ping_status":"closed","template":"","meta":{"_EventAllDay":false,"_EventTimezone":"","_EventStartDate":"","_EventEndDate":"","_EventStartDateUTC":"","_EventEndDateUTC":"","_EventShowMap":false,"_EventShowMapLink":false,"_EventURL":"","_EventCost":"","_EventCostDescription":"","_EventCurrencySymbol":"","_EventCurrencyCode":"","_EventCurrencyPosition":"","_EventDateTimeSeparator":"","_EventTimeRangeSeparator":"","_EventOrganizerID":[],"_EventVenueID":[],"_OrganizerEmail":"","_OrganizerPhone":"","_OrganizerWebsite":"","_VenueAddress":"","_VenueCity":"","_VenueCountry":"","_VenueProvince":"","_VenueState":"","_VenueZip":"","_VenuePhone":"","_VenueURL":"","_VenueStateProvince":"","_VenueLat":"","_VenueLng":"","_VenueShowMap":false,"_VenueShowMapLink":false,"footnotes":""},"class_list":["post-4541","page","type-page","status-publish","hentry"],"_links":{"self":[{"href":"https:\/\/etab.ac-reunion.fr\/clg-adam-de-villiers\/wp-json\/wp\/v2\/pages\/4541","targetHints":{"allow":["GET"]}}],"collection":[{"href":"https:\/\/etab.ac-reunion.fr\/clg-adam-de-villiers\/wp-json\/wp\/v2\/pages"}],"about":[{"href":"https:\/\/etab.ac-reunion.fr\/clg-adam-de-villiers\/wp-json\/wp\/v2\/types\/page"}],"author":[{"embeddable":true,"href":"https:\/\/etab.ac-reunion.fr\/clg-adam-de-villiers\/wp-json\/wp\/v2\/users\/9172"}],"replies":[{"embeddable":true,"href":"https:\/\/etab.ac-reunion.fr\/clg-adam-de-villiers\/wp-json\/wp\/v2\/comments?post=4541"}],"version-history":[{"count":4,"href":"https:\/\/etab.ac-reunion.fr\/clg-adam-de-villiers\/wp-json\/wp\/v2\/pages\/4541\/revisions"}],"predecessor-version":[{"id":11360,"href":"https:\/\/etab.ac-reunion.fr\/clg-adam-de-villiers\/wp-json\/wp\/v2\/pages\/4541\/revisions\/11360"}],"up":[{"embeddable":true,"href":"https:\/\/etab.ac-reunion.fr\/clg-adam-de-villiers\/wp-json\/wp\/v2\/pages\/2452"}],"wp:attachment":[{"href":"https:\/\/etab.ac-reunion.fr\/clg-adam-de-villiers\/wp-json\/wp\/v2\/media?parent=4541"}],"curies":[{"name":"wp","href":"https:\/\/api.w.org\/{rel}","templated":true}]}}