{"id":5050,"date":"2018-08-27T10:24:40","date_gmt":"2018-08-27T06:24:40","guid":{"rendered":"http:\/\/college-adam-de-villiers.ac-reunion.fr\/?page_id=5050"},"modified":"2024-10-16T19:45:31","modified_gmt":"2024-10-16T15:45:31","slug":"dnb-les-dates-des-epreuves","status":"publish","type":"page","link":"https:\/\/etab.ac-reunion.fr\/clg-adam-de-villiers\/pedagogie\/brevet-base\/dnb-les-dates-des-epreuves\/","title":{"rendered":"DNB : les dates des \u00e9preuves \u00e9crites"},"content":{"rendered":"<ul>\n<li><em>\u00a0Date 2025 non transmise \u00e0 ce jour<\/em>\n<ul>\n<li>\u00e9crit fran\u00e7ais premi\u00e8re partie \/ dict\u00e9e : 10h00 \u00e0 11h30<\/li>\n<li>\u00e9crit fran\u00e7ais seconde partie : 11h45 \u00e0 13h15<\/li>\n<li>\u00e9crit math\u00e9matiques : 15h30 \u00e0 17h00<\/li>\n<\/ul>\n<\/li>\n<li><em>Date 2025 non transmise \u00e0 ce jour<\/em>\n<ul>\n<li>\u00e9crit Histoire-G\u00e9ographie-EMC : 10h00 \u00e0 12h00<\/li>\n<li>\u00e9crit Sciences : 14h30 \u00e0 15h30<\/li>\n<\/ul>\n<\/li>\n<\/ul>\n<p>Rappels importants :<\/p>\n<ul>\n<li>Le candidat devra pr\u00e9senter sa convocation et sa pi\u00e8ce d&rsquo;identit\u00e9 (carte d&rsquo;identit\u00e9 ou passeport) au d\u00e9but de chaque \u00e9preuve<\/li>\n<li>L&rsquo;installation en salle d&rsquo;examen \u00e0 lieu 30 minutes avant chaque \u00e9preuve (installation, v\u00e9rifications d&rsquo;identit\u00e9)<\/li>\n<\/ul>\n","protected":false},"excerpt":{"rendered":"<p>\u00a0Date 2025 non transmise \u00e0 ce jour \u00e9crit fran\u00e7ais premi\u00e8re partie \/ dict\u00e9e : 10h00 \u00e0 11h30 \u00e9crit fran\u00e7ais seconde partie : 11h45 \u00e0 13h15 \u00e9crit math\u00e9matiques : 15h30 \u00e0 17h00 Date 2025 non transmise \u00e0 ce jour \u00e9crit Histoire-G\u00e9ographie-EMC : 10h00 \u00e0 12h00 \u00e9crit Sciences : 14h30 \u00e0 15h30\u2026<\/p>\n<p> <a class=\"continue-reading-link\" href=\"https:\/\/etab.ac-reunion.fr\/clg-adam-de-villiers\/pedagogie\/brevet-base\/dnb-les-dates-des-epreuves\/\"><span>Lire l&rsquo;article<\/span><i class=\"crycon-right-dir\"><\/i><\/a> <\/p>\n","protected":false},"author":9172,"featured_media":0,"parent":6665,"menu_order":1,"comment_status":"closed","ping_status":"closed","template":"","meta":{"_EventAllDay":false,"_EventTimezone":"","_EventStartDate":"","_EventEndDate":"","_EventStartDateUTC":"","_EventEndDateUTC":"","_EventShowMap":false,"_EventShowMapLink":false,"_EventURL":"","_EventCost":"","_EventCostDescription":"","_EventCurrencySymbol":"","_EventCurrencyCode":"","_EventCurrencyPosition":"","_EventDateTimeSeparator":"","_EventTimeRangeSeparator":"","_EventOrganizerID":[],"_EventVenueID":[],"_OrganizerEmail":"","_OrganizerPhone":"","_OrganizerWebsite":"","_VenueAddress":"","_VenueCity":"","_VenueCountry":"","_VenueProvince":"","_VenueState":"","_VenueZip":"","_VenuePhone":"","_VenueURL":"","_VenueStateProvince":"","_VenueLat":"","_VenueLng":"","_VenueShowMap":false,"_VenueShowMapLink":false,"footnotes":""},"class_list":["post-5050","page","type-page","status-publish","hentry"],"_links":{"self":[{"href":"https:\/\/etab.ac-reunion.fr\/clg-adam-de-villiers\/wp-json\/wp\/v2\/pages\/5050","targetHints":{"allow":["GET"]}}],"collection":[{"href":"https:\/\/etab.ac-reunion.fr\/clg-adam-de-villiers\/wp-json\/wp\/v2\/pages"}],"about":[{"href":"https:\/\/etab.ac-reunion.fr\/clg-adam-de-villiers\/wp-json\/wp\/v2\/types\/page"}],"author":[{"embeddable":true,"href":"https:\/\/etab.ac-reunion.fr\/clg-adam-de-villiers\/wp-json\/wp\/v2\/users\/9172"}],"replies":[{"embeddable":true,"href":"https:\/\/etab.ac-reunion.fr\/clg-adam-de-villiers\/wp-json\/wp\/v2\/comments?post=5050"}],"version-history":[{"count":10,"href":"https:\/\/etab.ac-reunion.fr\/clg-adam-de-villiers\/wp-json\/wp\/v2\/pages\/5050\/revisions"}],"predecessor-version":[{"id":11371,"href":"https:\/\/etab.ac-reunion.fr\/clg-adam-de-villiers\/wp-json\/wp\/v2\/pages\/5050\/revisions\/11371"}],"up":[{"embeddable":true,"href":"https:\/\/etab.ac-reunion.fr\/clg-adam-de-villiers\/wp-json\/wp\/v2\/pages\/6665"}],"wp:attachment":[{"href":"https:\/\/etab.ac-reunion.fr\/clg-adam-de-villiers\/wp-json\/wp\/v2\/media?parent=5050"}],"curies":[{"name":"wp","href":"https:\/\/api.w.org\/{rel}","templated":true}]}}