{"id":5052,"date":"2018-08-27T10:25:59","date_gmt":"2018-08-27T06:25:59","guid":{"rendered":"http:\/\/college-adam-de-villiers.ac-reunion.fr\/?page_id=5052"},"modified":"2024-10-16T19:46:32","modified_gmt":"2024-10-16T15:46:32","slug":"dnb-se-preparer-a-lepreuve-orale","status":"publish","type":"page","link":"https:\/\/etab.ac-reunion.fr\/clg-adam-de-villiers\/pedagogie\/brevet-base\/dnb-se-preparer-a-lepreuve-orale\/","title":{"rendered":"DNB : se pr\u00e9parer \u00e0 l&rsquo;\u00e9preuve orale"},"content":{"rendered":"<p><strong>L&rsquo;oral du Brevet des Coll\u00e8ges 2025 aura lieu fin juin &#8211; d\u00e9but juillet. Voici quelques conseils pour bien le pr\u00e9parer :<\/strong><\/p>\n<p><a href=\"https:\/\/etab.ac-reunion.fr\/clg-adam-de-villiers\/wp-content\/uploads\/sites\/134\/2023\/09\/230920-Base-Preparer-loral-du-DNB-2024.pdf\" target=\"_blank\" rel=\"noopener\"><img loading=\"lazy\" decoding=\"async\" class=\"aligncenter wp-image-4796 size-medium\" title=\"T\u00e9l\u00e9charger la fiche-conseil au format PDF\" src=\"https:\/\/etab.ac-reunion.fr\/clg-adam-de-villiers\/wp-content\/uploads\/sites\/134\/2018\/03\/El\u00e8ve-coll\u00e8ge-500x391.jpg\" alt=\"\" width=\"500\" height=\"391\" srcset=\"https:\/\/etab.ac-reunion.fr\/clg-adam-de-villiers\/wp-content\/uploads\/sites\/134\/2018\/03\/El\u00e8ve-coll\u00e8ge-500x391.jpg 500w, https:\/\/etab.ac-reunion.fr\/clg-adam-de-villiers\/wp-content\/uploads\/sites\/134\/2018\/03\/El\u00e8ve-coll\u00e8ge-150x117.jpg 150w, https:\/\/etab.ac-reunion.fr\/clg-adam-de-villiers\/wp-content\/uploads\/sites\/134\/2018\/03\/El\u00e8ve-coll\u00e8ge.jpg 722w\" sizes=\"auto, (max-width: 500px) 100vw, 500px\" \/><\/a><\/p>\n<p><b>Bien choisir le sujet de son oral<\/b><\/p>\n<p>Un parcours artistique ou culturel, une \u0153uvre d\u2019art, un mus\u00e9e.<\/p>\n<p>Le livret de stage <u>\u00e9toff\u00e9 et am\u00e9lior\u00e9<\/u><\/p>\n<p>Un sujet libre, bien document\u00e9 et <u>valid\u00e9 par le professeur principal<\/u><\/p>\n<p><strong>Une introduction pour commencer<\/strong><\/p>\n<ul>\n<li>Pr\u00e9senter le sujet en formulant une probl\u00e9matique (la pr\u00e9sentation sera la r\u00e9ponse)<\/li>\n<li>Justifier le choix de ce sujet\u00a0 (pourquoi avoir choisi ce th\u00e8me, ce dossier \u2026)<\/li>\n<\/ul>\n<p><strong>Un plan simple et clair\u00a0<\/strong><\/p>\n<p>Trois parties distinctes\u00a0:<\/p>\n<ul>\n<li>Historique\/ g\u00e9ographique \/ contexte \/ vie de l\u2019artiste \/ pr\u00e9sentation d\u2019un m\u00e9tier \u2026<\/li>\n<li>Description d\u2019une \u0153uvre ou r\u00e9cit de stage ou compte rendu d\u2019une visite, analyse \u2026<\/li>\n<li>Citation d\u2019une autre \u0153uvre \/ exemple personnel \/ ouverture vers une formation\u2026<\/li>\n<\/ul>\n<p><em><strong><u>Pour r\u00e9ussir\u00a0:<\/u><\/strong><\/em><\/p>\n<ul>\n<li>R\u00e9viser un vocabulaire pr\u00e9cis et adapt\u00e9 au sujet choisi<\/li>\n<li>Suivre le plan\u00a0 (en s\u2019appuyant sur le support demand\u00e9)<\/li>\n<li>Envisager des questions qui pourront \u00eatre pos\u00e9es par le jury<\/li>\n<li>S\u2019entra\u00eener \u00e0 pr\u00e9senter son travail en 5 minutes.<\/li>\n<\/ul>\n","protected":false},"excerpt":{"rendered":"<p>L&rsquo;oral du Brevet des Coll\u00e8ges 2025 aura lieu fin juin &#8211; d\u00e9but juillet. Voici quelques conseils pour bien le pr\u00e9parer : Bien choisir le sujet de son oral Un parcours artistique ou culturel, une \u0153uvre d\u2019art, un mus\u00e9e. Le livret de stage \u00e9toff\u00e9 et am\u00e9lior\u00e9 Un sujet libre, bien document\u00e9\u2026<\/p>\n<p> <a class=\"continue-reading-link\" href=\"https:\/\/etab.ac-reunion.fr\/clg-adam-de-villiers\/pedagogie\/brevet-base\/dnb-se-preparer-a-lepreuve-orale\/\"><span>Lire l&rsquo;article<\/span><i class=\"crycon-right-dir\"><\/i><\/a> <\/p>\n","protected":false},"author":9172,"featured_media":0,"parent":6665,"menu_order":2,"comment_status":"closed","ping_status":"closed","template":"","meta":{"_EventAllDay":false,"_EventTimezone":"","_EventStartDate":"","_EventEndDate":"","_EventStartDateUTC":"","_EventEndDateUTC":"","_EventShowMap":false,"_EventShowMapLink":false,"_EventURL":"","_EventCost":"","_EventCostDescription":"","_EventCurrencySymbol":"","_EventCurrencyCode":"","_EventCurrencyPosition":"","_EventDateTimeSeparator":"","_EventTimeRangeSeparator":"","_EventOrganizerID":[],"_EventVenueID":[],"_OrganizerEmail":"","_OrganizerPhone":"","_OrganizerWebsite":"","_VenueAddress":"","_VenueCity":"","_VenueCountry":"","_VenueProvince":"","_VenueState":"","_VenueZip":"","_VenuePhone":"","_VenueURL":"","_VenueStateProvince":"","_VenueLat":"","_VenueLng":"","_VenueShowMap":false,"_VenueShowMapLink":false,"footnotes":""},"class_list":["post-5052","page","type-page","status-publish","hentry"],"_links":{"self":[{"href":"https:\/\/etab.ac-reunion.fr\/clg-adam-de-villiers\/wp-json\/wp\/v2\/pages\/5052","targetHints":{"allow":["GET"]}}],"collection":[{"href":"https:\/\/etab.ac-reunion.fr\/clg-adam-de-villiers\/wp-json\/wp\/v2\/pages"}],"about":[{"href":"https:\/\/etab.ac-reunion.fr\/clg-adam-de-villiers\/wp-json\/wp\/v2\/types\/page"}],"author":[{"embeddable":true,"href":"https:\/\/etab.ac-reunion.fr\/clg-adam-de-villiers\/wp-json\/wp\/v2\/users\/9172"}],"replies":[{"embeddable":true,"href":"https:\/\/etab.ac-reunion.fr\/clg-adam-de-villiers\/wp-json\/wp\/v2\/comments?post=5052"}],"version-history":[{"count":8,"href":"https:\/\/etab.ac-reunion.fr\/clg-adam-de-villiers\/wp-json\/wp\/v2\/pages\/5052\/revisions"}],"predecessor-version":[{"id":11372,"href":"https:\/\/etab.ac-reunion.fr\/clg-adam-de-villiers\/wp-json\/wp\/v2\/pages\/5052\/revisions\/11372"}],"up":[{"embeddable":true,"href":"https:\/\/etab.ac-reunion.fr\/clg-adam-de-villiers\/wp-json\/wp\/v2\/pages\/6665"}],"wp:attachment":[{"href":"https:\/\/etab.ac-reunion.fr\/clg-adam-de-villiers\/wp-json\/wp\/v2\/media?parent=5052"}],"curies":[{"name":"wp","href":"https:\/\/api.w.org\/{rel}","templated":true}]}}