{"id":52,"date":"2012-06-02T16:49:39","date_gmt":"2012-06-02T12:49:39","guid":{"rendered":"https:\/\/portail.college-adamdevilliers.re\/wordpress\/?page_id=52"},"modified":"2024-10-16T19:43:04","modified_gmt":"2024-10-16T15:43:04","slug":"orientation","status":"publish","type":"page","link":"https:\/\/etab.ac-reunion.fr\/clg-adam-de-villiers\/administration\/orientation\/","title":{"rendered":"L&rsquo;orientation"},"content":{"rendered":"<p>Psychologue EN :\u00a0<\/p>\n<p>Entretien sur Rendez-vous le mardi<\/p>\n<p>renseignements \u00e0 l&rsquo;accueil (0262 31 09 28)<\/p>\n<\/p>\n\n\n<h2 class=\"wp-block-heading\">&nbsp;<\/h2>\n\n\n\n<p><strong>Psychologue de l&rsquo;Education Nationale <\/strong><\/p>\n\n\n\n<p><strong>Education, D\u00e9veloppement, Conseil en Orientation Scolaire et Professionnelle<\/strong><\/p>\n\n\n\n<p>En lien avec la communaut\u00e9 \u00e9ducative, Le Psychologue de L\u2019Education Nationale (PsyEN-EDO) a pour mission de contribuer au d\u00e9veloppement psychosocial des jeunes en favorisant la r\u00e9ussite, l\u2019investissement et le bien-\u00eatre \u00e0 l\u2019\u00e9cole de tous les \u00e9l\u00e8ves, en accompagnant la r\u00e9flexion autour du projet d\u2019avenir et de l\u2019acc\u00e8s \u00e0 la qualification. Il aide chacun \u00e0 d\u00e9finir son projet d\u2019avenir \u00e0 partir de ses centres d\u2019int\u00e9r\u00eats, comp\u00e9tences et situation personnelle, avec l\u2019appui des outils propres au psychologue. Il accompagne les \u00e9l\u00e8ves rencontrant des difficult\u00e9s, en situation de handicap ou en rupture scolaire.<\/p>\n\n\n\n<p>&nbsp;<\/p>\n\n\n<div class=\"wp-block-image\">\n<figure class=\"aligncenter size-large is-resized\"><img loading=\"lazy\" decoding=\"async\" width=\"410\" height=\"1024\" src=\"https:\/\/etab.ac-reunion.fr\/clg-adam-de-villiers\/wp-content\/uploads\/sites\/134\/2024\/10\/240916-missions-psyEN-EDO-410x1024.jpg\" alt=\"\" class=\"wp-image-11367\" style=\"object-fit:cover;width:668px;height:auto\" srcset=\"https:\/\/etab.ac-reunion.fr\/clg-adam-de-villiers\/wp-content\/uploads\/sites\/134\/2024\/10\/240916-missions-psyEN-EDO-410x1024.jpg 410w, https:\/\/etab.ac-reunion.fr\/clg-adam-de-villiers\/wp-content\/uploads\/sites\/134\/2024\/10\/240916-missions-psyEN-EDO-200x500.jpg 200w, https:\/\/etab.ac-reunion.fr\/clg-adam-de-villiers\/wp-content\/uploads\/sites\/134\/2024\/10\/240916-missions-psyEN-EDO-768x1920.jpg 768w, https:\/\/etab.ac-reunion.fr\/clg-adam-de-villiers\/wp-content\/uploads\/sites\/134\/2024\/10\/240916-missions-psyEN-EDO-819x2048.jpg 819w, https:\/\/etab.ac-reunion.fr\/clg-adam-de-villiers\/wp-content\/uploads\/sites\/134\/2024\/10\/240916-missions-psyEN-EDO-60x150.jpg 60w, https:\/\/etab.ac-reunion.fr\/clg-adam-de-villiers\/wp-content\/uploads\/sites\/134\/2024\/10\/240916-missions-psyEN-EDO-scaled.jpg 1024w\" sizes=\"auto, (max-width: 410px) 100vw, 410px\" \/><\/figure>\n<\/div>","protected":false},"excerpt":{"rendered":"<p>Psychologue EN :\u00a0 Entretien sur Rendez-vous le mardi renseignements \u00e0 l&rsquo;accueil (0262 31 09 28) &nbsp; Psychologue de l&rsquo;Education Nationale Education, D\u00e9veloppement, Conseil en Orientation Scolaire et Professionnelle En lien avec la communaut\u00e9 \u00e9ducative, Le Psychologue de L\u2019Education Nationale (PsyEN-EDO) a pour mission de contribuer au d\u00e9veloppement psychosocial des jeunes\u2026<\/p>\n<p> <a class=\"continue-reading-link\" href=\"https:\/\/etab.ac-reunion.fr\/clg-adam-de-villiers\/administration\/orientation\/\"><span>Lire l&rsquo;article<\/span><i class=\"crycon-right-dir\"><\/i><\/a> <\/p>\n","protected":false},"author":9172,"featured_media":0,"parent":2452,"menu_order":7,"comment_status":"closed","ping_status":"closed","template":"","meta":{"_EventAllDay":false,"_EventTimezone":"","_EventStartDate":"","_EventEndDate":"","_EventStartDateUTC":"","_EventEndDateUTC":"","_EventShowMap":false,"_EventShowMapLink":false,"_EventURL":"","_EventCost":"","_EventCostDescription":"","_EventCurrencySymbol":"","_EventCurrencyCode":"","_EventCurrencyPosition":"","_EventDateTimeSeparator":"","_EventTimeRangeSeparator":"","_EventOrganizerID":[],"_EventVenueID":[],"_OrganizerEmail":"","_OrganizerPhone":"","_OrganizerWebsite":"","_VenueAddress":"","_VenueCity":"","_VenueCountry":"","_VenueProvince":"","_VenueState":"","_VenueZip":"","_VenuePhone":"","_VenueURL":"","_VenueStateProvince":"","_VenueLat":"","_VenueLng":"","_VenueShowMap":false,"_VenueShowMapLink":false,"footnotes":""},"class_list":["post-52","page","type-page","status-publish","hentry"],"_links":{"self":[{"href":"https:\/\/etab.ac-reunion.fr\/clg-adam-de-villiers\/wp-json\/wp\/v2\/pages\/52","targetHints":{"allow":["GET"]}}],"collection":[{"href":"https:\/\/etab.ac-reunion.fr\/clg-adam-de-villiers\/wp-json\/wp\/v2\/pages"}],"about":[{"href":"https:\/\/etab.ac-reunion.fr\/clg-adam-de-villiers\/wp-json\/wp\/v2\/types\/page"}],"author":[{"embeddable":true,"href":"https:\/\/etab.ac-reunion.fr\/clg-adam-de-villiers\/wp-json\/wp\/v2\/users\/9172"}],"replies":[{"embeddable":true,"href":"https:\/\/etab.ac-reunion.fr\/clg-adam-de-villiers\/wp-json\/wp\/v2\/comments?post=52"}],"version-history":[{"count":10,"href":"https:\/\/etab.ac-reunion.fr\/clg-adam-de-villiers\/wp-json\/wp\/v2\/pages\/52\/revisions"}],"predecessor-version":[{"id":11369,"href":"https:\/\/etab.ac-reunion.fr\/clg-adam-de-villiers\/wp-json\/wp\/v2\/pages\/52\/revisions\/11369"}],"up":[{"embeddable":true,"href":"https:\/\/etab.ac-reunion.fr\/clg-adam-de-villiers\/wp-json\/wp\/v2\/pages\/2452"}],"wp:attachment":[{"href":"https:\/\/etab.ac-reunion.fr\/clg-adam-de-villiers\/wp-json\/wp\/v2\/media?parent=52"}],"curies":[{"name":"wp","href":"https:\/\/api.w.org\/{rel}","templated":true}]}}