{"id":5832,"date":"2019-09-16T11:22:33","date_gmt":"2019-09-16T07:22:33","guid":{"rendered":"http:\/\/college-adam-de-villiers.ac-reunion.fr\/?page_id=5832"},"modified":"2025-11-18T15:44:26","modified_gmt":"2025-11-18T11:44:26","slug":"mentions-legales","status":"publish","type":"page","link":"https:\/\/etab.ac-reunion.fr\/clg-adam-de-villiers\/mentions-legales\/","title":{"rendered":"Mentions l\u00e9gales"},"content":{"rendered":"<h5><img loading=\"lazy\" decoding=\"async\" class=\"size-full wp-image-9834 alignnone\" src=\"https:\/\/etab.ac-reunion.fr\/clg-adam-de-villiers\/wp-content\/uploads\/sites\/134\/2023\/02\/Logo-clg-adam-de-villiers-100x213-1.jpg\" alt=\"\" width=\"213\" height=\"100\" srcset=\"https:\/\/etab.ac-reunion.fr\/clg-adam-de-villiers\/wp-content\/uploads\/sites\/134\/2023\/02\/Logo-clg-adam-de-villiers-100x213-1.jpg 213w, https:\/\/etab.ac-reunion.fr\/clg-adam-de-villiers\/wp-content\/uploads\/sites\/134\/2023\/02\/Logo-clg-adam-de-villiers-100x213-1-150x70.jpg 150w\" sizes=\"auto, (max-width: 213px) 100vw, 213px\" \/><\/h5>\n<h5>Editeur<\/h5>\n<p>Coll\u00e8ge E. Adam de Villiers<br \/>\n8A Chemin D\u00e9partemental 29<br \/>\n97410 Saint Pierre<br \/>\nT\u00e9l\u00e9phone : 0262 31 09 28<\/p>\n<p><a href=\"https:\/\/etab.ac-reunion.fr\/clg-adam-de-villiers\/les-contacts\/\" target=\"_blank\" rel=\"noopener\">Contacts (courriels)<\/a><\/p>\n<h5>Directeur de la publication<\/h5>\n<p>M. Arnaud SHAYER, Principal du Coll\u00e8ge<\/p>\n<h5>H\u00e9bergeur du site<\/h5>\n<p>Rectorat de l\u2019acad\u00e9mie de la R\u00e9union<br \/>\n24, avenue Georges Brassens<br \/>\nCS 71003<br \/>\n97743 Saint Denis Cedex 9<br \/>\nT\u00e9l.+262 (0)2 62 48 10 10<\/p>\n<h5>Politique de protection des donn\u00e9es<\/h5>\n<p>L\u2019\u00e9tablissement traite des donn\u00e9es personnelles conform\u00e9ment au R\u00e8glement G\u00e9n\u00e9ral sur la Protection des Donn\u00e9es (RGPD) et \u00e0 la loi Informatique et Libert\u00e9s.<\/p>\n<p>Les informations fournies via le formulaire de contact sont transmises par protocole s\u00e9curis\u00e9 uniquement \u00e0 l\u2019\u00e9tablissement. Elles ne sont pas conserv\u00e9es ou transmises \u00e0 des tiers.<\/p>\n<p>Pour toute information ou exercice de vos droits Informatique et Libert\u00e9s sur les traitements de donn\u00e9es personnelles g\u00e9r\u00e9s par l\u2019\u00e9tablissement, vous pouvez contacter celui-ci :<\/p>\n<ul>\n<li>par courrier (avec copie de votre pi\u00e8ce d\u2019identit\u00e9 en cas d\u2019exercice de vos droits) \u00e0 l\u2019adresse suivante : Coll\u00e8ge E. Adam de Villiers<\/li>\n<li>en ligne :\u00a0<a href=\"http:\/\/college-adam-de-villiers.ac-reunion.fr\/contacter-letablissement\/\" target=\"_blank\" rel=\"noopener noreferrer\"><em>Formulaire de contact<\/em><\/a><\/li>\n<\/ul>\n","protected":false},"excerpt":{"rendered":"<p>Editeur Coll\u00e8ge E. Adam de Villiers 8A Chemin D\u00e9partemental 29 97410 Saint Pierre T\u00e9l\u00e9phone : 0262 31 09 28 Contacts (courriels) Directeur de la publication M. Arnaud SHAYER, Principal du Coll\u00e8ge H\u00e9bergeur du site Rectorat de l\u2019acad\u00e9mie de la R\u00e9union 24, avenue Georges Brassens CS 71003 97743 Saint Denis Cedex\u2026<\/p>\n<p> <a class=\"continue-reading-link\" href=\"https:\/\/etab.ac-reunion.fr\/clg-adam-de-villiers\/mentions-legales\/\"><span>Lire l&rsquo;article<\/span><i class=\"crycon-right-dir\"><\/i><\/a> <\/p>\n","protected":false},"author":9172,"featured_media":0,"parent":0,"menu_order":0,"comment_status":"closed","ping_status":"closed","template":"","meta":{"_EventAllDay":false,"_EventTimezone":"","_EventStartDate":"","_EventEndDate":"","_EventStartDateUTC":"","_EventEndDateUTC":"","_EventShowMap":false,"_EventShowMapLink":false,"_EventURL":"","_EventCost":"","_EventCostDescription":"","_EventCurrencySymbol":"","_EventCurrencyCode":"","_EventCurrencyPosition":"","_EventDateTimeSeparator":"","_EventTimeRangeSeparator":"","_EventOrganizerID":[],"_EventVenueID":[],"_OrganizerEmail":"","_OrganizerPhone":"","_OrganizerWebsite":"","_VenueAddress":"","_VenueCity":"","_VenueCountry":"","_VenueProvince":"","_VenueState":"","_VenueZip":"","_VenuePhone":"","_VenueURL":"","_VenueStateProvince":"","_VenueLat":"","_VenueLng":"","_VenueShowMap":false,"_VenueShowMapLink":false,"footnotes":""},"class_list":["post-5832","page","type-page","status-publish","hentry"],"_links":{"self":[{"href":"https:\/\/etab.ac-reunion.fr\/clg-adam-de-villiers\/wp-json\/wp\/v2\/pages\/5832","targetHints":{"allow":["GET"]}}],"collection":[{"href":"https:\/\/etab.ac-reunion.fr\/clg-adam-de-villiers\/wp-json\/wp\/v2\/pages"}],"about":[{"href":"https:\/\/etab.ac-reunion.fr\/clg-adam-de-villiers\/wp-json\/wp\/v2\/types\/page"}],"author":[{"embeddable":true,"href":"https:\/\/etab.ac-reunion.fr\/clg-adam-de-villiers\/wp-json\/wp\/v2\/users\/9172"}],"replies":[{"embeddable":true,"href":"https:\/\/etab.ac-reunion.fr\/clg-adam-de-villiers\/wp-json\/wp\/v2\/comments?post=5832"}],"version-history":[{"count":10,"href":"https:\/\/etab.ac-reunion.fr\/clg-adam-de-villiers\/wp-json\/wp\/v2\/pages\/5832\/revisions"}],"predecessor-version":[{"id":12201,"href":"https:\/\/etab.ac-reunion.fr\/clg-adam-de-villiers\/wp-json\/wp\/v2\/pages\/5832\/revisions\/12201"}],"wp:attachment":[{"href":"https:\/\/etab.ac-reunion.fr\/clg-adam-de-villiers\/wp-json\/wp\/v2\/media?parent=5832"}],"curies":[{"name":"wp","href":"https:\/\/api.w.org\/{rel}","templated":true}]}}