{"id":5909,"date":"2019-10-16T09:41:36","date_gmt":"2019-10-16T05:41:36","guid":{"rendered":"http:\/\/college-adam-de-villiers.ac-reunion.fr\/?page_id=5909"},"modified":"2025-11-09T21:04:03","modified_gmt":"2025-11-09T17:04:03","slug":"eleves-elus-eco-delegues","status":"publish","type":"page","link":"https:\/\/etab.ac-reunion.fr\/clg-adam-de-villiers\/presentation\/le-college-2\/les-eleves-et-parents-elus\/eleves-elus-eco-delegues\/","title":{"rendered":"El\u00e8ves \u00e9lus Eco-D\u00e9l\u00e9gu\u00e9s"},"content":{"rendered":"\n<h5 class=\"wp-block-heading\"><em><strong>Ann\u00e9e scolaire 2025-2026, au 10 octobre 2025<\/strong><\/em><\/h5>\n\n\n\n<p><\/p>\n\n\n\n<figure class=\"wp-block-table aligncenter is-style-regular\"><table><tbody><tr><td><strong>Classes<\/strong><\/td><td> <strong style=\"font-size: revert;font-family: inherit;text-align: initial;color: initial\">Eco-D\u00e9l\u00e9gu\u00e9s Titulaires<\/strong><\/td><\/tr><tr><td>6\u00e8me CAPUCIN<\/td><td>L. Nolan<\/td><\/tr><tr><td>6\u00e8me CORAIL<\/td><td>S. La\u00efna<\/td><\/tr><tr><td>6\u00e8me GECKO<\/td><td>S. Maeden<\/td><\/tr><tr><td>6\u00e8me TEC-TEC<\/td><td>T. Jeanne<\/td><\/tr><tr><td>6\u00e8me TUIT-TUIT <\/td><td>P. Naren<\/td><\/tr><tr><td>&nbsp;<\/td><td>&nbsp;<\/td><\/tr><tr><td>5\u00e8me GERANIUM <\/td><td>B.-H. Robin<\/td><\/tr><tr><td>5\u00e8me JASMIN<\/td><td><\/td><\/tr><tr><td>5\u00e8me SAFRAN<\/td><td>L. Liam<\/td><\/tr><tr><td>5\u00e8me VANILLE<\/td><td>O. Luka<\/td><\/tr><tr><td>5\u00e8me VETIVER<\/td><td>Q.C. Tamarah<\/td><\/tr><tr><td>5\u00e8me YLANG<\/td><td>R. Ma\u00eblie<\/td><\/tr><tr><td>&nbsp;<\/td><td>&nbsp;<\/td><\/tr><tr><td>4\u00e8me BENJOIN<\/td><td>P. L\u00e9onard<\/td><\/tr><tr><td>4\u00e8me FANJAN<\/td><td><\/td><\/tr><tr><td>4\u00e8me LATANIER<\/td><td>W. Maxime<\/td><\/tr><tr><td>4\u00e8me MAHOT<\/td><td>C. Noham<\/td><\/tr><tr><td>4\u00e8me PALMISTE<\/td><td>D. Rapha\u00eblle<\/td><\/tr><tr><td>&nbsp;<\/td><td>&nbsp;<\/td><\/tr><tr><td> 3\u00e8me MASCARIN<\/td><td>T. Paul<\/td><\/tr><tr><td> 3\u00e8me MERLE<\/td><td>B. Lukas<\/td><\/tr><tr><td> 3\u00e8me PAPANGUE<\/td><td>P. Dahman<\/td><\/tr><tr><td> 3\u00e8me PETREL<\/td><td>B. Chanel<\/td><\/tr><tr><td> 3\u00e8me STERNE<\/td><td>P. Sarah<\/td><\/tr><tr><td> 3\u00e8me TIMIZE<\/td><td><\/td><\/tr><\/tbody><\/table><\/figure>\n\n\n<div class=\"wp-block-image\">\n<figure class=\"aligncenter size-full\"><a href=\"https:\/\/etab.ac-reunion.fr\/clg-adam-de-villiers\/education-au-developpement-durable\/les-eco-delegues\/\" target=\"_blank\" rel=\"noreferrer noopener\"><img loading=\"lazy\" decoding=\"async\" width=\"300\" height=\"401\" src=\"https:\/\/etab.ac-reunion.fr\/clg-adam-de-villiers\/wp-content\/uploads\/sites\/134\/2023\/09\/Etre-eco-delegue.jpg\" alt=\"\" class=\"wp-image-10582\" srcset=\"https:\/\/etab.ac-reunion.fr\/clg-adam-de-villiers\/wp-content\/uploads\/sites\/134\/2023\/09\/Etre-eco-delegue.jpg 300w, https:\/\/etab.ac-reunion.fr\/clg-adam-de-villiers\/wp-content\/uploads\/sites\/134\/2023\/09\/Etre-eco-delegue-112x150.jpg 112w\" sizes=\"auto, (max-width: 300px) 100vw, 300px\" \/><\/a><\/figure>\n<\/div>","protected":false},"excerpt":{"rendered":"<p>Ann\u00e9e scolaire 2025-2026, au 10 octobre 2025 Classes Eco-D\u00e9l\u00e9gu\u00e9s Titulaires 6\u00e8me CAPUCIN L. Nolan 6\u00e8me CORAIL S. La\u00efna 6\u00e8me GECKO S. Maeden 6\u00e8me TEC-TEC T. Jeanne 6\u00e8me TUIT-TUIT P. Naren &nbsp; &nbsp; 5\u00e8me GERANIUM B.-H. Robin 5\u00e8me JASMIN 5\u00e8me SAFRAN L. Liam 5\u00e8me VANILLE O. Luka 5\u00e8me VETIVER Q.C. Tamarah\u2026<\/p>\n<p> <a class=\"continue-reading-link\" href=\"https:\/\/etab.ac-reunion.fr\/clg-adam-de-villiers\/presentation\/le-college-2\/les-eleves-et-parents-elus\/eleves-elus-eco-delegues\/\"><span>Lire l&rsquo;article<\/span><i class=\"crycon-right-dir\"><\/i><\/a> <\/p>\n","protected":false},"author":9172,"featured_media":0,"parent":1525,"menu_order":1,"comment_status":"closed","ping_status":"closed","template":"","meta":{"_EventAllDay":false,"_EventTimezone":"","_EventStartDate":"","_EventEndDate":"","_EventStartDateUTC":"","_EventEndDateUTC":"","_EventShowMap":false,"_EventShowMapLink":false,"_EventURL":"","_EventCost":"","_EventCostDescription":"","_EventCurrencySymbol":"","_EventCurrencyCode":"","_EventCurrencyPosition":"","_EventDateTimeSeparator":"","_EventTimeRangeSeparator":"","_EventOrganizerID":[],"_EventVenueID":[],"_OrganizerEmail":"","_OrganizerPhone":"","_OrganizerWebsite":"","_VenueAddress":"","_VenueCity":"","_VenueCountry":"","_VenueProvince":"","_VenueState":"","_VenueZip":"","_VenuePhone":"","_VenueURL":"","_VenueStateProvince":"","_VenueLat":"","_VenueLng":"","_VenueShowMap":false,"_VenueShowMapLink":false,"footnotes":""},"class_list":["post-5909","page","type-page","status-publish","hentry"],"_links":{"self":[{"href":"https:\/\/etab.ac-reunion.fr\/clg-adam-de-villiers\/wp-json\/wp\/v2\/pages\/5909","targetHints":{"allow":["GET"]}}],"collection":[{"href":"https:\/\/etab.ac-reunion.fr\/clg-adam-de-villiers\/wp-json\/wp\/v2\/pages"}],"about":[{"href":"https:\/\/etab.ac-reunion.fr\/clg-adam-de-villiers\/wp-json\/wp\/v2\/types\/page"}],"author":[{"embeddable":true,"href":"https:\/\/etab.ac-reunion.fr\/clg-adam-de-villiers\/wp-json\/wp\/v2\/users\/9172"}],"replies":[{"embeddable":true,"href":"https:\/\/etab.ac-reunion.fr\/clg-adam-de-villiers\/wp-json\/wp\/v2\/comments?post=5909"}],"version-history":[{"count":33,"href":"https:\/\/etab.ac-reunion.fr\/clg-adam-de-villiers\/wp-json\/wp\/v2\/pages\/5909\/revisions"}],"predecessor-version":[{"id":12168,"href":"https:\/\/etab.ac-reunion.fr\/clg-adam-de-villiers\/wp-json\/wp\/v2\/pages\/5909\/revisions\/12168"}],"up":[{"embeddable":true,"href":"https:\/\/etab.ac-reunion.fr\/clg-adam-de-villiers\/wp-json\/wp\/v2\/pages\/1525"}],"wp:attachment":[{"href":"https:\/\/etab.ac-reunion.fr\/clg-adam-de-villiers\/wp-json\/wp\/v2\/media?parent=5909"}],"curies":[{"name":"wp","href":"https:\/\/api.w.org\/{rel}","templated":true}]}}