{"id":62,"date":"2021-07-01T10:00:27","date_gmt":"2021-07-01T06:00:27","guid":{"rendered":"https:\/\/portail.college-adamdevilliers.re\/wordpress\/?page_id=62"},"modified":"2023-02-05T12:45:47","modified_gmt":"2023-02-05T08:45:47","slug":"demi-pension","status":"publish","type":"page","link":"https:\/\/etab.ac-reunion.fr\/clg-adam-de-villiers\/administration\/la-gestion\/demi-pension\/","title":{"rendered":"La demi-pension"},"content":{"rendered":"<p><img loading=\"lazy\" decoding=\"async\" class=\"size-full wp-image-9834 alignnone\" src=\"https:\/\/etab.ac-reunion.fr\/clg-adam-de-villiers\/wp-content\/uploads\/sites\/134\/2023\/02\/Logo-clg-adam-de-villiers-100x213-1.jpg\" alt=\"\" width=\"213\" height=\"100\" srcset=\"https:\/\/etab.ac-reunion.fr\/clg-adam-de-villiers\/wp-content\/uploads\/sites\/134\/2023\/02\/Logo-clg-adam-de-villiers-100x213-1.jpg 213w, https:\/\/etab.ac-reunion.fr\/clg-adam-de-villiers\/wp-content\/uploads\/sites\/134\/2023\/02\/Logo-clg-adam-de-villiers-100x213-1-150x70.jpg 150w\" sizes=\"auto, (max-width: 213px) 100vw, 213px\" \/><\/p>\n<p><strong>R\u00e8glement int\u00e9rieur de la Restauration scolaire :<\/strong><\/p>\n<p>Les \u00e9l\u00e8ves inscrits \u00e0 la demi-pension doivent prendre connaissance du r\u00e8glement int\u00e9rieur de ce service.<\/p>\n<p><strong><a href=\"https:\/\/etab.ac-reunion.fr\/clg-adam-de-villiers\/wp-content\/uploads\/sites\/134\/2020\/11\/Reglement-interieur-SRH-du-29-octobre-2020.pdf\"><span style=\"color: #800000\">R\u00e8glement int\u00e9rieur du Service de Restauration (Mise \u00e0 jour du 29 octobre 2020)<\/span><\/a><\/strong><\/p>\n<p>&nbsp;<\/p>\n<p><strong>Tarifs 2023 :<\/strong><\/p>\n<p><span style=\"color: #ff6600\"><strong><a href=\"https:\/\/etab.ac-reunion.fr\/clg-adam-de-villiers\/wp-content\/uploads\/sites\/134\/2023\/02\/Tarifs-cantines-2023-familles.pdf\">Tarifs service de restauration 2023<\/a>\u00a0<\/strong><\/span><\/p>\n<p>&nbsp;<\/p>\n<p><strong>Inscription Demi-Pension 2022-2023 : <span style=\"color: #ff0000\">Mise \u00e0 jour 02-2023<\/span><\/strong><\/p>\n<p><strong><a href=\"https:\/\/etab.ac-reunion.fr\/clg-adam-de-villiers\/wp-content\/uploads\/sites\/134\/2023\/02\/INSCRIPTION-6E.pdf\">Inscription Demi-Pension &#8211; 6\u00b0<\/a><\/strong><\/p>\n<p><strong><a href=\"https:\/\/etab.ac-reunion.fr\/clg-adam-de-villiers\/wp-content\/uploads\/sites\/134\/2023\/02\/REINSCRIPTION.pdf\">R\u00e9inscription Demi-Pension &#8211; 5\u00b0 4\u00b0 3\u00b0<\/a><\/strong><\/p>\n","protected":false},"excerpt":{"rendered":"<p>R\u00e8glement int\u00e9rieur de la Restauration scolaire : Les \u00e9l\u00e8ves inscrits \u00e0 la demi-pension doivent prendre connaissance du r\u00e8glement int\u00e9rieur de ce service. R\u00e8glement int\u00e9rieur du Service de Restauration (Mise \u00e0 jour du 29 octobre 2020) &nbsp; Tarifs 2023 : Tarifs service de restauration 2023\u00a0 &nbsp; Inscription Demi-Pension 2022-2023 : Mise\u2026<\/p>\n<p> <a class=\"continue-reading-link\" href=\"https:\/\/etab.ac-reunion.fr\/clg-adam-de-villiers\/administration\/la-gestion\/demi-pension\/\"><span>Lire l&rsquo;article<\/span><i class=\"crycon-right-dir\"><\/i><\/a> <\/p>\n","protected":false},"author":10418,"featured_media":0,"parent":6677,"menu_order":4,"comment_status":"closed","ping_status":"closed","template":"","meta":{"_EventAllDay":false,"_EventTimezone":"","_EventStartDate":"","_EventEndDate":"","_EventStartDateUTC":"","_EventEndDateUTC":"","_EventShowMap":false,"_EventShowMapLink":false,"_EventURL":"","_EventCost":"","_EventCostDescription":"","_EventCurrencySymbol":"","_EventCurrencyCode":"","_EventCurrencyPosition":"","_EventDateTimeSeparator":"","_EventTimeRangeSeparator":"","_EventOrganizerID":[],"_EventVenueID":[],"_OrganizerEmail":"","_OrganizerPhone":"","_OrganizerWebsite":"","_VenueAddress":"","_VenueCity":"","_VenueCountry":"","_VenueProvince":"","_VenueState":"","_VenueZip":"","_VenuePhone":"","_VenueURL":"","_VenueStateProvince":"","_VenueLat":"","_VenueLng":"","_VenueShowMap":false,"_VenueShowMapLink":false,"footnotes":""},"class_list":["post-62","page","type-page","status-publish","hentry"],"_links":{"self":[{"href":"https:\/\/etab.ac-reunion.fr\/clg-adam-de-villiers\/wp-json\/wp\/v2\/pages\/62","targetHints":{"allow":["GET"]}}],"collection":[{"href":"https:\/\/etab.ac-reunion.fr\/clg-adam-de-villiers\/wp-json\/wp\/v2\/pages"}],"about":[{"href":"https:\/\/etab.ac-reunion.fr\/clg-adam-de-villiers\/wp-json\/wp\/v2\/types\/page"}],"author":[{"embeddable":true,"href":"https:\/\/etab.ac-reunion.fr\/clg-adam-de-villiers\/wp-json\/wp\/v2\/users\/10418"}],"replies":[{"embeddable":true,"href":"https:\/\/etab.ac-reunion.fr\/clg-adam-de-villiers\/wp-json\/wp\/v2\/comments?post=62"}],"version-history":[{"count":25,"href":"https:\/\/etab.ac-reunion.fr\/clg-adam-de-villiers\/wp-json\/wp\/v2\/pages\/62\/revisions"}],"predecessor-version":[{"id":9838,"href":"https:\/\/etab.ac-reunion.fr\/clg-adam-de-villiers\/wp-json\/wp\/v2\/pages\/62\/revisions\/9838"}],"up":[{"embeddable":true,"href":"https:\/\/etab.ac-reunion.fr\/clg-adam-de-villiers\/wp-json\/wp\/v2\/pages\/6677"}],"wp:attachment":[{"href":"https:\/\/etab.ac-reunion.fr\/clg-adam-de-villiers\/wp-json\/wp\/v2\/media?parent=62"}],"curies":[{"name":"wp","href":"https:\/\/api.w.org\/{rel}","templated":true}]}}