{"id":6665,"date":"2020-06-30T15:29:27","date_gmt":"2020-06-30T11:29:27","guid":{"rendered":"http:\/\/college-adam-de-villiers.ac-reunion.fr\/?page_id=6665"},"modified":"2024-10-16T19:44:54","modified_gmt":"2024-10-16T15:44:54","slug":"brevet-base","status":"publish","type":"page","link":"https:\/\/etab.ac-reunion.fr\/clg-adam-de-villiers\/pedagogie\/brevet-base\/","title":{"rendered":"Le Brevet des Coll\u00e8ges"},"content":{"rendered":"<p><a href=\"https:\/\/etab.ac-reunion.fr\/clg-adam-de-villiers\/pedagogie\/brevet-base\/dnb-les-dates-des-epreuves\/\" target=\"_blank\" rel=\"noopener\"><img loading=\"lazy\" decoding=\"async\" class=\"aligncenter wp-image-11365 size-full\" title=\"Cliquer pour lire l'article\" src=\"https:\/\/etab.ac-reunion.fr\/clg-adam-de-villiers\/wp-content\/uploads\/sites\/134\/2024\/10\/Logo-Brevet-dates-2025.jpg\" alt=\"\" width=\"600\" height=\"200\" srcset=\"https:\/\/etab.ac-reunion.fr\/clg-adam-de-villiers\/wp-content\/uploads\/sites\/134\/2024\/10\/Logo-Brevet-dates-2025.jpg 600w, https:\/\/etab.ac-reunion.fr\/clg-adam-de-villiers\/wp-content\/uploads\/sites\/134\/2024\/10\/Logo-Brevet-dates-2025-500x167.jpg 500w, https:\/\/etab.ac-reunion.fr\/clg-adam-de-villiers\/wp-content\/uploads\/sites\/134\/2024\/10\/Logo-Brevet-dates-2025-150x50.jpg 150w\" sizes=\"auto, (max-width: 600px) 100vw, 600px\" \/><\/a><\/p>\n<p style=\"text-align: right\"><em>Cliquer sur l&rsquo;image pour acc\u00e9der \u00e0 l&rsquo;article<\/em><\/p>\n<hr \/>\n<p><a href=\"https:\/\/etab.ac-reunion.fr\/clg-adam-de-villiers\/pedagogie\/brevet-base\/dnb-se-preparer-a-lepreuve-orale\/\" target=\"_blank\" rel=\"noopener\"><img loading=\"lazy\" decoding=\"async\" class=\"aligncenter wp-image-11366 size-full\" title=\"Cliquer pour lire l'article\" src=\"https:\/\/etab.ac-reunion.fr\/clg-adam-de-villiers\/wp-content\/uploads\/sites\/134\/2024\/10\/Logo-oral-Brevet-2025.jpg\" alt=\"\" width=\"600\" height=\"200\" srcset=\"https:\/\/etab.ac-reunion.fr\/clg-adam-de-villiers\/wp-content\/uploads\/sites\/134\/2024\/10\/Logo-oral-Brevet-2025.jpg 600w, https:\/\/etab.ac-reunion.fr\/clg-adam-de-villiers\/wp-content\/uploads\/sites\/134\/2024\/10\/Logo-oral-Brevet-2025-500x167.jpg 500w, https:\/\/etab.ac-reunion.fr\/clg-adam-de-villiers\/wp-content\/uploads\/sites\/134\/2024\/10\/Logo-oral-Brevet-2025-150x50.jpg 150w\" sizes=\"auto, (max-width: 600px) 100vw, 600px\" \/><\/a><\/p>\n<p style=\"text-align: right\"><em>Cliquer sur l&rsquo;image pour acc\u00e9der \u00e0 l&rsquo;article<\/em><\/p>\n<hr \/>\n<p><img loading=\"lazy\" decoding=\"async\" class=\"aligncenter wp-image-4727\" src=\"https:\/\/etab.ac-reunion.fr\/clg-adam-de-villiers\/wp-content\/uploads\/sites\/134\/2018\/02\/2018_dnb_brevet_infog_875396.jpg\" alt=\"\" width=\"1000\" height=\"5453\" srcset=\"https:\/\/etab.ac-reunion.fr\/clg-adam-de-villiers\/wp-content\/uploads\/sites\/134\/2018\/02\/2018_dnb_brevet_infog_875396.jpg 740w, https:\/\/etab.ac-reunion.fr\/clg-adam-de-villiers\/wp-content\/uploads\/sites\/134\/2018\/02\/2018_dnb_brevet_infog_875396-188x1024.jpg 188w\" sizes=\"auto, (max-width: 1000px) 100vw, 1000px\" \/><\/p>\n","protected":false},"excerpt":{"rendered":"<p>Cliquer sur l&rsquo;image pour acc\u00e9der \u00e0 l&rsquo;article Cliquer sur l&rsquo;image pour acc\u00e9der \u00e0 l&rsquo;article<\/p>\n<p> <a class=\"continue-reading-link\" href=\"https:\/\/etab.ac-reunion.fr\/clg-adam-de-villiers\/pedagogie\/brevet-base\/\"><span>Lire l&rsquo;article<\/span><i class=\"crycon-right-dir\"><\/i><\/a> <\/p>\n","protected":false},"author":9172,"featured_media":0,"parent":2453,"menu_order":9,"comment_status":"closed","ping_status":"closed","template":"","meta":{"_EventAllDay":false,"_EventTimezone":"","_EventStartDate":"","_EventEndDate":"","_EventStartDateUTC":"","_EventEndDateUTC":"","_EventShowMap":false,"_EventShowMapLink":false,"_EventURL":"","_EventCost":"","_EventCostDescription":"","_EventCurrencySymbol":"","_EventCurrencyCode":"","_EventCurrencyPosition":"","_EventDateTimeSeparator":"","_EventTimeRangeSeparator":"","_EventOrganizerID":[],"_EventVenueID":[],"_OrganizerEmail":"","_OrganizerPhone":"","_OrganizerWebsite":"","_VenueAddress":"","_VenueCity":"","_VenueCountry":"","_VenueProvince":"","_VenueState":"","_VenueZip":"","_VenuePhone":"","_VenueURL":"","_VenueStateProvince":"","_VenueLat":"","_VenueLng":"","_VenueShowMap":false,"_VenueShowMapLink":false,"footnotes":""},"class_list":["post-6665","page","type-page","status-publish","hentry"],"_links":{"self":[{"href":"https:\/\/etab.ac-reunion.fr\/clg-adam-de-villiers\/wp-json\/wp\/v2\/pages\/6665","targetHints":{"allow":["GET"]}}],"collection":[{"href":"https:\/\/etab.ac-reunion.fr\/clg-adam-de-villiers\/wp-json\/wp\/v2\/pages"}],"about":[{"href":"https:\/\/etab.ac-reunion.fr\/clg-adam-de-villiers\/wp-json\/wp\/v2\/types\/page"}],"author":[{"embeddable":true,"href":"https:\/\/etab.ac-reunion.fr\/clg-adam-de-villiers\/wp-json\/wp\/v2\/users\/9172"}],"replies":[{"embeddable":true,"href":"https:\/\/etab.ac-reunion.fr\/clg-adam-de-villiers\/wp-json\/wp\/v2\/comments?post=6665"}],"version-history":[{"count":16,"href":"https:\/\/etab.ac-reunion.fr\/clg-adam-de-villiers\/wp-json\/wp\/v2\/pages\/6665\/revisions"}],"predecessor-version":[{"id":11370,"href":"https:\/\/etab.ac-reunion.fr\/clg-adam-de-villiers\/wp-json\/wp\/v2\/pages\/6665\/revisions\/11370"}],"up":[{"embeddable":true,"href":"https:\/\/etab.ac-reunion.fr\/clg-adam-de-villiers\/wp-json\/wp\/v2\/pages\/2453"}],"wp:attachment":[{"href":"https:\/\/etab.ac-reunion.fr\/clg-adam-de-villiers\/wp-json\/wp\/v2\/media?parent=6665"}],"curies":[{"name":"wp","href":"https:\/\/api.w.org\/{rel}","templated":true}]}}