{"id":6673,"date":"2020-07-02T16:27:30","date_gmt":"2020-07-02T12:27:30","guid":{"rendered":"http:\/\/college-adam-de-villiers.ac-reunion.fr\/?page_id=6673"},"modified":"2020-07-02T22:24:51","modified_gmt":"2020-07-02T18:24:51","slug":"le-college-2","status":"publish","type":"page","link":"https:\/\/etab.ac-reunion.fr\/clg-adam-de-villiers\/presentation\/le-college-2\/","title":{"rendered":"Le Coll\u00e8ge"},"content":{"rendered":"<h4><a href=\"http:\/\/college-adam-de-villiers.ac-reunion.fr\/presentation\/le-college-2\/le-college\/\">Le coll\u00e8ge Adam de Villiers<\/a><\/h4>\n<h4><a title=\"Les acteurs\" href=\"http:\/\/college-adam-de-villiers.ac-reunion.fr\/administration\/acteurs\/\">Les acteurs<\/a><\/h4>\n<h4><a title=\"La structure\" href=\"http:\/\/college-adam-de-villiers.ac-reunion.fr\/administration\/structure\/\">La structure<\/a><\/h4>\n<h4><a title=\"Les \u00e9l\u00e8ves et parents \u00e9lus\" href=\"http:\/\/college-adam-de-villiers.ac-reunion.fr\/administration\/les-eleves-et-parents-elus\/\">Les \u00e9l\u00e8ves et parents \u00e9lus<\/a><\/h4>\n","protected":false},"excerpt":{"rendered":"<p>Le coll\u00e8ge Adam de Villiers Les acteurs La structure Les \u00e9l\u00e8ves et parents \u00e9lus<\/p>\n<p> <a class=\"continue-reading-link\" href=\"https:\/\/etab.ac-reunion.fr\/clg-adam-de-villiers\/presentation\/le-college-2\/\"><span>Lire l&rsquo;article<\/span><i class=\"crycon-right-dir\"><\/i><\/a> <\/p>\n","protected":false},"author":9172,"featured_media":0,"parent":257,"menu_order":2,"comment_status":"closed","ping_status":"closed","template":"","meta":{"_EventAllDay":false,"_EventTimezone":"","_EventStartDate":"","_EventEndDate":"","_EventStartDateUTC":"","_EventEndDateUTC":"","_EventShowMap":false,"_EventShowMapLink":false,"_EventURL":"","_EventCost":"","_EventCostDescription":"","_EventCurrencySymbol":"","_EventCurrencyCode":"","_EventCurrencyPosition":"","_EventDateTimeSeparator":"","_EventTimeRangeSeparator":"","_EventOrganizerID":[],"_EventVenueID":[],"_OrganizerEmail":"","_OrganizerPhone":"","_OrganizerWebsite":"","_VenueAddress":"","_VenueCity":"","_VenueCountry":"","_VenueProvince":"","_VenueState":"","_VenueZip":"","_VenuePhone":"","_VenueURL":"","_VenueStateProvince":"","_VenueLat":"","_VenueLng":"","_VenueShowMap":false,"_VenueShowMapLink":false,"footnotes":""},"class_list":["post-6673","page","type-page","status-publish","hentry"],"_links":{"self":[{"href":"https:\/\/etab.ac-reunion.fr\/clg-adam-de-villiers\/wp-json\/wp\/v2\/pages\/6673","targetHints":{"allow":["GET"]}}],"collection":[{"href":"https:\/\/etab.ac-reunion.fr\/clg-adam-de-villiers\/wp-json\/wp\/v2\/pages"}],"about":[{"href":"https:\/\/etab.ac-reunion.fr\/clg-adam-de-villiers\/wp-json\/wp\/v2\/types\/page"}],"author":[{"embeddable":true,"href":"https:\/\/etab.ac-reunion.fr\/clg-adam-de-villiers\/wp-json\/wp\/v2\/users\/9172"}],"replies":[{"embeddable":true,"href":"https:\/\/etab.ac-reunion.fr\/clg-adam-de-villiers\/wp-json\/wp\/v2\/comments?post=6673"}],"version-history":[{"count":5,"href":"https:\/\/etab.ac-reunion.fr\/clg-adam-de-villiers\/wp-json\/wp\/v2\/pages\/6673\/revisions"}],"predecessor-version":[{"id":6695,"href":"https:\/\/etab.ac-reunion.fr\/clg-adam-de-villiers\/wp-json\/wp\/v2\/pages\/6673\/revisions\/6695"}],"up":[{"embeddable":true,"href":"https:\/\/etab.ac-reunion.fr\/clg-adam-de-villiers\/wp-json\/wp\/v2\/pages\/257"}],"wp:attachment":[{"href":"https:\/\/etab.ac-reunion.fr\/clg-adam-de-villiers\/wp-json\/wp\/v2\/media?parent=6673"}],"curies":[{"name":"wp","href":"https:\/\/api.w.org\/{rel}","templated":true}]}}